{"id":85,"date":"2023-05-23T12:56:20","date_gmt":"2023-05-23T10:56:20","guid":{"rendered":"https:\/\/www.lampogroup.it\/?page_id=85"},"modified":"2023-06-12T18:40:10","modified_gmt":"2023-06-12T16:40:10","slug":"bibione-immerso-nella-natura","status":"publish","type":"page","link":"https:\/\/www.lampogroup.it\/it\/le-localita\/hotel-bibione\/bibione-immerso-nella-natura\/","title":{"rendered":"Bibione immerso nella natura"},"content":{"rendered":"\n<p>Bibione \u00e8 molto attenta a proteggere e preservare la natura che la circonda: sono moltissime le aree verdi, le pinete e le zone protette dove vivono importanti specie di flora e fauna. Non \u00e8 un caso che Bibione sia stata la prima localit\u00e0 turistica in Europa a ricevere la <strong>certificazione ambientale EMAS<\/strong>.<\/p>\n\n\n\n<!--more-->\n\n\n\n<p>Una delle aree pi\u00f9 belle dal punto di vista naturalistico \u00e8 la <strong>zona del faro di Bibione e della foce del Fiume Tagliamento<\/strong>: una zona ricoperta da una fitta pineta, dove crescono rigogliose piante tipiche dell\u2019area mediterranea e dove si possono avvistare numerosi uccelli acquatici che qui trovano il loro ambiente ideale. La zona del faro \u00e8 facilmente accessibile per tutti coloro che vogliono trascorrere momenti pacifici in mezzo alla natura, dove il silenzio viene rotto solo dal frinire delle cicale. Infatti in mezzo alla pineta si snodano sentieri percorribili facilmente a piedi o in bicicletta da grandi e piccini.<\/p>\n\n\n\n<p>Altra area di grande interesse naturalistico \u00e8 la zona della <strong>Val Grande e del Parco della Vallesina<\/strong>, una zona dove la vegetazione cresce selvaggia e dove vivono moltissime specie animali come daini, cormorani, rane e tartarughe palustri, e tanti uccelli che trovano nell\u2019ambiente lacustre della laguna il loro habitat naturale.<\/p>\n\n\n\n<p>Sono possibili inoltre <strong>escursioni in barca nella laguna tra Bibione e Caorle alla scoperta<\/strong>, oltre che della natura, anche delle tradizioni locali, con visite ai Casoni, le vecchie abitazioni dei pescatori ora utilizzate dai loro proprietari come meta di vacanze e momenti di relax.<\/p>\n\n\n\n<p>Per chi ama l\u2019aria aperta, a Bibione trover\u00e0 innumerevoli opportunit\u00e0 per stare a contatto con la natura, anche grazie alla presenza di piste ciclabili che attraversano la localit\u00e0 in tutta la sua lunghezza e che permettono di intrattenersi in lunghe e sicure passeggiate a piedi o in bicicletta.<\/p>\n","protected":false},"excerpt":{"rendered":"<p>Bibione \u00e8 molto attenta a proteggere e preservare la natura che la circonda: sono moltissime le aree verdi, le pinete e le zone protette dove vivono importanti specie di flora e fauna. Non \u00e8 un caso che Bibione sia stata la prima localit\u00e0 turistica in Europa a ricevere la certificazione ambientale EMAS.<\/p>\n","protected":false},"author":1,"featured_media":352,"parent":61,"menu_order":0,"comment_status":"closed","ping_status":"closed","template":"","meta":{"_acf_changed":false,"footnotes":""},"class_list":["post-85","page","type-page","status-publish","has-post-thumbnail","hentry"],"acf":[],"yoast_head":"<!-- This site is optimized with the Yoast SEO plugin v27.3 - https:\/\/yoast.com\/product\/yoast-seo-wordpress\/ -->\n<title>Bibione immerso nella natura - Gruppo Lampo<\/title>\n<meta name=\"robots\" content=\"index, follow, max-snippet:-1, max-image-preview:large, max-video-preview:-1\" \/>\n<link rel=\"canonical\" href=\"https:\/\/www.lampogroup.it\/it\/le-localita\/hotel-bibione\/bibione-immerso-nella-natura\/\" \/>\n<meta property=\"og:locale\" content=\"it_IT\" \/>\n<meta property=\"og:type\" content=\"article\" \/>\n<meta property=\"og:title\" content=\"Bibione immerso nella natura - Gruppo Lampo\" \/>\n<meta property=\"og:description\" content=\"Bibione \u00e8 molto attenta a proteggere e preservare la natura che la circonda: sono moltissime le aree verdi, le pinete e le zone protette dove vivono importanti specie di flora e fauna. Non \u00e8 un caso che Bibione sia stata la prima localit\u00e0 turistica in Europa a ricevere la certificazione ambientale EMAS.\" \/>\n<meta property=\"og:url\" content=\"https:\/\/www.lampogroup.it\/it\/le-localita\/hotel-bibione\/bibione-immerso-nella-natura\/\" \/>\n<meta property=\"og:site_name\" content=\"Gruppo Lampo\" \/>\n<meta property=\"article:publisher\" content=\"https:\/\/www.facebook.com\/p\/Lampo-Group-100063678903798\" \/>\n<meta property=\"article:modified_time\" content=\"2023-06-12T16:40:10+00:00\" \/>\n<meta property=\"og:image\" content=\"https:\/\/www.lampogroup.it\/wp-content\/uploads\/2023\/05\/residendce-bluemarine-bibione-7.webp\" \/>\n\t<meta property=\"og:image:width\" content=\"1900\" \/>\n\t<meta property=\"og:image:height\" content=\"1280\" \/>\n\t<meta property=\"og:image:type\" content=\"image\/webp\" \/>\n<script type=\"application\/ld+json\" class=\"yoast-schema-graph\">{\"@context\":\"https:\\\/\\\/schema.org\",\"@graph\":[{\"@type\":\"WebPage\",\"@id\":\"https:\\\/\\\/www.lampogroup.it\\\/it\\\/le-localita\\\/hotel-bibione\\\/bibione-immerso-nella-natura\\\/\",\"url\":\"https:\\\/\\\/www.lampogroup.it\\\/it\\\/le-localita\\\/hotel-bibione\\\/bibione-immerso-nella-natura\\\/\",\"name\":\"Bibione immerso nella natura - Gruppo Lampo\",\"isPartOf\":{\"@id\":\"https:\\\/\\\/www.lampogroup.it\\\/it\\\/#website\"},\"primaryImageOfPage\":{\"@id\":\"https:\\\/\\\/www.lampogroup.it\\\/it\\\/le-localita\\\/hotel-bibione\\\/bibione-immerso-nella-natura\\\/#primaryimage\"},\"image\":{\"@id\":\"https:\\\/\\\/www.lampogroup.it\\\/it\\\/le-localita\\\/hotel-bibione\\\/bibione-immerso-nella-natura\\\/#primaryimage\"},\"thumbnailUrl\":\"https:\\\/\\\/www.lampogroup.it\\\/wp-content\\\/uploads\\\/2023\\\/05\\\/residendce-bluemarine-bibione-7.webp\",\"datePublished\":\"2023-05-23T10:56:20+00:00\",\"dateModified\":\"2023-06-12T16:40:10+00:00\",\"breadcrumb\":{\"@id\":\"https:\\\/\\\/www.lampogroup.it\\\/it\\\/le-localita\\\/hotel-bibione\\\/bibione-immerso-nella-natura\\\/#breadcrumb\"},\"inLanguage\":\"it-IT\",\"potentialAction\":[{\"@type\":\"ReadAction\",\"target\":[\"https:\\\/\\\/www.lampogroup.it\\\/it\\\/le-localita\\\/hotel-bibione\\\/bibione-immerso-nella-natura\\\/\"]}]},{\"@type\":\"ImageObject\",\"inLanguage\":\"it-IT\",\"@id\":\"https:\\\/\\\/www.lampogroup.it\\\/it\\\/le-localita\\\/hotel-bibione\\\/bibione-immerso-nella-natura\\\/#primaryimage\",\"url\":\"https:\\\/\\\/www.lampogroup.it\\\/wp-content\\\/uploads\\\/2023\\\/05\\\/residendce-bluemarine-bibione-7.webp\",\"contentUrl\":\"https:\\\/\\\/www.lampogroup.it\\\/wp-content\\\/uploads\\\/2023\\\/05\\\/residendce-bluemarine-bibione-7.webp\",\"width\":1900,\"height\":1280},{\"@type\":\"BreadcrumbList\",\"@id\":\"https:\\\/\\\/www.lampogroup.it\\\/it\\\/le-localita\\\/hotel-bibione\\\/bibione-immerso-nella-natura\\\/#breadcrumb\",\"itemListElement\":[{\"@type\":\"ListItem\",\"position\":1,\"name\":\"Home\",\"item\":\"https:\\\/\\\/www.lampogroup.it\\\/it\\\/\"},{\"@type\":\"ListItem\",\"position\":2,\"name\":\"Le localit\u00e0\",\"item\":\"https:\\\/\\\/www.lampogroup.it\\\/it\\\/le-localita\\\/\"},{\"@type\":\"ListItem\",\"position\":3,\"name\":\"Bibione\",\"item\":\"https:\\\/\\\/www.lampogroup.it\\\/it\\\/le-localita\\\/hotel-bibione\\\/\"},{\"@type\":\"ListItem\",\"position\":4,\"name\":\"Bibione immerso nella natura\"}]},{\"@type\":\"WebSite\",\"@id\":\"https:\\\/\\\/www.lampogroup.it\\\/it\\\/#website\",\"url\":\"https:\\\/\\\/www.lampogroup.it\\\/it\\\/\",\"name\":\"Gruppo Lampo\",\"description\":\"\",\"publisher\":{\"@id\":\"https:\\\/\\\/www.lampogroup.it\\\/it\\\/#organization\"},\"potentialAction\":[{\"@type\":\"SearchAction\",\"target\":{\"@type\":\"EntryPoint\",\"urlTemplate\":\"https:\\\/\\\/www.lampogroup.it\\\/it\\\/?s={search_term_string}\"},\"query-input\":{\"@type\":\"PropertyValueSpecification\",\"valueRequired\":true,\"valueName\":\"search_term_string\"}}],\"inLanguage\":\"it-IT\"},{\"@type\":\"Organization\",\"@id\":\"https:\\\/\\\/www.lampogroup.it\\\/it\\\/#organization\",\"name\":\"Gruppo Lampo\",\"url\":\"https:\\\/\\\/www.lampogroup.it\\\/it\\\/\",\"logo\":{\"@type\":\"ImageObject\",\"inLanguage\":\"it-IT\",\"@id\":\"https:\\\/\\\/www.lampogroup.it\\\/it\\\/#\\\/schema\\\/logo\\\/image\\\/\",\"url\":\"https:\\\/\\\/www.lampogroup.it\\\/wp-content\\\/uploads\\\/2023\\\/05\\\/lampo-group-1.svg\",\"contentUrl\":\"https:\\\/\\\/www.lampogroup.it\\\/wp-content\\\/uploads\\\/2023\\\/05\\\/lampo-group-1.svg\",\"width\":1,\"height\":1,\"caption\":\"Gruppo Lampo\"},\"image\":{\"@id\":\"https:\\\/\\\/www.lampogroup.it\\\/it\\\/#\\\/schema\\\/logo\\\/image\\\/\"},\"sameAs\":[\"https:\\\/\\\/www.facebook.com\\\/p\\\/Lampo-Group-100063678903798\"]}]}<\/script>\n<!-- \/ Yoast SEO plugin. -->","yoast_head_json":{"title":"Bibione immerso nella natura - Gruppo Lampo","robots":{"index":"index","follow":"follow","max-snippet":"max-snippet:-1","max-image-preview":"max-image-preview:large","max-video-preview":"max-video-preview:-1"},"canonical":"https:\/\/www.lampogroup.it\/it\/le-localita\/hotel-bibione\/bibione-immerso-nella-natura\/","og_locale":"it_IT","og_type":"article","og_title":"Bibione immerso nella natura - Gruppo Lampo","og_description":"Bibione \u00e8 molto attenta a proteggere e preservare la natura che la circonda: sono moltissime le aree verdi, le pinete e le zone protette dove vivono importanti specie di flora e fauna. Non \u00e8 un caso che Bibione sia stata la prima localit\u00e0 turistica in Europa a ricevere la certificazione ambientale EMAS.","og_url":"https:\/\/www.lampogroup.it\/it\/le-localita\/hotel-bibione\/bibione-immerso-nella-natura\/","og_site_name":"Gruppo Lampo","article_publisher":"https:\/\/www.facebook.com\/p\/Lampo-Group-100063678903798","article_modified_time":"2023-06-12T16:40:10+00:00","og_image":[{"width":1900,"height":1280,"url":"https:\/\/www.lampogroup.it\/wp-content\/uploads\/2023\/05\/residendce-bluemarine-bibione-7.webp","type":"image\/webp"}],"schema":{"@context":"https:\/\/schema.org","@graph":[{"@type":"WebPage","@id":"https:\/\/www.lampogroup.it\/it\/le-localita\/hotel-bibione\/bibione-immerso-nella-natura\/","url":"https:\/\/www.lampogroup.it\/it\/le-localita\/hotel-bibione\/bibione-immerso-nella-natura\/","name":"Bibione immerso nella natura - Gruppo Lampo","isPartOf":{"@id":"https:\/\/www.lampogroup.it\/it\/#website"},"primaryImageOfPage":{"@id":"https:\/\/www.lampogroup.it\/it\/le-localita\/hotel-bibione\/bibione-immerso-nella-natura\/#primaryimage"},"image":{"@id":"https:\/\/www.lampogroup.it\/it\/le-localita\/hotel-bibione\/bibione-immerso-nella-natura\/#primaryimage"},"thumbnailUrl":"https:\/\/www.lampogroup.it\/wp-content\/uploads\/2023\/05\/residendce-bluemarine-bibione-7.webp","datePublished":"2023-05-23T10:56:20+00:00","dateModified":"2023-06-12T16:40:10+00:00","breadcrumb":{"@id":"https:\/\/www.lampogroup.it\/it\/le-localita\/hotel-bibione\/bibione-immerso-nella-natura\/#breadcrumb"},"inLanguage":"it-IT","potentialAction":[{"@type":"ReadAction","target":["https:\/\/www.lampogroup.it\/it\/le-localita\/hotel-bibione\/bibione-immerso-nella-natura\/"]}]},{"@type":"ImageObject","inLanguage":"it-IT","@id":"https:\/\/www.lampogroup.it\/it\/le-localita\/hotel-bibione\/bibione-immerso-nella-natura\/#primaryimage","url":"https:\/\/www.lampogroup.it\/wp-content\/uploads\/2023\/05\/residendce-bluemarine-bibione-7.webp","contentUrl":"https:\/\/www.lampogroup.it\/wp-content\/uploads\/2023\/05\/residendce-bluemarine-bibione-7.webp","width":1900,"height":1280},{"@type":"BreadcrumbList","@id":"https:\/\/www.lampogroup.it\/it\/le-localita\/hotel-bibione\/bibione-immerso-nella-natura\/#breadcrumb","itemListElement":[{"@type":"ListItem","position":1,"name":"Home","item":"https:\/\/www.lampogroup.it\/it\/"},{"@type":"ListItem","position":2,"name":"Le localit\u00e0","item":"https:\/\/www.lampogroup.it\/it\/le-localita\/"},{"@type":"ListItem","position":3,"name":"Bibione","item":"https:\/\/www.lampogroup.it\/it\/le-localita\/hotel-bibione\/"},{"@type":"ListItem","position":4,"name":"Bibione immerso nella natura"}]},{"@type":"WebSite","@id":"https:\/\/www.lampogroup.it\/it\/#website","url":"https:\/\/www.lampogroup.it\/it\/","name":"Gruppo Lampo","description":"","publisher":{"@id":"https:\/\/www.lampogroup.it\/it\/#organization"},"potentialAction":[{"@type":"SearchAction","target":{"@type":"EntryPoint","urlTemplate":"https:\/\/www.lampogroup.it\/it\/?s={search_term_string}"},"query-input":{"@type":"PropertyValueSpecification","valueRequired":true,"valueName":"search_term_string"}}],"inLanguage":"it-IT"},{"@type":"Organization","@id":"https:\/\/www.lampogroup.it\/it\/#organization","name":"Gruppo Lampo","url":"https:\/\/www.lampogroup.it\/it\/","logo":{"@type":"ImageObject","inLanguage":"it-IT","@id":"https:\/\/www.lampogroup.it\/it\/#\/schema\/logo\/image\/","url":"https:\/\/www.lampogroup.it\/wp-content\/uploads\/2023\/05\/lampo-group-1.svg","contentUrl":"https:\/\/www.lampogroup.it\/wp-content\/uploads\/2023\/05\/lampo-group-1.svg","width":1,"height":1,"caption":"Gruppo Lampo"},"image":{"@id":"https:\/\/www.lampogroup.it\/it\/#\/schema\/logo\/image\/"},"sameAs":["https:\/\/www.facebook.com\/p\/Lampo-Group-100063678903798"]}]}},"_links":{"self":[{"href":"https:\/\/www.lampogroup.it\/it\/wp-json\/wp\/v2\/pages\/85","targetHints":{"allow":["GET"]}}],"collection":[{"href":"https:\/\/www.lampogroup.it\/it\/wp-json\/wp\/v2\/pages"}],"about":[{"href":"https:\/\/www.lampogroup.it\/it\/wp-json\/wp\/v2\/types\/page"}],"author":[{"embeddable":true,"href":"https:\/\/www.lampogroup.it\/it\/wp-json\/wp\/v2\/users\/1"}],"replies":[{"embeddable":true,"href":"https:\/\/www.lampogroup.it\/it\/wp-json\/wp\/v2\/comments?post=85"}],"version-history":[{"count":1,"href":"https:\/\/www.lampogroup.it\/it\/wp-json\/wp\/v2\/pages\/85\/revisions"}],"predecessor-version":[{"id":88,"href":"https:\/\/www.lampogroup.it\/it\/wp-json\/wp\/v2\/pages\/85\/revisions\/88"}],"up":[{"embeddable":true,"href":"https:\/\/www.lampogroup.it\/it\/wp-json\/wp\/v2\/pages\/61"}],"wp:featuredmedia":[{"embeddable":true,"href":"https:\/\/www.lampogroup.it\/it\/wp-json\/wp\/v2\/media\/352"}],"wp:attachment":[{"href":"https:\/\/www.lampogroup.it\/it\/wp-json\/wp\/v2\/media?parent=85"}],"curies":[{"name":"wp","href":"https:\/\/api.w.org\/{rel}","templated":true}]}}