{"id":76,"date":"2023-05-23T12:50:51","date_gmt":"2023-05-23T10:50:51","guid":{"rendered":"https:\/\/www.lampogroup.it\/?page_id=76"},"modified":"2023-06-13T11:45:10","modified_gmt":"2023-06-13T09:45:10","slug":"la-spiaggia-caorle","status":"publish","type":"page","link":"https:\/\/www.lampogroup.it\/it\/le-localita\/caorle-cosa-vedere\/la-spiaggia-caorle\/","title":{"rendered":"La Spiaggia di Caorle"},"content":{"rendered":"\n<p>Si estende per una lunghezza di 7 km ed \u00e8 delimitata a est dal Porto di Falconera e a ovest dalla foce del fiume Livenza, che la separa dalla vicina localit\u00e0 di Porto S. Margherita.<\/p>\n\n\n\n<!--more-->\n\n\n\n<p>E\u2019 un ampio arenile quello di Caorle, ideale per lunghe passeggiate a piedi e con un fondo sabbioso che degrada dolcemente, adatto anche ai bambini pi\u00f9 piccoli che possono giocare in sicurezza sulla riva e fare divertenti bagni sul basso fondale.<\/p>\n\n\n\n<p>La <strong>spiaggia di Caorle<\/strong> si divide in <strong>Levante<\/strong> e <strong>Ponente<\/strong>, situate rispettivamente a est e ad ovest del centro antico della cittadina: qualunque sia la vostra zona preferita, ovunque troverete la disponibilit\u00e0 di ombrelloni con lettini e sdraio a pagamento, zone di spiaggia libera, docce e bagni, giochi sulla spiaggia per i bambini.<\/p>\n\n\n\n<p>A Caorle l\u2019arenile \u00e8 sicuro per tutti: il personale addetto al salvataggio \u00e8 sempre con gli occhi puntati verso il mare per soccorrere chiunque ne abbia necessit\u00e0, cos\u00ec come sono attive le postazioni di primo soccorso sulla spiaggia .<\/p>\n\n\n\n<p>L\u2019<strong>animazione gratuita<\/strong> si svolge dal luned\u00ec al venerd\u00ec, la mattina ed il pomeriggio, in alcuni punti di ritrovo della spiaggia: un bel modo per divertirsi in compagnia e conoscere nuovi amici! E per i nuotatori un po\u2019 pi\u00f9 esperti \u00e8 uno spasso raggiungere le <strong>piattaforme galleggianti <\/strong>situate di fronte alla spiaggia di Ponente, prendere il sole in mezzo al mare e lanciarsi in tuffi.<\/p>\n\n\n\n<p>Sul lungo mare non mancano i noleggi di pedal\u00f2, le scuole di windsurf e canoa, i campi da beach volley, beach tennis e bocce. Negli ampi spazi di spiaggia libera si possono improvvisare partite di calcetto, sfide a racchettoni e divertirsi con il volo degli aquiloni.<\/p>\n\n\n\n<p><strong>Per i disabili la spiaggia \u00e8 completamente accessibile<\/strong> grazie a percorsi creati ad hoc che permettono alle carrozzine di raggiungere comodamente l\u2019ombrellone.<\/p>\n\n\n\n<p><strong>E\u2019 disponibile anche una carrozzina specifica per muoversi sulla sabbia<\/strong>. Inoltre basta rivolgersi al personale della spiaggia per qualsiasi necessit\u00e0 ed esigenza.<\/p>\n","protected":false},"excerpt":{"rendered":"<p>Si estende per una lunghezza di 7 km ed \u00e8 delimitata a est dal Porto di Falconera e a ovest dalla foce del fiume Livenza, che la separa dalla vicina localit\u00e0 di Porto S. Margherita.<\/p>\n","protected":false},"author":1,"featured_media":374,"parent":59,"menu_order":0,"comment_status":"closed","ping_status":"closed","template":"","meta":{"_acf_changed":false,"footnotes":""},"class_list":["post-76","page","type-page","status-publish","has-post-thumbnail","hentry"],"acf":[],"yoast_head":"<!-- This site is optimized with the Yoast SEO plugin v27.3 - https:\/\/yoast.com\/product\/yoast-seo-wordpress\/ -->\n<title>La Spiaggia di Caorle - Gruppo Lampo<\/title>\n<meta name=\"robots\" content=\"index, follow, max-snippet:-1, max-image-preview:large, max-video-preview:-1\" \/>\n<link rel=\"canonical\" href=\"https:\/\/www.lampogroup.it\/it\/le-localita\/caorle-cosa-vedere\/la-spiaggia-caorle\/\" \/>\n<meta property=\"og:locale\" content=\"it_IT\" \/>\n<meta property=\"og:type\" content=\"article\" \/>\n<meta property=\"og:title\" content=\"La Spiaggia di Caorle - Gruppo Lampo\" \/>\n<meta property=\"og:description\" content=\"Si estende per una lunghezza di 7 km ed \u00e8 delimitata a est dal Porto di Falconera e a ovest dalla foce del fiume Livenza, che la separa dalla vicina localit\u00e0 di Porto S. Margherita.\" \/>\n<meta property=\"og:url\" content=\"https:\/\/www.lampogroup.it\/it\/le-localita\/caorle-cosa-vedere\/la-spiaggia-caorle\/\" \/>\n<meta property=\"og:site_name\" content=\"Gruppo Lampo\" \/>\n<meta property=\"article:publisher\" content=\"https:\/\/www.facebook.com\/p\/Lampo-Group-100063678903798\" \/>\n<meta property=\"article:modified_time\" content=\"2023-06-13T09:45:10+00:00\" \/>\n<meta property=\"og:image\" content=\"https:\/\/www.lampogroup.it\/wp-content\/uploads\/2023\/05\/caorle-3.webp\" \/>\n\t<meta property=\"og:image:width\" content=\"1800\" \/>\n\t<meta property=\"og:image:height\" content=\"1100\" \/>\n\t<meta property=\"og:image:type\" content=\"image\/webp\" \/>\n<script type=\"application\/ld+json\" class=\"yoast-schema-graph\">{\"@context\":\"https:\\\/\\\/schema.org\",\"@graph\":[{\"@type\":\"WebPage\",\"@id\":\"https:\\\/\\\/www.lampogroup.it\\\/it\\\/le-localita\\\/caorle-cosa-vedere\\\/la-spiaggia-caorle\\\/\",\"url\":\"https:\\\/\\\/www.lampogroup.it\\\/it\\\/le-localita\\\/caorle-cosa-vedere\\\/la-spiaggia-caorle\\\/\",\"name\":\"La Spiaggia di Caorle - Gruppo Lampo\",\"isPartOf\":{\"@id\":\"https:\\\/\\\/www.lampogroup.it\\\/it\\\/#website\"},\"primaryImageOfPage\":{\"@id\":\"https:\\\/\\\/www.lampogroup.it\\\/it\\\/le-localita\\\/caorle-cosa-vedere\\\/la-spiaggia-caorle\\\/#primaryimage\"},\"image\":{\"@id\":\"https:\\\/\\\/www.lampogroup.it\\\/it\\\/le-localita\\\/caorle-cosa-vedere\\\/la-spiaggia-caorle\\\/#primaryimage\"},\"thumbnailUrl\":\"https:\\\/\\\/www.lampogroup.it\\\/wp-content\\\/uploads\\\/2023\\\/05\\\/caorle-3.webp\",\"datePublished\":\"2023-05-23T10:50:51+00:00\",\"dateModified\":\"2023-06-13T09:45:10+00:00\",\"breadcrumb\":{\"@id\":\"https:\\\/\\\/www.lampogroup.it\\\/it\\\/le-localita\\\/caorle-cosa-vedere\\\/la-spiaggia-caorle\\\/#breadcrumb\"},\"inLanguage\":\"it-IT\",\"potentialAction\":[{\"@type\":\"ReadAction\",\"target\":[\"https:\\\/\\\/www.lampogroup.it\\\/it\\\/le-localita\\\/caorle-cosa-vedere\\\/la-spiaggia-caorle\\\/\"]}]},{\"@type\":\"ImageObject\",\"inLanguage\":\"it-IT\",\"@id\":\"https:\\\/\\\/www.lampogroup.it\\\/it\\\/le-localita\\\/caorle-cosa-vedere\\\/la-spiaggia-caorle\\\/#primaryimage\",\"url\":\"https:\\\/\\\/www.lampogroup.it\\\/wp-content\\\/uploads\\\/2023\\\/05\\\/caorle-3.webp\",\"contentUrl\":\"https:\\\/\\\/www.lampogroup.it\\\/wp-content\\\/uploads\\\/2023\\\/05\\\/caorle-3.webp\",\"width\":1800,\"height\":1100},{\"@type\":\"BreadcrumbList\",\"@id\":\"https:\\\/\\\/www.lampogroup.it\\\/it\\\/le-localita\\\/caorle-cosa-vedere\\\/la-spiaggia-caorle\\\/#breadcrumb\",\"itemListElement\":[{\"@type\":\"ListItem\",\"position\":1,\"name\":\"Home\",\"item\":\"https:\\\/\\\/www.lampogroup.it\\\/it\\\/\"},{\"@type\":\"ListItem\",\"position\":2,\"name\":\"Le localit\u00e0\",\"item\":\"https:\\\/\\\/www.lampogroup.it\\\/it\\\/le-localita\\\/\"},{\"@type\":\"ListItem\",\"position\":3,\"name\":\"Caorle\",\"item\":\"https:\\\/\\\/www.lampogroup.it\\\/it\\\/le-localita\\\/caorle-cosa-vedere\\\/\"},{\"@type\":\"ListItem\",\"position\":4,\"name\":\"La Spiaggia di Caorle\"}]},{\"@type\":\"WebSite\",\"@id\":\"https:\\\/\\\/www.lampogroup.it\\\/it\\\/#website\",\"url\":\"https:\\\/\\\/www.lampogroup.it\\\/it\\\/\",\"name\":\"Gruppo Lampo\",\"description\":\"\",\"publisher\":{\"@id\":\"https:\\\/\\\/www.lampogroup.it\\\/it\\\/#organization\"},\"potentialAction\":[{\"@type\":\"SearchAction\",\"target\":{\"@type\":\"EntryPoint\",\"urlTemplate\":\"https:\\\/\\\/www.lampogroup.it\\\/it\\\/?s={search_term_string}\"},\"query-input\":{\"@type\":\"PropertyValueSpecification\",\"valueRequired\":true,\"valueName\":\"search_term_string\"}}],\"inLanguage\":\"it-IT\"},{\"@type\":\"Organization\",\"@id\":\"https:\\\/\\\/www.lampogroup.it\\\/it\\\/#organization\",\"name\":\"Gruppo Lampo\",\"url\":\"https:\\\/\\\/www.lampogroup.it\\\/it\\\/\",\"logo\":{\"@type\":\"ImageObject\",\"inLanguage\":\"it-IT\",\"@id\":\"https:\\\/\\\/www.lampogroup.it\\\/it\\\/#\\\/schema\\\/logo\\\/image\\\/\",\"url\":\"https:\\\/\\\/www.lampogroup.it\\\/wp-content\\\/uploads\\\/2023\\\/05\\\/lampo-group-1.svg\",\"contentUrl\":\"https:\\\/\\\/www.lampogroup.it\\\/wp-content\\\/uploads\\\/2023\\\/05\\\/lampo-group-1.svg\",\"width\":1,\"height\":1,\"caption\":\"Gruppo Lampo\"},\"image\":{\"@id\":\"https:\\\/\\\/www.lampogroup.it\\\/it\\\/#\\\/schema\\\/logo\\\/image\\\/\"},\"sameAs\":[\"https:\\\/\\\/www.facebook.com\\\/p\\\/Lampo-Group-100063678903798\"]}]}<\/script>\n<!-- \/ Yoast SEO plugin. -->","yoast_head_json":{"title":"La Spiaggia di Caorle - Gruppo Lampo","robots":{"index":"index","follow":"follow","max-snippet":"max-snippet:-1","max-image-preview":"max-image-preview:large","max-video-preview":"max-video-preview:-1"},"canonical":"https:\/\/www.lampogroup.it\/it\/le-localita\/caorle-cosa-vedere\/la-spiaggia-caorle\/","og_locale":"it_IT","og_type":"article","og_title":"La Spiaggia di Caorle - Gruppo Lampo","og_description":"Si estende per una lunghezza di 7 km ed \u00e8 delimitata a est dal Porto di Falconera e a ovest dalla foce del fiume Livenza, che la separa dalla vicina localit\u00e0 di Porto S. Margherita.","og_url":"https:\/\/www.lampogroup.it\/it\/le-localita\/caorle-cosa-vedere\/la-spiaggia-caorle\/","og_site_name":"Gruppo Lampo","article_publisher":"https:\/\/www.facebook.com\/p\/Lampo-Group-100063678903798","article_modified_time":"2023-06-13T09:45:10+00:00","og_image":[{"width":1800,"height":1100,"url":"https:\/\/www.lampogroup.it\/wp-content\/uploads\/2023\/05\/caorle-3.webp","type":"image\/webp"}],"schema":{"@context":"https:\/\/schema.org","@graph":[{"@type":"WebPage","@id":"https:\/\/www.lampogroup.it\/it\/le-localita\/caorle-cosa-vedere\/la-spiaggia-caorle\/","url":"https:\/\/www.lampogroup.it\/it\/le-localita\/caorle-cosa-vedere\/la-spiaggia-caorle\/","name":"La Spiaggia di Caorle - Gruppo Lampo","isPartOf":{"@id":"https:\/\/www.lampogroup.it\/it\/#website"},"primaryImageOfPage":{"@id":"https:\/\/www.lampogroup.it\/it\/le-localita\/caorle-cosa-vedere\/la-spiaggia-caorle\/#primaryimage"},"image":{"@id":"https:\/\/www.lampogroup.it\/it\/le-localita\/caorle-cosa-vedere\/la-spiaggia-caorle\/#primaryimage"},"thumbnailUrl":"https:\/\/www.lampogroup.it\/wp-content\/uploads\/2023\/05\/caorle-3.webp","datePublished":"2023-05-23T10:50:51+00:00","dateModified":"2023-06-13T09:45:10+00:00","breadcrumb":{"@id":"https:\/\/www.lampogroup.it\/it\/le-localita\/caorle-cosa-vedere\/la-spiaggia-caorle\/#breadcrumb"},"inLanguage":"it-IT","potentialAction":[{"@type":"ReadAction","target":["https:\/\/www.lampogroup.it\/it\/le-localita\/caorle-cosa-vedere\/la-spiaggia-caorle\/"]}]},{"@type":"ImageObject","inLanguage":"it-IT","@id":"https:\/\/www.lampogroup.it\/it\/le-localita\/caorle-cosa-vedere\/la-spiaggia-caorle\/#primaryimage","url":"https:\/\/www.lampogroup.it\/wp-content\/uploads\/2023\/05\/caorle-3.webp","contentUrl":"https:\/\/www.lampogroup.it\/wp-content\/uploads\/2023\/05\/caorle-3.webp","width":1800,"height":1100},{"@type":"BreadcrumbList","@id":"https:\/\/www.lampogroup.it\/it\/le-localita\/caorle-cosa-vedere\/la-spiaggia-caorle\/#breadcrumb","itemListElement":[{"@type":"ListItem","position":1,"name":"Home","item":"https:\/\/www.lampogroup.it\/it\/"},{"@type":"ListItem","position":2,"name":"Le localit\u00e0","item":"https:\/\/www.lampogroup.it\/it\/le-localita\/"},{"@type":"ListItem","position":3,"name":"Caorle","item":"https:\/\/www.lampogroup.it\/it\/le-localita\/caorle-cosa-vedere\/"},{"@type":"ListItem","position":4,"name":"La Spiaggia di Caorle"}]},{"@type":"WebSite","@id":"https:\/\/www.lampogroup.it\/it\/#website","url":"https:\/\/www.lampogroup.it\/it\/","name":"Gruppo Lampo","description":"","publisher":{"@id":"https:\/\/www.lampogroup.it\/it\/#organization"},"potentialAction":[{"@type":"SearchAction","target":{"@type":"EntryPoint","urlTemplate":"https:\/\/www.lampogroup.it\/it\/?s={search_term_string}"},"query-input":{"@type":"PropertyValueSpecification","valueRequired":true,"valueName":"search_term_string"}}],"inLanguage":"it-IT"},{"@type":"Organization","@id":"https:\/\/www.lampogroup.it\/it\/#organization","name":"Gruppo Lampo","url":"https:\/\/www.lampogroup.it\/it\/","logo":{"@type":"ImageObject","inLanguage":"it-IT","@id":"https:\/\/www.lampogroup.it\/it\/#\/schema\/logo\/image\/","url":"https:\/\/www.lampogroup.it\/wp-content\/uploads\/2023\/05\/lampo-group-1.svg","contentUrl":"https:\/\/www.lampogroup.it\/wp-content\/uploads\/2023\/05\/lampo-group-1.svg","width":1,"height":1,"caption":"Gruppo Lampo"},"image":{"@id":"https:\/\/www.lampogroup.it\/it\/#\/schema\/logo\/image\/"},"sameAs":["https:\/\/www.facebook.com\/p\/Lampo-Group-100063678903798"]}]}},"_links":{"self":[{"href":"https:\/\/www.lampogroup.it\/it\/wp-json\/wp\/v2\/pages\/76","targetHints":{"allow":["GET"]}}],"collection":[{"href":"https:\/\/www.lampogroup.it\/it\/wp-json\/wp\/v2\/pages"}],"about":[{"href":"https:\/\/www.lampogroup.it\/it\/wp-json\/wp\/v2\/types\/page"}],"author":[{"embeddable":true,"href":"https:\/\/www.lampogroup.it\/it\/wp-json\/wp\/v2\/users\/1"}],"replies":[{"embeddable":true,"href":"https:\/\/www.lampogroup.it\/it\/wp-json\/wp\/v2\/comments?post=76"}],"version-history":[{"count":1,"href":"https:\/\/www.lampogroup.it\/it\/wp-json\/wp\/v2\/pages\/76\/revisions"}],"predecessor-version":[{"id":83,"href":"https:\/\/www.lampogroup.it\/it\/wp-json\/wp\/v2\/pages\/76\/revisions\/83"}],"up":[{"embeddable":true,"href":"https:\/\/www.lampogroup.it\/it\/wp-json\/wp\/v2\/pages\/59"}],"wp:featuredmedia":[{"embeddable":true,"href":"https:\/\/www.lampogroup.it\/it\/wp-json\/wp\/v2\/media\/374"}],"wp:attachment":[{"href":"https:\/\/www.lampogroup.it\/it\/wp-json\/wp\/v2\/media?parent=76"}],"curies":[{"name":"wp","href":"https:\/\/api.w.org\/{rel}","templated":true}]}}