{"id":73,"date":"2023-05-23T12:43:27","date_gmt":"2023-05-23T10:43:27","guid":{"rendered":"https:\/\/www.lampogroup.it\/?page_id=73"},"modified":"2023-06-13T10:23:11","modified_gmt":"2023-06-13T08:23:11","slug":"enogastronomia-a-caorle","status":"publish","type":"page","link":"https:\/\/www.lampogroup.it\/it\/le-localita\/caorle-cosa-vedere\/enogastronomia-a-caorle\/","title":{"rendered":"L&#8217;Enogastronomia a Caorle"},"content":{"rendered":"\n<p>In parte per la sua tradizione di citt\u00e0 di pescatori, in parte per la sua vicinanza a Venezia e la sua appartenenza al territorio Veneto, Caorle pu\u00f2 vantare un&#8217;ampia proposta di prelibate<strong>&nbsp;specialit\u00e0 enogastronomiche locali e regionali<\/strong>.<\/p>\n\n\n\n<!--more-->\n\n\n\n<p>I ristoranti di Caorle sono molto rinomati perch\u00e9 offrono nei loro menu il pesce fresco che viene pescato nel Mare Adriatico declinato in molte gustose ricette.<\/p>\n\n\n\n<p>Tipico di Caorle, tanto da diventare il simbolo della citt\u00e0, \u00e8 <strong>il moscardino<\/strong>, un mollusco tipico della zona che viene pescato tutto l\u2019anno e che viene servito soprattutto lesso, condito con il limone, o accompagnato dalle patate. Ma non \u00e8 il solo, altra pietanza lagunare sono le sardee in saor (sardine fritte lasciate macerare con olio, cipolla e aceto), la pasta al \u201cNero de sepe\u201d, che viene condita con l\u2019inchiostro delle seppie, e il \u201cbroeto de pesse\u201d alla Caorlotta (zuppa di pesce).<\/p>\n\n\n\n<p>Non vanno dimenticati la frutta e gli ortaggi che nelle campagne circostanti vengono largamente coltivati, e l<strong>&#8216;ottimo vino DOC<\/strong>&nbsp;delle campagne della zona di&nbsp;<strong>Lison Pramaggiore<\/strong>.<\/p>\n","protected":false},"excerpt":{"rendered":"<p>In parte per la sua tradizione di citt\u00e0 di pescatori, in parte per la sua vicinanza a Venezia e la sua appartenenza al territorio Veneto, Caorle pu\u00f2 vantare un&#8217;ampia proposta di prelibate&nbsp;specialit\u00e0 enogastronomiche locali e regionali.<\/p>\n","protected":false},"author":1,"featured_media":380,"parent":59,"menu_order":0,"comment_status":"closed","ping_status":"closed","template":"","meta":{"_acf_changed":false,"footnotes":""},"class_list":["post-73","page","type-page","status-publish","has-post-thumbnail","hentry"],"acf":[],"yoast_head":"<!-- This site is optimized with the Yoast SEO plugin v27.3 - https:\/\/yoast.com\/product\/yoast-seo-wordpress\/ -->\n<title>L&#039;Enogastronomia a Caorle - Gruppo Lampo<\/title>\n<meta name=\"robots\" content=\"index, follow, max-snippet:-1, max-image-preview:large, max-video-preview:-1\" \/>\n<link rel=\"canonical\" href=\"https:\/\/www.lampogroup.it\/it\/le-localita\/caorle-cosa-vedere\/enogastronomia-a-caorle\/\" \/>\n<meta property=\"og:locale\" content=\"it_IT\" \/>\n<meta property=\"og:type\" content=\"article\" \/>\n<meta property=\"og:title\" content=\"L&#039;Enogastronomia a Caorle - Gruppo Lampo\" \/>\n<meta property=\"og:description\" content=\"In parte per la sua tradizione di citt\u00e0 di pescatori, in parte per la sua vicinanza a Venezia e la sua appartenenza al territorio Veneto, Caorle pu\u00f2 vantare un&#8217;ampia proposta di prelibate&nbsp;specialit\u00e0 enogastronomiche locali e regionali.\" \/>\n<meta property=\"og:url\" content=\"https:\/\/www.lampogroup.it\/it\/le-localita\/caorle-cosa-vedere\/enogastronomia-a-caorle\/\" \/>\n<meta property=\"og:site_name\" content=\"Gruppo Lampo\" \/>\n<meta property=\"article:publisher\" content=\"https:\/\/www.facebook.com\/p\/Lampo-Group-100063678903798\" \/>\n<meta property=\"article:modified_time\" content=\"2023-06-13T08:23:11+00:00\" \/>\n<meta property=\"og:image\" content=\"https:\/\/www.lampogroup.it\/wp-content\/uploads\/2023\/05\/caorle-5.webp\" \/>\n\t<meta property=\"og:image:width\" content=\"1800\" \/>\n\t<meta property=\"og:image:height\" content=\"1100\" \/>\n\t<meta property=\"og:image:type\" content=\"image\/webp\" \/>\n<script type=\"application\/ld+json\" class=\"yoast-schema-graph\">{\"@context\":\"https:\\\/\\\/schema.org\",\"@graph\":[{\"@type\":\"WebPage\",\"@id\":\"https:\\\/\\\/www.lampogroup.it\\\/it\\\/le-localita\\\/caorle-cosa-vedere\\\/enogastronomia-a-caorle\\\/\",\"url\":\"https:\\\/\\\/www.lampogroup.it\\\/it\\\/le-localita\\\/caorle-cosa-vedere\\\/enogastronomia-a-caorle\\\/\",\"name\":\"L'Enogastronomia a Caorle - Gruppo Lampo\",\"isPartOf\":{\"@id\":\"https:\\\/\\\/www.lampogroup.it\\\/it\\\/#website\"},\"primaryImageOfPage\":{\"@id\":\"https:\\\/\\\/www.lampogroup.it\\\/it\\\/le-localita\\\/caorle-cosa-vedere\\\/enogastronomia-a-caorle\\\/#primaryimage\"},\"image\":{\"@id\":\"https:\\\/\\\/www.lampogroup.it\\\/it\\\/le-localita\\\/caorle-cosa-vedere\\\/enogastronomia-a-caorle\\\/#primaryimage\"},\"thumbnailUrl\":\"https:\\\/\\\/www.lampogroup.it\\\/wp-content\\\/uploads\\\/2023\\\/05\\\/caorle-5.webp\",\"datePublished\":\"2023-05-23T10:43:27+00:00\",\"dateModified\":\"2023-06-13T08:23:11+00:00\",\"breadcrumb\":{\"@id\":\"https:\\\/\\\/www.lampogroup.it\\\/it\\\/le-localita\\\/caorle-cosa-vedere\\\/enogastronomia-a-caorle\\\/#breadcrumb\"},\"inLanguage\":\"it-IT\",\"potentialAction\":[{\"@type\":\"ReadAction\",\"target\":[\"https:\\\/\\\/www.lampogroup.it\\\/it\\\/le-localita\\\/caorle-cosa-vedere\\\/enogastronomia-a-caorle\\\/\"]}]},{\"@type\":\"ImageObject\",\"inLanguage\":\"it-IT\",\"@id\":\"https:\\\/\\\/www.lampogroup.it\\\/it\\\/le-localita\\\/caorle-cosa-vedere\\\/enogastronomia-a-caorle\\\/#primaryimage\",\"url\":\"https:\\\/\\\/www.lampogroup.it\\\/wp-content\\\/uploads\\\/2023\\\/05\\\/caorle-5.webp\",\"contentUrl\":\"https:\\\/\\\/www.lampogroup.it\\\/wp-content\\\/uploads\\\/2023\\\/05\\\/caorle-5.webp\",\"width\":1800,\"height\":1100},{\"@type\":\"BreadcrumbList\",\"@id\":\"https:\\\/\\\/www.lampogroup.it\\\/it\\\/le-localita\\\/caorle-cosa-vedere\\\/enogastronomia-a-caorle\\\/#breadcrumb\",\"itemListElement\":[{\"@type\":\"ListItem\",\"position\":1,\"name\":\"Home\",\"item\":\"https:\\\/\\\/www.lampogroup.it\\\/it\\\/\"},{\"@type\":\"ListItem\",\"position\":2,\"name\":\"Le localit\u00e0\",\"item\":\"https:\\\/\\\/www.lampogroup.it\\\/it\\\/le-localita\\\/\"},{\"@type\":\"ListItem\",\"position\":3,\"name\":\"Caorle\",\"item\":\"https:\\\/\\\/www.lampogroup.it\\\/it\\\/le-localita\\\/caorle-cosa-vedere\\\/\"},{\"@type\":\"ListItem\",\"position\":4,\"name\":\"L&#8217;Enogastronomia a Caorle\"}]},{\"@type\":\"WebSite\",\"@id\":\"https:\\\/\\\/www.lampogroup.it\\\/it\\\/#website\",\"url\":\"https:\\\/\\\/www.lampogroup.it\\\/it\\\/\",\"name\":\"Gruppo Lampo\",\"description\":\"\",\"publisher\":{\"@id\":\"https:\\\/\\\/www.lampogroup.it\\\/it\\\/#organization\"},\"potentialAction\":[{\"@type\":\"SearchAction\",\"target\":{\"@type\":\"EntryPoint\",\"urlTemplate\":\"https:\\\/\\\/www.lampogroup.it\\\/it\\\/?s={search_term_string}\"},\"query-input\":{\"@type\":\"PropertyValueSpecification\",\"valueRequired\":true,\"valueName\":\"search_term_string\"}}],\"inLanguage\":\"it-IT\"},{\"@type\":\"Organization\",\"@id\":\"https:\\\/\\\/www.lampogroup.it\\\/it\\\/#organization\",\"name\":\"Gruppo Lampo\",\"url\":\"https:\\\/\\\/www.lampogroup.it\\\/it\\\/\",\"logo\":{\"@type\":\"ImageObject\",\"inLanguage\":\"it-IT\",\"@id\":\"https:\\\/\\\/www.lampogroup.it\\\/it\\\/#\\\/schema\\\/logo\\\/image\\\/\",\"url\":\"https:\\\/\\\/www.lampogroup.it\\\/wp-content\\\/uploads\\\/2023\\\/05\\\/lampo-group-1.svg\",\"contentUrl\":\"https:\\\/\\\/www.lampogroup.it\\\/wp-content\\\/uploads\\\/2023\\\/05\\\/lampo-group-1.svg\",\"width\":1,\"height\":1,\"caption\":\"Gruppo Lampo\"},\"image\":{\"@id\":\"https:\\\/\\\/www.lampogroup.it\\\/it\\\/#\\\/schema\\\/logo\\\/image\\\/\"},\"sameAs\":[\"https:\\\/\\\/www.facebook.com\\\/p\\\/Lampo-Group-100063678903798\"]}]}<\/script>\n<!-- \/ Yoast SEO plugin. -->","yoast_head_json":{"title":"L'Enogastronomia a Caorle - Gruppo Lampo","robots":{"index":"index","follow":"follow","max-snippet":"max-snippet:-1","max-image-preview":"max-image-preview:large","max-video-preview":"max-video-preview:-1"},"canonical":"https:\/\/www.lampogroup.it\/it\/le-localita\/caorle-cosa-vedere\/enogastronomia-a-caorle\/","og_locale":"it_IT","og_type":"article","og_title":"L'Enogastronomia a Caorle - Gruppo Lampo","og_description":"In parte per la sua tradizione di citt\u00e0 di pescatori, in parte per la sua vicinanza a Venezia e la sua appartenenza al territorio Veneto, Caorle pu\u00f2 vantare un&#8217;ampia proposta di prelibate&nbsp;specialit\u00e0 enogastronomiche locali e regionali.","og_url":"https:\/\/www.lampogroup.it\/it\/le-localita\/caorle-cosa-vedere\/enogastronomia-a-caorle\/","og_site_name":"Gruppo Lampo","article_publisher":"https:\/\/www.facebook.com\/p\/Lampo-Group-100063678903798","article_modified_time":"2023-06-13T08:23:11+00:00","og_image":[{"width":1800,"height":1100,"url":"https:\/\/www.lampogroup.it\/wp-content\/uploads\/2023\/05\/caorle-5.webp","type":"image\/webp"}],"schema":{"@context":"https:\/\/schema.org","@graph":[{"@type":"WebPage","@id":"https:\/\/www.lampogroup.it\/it\/le-localita\/caorle-cosa-vedere\/enogastronomia-a-caorle\/","url":"https:\/\/www.lampogroup.it\/it\/le-localita\/caorle-cosa-vedere\/enogastronomia-a-caorle\/","name":"L'Enogastronomia a Caorle - Gruppo Lampo","isPartOf":{"@id":"https:\/\/www.lampogroup.it\/it\/#website"},"primaryImageOfPage":{"@id":"https:\/\/www.lampogroup.it\/it\/le-localita\/caorle-cosa-vedere\/enogastronomia-a-caorle\/#primaryimage"},"image":{"@id":"https:\/\/www.lampogroup.it\/it\/le-localita\/caorle-cosa-vedere\/enogastronomia-a-caorle\/#primaryimage"},"thumbnailUrl":"https:\/\/www.lampogroup.it\/wp-content\/uploads\/2023\/05\/caorle-5.webp","datePublished":"2023-05-23T10:43:27+00:00","dateModified":"2023-06-13T08:23:11+00:00","breadcrumb":{"@id":"https:\/\/www.lampogroup.it\/it\/le-localita\/caorle-cosa-vedere\/enogastronomia-a-caorle\/#breadcrumb"},"inLanguage":"it-IT","potentialAction":[{"@type":"ReadAction","target":["https:\/\/www.lampogroup.it\/it\/le-localita\/caorle-cosa-vedere\/enogastronomia-a-caorle\/"]}]},{"@type":"ImageObject","inLanguage":"it-IT","@id":"https:\/\/www.lampogroup.it\/it\/le-localita\/caorle-cosa-vedere\/enogastronomia-a-caorle\/#primaryimage","url":"https:\/\/www.lampogroup.it\/wp-content\/uploads\/2023\/05\/caorle-5.webp","contentUrl":"https:\/\/www.lampogroup.it\/wp-content\/uploads\/2023\/05\/caorle-5.webp","width":1800,"height":1100},{"@type":"BreadcrumbList","@id":"https:\/\/www.lampogroup.it\/it\/le-localita\/caorle-cosa-vedere\/enogastronomia-a-caorle\/#breadcrumb","itemListElement":[{"@type":"ListItem","position":1,"name":"Home","item":"https:\/\/www.lampogroup.it\/it\/"},{"@type":"ListItem","position":2,"name":"Le localit\u00e0","item":"https:\/\/www.lampogroup.it\/it\/le-localita\/"},{"@type":"ListItem","position":3,"name":"Caorle","item":"https:\/\/www.lampogroup.it\/it\/le-localita\/caorle-cosa-vedere\/"},{"@type":"ListItem","position":4,"name":"L&#8217;Enogastronomia a Caorle"}]},{"@type":"WebSite","@id":"https:\/\/www.lampogroup.it\/it\/#website","url":"https:\/\/www.lampogroup.it\/it\/","name":"Gruppo Lampo","description":"","publisher":{"@id":"https:\/\/www.lampogroup.it\/it\/#organization"},"potentialAction":[{"@type":"SearchAction","target":{"@type":"EntryPoint","urlTemplate":"https:\/\/www.lampogroup.it\/it\/?s={search_term_string}"},"query-input":{"@type":"PropertyValueSpecification","valueRequired":true,"valueName":"search_term_string"}}],"inLanguage":"it-IT"},{"@type":"Organization","@id":"https:\/\/www.lampogroup.it\/it\/#organization","name":"Gruppo Lampo","url":"https:\/\/www.lampogroup.it\/it\/","logo":{"@type":"ImageObject","inLanguage":"it-IT","@id":"https:\/\/www.lampogroup.it\/it\/#\/schema\/logo\/image\/","url":"https:\/\/www.lampogroup.it\/wp-content\/uploads\/2023\/05\/lampo-group-1.svg","contentUrl":"https:\/\/www.lampogroup.it\/wp-content\/uploads\/2023\/05\/lampo-group-1.svg","width":1,"height":1,"caption":"Gruppo Lampo"},"image":{"@id":"https:\/\/www.lampogroup.it\/it\/#\/schema\/logo\/image\/"},"sameAs":["https:\/\/www.facebook.com\/p\/Lampo-Group-100063678903798"]}]}},"_links":{"self":[{"href":"https:\/\/www.lampogroup.it\/it\/wp-json\/wp\/v2\/pages\/73","targetHints":{"allow":["GET"]}}],"collection":[{"href":"https:\/\/www.lampogroup.it\/it\/wp-json\/wp\/v2\/pages"}],"about":[{"href":"https:\/\/www.lampogroup.it\/it\/wp-json\/wp\/v2\/types\/page"}],"author":[{"embeddable":true,"href":"https:\/\/www.lampogroup.it\/it\/wp-json\/wp\/v2\/users\/1"}],"replies":[{"embeddable":true,"href":"https:\/\/www.lampogroup.it\/it\/wp-json\/wp\/v2\/comments?post=73"}],"version-history":[{"count":2,"href":"https:\/\/www.lampogroup.it\/it\/wp-json\/wp\/v2\/pages\/73\/revisions"}],"predecessor-version":[{"id":367,"href":"https:\/\/www.lampogroup.it\/it\/wp-json\/wp\/v2\/pages\/73\/revisions\/367"}],"up":[{"embeddable":true,"href":"https:\/\/www.lampogroup.it\/it\/wp-json\/wp\/v2\/pages\/59"}],"wp:featuredmedia":[{"embeddable":true,"href":"https:\/\/www.lampogroup.it\/it\/wp-json\/wp\/v2\/media\/380"}],"wp:attachment":[{"href":"https:\/\/www.lampogroup.it\/it\/wp-json\/wp\/v2\/media?parent=73"}],"curies":[{"name":"wp","href":"https:\/\/api.w.org\/{rel}","templated":true}]}}