{"id":72,"date":"2023-05-23T12:52:54","date_gmt":"2023-05-23T10:52:54","guid":{"rendered":"https:\/\/www.lampogroup.it\/?page_id=72"},"modified":"2024-01-29T12:13:04","modified_gmt":"2024-01-29T11:13:04","slug":"cosa-caorle-piove","status":"publish","type":"page","link":"https:\/\/www.lampogroup.it\/it\/le-localita\/caorle-cosa-vedere\/cosa-caorle-piove\/","title":{"rendered":"Cosa fare a Caorle quando piove"},"content":{"rendered":"\n<p>A Caorle d\u2019estate non c\u2019\u00e8 niente di meglio che gustarsi una bibita fresca sotto il sole, seduti in spiaggia e circondati dal blu del mare pulito e dal verde della natura. Ma se piove? Cosa fare a Caorle quando piove?<\/p>\n\n\n\n<!--more-->\n\n\n\n<p>Non preoccuparti, il maltempo non roviner\u00e0 la tua vacanza. Caorle \u00e8 bellissima anche sotto la pioggia, e sono molte le cose da fare se piove. Pu\u00f2 essere un\u2019ottima occasione per andare alla scoperta di questo antico borgo di pescatori ed immergersi in un affascinante percorso tra storia e cultura.<\/p>\n\n\n\n<p>S\u00ec, perch\u00e9 Caorle vanta una storia millenaria che \u00e8 tramandata e testimoniata dai numerosi monumenti di pregio che meritano di essere visitati.<\/p>\n\n\n\n<p>Passeggiando nel suo centro storico, tra piccole calli, campielli e botteghe tipiche, sarai conquistato dai colori delle variopinte casette dei pescatori, caratteristiche di questo luogo.<\/p>\n\n\n\n<p>Se stai cercando cosa fare a Caorle con la pioggia, ecco alcuni suggerimenti utili. Ti consigliamo di visitare il bellissimo Duomo di Santo Stefano Protomartire, risalente al 1038, in stile romanico a tre navate. Al suo interno potrai ammirare la pala d&#8217;oro di Caterina Cornaro, regina di Cipro, che salvata da un naufragio al largo di Caorle, la don\u00f2 alla citt\u00e0. Al suo fianco si eleva lo splendido campanile dell&#8217;XI secolo, che guarda dall\u2019alto la cittadina.<\/p>\n\n\n\n<p>Muniti di ombrello, non c\u2019\u00e8 niente di pi\u00f9 affascinante che fare due passi sotto la pioggia in quella che \u00e8 considerata \u201cuna delle pi\u00f9 belle passeggiate dell\u2019Alto Adriatico\u201d.&nbsp; Una camminata lungo la scogliera, vera e propria galleria di sculture a cielo aperto, con opere d\u2019arte&nbsp;scolpite da artisti nazionali ed internazionali. Scorci caratteristici che hanno reso Caorle famosa nel mondo.<\/p>\n\n\n\n<p>La passeggiata si conclude con l\u2019arrivo al Santuario della Madonna dell&#8217;Angelo, una piccola e suggestiva cappella settecentesca che si affaccia sul mare. La chiesetta custodisce il pesante trono in marmo&nbsp;su cui, secondo la leggenda, fu ritrovata&nbsp;la statua della Madonna galleggiante tra le acque.<\/p>\n\n\n\n<p>Durante l\u2019anno sono molte le manifestazioni organizzate per allietare i visitatori, tra mostre artistiche, concerti di musica o appuntamenti sportivi.<\/p>\n\n\n\n<p>Per chi vuole dedicarsi allo shopping, oltre che per le vie centrali della citt\u00e0, a poca distanza da Caorle ci sono numerosi centri commerciali dove fare acquisti o semplicemente passare del tempo guardando le vetrine dei negozi. In molti di questi, inoltre, potrai trovare delle aree giochi attrezzate, cos\u00ec i tuoi bambini potranno divertirsi senza problemi.<\/p>\n\n\n\n<p>Insomma, sono tante le cose da fare a Caorle quando piove. Se vuoi seguire un percorso culturale, dedicarti allo shopping o semplicemente passeggiare tra le calli in stile veneziano, Caorle ti permette di soddisfare ogni esigenza. Con il sole o con la pioggia, Caorle ti affasciner\u00e0 sempre.<\/p>\n","protected":false},"excerpt":{"rendered":"<p>A Caorle d\u2019estate non c\u2019\u00e8 niente di meglio che gustarsi una bibita fresca sotto il sole, seduti in spiaggia e circondati dal blu del mare pulito e dal verde della natura. Ma se piove? Cosa fare a Caorle quando piove?<\/p>\n","protected":false},"author":1,"featured_media":866,"parent":59,"menu_order":0,"comment_status":"closed","ping_status":"closed","template":"","meta":{"_acf_changed":false,"footnotes":""},"class_list":["post-72","page","type-page","status-publish","has-post-thumbnail","hentry"],"acf":[],"yoast_head":"<!-- This site is optimized with the Yoast SEO plugin v27.3 - https:\/\/yoast.com\/product\/yoast-seo-wordpress\/ -->\n<title>Cosa fare a Caorle quando piove - Gruppo Lampo<\/title>\n<meta name=\"description\" content=\"Caorle \u00e8 bellissima anche sotto la pioggia con molte attivit\u00e0 da fare, shopping, manifestazioni, mostre artistiche, concerti e molto di pi\u00f9\" \/>\n<meta name=\"robots\" content=\"index, follow, max-snippet:-1, max-image-preview:large, max-video-preview:-1\" \/>\n<link rel=\"canonical\" href=\"https:\/\/www.lampogroup.it\/it\/le-localita\/caorle-cosa-vedere\/cosa-caorle-piove\/\" \/>\n<meta property=\"og:locale\" content=\"it_IT\" \/>\n<meta property=\"og:type\" content=\"article\" \/>\n<meta property=\"og:title\" content=\"Cosa fare a Caorle quando piove - Gruppo Lampo\" \/>\n<meta property=\"og:description\" content=\"Caorle \u00e8 bellissima anche sotto la pioggia con molte attivit\u00e0 da fare, shopping, manifestazioni, mostre artistiche, concerti e molto di pi\u00f9\" \/>\n<meta property=\"og:url\" content=\"https:\/\/www.lampogroup.it\/it\/le-localita\/caorle-cosa-vedere\/cosa-caorle-piove\/\" \/>\n<meta property=\"og:site_name\" content=\"Gruppo Lampo\" \/>\n<meta property=\"article:publisher\" content=\"https:\/\/www.facebook.com\/p\/Lampo-Group-100063678903798\" \/>\n<meta property=\"article:modified_time\" content=\"2024-01-29T11:13:04+00:00\" \/>\n<meta property=\"og:image\" content=\"https:\/\/www.lampogroup.it\/wp-content\/uploads\/2023\/06\/hotel-4-stelle-a-caorle-venezia-slide-home-10.webp\" \/>\n\t<meta property=\"og:image:width\" content=\"1800\" \/>\n\t<meta property=\"og:image:height\" content=\"1100\" \/>\n\t<meta property=\"og:image:type\" content=\"image\/webp\" \/>\n<script type=\"application\/ld+json\" class=\"yoast-schema-graph\">{\"@context\":\"https:\\\/\\\/schema.org\",\"@graph\":[{\"@type\":\"WebPage\",\"@id\":\"https:\\\/\\\/www.lampogroup.it\\\/it\\\/le-localita\\\/caorle-cosa-vedere\\\/cosa-caorle-piove\\\/\",\"url\":\"https:\\\/\\\/www.lampogroup.it\\\/it\\\/le-localita\\\/caorle-cosa-vedere\\\/cosa-caorle-piove\\\/\",\"name\":\"Cosa fare a Caorle quando piove - Gruppo Lampo\",\"isPartOf\":{\"@id\":\"https:\\\/\\\/www.lampogroup.it\\\/it\\\/#website\"},\"primaryImageOfPage\":{\"@id\":\"https:\\\/\\\/www.lampogroup.it\\\/it\\\/le-localita\\\/caorle-cosa-vedere\\\/cosa-caorle-piove\\\/#primaryimage\"},\"image\":{\"@id\":\"https:\\\/\\\/www.lampogroup.it\\\/it\\\/le-localita\\\/caorle-cosa-vedere\\\/cosa-caorle-piove\\\/#primaryimage\"},\"thumbnailUrl\":\"https:\\\/\\\/www.lampogroup.it\\\/wp-content\\\/uploads\\\/2023\\\/06\\\/hotel-4-stelle-a-caorle-venezia-slide-home-10.webp\",\"datePublished\":\"2023-05-23T10:52:54+00:00\",\"dateModified\":\"2024-01-29T11:13:04+00:00\",\"description\":\"Caorle \u00e8 bellissima anche sotto la pioggia con molte attivit\u00e0 da fare, shopping, manifestazioni, mostre artistiche, concerti e molto di pi\u00f9\",\"breadcrumb\":{\"@id\":\"https:\\\/\\\/www.lampogroup.it\\\/it\\\/le-localita\\\/caorle-cosa-vedere\\\/cosa-caorle-piove\\\/#breadcrumb\"},\"inLanguage\":\"it-IT\",\"potentialAction\":[{\"@type\":\"ReadAction\",\"target\":[\"https:\\\/\\\/www.lampogroup.it\\\/it\\\/le-localita\\\/caorle-cosa-vedere\\\/cosa-caorle-piove\\\/\"]}]},{\"@type\":\"ImageObject\",\"inLanguage\":\"it-IT\",\"@id\":\"https:\\\/\\\/www.lampogroup.it\\\/it\\\/le-localita\\\/caorle-cosa-vedere\\\/cosa-caorle-piove\\\/#primaryimage\",\"url\":\"https:\\\/\\\/www.lampogroup.it\\\/wp-content\\\/uploads\\\/2023\\\/06\\\/hotel-4-stelle-a-caorle-venezia-slide-home-10.webp\",\"contentUrl\":\"https:\\\/\\\/www.lampogroup.it\\\/wp-content\\\/uploads\\\/2023\\\/06\\\/hotel-4-stelle-a-caorle-venezia-slide-home-10.webp\",\"width\":1800,\"height\":1100},{\"@type\":\"BreadcrumbList\",\"@id\":\"https:\\\/\\\/www.lampogroup.it\\\/it\\\/le-localita\\\/caorle-cosa-vedere\\\/cosa-caorle-piove\\\/#breadcrumb\",\"itemListElement\":[{\"@type\":\"ListItem\",\"position\":1,\"name\":\"Home\",\"item\":\"https:\\\/\\\/www.lampogroup.it\\\/it\\\/\"},{\"@type\":\"ListItem\",\"position\":2,\"name\":\"Le localit\u00e0\",\"item\":\"https:\\\/\\\/www.lampogroup.it\\\/it\\\/le-localita\\\/\"},{\"@type\":\"ListItem\",\"position\":3,\"name\":\"Caorle\",\"item\":\"https:\\\/\\\/www.lampogroup.it\\\/it\\\/le-localita\\\/caorle-cosa-vedere\\\/\"},{\"@type\":\"ListItem\",\"position\":4,\"name\":\"Cosa fare a Caorle quando piove\"}]},{\"@type\":\"WebSite\",\"@id\":\"https:\\\/\\\/www.lampogroup.it\\\/it\\\/#website\",\"url\":\"https:\\\/\\\/www.lampogroup.it\\\/it\\\/\",\"name\":\"Gruppo Lampo\",\"description\":\"\",\"publisher\":{\"@id\":\"https:\\\/\\\/www.lampogroup.it\\\/it\\\/#organization\"},\"potentialAction\":[{\"@type\":\"SearchAction\",\"target\":{\"@type\":\"EntryPoint\",\"urlTemplate\":\"https:\\\/\\\/www.lampogroup.it\\\/it\\\/?s={search_term_string}\"},\"query-input\":{\"@type\":\"PropertyValueSpecification\",\"valueRequired\":true,\"valueName\":\"search_term_string\"}}],\"inLanguage\":\"it-IT\"},{\"@type\":\"Organization\",\"@id\":\"https:\\\/\\\/www.lampogroup.it\\\/it\\\/#organization\",\"name\":\"Gruppo Lampo\",\"url\":\"https:\\\/\\\/www.lampogroup.it\\\/it\\\/\",\"logo\":{\"@type\":\"ImageObject\",\"inLanguage\":\"it-IT\",\"@id\":\"https:\\\/\\\/www.lampogroup.it\\\/it\\\/#\\\/schema\\\/logo\\\/image\\\/\",\"url\":\"https:\\\/\\\/www.lampogroup.it\\\/wp-content\\\/uploads\\\/2023\\\/05\\\/lampo-group-1.svg\",\"contentUrl\":\"https:\\\/\\\/www.lampogroup.it\\\/wp-content\\\/uploads\\\/2023\\\/05\\\/lampo-group-1.svg\",\"width\":1,\"height\":1,\"caption\":\"Gruppo Lampo\"},\"image\":{\"@id\":\"https:\\\/\\\/www.lampogroup.it\\\/it\\\/#\\\/schema\\\/logo\\\/image\\\/\"},\"sameAs\":[\"https:\\\/\\\/www.facebook.com\\\/p\\\/Lampo-Group-100063678903798\"]}]}<\/script>\n<!-- \/ Yoast SEO plugin. -->","yoast_head_json":{"title":"Cosa fare a Caorle quando piove - Gruppo Lampo","description":"Caorle \u00e8 bellissima anche sotto la pioggia con molte attivit\u00e0 da fare, shopping, manifestazioni, mostre artistiche, concerti e molto di pi\u00f9","robots":{"index":"index","follow":"follow","max-snippet":"max-snippet:-1","max-image-preview":"max-image-preview:large","max-video-preview":"max-video-preview:-1"},"canonical":"https:\/\/www.lampogroup.it\/it\/le-localita\/caorle-cosa-vedere\/cosa-caorle-piove\/","og_locale":"it_IT","og_type":"article","og_title":"Cosa fare a Caorle quando piove - Gruppo Lampo","og_description":"Caorle \u00e8 bellissima anche sotto la pioggia con molte attivit\u00e0 da fare, shopping, manifestazioni, mostre artistiche, concerti e molto di pi\u00f9","og_url":"https:\/\/www.lampogroup.it\/it\/le-localita\/caorle-cosa-vedere\/cosa-caorle-piove\/","og_site_name":"Gruppo Lampo","article_publisher":"https:\/\/www.facebook.com\/p\/Lampo-Group-100063678903798","article_modified_time":"2024-01-29T11:13:04+00:00","og_image":[{"width":1800,"height":1100,"url":"https:\/\/www.lampogroup.it\/wp-content\/uploads\/2023\/06\/hotel-4-stelle-a-caorle-venezia-slide-home-10.webp","type":"image\/webp"}],"schema":{"@context":"https:\/\/schema.org","@graph":[{"@type":"WebPage","@id":"https:\/\/www.lampogroup.it\/it\/le-localita\/caorle-cosa-vedere\/cosa-caorle-piove\/","url":"https:\/\/www.lampogroup.it\/it\/le-localita\/caorle-cosa-vedere\/cosa-caorle-piove\/","name":"Cosa fare a Caorle quando piove - Gruppo Lampo","isPartOf":{"@id":"https:\/\/www.lampogroup.it\/it\/#website"},"primaryImageOfPage":{"@id":"https:\/\/www.lampogroup.it\/it\/le-localita\/caorle-cosa-vedere\/cosa-caorle-piove\/#primaryimage"},"image":{"@id":"https:\/\/www.lampogroup.it\/it\/le-localita\/caorle-cosa-vedere\/cosa-caorle-piove\/#primaryimage"},"thumbnailUrl":"https:\/\/www.lampogroup.it\/wp-content\/uploads\/2023\/06\/hotel-4-stelle-a-caorle-venezia-slide-home-10.webp","datePublished":"2023-05-23T10:52:54+00:00","dateModified":"2024-01-29T11:13:04+00:00","description":"Caorle \u00e8 bellissima anche sotto la pioggia con molte attivit\u00e0 da fare, shopping, manifestazioni, mostre artistiche, concerti e molto di pi\u00f9","breadcrumb":{"@id":"https:\/\/www.lampogroup.it\/it\/le-localita\/caorle-cosa-vedere\/cosa-caorle-piove\/#breadcrumb"},"inLanguage":"it-IT","potentialAction":[{"@type":"ReadAction","target":["https:\/\/www.lampogroup.it\/it\/le-localita\/caorle-cosa-vedere\/cosa-caorle-piove\/"]}]},{"@type":"ImageObject","inLanguage":"it-IT","@id":"https:\/\/www.lampogroup.it\/it\/le-localita\/caorle-cosa-vedere\/cosa-caorle-piove\/#primaryimage","url":"https:\/\/www.lampogroup.it\/wp-content\/uploads\/2023\/06\/hotel-4-stelle-a-caorle-venezia-slide-home-10.webp","contentUrl":"https:\/\/www.lampogroup.it\/wp-content\/uploads\/2023\/06\/hotel-4-stelle-a-caorle-venezia-slide-home-10.webp","width":1800,"height":1100},{"@type":"BreadcrumbList","@id":"https:\/\/www.lampogroup.it\/it\/le-localita\/caorle-cosa-vedere\/cosa-caorle-piove\/#breadcrumb","itemListElement":[{"@type":"ListItem","position":1,"name":"Home","item":"https:\/\/www.lampogroup.it\/it\/"},{"@type":"ListItem","position":2,"name":"Le localit\u00e0","item":"https:\/\/www.lampogroup.it\/it\/le-localita\/"},{"@type":"ListItem","position":3,"name":"Caorle","item":"https:\/\/www.lampogroup.it\/it\/le-localita\/caorle-cosa-vedere\/"},{"@type":"ListItem","position":4,"name":"Cosa fare a Caorle quando piove"}]},{"@type":"WebSite","@id":"https:\/\/www.lampogroup.it\/it\/#website","url":"https:\/\/www.lampogroup.it\/it\/","name":"Gruppo Lampo","description":"","publisher":{"@id":"https:\/\/www.lampogroup.it\/it\/#organization"},"potentialAction":[{"@type":"SearchAction","target":{"@type":"EntryPoint","urlTemplate":"https:\/\/www.lampogroup.it\/it\/?s={search_term_string}"},"query-input":{"@type":"PropertyValueSpecification","valueRequired":true,"valueName":"search_term_string"}}],"inLanguage":"it-IT"},{"@type":"Organization","@id":"https:\/\/www.lampogroup.it\/it\/#organization","name":"Gruppo Lampo","url":"https:\/\/www.lampogroup.it\/it\/","logo":{"@type":"ImageObject","inLanguage":"it-IT","@id":"https:\/\/www.lampogroup.it\/it\/#\/schema\/logo\/image\/","url":"https:\/\/www.lampogroup.it\/wp-content\/uploads\/2023\/05\/lampo-group-1.svg","contentUrl":"https:\/\/www.lampogroup.it\/wp-content\/uploads\/2023\/05\/lampo-group-1.svg","width":1,"height":1,"caption":"Gruppo Lampo"},"image":{"@id":"https:\/\/www.lampogroup.it\/it\/#\/schema\/logo\/image\/"},"sameAs":["https:\/\/www.facebook.com\/p\/Lampo-Group-100063678903798"]}]}},"_links":{"self":[{"href":"https:\/\/www.lampogroup.it\/it\/wp-json\/wp\/v2\/pages\/72","targetHints":{"allow":["GET"]}}],"collection":[{"href":"https:\/\/www.lampogroup.it\/it\/wp-json\/wp\/v2\/pages"}],"about":[{"href":"https:\/\/www.lampogroup.it\/it\/wp-json\/wp\/v2\/types\/page"}],"author":[{"embeddable":true,"href":"https:\/\/www.lampogroup.it\/it\/wp-json\/wp\/v2\/users\/1"}],"replies":[{"embeddable":true,"href":"https:\/\/www.lampogroup.it\/it\/wp-json\/wp\/v2\/comments?post=72"}],"version-history":[{"count":1,"href":"https:\/\/www.lampogroup.it\/it\/wp-json\/wp\/v2\/pages\/72\/revisions"}],"predecessor-version":[{"id":84,"href":"https:\/\/www.lampogroup.it\/it\/wp-json\/wp\/v2\/pages\/72\/revisions\/84"}],"up":[{"embeddable":true,"href":"https:\/\/www.lampogroup.it\/it\/wp-json\/wp\/v2\/pages\/59"}],"wp:featuredmedia":[{"embeddable":true,"href":"https:\/\/www.lampogroup.it\/it\/wp-json\/wp\/v2\/media\/866"}],"wp:attachment":[{"href":"https:\/\/www.lampogroup.it\/it\/wp-json\/wp\/v2\/media?parent=72"}],"curies":[{"name":"wp","href":"https:\/\/api.w.org\/{rel}","templated":true}]}}