{"id":71,"date":"2023-05-23T12:40:51","date_gmt":"2023-05-23T10:40:51","guid":{"rendered":"https:\/\/www.lampogroup.it\/?page_id=71"},"modified":"2024-01-29T11:58:37","modified_gmt":"2024-01-29T10:58:37","slug":"cosa-caorle-bambini","status":"publish","type":"page","link":"https:\/\/www.lampogroup.it\/it\/le-localita\/caorle-cosa-vedere\/cosa-caorle-bambini\/","title":{"rendered":"Cosa fare a Caorle con Bambini"},"content":{"rendered":"\n<p>Caorle \u00e8 una localit\u00e0 turistica ideale per una vacanza formato famiglia, un vero e proprio paradiso per il divertimento dei tuoi bambini. Tante spiagge attrezzate ed un mare poco profondo perfetto per i primi bagni dei pi\u00f9 piccoli.<\/p>\n\n\n\n<!--more-->\n\n\n\n<p>Ma non c\u2019\u00e8 solo il mare: sono molte infatti le cose da fare a Caorle con i bambini, anche fuori dalla spiaggia.<\/p>\n\n\n\n<p>A spasso per la citt\u00e0 non pu\u00f2 mancare un fresco gelato delle numerose gelaterie artigianali: gustatelo nel vecchio borgo, dove passeggiare tranquillamente tra calli e viuzze all\u2019ombra delle caratteristiche case dei pescatori. Un crogiolo di colori che difficilmente i tuoi bambini potranno dimenticare.<\/p>\n\n\n\n<p>Se ti piace la bici, ti consigliamo di noleggiare delle biciclette o dei risci\u00f2 per percorrere le numerose piste ciclabili della citt\u00e0, che si estendono fino ai bordi della laguna. In alternativa si pu\u00f2 sempre pedalare sul suggestivo lungomare che attraversa la citt\u00e0, tra scorci suggestivi ed una scogliera che \u00e8 una vera e propria opera d\u2019arte a cielo aperto.<\/p>\n\n\n\n<p>Un\u2019altra bella esperienza da far vivere a tuo figlio \u00e8 sicuramente quella di provare una delle tante escursioni in barca\u2026dal porticciolo della citt\u00e0 ci si pu\u00f2 imbarcare per una gita verso la laguna &nbsp;o raggiungere addirittura la splendida Venezia.<\/p>\n\n\n\n<p>Per il divertimento pi\u00f9 sfrenato, invece, regala al tuo bambino l\u2019ingresso al parco acquatico Acquafollie o al Luna Park : tante attrazioni che sapranno coinvolgere tutta la famiglia, per una giornata all\u2019insegna dello spasso!<\/p>\n\n\n\n<p>Sono davvero tante le cose da fare a Caorle con i bambini, con numerose aree dedicate ai pi\u00f9 piccoli, ampi parchi giochi, scivoli, altalene e giostre\u2026<\/p>\n\n\n\n<p>Caorle \u00e8 un vero e proprio mare di divertimento per tutta la famiglia!<\/p>\n","protected":false},"excerpt":{"rendered":"<p>Caorle \u00e8 una localit\u00e0 turistica ideale per una vacanza formato famiglia, un vero e proprio paradiso per il divertimento dei tuoi bambini. Tante spiagge attrezzate ed un mare poco profondo perfetto per i primi bagni dei pi\u00f9 piccoli.<\/p>\n","protected":false},"author":1,"featured_media":862,"parent":59,"menu_order":0,"comment_status":"closed","ping_status":"closed","template":"","meta":{"_acf_changed":false,"footnotes":""},"class_list":["post-71","page","type-page","status-publish","has-post-thumbnail","hentry"],"acf":[],"yoast_head":"<!-- This site is optimized with the Yoast SEO plugin v27.3 - https:\/\/yoast.com\/product\/yoast-seo-wordpress\/ -->\n<title>Cosa fare a Caorle con Bambini - Gruppo Lampo<\/title>\n<meta name=\"description\" content=\"Caorle \u00e8 ideale per una vacanza con i bambini: spiagge attrezzate, parco divertimento Acquafollie, luna park, noleggio Bici e tante attivit\u00e0\" \/>\n<meta name=\"robots\" content=\"index, follow, max-snippet:-1, max-image-preview:large, max-video-preview:-1\" \/>\n<link rel=\"canonical\" href=\"https:\/\/www.lampogroup.it\/it\/le-localita\/caorle-cosa-vedere\/cosa-caorle-bambini\/\" \/>\n<meta property=\"og:locale\" content=\"it_IT\" \/>\n<meta property=\"og:type\" content=\"article\" \/>\n<meta property=\"og:title\" content=\"Cosa fare a Caorle con Bambini - Gruppo Lampo\" \/>\n<meta property=\"og:description\" content=\"Caorle \u00e8 ideale per una vacanza con i bambini: spiagge attrezzate, parco divertimento Acquafollie, luna park, noleggio Bici e tante attivit\u00e0\" \/>\n<meta property=\"og:url\" content=\"https:\/\/www.lampogroup.it\/it\/le-localita\/caorle-cosa-vedere\/cosa-caorle-bambini\/\" \/>\n<meta property=\"og:site_name\" content=\"Gruppo Lampo\" \/>\n<meta property=\"article:publisher\" content=\"https:\/\/www.facebook.com\/p\/Lampo-Group-100063678903798\" \/>\n<meta property=\"article:modified_time\" content=\"2024-01-29T10:58:37+00:00\" \/>\n<meta property=\"og:image\" content=\"https:\/\/www.lampogroup.it\/wp-content\/uploads\/2023\/06\/family-hotel-4-stelle-holiday-sea-caorle.webp\" \/>\n\t<meta property=\"og:image:width\" content=\"1800\" \/>\n\t<meta property=\"og:image:height\" content=\"1100\" \/>\n\t<meta property=\"og:image:type\" content=\"image\/webp\" \/>\n<script type=\"application\/ld+json\" class=\"yoast-schema-graph\">{\"@context\":\"https:\\\/\\\/schema.org\",\"@graph\":[{\"@type\":\"WebPage\",\"@id\":\"https:\\\/\\\/www.lampogroup.it\\\/it\\\/le-localita\\\/caorle-cosa-vedere\\\/cosa-caorle-bambini\\\/\",\"url\":\"https:\\\/\\\/www.lampogroup.it\\\/it\\\/le-localita\\\/caorle-cosa-vedere\\\/cosa-caorle-bambini\\\/\",\"name\":\"Cosa fare a Caorle con Bambini - Gruppo Lampo\",\"isPartOf\":{\"@id\":\"https:\\\/\\\/www.lampogroup.it\\\/it\\\/#website\"},\"primaryImageOfPage\":{\"@id\":\"https:\\\/\\\/www.lampogroup.it\\\/it\\\/le-localita\\\/caorle-cosa-vedere\\\/cosa-caorle-bambini\\\/#primaryimage\"},\"image\":{\"@id\":\"https:\\\/\\\/www.lampogroup.it\\\/it\\\/le-localita\\\/caorle-cosa-vedere\\\/cosa-caorle-bambini\\\/#primaryimage\"},\"thumbnailUrl\":\"https:\\\/\\\/www.lampogroup.it\\\/wp-content\\\/uploads\\\/2023\\\/06\\\/family-hotel-4-stelle-holiday-sea-caorle.webp\",\"datePublished\":\"2023-05-23T10:40:51+00:00\",\"dateModified\":\"2024-01-29T10:58:37+00:00\",\"description\":\"Caorle \u00e8 ideale per una vacanza con i bambini: spiagge attrezzate, parco divertimento Acquafollie, luna park, noleggio Bici e tante attivit\u00e0\",\"breadcrumb\":{\"@id\":\"https:\\\/\\\/www.lampogroup.it\\\/it\\\/le-localita\\\/caorle-cosa-vedere\\\/cosa-caorle-bambini\\\/#breadcrumb\"},\"inLanguage\":\"it-IT\",\"potentialAction\":[{\"@type\":\"ReadAction\",\"target\":[\"https:\\\/\\\/www.lampogroup.it\\\/it\\\/le-localita\\\/caorle-cosa-vedere\\\/cosa-caorle-bambini\\\/\"]}]},{\"@type\":\"ImageObject\",\"inLanguage\":\"it-IT\",\"@id\":\"https:\\\/\\\/www.lampogroup.it\\\/it\\\/le-localita\\\/caorle-cosa-vedere\\\/cosa-caorle-bambini\\\/#primaryimage\",\"url\":\"https:\\\/\\\/www.lampogroup.it\\\/wp-content\\\/uploads\\\/2023\\\/06\\\/family-hotel-4-stelle-holiday-sea-caorle.webp\",\"contentUrl\":\"https:\\\/\\\/www.lampogroup.it\\\/wp-content\\\/uploads\\\/2023\\\/06\\\/family-hotel-4-stelle-holiday-sea-caorle.webp\",\"width\":1800,\"height\":1100},{\"@type\":\"BreadcrumbList\",\"@id\":\"https:\\\/\\\/www.lampogroup.it\\\/it\\\/le-localita\\\/caorle-cosa-vedere\\\/cosa-caorle-bambini\\\/#breadcrumb\",\"itemListElement\":[{\"@type\":\"ListItem\",\"position\":1,\"name\":\"Home\",\"item\":\"https:\\\/\\\/www.lampogroup.it\\\/it\\\/\"},{\"@type\":\"ListItem\",\"position\":2,\"name\":\"Le localit\u00e0\",\"item\":\"https:\\\/\\\/www.lampogroup.it\\\/it\\\/le-localita\\\/\"},{\"@type\":\"ListItem\",\"position\":3,\"name\":\"Caorle\",\"item\":\"https:\\\/\\\/www.lampogroup.it\\\/it\\\/le-localita\\\/caorle-cosa-vedere\\\/\"},{\"@type\":\"ListItem\",\"position\":4,\"name\":\"Cosa fare a Caorle con Bambini\"}]},{\"@type\":\"WebSite\",\"@id\":\"https:\\\/\\\/www.lampogroup.it\\\/it\\\/#website\",\"url\":\"https:\\\/\\\/www.lampogroup.it\\\/it\\\/\",\"name\":\"Gruppo Lampo\",\"description\":\"\",\"publisher\":{\"@id\":\"https:\\\/\\\/www.lampogroup.it\\\/it\\\/#organization\"},\"potentialAction\":[{\"@type\":\"SearchAction\",\"target\":{\"@type\":\"EntryPoint\",\"urlTemplate\":\"https:\\\/\\\/www.lampogroup.it\\\/it\\\/?s={search_term_string}\"},\"query-input\":{\"@type\":\"PropertyValueSpecification\",\"valueRequired\":true,\"valueName\":\"search_term_string\"}}],\"inLanguage\":\"it-IT\"},{\"@type\":\"Organization\",\"@id\":\"https:\\\/\\\/www.lampogroup.it\\\/it\\\/#organization\",\"name\":\"Gruppo Lampo\",\"url\":\"https:\\\/\\\/www.lampogroup.it\\\/it\\\/\",\"logo\":{\"@type\":\"ImageObject\",\"inLanguage\":\"it-IT\",\"@id\":\"https:\\\/\\\/www.lampogroup.it\\\/it\\\/#\\\/schema\\\/logo\\\/image\\\/\",\"url\":\"https:\\\/\\\/www.lampogroup.it\\\/wp-content\\\/uploads\\\/2023\\\/05\\\/lampo-group-1.svg\",\"contentUrl\":\"https:\\\/\\\/www.lampogroup.it\\\/wp-content\\\/uploads\\\/2023\\\/05\\\/lampo-group-1.svg\",\"width\":1,\"height\":1,\"caption\":\"Gruppo Lampo\"},\"image\":{\"@id\":\"https:\\\/\\\/www.lampogroup.it\\\/it\\\/#\\\/schema\\\/logo\\\/image\\\/\"},\"sameAs\":[\"https:\\\/\\\/www.facebook.com\\\/p\\\/Lampo-Group-100063678903798\"]}]}<\/script>\n<!-- \/ Yoast SEO plugin. -->","yoast_head_json":{"title":"Cosa fare a Caorle con Bambini - Gruppo Lampo","description":"Caorle \u00e8 ideale per una vacanza con i bambini: spiagge attrezzate, parco divertimento Acquafollie, luna park, noleggio Bici e tante attivit\u00e0","robots":{"index":"index","follow":"follow","max-snippet":"max-snippet:-1","max-image-preview":"max-image-preview:large","max-video-preview":"max-video-preview:-1"},"canonical":"https:\/\/www.lampogroup.it\/it\/le-localita\/caorle-cosa-vedere\/cosa-caorle-bambini\/","og_locale":"it_IT","og_type":"article","og_title":"Cosa fare a Caorle con Bambini - Gruppo Lampo","og_description":"Caorle \u00e8 ideale per una vacanza con i bambini: spiagge attrezzate, parco divertimento Acquafollie, luna park, noleggio Bici e tante attivit\u00e0","og_url":"https:\/\/www.lampogroup.it\/it\/le-localita\/caorle-cosa-vedere\/cosa-caorle-bambini\/","og_site_name":"Gruppo Lampo","article_publisher":"https:\/\/www.facebook.com\/p\/Lampo-Group-100063678903798","article_modified_time":"2024-01-29T10:58:37+00:00","og_image":[{"width":1800,"height":1100,"url":"https:\/\/www.lampogroup.it\/wp-content\/uploads\/2023\/06\/family-hotel-4-stelle-holiday-sea-caorle.webp","type":"image\/webp"}],"schema":{"@context":"https:\/\/schema.org","@graph":[{"@type":"WebPage","@id":"https:\/\/www.lampogroup.it\/it\/le-localita\/caorle-cosa-vedere\/cosa-caorle-bambini\/","url":"https:\/\/www.lampogroup.it\/it\/le-localita\/caorle-cosa-vedere\/cosa-caorle-bambini\/","name":"Cosa fare a Caorle con Bambini - Gruppo Lampo","isPartOf":{"@id":"https:\/\/www.lampogroup.it\/it\/#website"},"primaryImageOfPage":{"@id":"https:\/\/www.lampogroup.it\/it\/le-localita\/caorle-cosa-vedere\/cosa-caorle-bambini\/#primaryimage"},"image":{"@id":"https:\/\/www.lampogroup.it\/it\/le-localita\/caorle-cosa-vedere\/cosa-caorle-bambini\/#primaryimage"},"thumbnailUrl":"https:\/\/www.lampogroup.it\/wp-content\/uploads\/2023\/06\/family-hotel-4-stelle-holiday-sea-caorle.webp","datePublished":"2023-05-23T10:40:51+00:00","dateModified":"2024-01-29T10:58:37+00:00","description":"Caorle \u00e8 ideale per una vacanza con i bambini: spiagge attrezzate, parco divertimento Acquafollie, luna park, noleggio Bici e tante attivit\u00e0","breadcrumb":{"@id":"https:\/\/www.lampogroup.it\/it\/le-localita\/caorle-cosa-vedere\/cosa-caorle-bambini\/#breadcrumb"},"inLanguage":"it-IT","potentialAction":[{"@type":"ReadAction","target":["https:\/\/www.lampogroup.it\/it\/le-localita\/caorle-cosa-vedere\/cosa-caorle-bambini\/"]}]},{"@type":"ImageObject","inLanguage":"it-IT","@id":"https:\/\/www.lampogroup.it\/it\/le-localita\/caorle-cosa-vedere\/cosa-caorle-bambini\/#primaryimage","url":"https:\/\/www.lampogroup.it\/wp-content\/uploads\/2023\/06\/family-hotel-4-stelle-holiday-sea-caorle.webp","contentUrl":"https:\/\/www.lampogroup.it\/wp-content\/uploads\/2023\/06\/family-hotel-4-stelle-holiday-sea-caorle.webp","width":1800,"height":1100},{"@type":"BreadcrumbList","@id":"https:\/\/www.lampogroup.it\/it\/le-localita\/caorle-cosa-vedere\/cosa-caorle-bambini\/#breadcrumb","itemListElement":[{"@type":"ListItem","position":1,"name":"Home","item":"https:\/\/www.lampogroup.it\/it\/"},{"@type":"ListItem","position":2,"name":"Le localit\u00e0","item":"https:\/\/www.lampogroup.it\/it\/le-localita\/"},{"@type":"ListItem","position":3,"name":"Caorle","item":"https:\/\/www.lampogroup.it\/it\/le-localita\/caorle-cosa-vedere\/"},{"@type":"ListItem","position":4,"name":"Cosa fare a Caorle con Bambini"}]},{"@type":"WebSite","@id":"https:\/\/www.lampogroup.it\/it\/#website","url":"https:\/\/www.lampogroup.it\/it\/","name":"Gruppo Lampo","description":"","publisher":{"@id":"https:\/\/www.lampogroup.it\/it\/#organization"},"potentialAction":[{"@type":"SearchAction","target":{"@type":"EntryPoint","urlTemplate":"https:\/\/www.lampogroup.it\/it\/?s={search_term_string}"},"query-input":{"@type":"PropertyValueSpecification","valueRequired":true,"valueName":"search_term_string"}}],"inLanguage":"it-IT"},{"@type":"Organization","@id":"https:\/\/www.lampogroup.it\/it\/#organization","name":"Gruppo Lampo","url":"https:\/\/www.lampogroup.it\/it\/","logo":{"@type":"ImageObject","inLanguage":"it-IT","@id":"https:\/\/www.lampogroup.it\/it\/#\/schema\/logo\/image\/","url":"https:\/\/www.lampogroup.it\/wp-content\/uploads\/2023\/05\/lampo-group-1.svg","contentUrl":"https:\/\/www.lampogroup.it\/wp-content\/uploads\/2023\/05\/lampo-group-1.svg","width":1,"height":1,"caption":"Gruppo Lampo"},"image":{"@id":"https:\/\/www.lampogroup.it\/it\/#\/schema\/logo\/image\/"},"sameAs":["https:\/\/www.facebook.com\/p\/Lampo-Group-100063678903798"]}]}},"_links":{"self":[{"href":"https:\/\/www.lampogroup.it\/it\/wp-json\/wp\/v2\/pages\/71","targetHints":{"allow":["GET"]}}],"collection":[{"href":"https:\/\/www.lampogroup.it\/it\/wp-json\/wp\/v2\/pages"}],"about":[{"href":"https:\/\/www.lampogroup.it\/it\/wp-json\/wp\/v2\/types\/page"}],"author":[{"embeddable":true,"href":"https:\/\/www.lampogroup.it\/it\/wp-json\/wp\/v2\/users\/1"}],"replies":[{"embeddable":true,"href":"https:\/\/www.lampogroup.it\/it\/wp-json\/wp\/v2\/comments?post=71"}],"version-history":[{"count":1,"href":"https:\/\/www.lampogroup.it\/it\/wp-json\/wp\/v2\/pages\/71\/revisions"}],"predecessor-version":[{"id":79,"href":"https:\/\/www.lampogroup.it\/it\/wp-json\/wp\/v2\/pages\/71\/revisions\/79"}],"up":[{"embeddable":true,"href":"https:\/\/www.lampogroup.it\/it\/wp-json\/wp\/v2\/pages\/59"}],"wp:featuredmedia":[{"embeddable":true,"href":"https:\/\/www.lampogroup.it\/it\/wp-json\/wp\/v2\/media\/862"}],"wp:attachment":[{"href":"https:\/\/www.lampogroup.it\/it\/wp-json\/wp\/v2\/media?parent=71"}],"curies":[{"name":"wp","href":"https:\/\/api.w.org\/{rel}","templated":true}]}}