{"id":64,"date":"2023-05-23T12:32:20","date_gmt":"2023-05-23T10:32:20","guid":{"rendered":"https:\/\/www.lampogroup.it\/?page_id=64"},"modified":"2023-06-14T15:31:53","modified_gmt":"2023-06-14T13:31:53","slug":"hotel-altanea","status":"publish","type":"page","link":"https:\/\/www.lampogroup.it\/it\/le-localita\/hotel-altanea\/","title":{"rendered":"Lido Altanea"},"content":{"rendered":"\n<p>Lido Altanea \u00e8 una localit\u00e0 balneare di recente costruzione situata a soli 5 km da Caorle, progettata e costruita per essere <strong>un villaggio ideale immerso nel verde<\/strong> in cui i turisti possono trovare tutti i servizi necessari per una vacanza che risponda alle loro esigenze.<\/p>\n\n\n\n<!--more-->\n\n\n\n<p>La localit\u00e0 infatti si caratterizza per la sua vivibilit\u00e0: non ci sono barriere architettoniche, la maggior parte degli edifici non si sviluppa in altezza ma \u00e8 formata da villette su due piani con spaziosi giardini e grandi piscine, ci sono molti alberi, siepi, prati e aiuole, sempre mantenuti in perfetto ordine da operosi giardinieri.<\/p>\n\n\n\n<p><strong>La spiaggia di Caorle Lido Altanea<\/strong> \u00e8 delimitata da dei gradoni e declina dolcemente fino al mare, che <strong>con il suo fondale sabbioso \u00e8 un luogo sicuro anche per il divertimento dei pi\u00f9 piccini<\/strong>. Nell\u2019arenile si possono trovare tutti i servizi necessari per rendere confortevole il proprio soggiorno in spiaggia: ombrelloni con sdraio e lettini, chioschi, servizi igienici, docce, intrattenimento dell\u2019animazione per i bambini e per gli adulti e servizio di salvataggio.<\/p>\n\n\n\n<p>Per il divertimento dei pi\u00f9 piccoli e la comodit\u00e0 di tutti ad Altanea \u00e8 sempre attivo anche un servizio di navetta gratuito che fa tappa in varie fermate della localit\u00e0 e conduce gli ospiti fino alla spiaggia: \u00e8 un simpatico trenino che permette a tutti di raggiungere l\u2019arenile senza sforzi.<\/p>\n\n\n\n<p>Ad Altanea non mancano anche le opportunit\u00e0 per trascorrere una <strong>vacanza attiva all\u2019aria aperta<\/strong>: si possono seguire percorsi nella natura a piedi o in bicicletta percorrendo le piste ciclabili che la circondano e raggiungere le localit\u00e0 vicine e gli splendidi luoghi dell\u2019entroterra, o in alternativa si possono praticare molti sport allo <strong>Sporting Club Altanea<\/strong>.<\/p>\n\n\n\n<p><strong>Gli intrattenimenti ad Altanea<\/strong> non si fermano qui, ma proseguono anche nel corso della serata con musica dal vivo, spettacoli e animazione in Happy Arena.<\/p>\n\n\n\n<p>E poi non mancano i negozi, i bar, le pizzerie e i ristoranti che sono sempre aperti per tutti i turisti che desiderano dedicarsi allo shopping o trascorrere una piacevole serata estiva davanti ad una pizza o a un buon gelato. Centro di aggregazione e cuore di Altanea \u00e8 la galleria commerciale La Quercia che con i suoi negozi, bar e pizzerie e la grande piazza Rosa dei Venti attira ogni sera i turisti per trascorrere qualche ora di svago e shopping .<\/p>\n","protected":false},"excerpt":{"rendered":"<p>Lido Altanea \u00e8 una localit\u00e0 balneare di recente costruzione situata a soli 5 km da Caorle, progettata e costruita per essere un villaggio ideale immerso nel verde in cui i turisti possono trovare tutti i servizi necessari per una vacanza che risponda alle loro esigenze.<\/p>\n","protected":false},"author":1,"featured_media":1028,"parent":57,"menu_order":0,"comment_status":"closed","ping_status":"closed","template":"","meta":{"_acf_changed":false,"footnotes":""},"class_list":["post-64","page","type-page","status-publish","has-post-thumbnail","hentry"],"acf":[],"yoast_head":"<!-- This site is optimized with the Yoast SEO plugin v27.3 - https:\/\/yoast.com\/product\/yoast-seo-wordpress\/ -->\n<title>Lido Altanea - Gruppo Lampo<\/title>\n<meta name=\"robots\" content=\"index, follow, max-snippet:-1, max-image-preview:large, max-video-preview:-1\" \/>\n<link rel=\"canonical\" href=\"https:\/\/www.lampogroup.it\/it\/le-localita\/hotel-altanea\/\" \/>\n<meta property=\"og:locale\" content=\"it_IT\" \/>\n<meta property=\"og:type\" content=\"article\" \/>\n<meta property=\"og:title\" content=\"Lido Altanea - Gruppo Lampo\" \/>\n<meta property=\"og:description\" content=\"Lido Altanea \u00e8 una localit\u00e0 balneare di recente costruzione situata a soli 5 km da Caorle, progettata e costruita per essere un villaggio ideale immerso nel verde in cui i turisti possono trovare tutti i servizi necessari per una vacanza che risponda alle loro esigenze.\" \/>\n<meta property=\"og:url\" content=\"https:\/\/www.lampogroup.it\/it\/le-localita\/hotel-altanea\/\" \/>\n<meta property=\"og:site_name\" content=\"Gruppo Lampo\" \/>\n<meta property=\"article:publisher\" content=\"https:\/\/www.facebook.com\/p\/Lampo-Group-100063678903798\" \/>\n<meta property=\"article:modified_time\" content=\"2023-06-14T13:31:53+00:00\" \/>\n<meta property=\"og:image\" content=\"https:\/\/www.lampogroup.it\/wp-content\/uploads\/2023\/06\/altanea-3.webp\" \/>\n\t<meta property=\"og:image:width\" content=\"1800\" \/>\n\t<meta property=\"og:image:height\" content=\"1100\" \/>\n\t<meta property=\"og:image:type\" content=\"image\/webp\" \/>\n<script type=\"application\/ld+json\" class=\"yoast-schema-graph\">{\"@context\":\"https:\\\/\\\/schema.org\",\"@graph\":[{\"@type\":\"WebPage\",\"@id\":\"https:\\\/\\\/www.lampogroup.it\\\/it\\\/le-localita\\\/hotel-altanea\\\/\",\"url\":\"https:\\\/\\\/www.lampogroup.it\\\/it\\\/le-localita\\\/hotel-altanea\\\/\",\"name\":\"Lido Altanea - Gruppo Lampo\",\"isPartOf\":{\"@id\":\"https:\\\/\\\/www.lampogroup.it\\\/it\\\/#website\"},\"primaryImageOfPage\":{\"@id\":\"https:\\\/\\\/www.lampogroup.it\\\/it\\\/le-localita\\\/hotel-altanea\\\/#primaryimage\"},\"image\":{\"@id\":\"https:\\\/\\\/www.lampogroup.it\\\/it\\\/le-localita\\\/hotel-altanea\\\/#primaryimage\"},\"thumbnailUrl\":\"https:\\\/\\\/www.lampogroup.it\\\/wp-content\\\/uploads\\\/2023\\\/06\\\/altanea-3.webp\",\"datePublished\":\"2023-05-23T10:32:20+00:00\",\"dateModified\":\"2023-06-14T13:31:53+00:00\",\"breadcrumb\":{\"@id\":\"https:\\\/\\\/www.lampogroup.it\\\/it\\\/le-localita\\\/hotel-altanea\\\/#breadcrumb\"},\"inLanguage\":\"it-IT\",\"potentialAction\":[{\"@type\":\"ReadAction\",\"target\":[\"https:\\\/\\\/www.lampogroup.it\\\/it\\\/le-localita\\\/hotel-altanea\\\/\"]}]},{\"@type\":\"ImageObject\",\"inLanguage\":\"it-IT\",\"@id\":\"https:\\\/\\\/www.lampogroup.it\\\/it\\\/le-localita\\\/hotel-altanea\\\/#primaryimage\",\"url\":\"https:\\\/\\\/www.lampogroup.it\\\/wp-content\\\/uploads\\\/2023\\\/06\\\/altanea-3.webp\",\"contentUrl\":\"https:\\\/\\\/www.lampogroup.it\\\/wp-content\\\/uploads\\\/2023\\\/06\\\/altanea-3.webp\",\"width\":1800,\"height\":1100},{\"@type\":\"BreadcrumbList\",\"@id\":\"https:\\\/\\\/www.lampogroup.it\\\/it\\\/le-localita\\\/hotel-altanea\\\/#breadcrumb\",\"itemListElement\":[{\"@type\":\"ListItem\",\"position\":1,\"name\":\"Home\",\"item\":\"https:\\\/\\\/www.lampogroup.it\\\/it\\\/\"},{\"@type\":\"ListItem\",\"position\":2,\"name\":\"Le localit\u00e0\",\"item\":\"https:\\\/\\\/www.lampogroup.it\\\/it\\\/le-localita\\\/\"},{\"@type\":\"ListItem\",\"position\":3,\"name\":\"Lido Altanea\"}]},{\"@type\":\"WebSite\",\"@id\":\"https:\\\/\\\/www.lampogroup.it\\\/it\\\/#website\",\"url\":\"https:\\\/\\\/www.lampogroup.it\\\/it\\\/\",\"name\":\"Gruppo Lampo\",\"description\":\"\",\"publisher\":{\"@id\":\"https:\\\/\\\/www.lampogroup.it\\\/it\\\/#organization\"},\"potentialAction\":[{\"@type\":\"SearchAction\",\"target\":{\"@type\":\"EntryPoint\",\"urlTemplate\":\"https:\\\/\\\/www.lampogroup.it\\\/it\\\/?s={search_term_string}\"},\"query-input\":{\"@type\":\"PropertyValueSpecification\",\"valueRequired\":true,\"valueName\":\"search_term_string\"}}],\"inLanguage\":\"it-IT\"},{\"@type\":\"Organization\",\"@id\":\"https:\\\/\\\/www.lampogroup.it\\\/it\\\/#organization\",\"name\":\"Gruppo Lampo\",\"url\":\"https:\\\/\\\/www.lampogroup.it\\\/it\\\/\",\"logo\":{\"@type\":\"ImageObject\",\"inLanguage\":\"it-IT\",\"@id\":\"https:\\\/\\\/www.lampogroup.it\\\/it\\\/#\\\/schema\\\/logo\\\/image\\\/\",\"url\":\"https:\\\/\\\/www.lampogroup.it\\\/wp-content\\\/uploads\\\/2023\\\/05\\\/lampo-group-1.svg\",\"contentUrl\":\"https:\\\/\\\/www.lampogroup.it\\\/wp-content\\\/uploads\\\/2023\\\/05\\\/lampo-group-1.svg\",\"width\":1,\"height\":1,\"caption\":\"Gruppo Lampo\"},\"image\":{\"@id\":\"https:\\\/\\\/www.lampogroup.it\\\/it\\\/#\\\/schema\\\/logo\\\/image\\\/\"},\"sameAs\":[\"https:\\\/\\\/www.facebook.com\\\/p\\\/Lampo-Group-100063678903798\"]}]}<\/script>\n<!-- \/ Yoast SEO plugin. -->","yoast_head_json":{"title":"Lido Altanea - Gruppo Lampo","robots":{"index":"index","follow":"follow","max-snippet":"max-snippet:-1","max-image-preview":"max-image-preview:large","max-video-preview":"max-video-preview:-1"},"canonical":"https:\/\/www.lampogroup.it\/it\/le-localita\/hotel-altanea\/","og_locale":"it_IT","og_type":"article","og_title":"Lido Altanea - Gruppo Lampo","og_description":"Lido Altanea \u00e8 una localit\u00e0 balneare di recente costruzione situata a soli 5 km da Caorle, progettata e costruita per essere un villaggio ideale immerso nel verde in cui i turisti possono trovare tutti i servizi necessari per una vacanza che risponda alle loro esigenze.","og_url":"https:\/\/www.lampogroup.it\/it\/le-localita\/hotel-altanea\/","og_site_name":"Gruppo Lampo","article_publisher":"https:\/\/www.facebook.com\/p\/Lampo-Group-100063678903798","article_modified_time":"2023-06-14T13:31:53+00:00","og_image":[{"width":1800,"height":1100,"url":"https:\/\/www.lampogroup.it\/wp-content\/uploads\/2023\/06\/altanea-3.webp","type":"image\/webp"}],"schema":{"@context":"https:\/\/schema.org","@graph":[{"@type":"WebPage","@id":"https:\/\/www.lampogroup.it\/it\/le-localita\/hotel-altanea\/","url":"https:\/\/www.lampogroup.it\/it\/le-localita\/hotel-altanea\/","name":"Lido Altanea - Gruppo Lampo","isPartOf":{"@id":"https:\/\/www.lampogroup.it\/it\/#website"},"primaryImageOfPage":{"@id":"https:\/\/www.lampogroup.it\/it\/le-localita\/hotel-altanea\/#primaryimage"},"image":{"@id":"https:\/\/www.lampogroup.it\/it\/le-localita\/hotel-altanea\/#primaryimage"},"thumbnailUrl":"https:\/\/www.lampogroup.it\/wp-content\/uploads\/2023\/06\/altanea-3.webp","datePublished":"2023-05-23T10:32:20+00:00","dateModified":"2023-06-14T13:31:53+00:00","breadcrumb":{"@id":"https:\/\/www.lampogroup.it\/it\/le-localita\/hotel-altanea\/#breadcrumb"},"inLanguage":"it-IT","potentialAction":[{"@type":"ReadAction","target":["https:\/\/www.lampogroup.it\/it\/le-localita\/hotel-altanea\/"]}]},{"@type":"ImageObject","inLanguage":"it-IT","@id":"https:\/\/www.lampogroup.it\/it\/le-localita\/hotel-altanea\/#primaryimage","url":"https:\/\/www.lampogroup.it\/wp-content\/uploads\/2023\/06\/altanea-3.webp","contentUrl":"https:\/\/www.lampogroup.it\/wp-content\/uploads\/2023\/06\/altanea-3.webp","width":1800,"height":1100},{"@type":"BreadcrumbList","@id":"https:\/\/www.lampogroup.it\/it\/le-localita\/hotel-altanea\/#breadcrumb","itemListElement":[{"@type":"ListItem","position":1,"name":"Home","item":"https:\/\/www.lampogroup.it\/it\/"},{"@type":"ListItem","position":2,"name":"Le localit\u00e0","item":"https:\/\/www.lampogroup.it\/it\/le-localita\/"},{"@type":"ListItem","position":3,"name":"Lido Altanea"}]},{"@type":"WebSite","@id":"https:\/\/www.lampogroup.it\/it\/#website","url":"https:\/\/www.lampogroup.it\/it\/","name":"Gruppo Lampo","description":"","publisher":{"@id":"https:\/\/www.lampogroup.it\/it\/#organization"},"potentialAction":[{"@type":"SearchAction","target":{"@type":"EntryPoint","urlTemplate":"https:\/\/www.lampogroup.it\/it\/?s={search_term_string}"},"query-input":{"@type":"PropertyValueSpecification","valueRequired":true,"valueName":"search_term_string"}}],"inLanguage":"it-IT"},{"@type":"Organization","@id":"https:\/\/www.lampogroup.it\/it\/#organization","name":"Gruppo Lampo","url":"https:\/\/www.lampogroup.it\/it\/","logo":{"@type":"ImageObject","inLanguage":"it-IT","@id":"https:\/\/www.lampogroup.it\/it\/#\/schema\/logo\/image\/","url":"https:\/\/www.lampogroup.it\/wp-content\/uploads\/2023\/05\/lampo-group-1.svg","contentUrl":"https:\/\/www.lampogroup.it\/wp-content\/uploads\/2023\/05\/lampo-group-1.svg","width":1,"height":1,"caption":"Gruppo Lampo"},"image":{"@id":"https:\/\/www.lampogroup.it\/it\/#\/schema\/logo\/image\/"},"sameAs":["https:\/\/www.facebook.com\/p\/Lampo-Group-100063678903798"]}]}},"_links":{"self":[{"href":"https:\/\/www.lampogroup.it\/it\/wp-json\/wp\/v2\/pages\/64","targetHints":{"allow":["GET"]}}],"collection":[{"href":"https:\/\/www.lampogroup.it\/it\/wp-json\/wp\/v2\/pages"}],"about":[{"href":"https:\/\/www.lampogroup.it\/it\/wp-json\/wp\/v2\/types\/page"}],"author":[{"embeddable":true,"href":"https:\/\/www.lampogroup.it\/it\/wp-json\/wp\/v2\/users\/1"}],"replies":[{"embeddable":true,"href":"https:\/\/www.lampogroup.it\/it\/wp-json\/wp\/v2\/comments?post=64"}],"version-history":[{"count":5,"href":"https:\/\/www.lampogroup.it\/it\/wp-json\/wp\/v2\/pages\/64\/revisions"}],"predecessor-version":[{"id":1265,"href":"https:\/\/www.lampogroup.it\/it\/wp-json\/wp\/v2\/pages\/64\/revisions\/1265"}],"up":[{"embeddable":true,"href":"https:\/\/www.lampogroup.it\/it\/wp-json\/wp\/v2\/pages\/57"}],"wp:featuredmedia":[{"embeddable":true,"href":"https:\/\/www.lampogroup.it\/it\/wp-json\/wp\/v2\/media\/1028"}],"wp:attachment":[{"href":"https:\/\/www.lampogroup.it\/it\/wp-json\/wp\/v2\/media?parent=64"}],"curies":[{"name":"wp","href":"https:\/\/api.w.org\/{rel}","templated":true}]}}