{"id":63,"date":"2023-05-23T12:34:36","date_gmt":"2023-05-23T10:34:36","guid":{"rendered":"https:\/\/www.lampogroup.it\/?page_id=63"},"modified":"2023-06-14T15:43:58","modified_gmt":"2023-06-14T13:43:58","slug":"hotel-porto-santa-margherita","status":"publish","type":"page","link":"https:\/\/www.lampogroup.it\/it\/le-localita\/hotel-porto-santa-margherita\/","title":{"rendered":"Porto Santa Margherita"},"content":{"rendered":"\n<p><strong>Porto Santa Margherita<\/strong> \u00e8 una piccola localit\u00e0 balneare che sorge adiacente a Caorle, da cui \u00e8 separata solo dalla foce del fiume Livenza.<\/p>\n\n\n\n<!--more-->\n\n\n\n<p>Di origini antichissime, la storia di Porto S. Margherita \u00e8 strettamente collegata a quella dell\u2019antica Repubblica di Venezia: antiche leggende raccontano di come gli abitanti di questa zona costiera furono determinanti per proteggere Venezia dai pirati.<\/p>\n\n\n\n<p>Porto S. Margherita \u00e8 conosciuta e rinomata per la sua grande darsena in grado di ospitare fino a 800 imbarcazioni, non a caso \u00e8 spesso teatro di regate veliche che si susseguono nel corso della primavera, dell\u2019estate e dell\u2019autunno.<\/p>\n\n\n\n<p>La localit\u00e0 non \u00e8 solo apprezzata dagli amanti della vela, ma soprattutto dalle famiglie e da coloro che vogliono trascorrere una piacevole vacanza al mare in pace e tranquillit\u00e0 senza rinunciare alle comodit\u00e0.<\/p>\n\n\n\n<p>La spiaggia \u00e8 gestita da diversi stabilimenti balneari attrezzati con servizi per adulti e bambini. Non troppo ampia \u00e8 un luogo sicuro dove i bambini possono muoversi in libert\u00e0 senza mai venire persi di vista dai genitori.<\/p>\n\n\n\n<p>Il centro di Porto S. Margherita con la sua zona pedonale \u00e8 ideale per delle passeggiate serali tra negozi, ristoranti, pizzerie e bar.<br>Non mancano le opportunit\u00e0 per praticare sport nei campi sportivi o nella piscina comunale, aperta anche d\u2019inverno, inoltre moderne piste ciclabili collegano Porto S. Margherita alle vicine localit\u00e0 di Altanea e Caorle offrendo una valida, comoda e salutare alternativa agli spostamenti in auto.<\/p>\n","protected":false},"excerpt":{"rendered":"<p>Porto Santa Margherita \u00e8 una piccola localit\u00e0 balneare che sorge adiacente a Caorle, da cui \u00e8 separata solo dalla foce del fiume Livenza.<\/p>\n","protected":false},"author":1,"featured_media":900,"parent":57,"menu_order":0,"comment_status":"closed","ping_status":"closed","template":"","meta":{"_acf_changed":false,"footnotes":""},"class_list":["post-63","page","type-page","status-publish","has-post-thumbnail","hentry"],"acf":[],"yoast_head":"<!-- This site is optimized with the Yoast SEO plugin v27.3 - https:\/\/yoast.com\/product\/yoast-seo-wordpress\/ -->\n<title>Porto Santa Margherita - Gruppo Lampo<\/title>\n<meta name=\"robots\" content=\"index, follow, max-snippet:-1, max-image-preview:large, max-video-preview:-1\" \/>\n<link rel=\"canonical\" href=\"https:\/\/www.lampogroup.it\/it\/le-localita\/hotel-porto-santa-margherita\/\" \/>\n<meta property=\"og:locale\" content=\"it_IT\" \/>\n<meta property=\"og:type\" content=\"article\" \/>\n<meta property=\"og:title\" content=\"Porto Santa Margherita - Gruppo Lampo\" \/>\n<meta property=\"og:description\" content=\"Porto Santa Margherita \u00e8 una piccola localit\u00e0 balneare che sorge adiacente a Caorle, da cui \u00e8 separata solo dalla foce del fiume Livenza.\" \/>\n<meta property=\"og:url\" content=\"https:\/\/www.lampogroup.it\/it\/le-localita\/hotel-porto-santa-margherita\/\" \/>\n<meta property=\"og:site_name\" content=\"Gruppo Lampo\" \/>\n<meta property=\"article:publisher\" content=\"https:\/\/www.facebook.com\/p\/Lampo-Group-100063678903798\" \/>\n<meta property=\"article:modified_time\" content=\"2023-06-14T13:43:58+00:00\" \/>\n<meta property=\"og:image\" content=\"https:\/\/www.lampogroup.it\/wp-content\/uploads\/2023\/06\/hotel-3-stelle-a-porto-santa-margherita-caorle-slide-3.webp\" \/>\n\t<meta property=\"og:image:width\" content=\"1800\" \/>\n\t<meta property=\"og:image:height\" content=\"1100\" \/>\n\t<meta property=\"og:image:type\" content=\"image\/webp\" \/>\n<script type=\"application\/ld+json\" class=\"yoast-schema-graph\">{\"@context\":\"https:\\\/\\\/schema.org\",\"@graph\":[{\"@type\":\"WebPage\",\"@id\":\"https:\\\/\\\/www.lampogroup.it\\\/it\\\/le-localita\\\/hotel-porto-santa-margherita\\\/\",\"url\":\"https:\\\/\\\/www.lampogroup.it\\\/it\\\/le-localita\\\/hotel-porto-santa-margherita\\\/\",\"name\":\"Porto Santa Margherita - Gruppo Lampo\",\"isPartOf\":{\"@id\":\"https:\\\/\\\/www.lampogroup.it\\\/it\\\/#website\"},\"primaryImageOfPage\":{\"@id\":\"https:\\\/\\\/www.lampogroup.it\\\/it\\\/le-localita\\\/hotel-porto-santa-margherita\\\/#primaryimage\"},\"image\":{\"@id\":\"https:\\\/\\\/www.lampogroup.it\\\/it\\\/le-localita\\\/hotel-porto-santa-margherita\\\/#primaryimage\"},\"thumbnailUrl\":\"https:\\\/\\\/www.lampogroup.it\\\/wp-content\\\/uploads\\\/2023\\\/06\\\/hotel-3-stelle-a-porto-santa-margherita-caorle-slide-3.webp\",\"datePublished\":\"2023-05-23T10:34:36+00:00\",\"dateModified\":\"2023-06-14T13:43:58+00:00\",\"breadcrumb\":{\"@id\":\"https:\\\/\\\/www.lampogroup.it\\\/it\\\/le-localita\\\/hotel-porto-santa-margherita\\\/#breadcrumb\"},\"inLanguage\":\"it-IT\",\"potentialAction\":[{\"@type\":\"ReadAction\",\"target\":[\"https:\\\/\\\/www.lampogroup.it\\\/it\\\/le-localita\\\/hotel-porto-santa-margherita\\\/\"]}]},{\"@type\":\"ImageObject\",\"inLanguage\":\"it-IT\",\"@id\":\"https:\\\/\\\/www.lampogroup.it\\\/it\\\/le-localita\\\/hotel-porto-santa-margherita\\\/#primaryimage\",\"url\":\"https:\\\/\\\/www.lampogroup.it\\\/wp-content\\\/uploads\\\/2023\\\/06\\\/hotel-3-stelle-a-porto-santa-margherita-caorle-slide-3.webp\",\"contentUrl\":\"https:\\\/\\\/www.lampogroup.it\\\/wp-content\\\/uploads\\\/2023\\\/06\\\/hotel-3-stelle-a-porto-santa-margherita-caorle-slide-3.webp\",\"width\":1800,\"height\":1100},{\"@type\":\"BreadcrumbList\",\"@id\":\"https:\\\/\\\/www.lampogroup.it\\\/it\\\/le-localita\\\/hotel-porto-santa-margherita\\\/#breadcrumb\",\"itemListElement\":[{\"@type\":\"ListItem\",\"position\":1,\"name\":\"Home\",\"item\":\"https:\\\/\\\/www.lampogroup.it\\\/it\\\/\"},{\"@type\":\"ListItem\",\"position\":2,\"name\":\"Le localit\u00e0\",\"item\":\"https:\\\/\\\/www.lampogroup.it\\\/it\\\/le-localita\\\/\"},{\"@type\":\"ListItem\",\"position\":3,\"name\":\"Porto Santa Margherita\"}]},{\"@type\":\"WebSite\",\"@id\":\"https:\\\/\\\/www.lampogroup.it\\\/it\\\/#website\",\"url\":\"https:\\\/\\\/www.lampogroup.it\\\/it\\\/\",\"name\":\"Gruppo Lampo\",\"description\":\"\",\"publisher\":{\"@id\":\"https:\\\/\\\/www.lampogroup.it\\\/it\\\/#organization\"},\"potentialAction\":[{\"@type\":\"SearchAction\",\"target\":{\"@type\":\"EntryPoint\",\"urlTemplate\":\"https:\\\/\\\/www.lampogroup.it\\\/it\\\/?s={search_term_string}\"},\"query-input\":{\"@type\":\"PropertyValueSpecification\",\"valueRequired\":true,\"valueName\":\"search_term_string\"}}],\"inLanguage\":\"it-IT\"},{\"@type\":\"Organization\",\"@id\":\"https:\\\/\\\/www.lampogroup.it\\\/it\\\/#organization\",\"name\":\"Gruppo Lampo\",\"url\":\"https:\\\/\\\/www.lampogroup.it\\\/it\\\/\",\"logo\":{\"@type\":\"ImageObject\",\"inLanguage\":\"it-IT\",\"@id\":\"https:\\\/\\\/www.lampogroup.it\\\/it\\\/#\\\/schema\\\/logo\\\/image\\\/\",\"url\":\"https:\\\/\\\/www.lampogroup.it\\\/wp-content\\\/uploads\\\/2023\\\/05\\\/lampo-group-1.svg\",\"contentUrl\":\"https:\\\/\\\/www.lampogroup.it\\\/wp-content\\\/uploads\\\/2023\\\/05\\\/lampo-group-1.svg\",\"width\":1,\"height\":1,\"caption\":\"Gruppo Lampo\"},\"image\":{\"@id\":\"https:\\\/\\\/www.lampogroup.it\\\/it\\\/#\\\/schema\\\/logo\\\/image\\\/\"},\"sameAs\":[\"https:\\\/\\\/www.facebook.com\\\/p\\\/Lampo-Group-100063678903798\"]}]}<\/script>\n<!-- \/ Yoast SEO plugin. -->","yoast_head_json":{"title":"Porto Santa Margherita - Gruppo Lampo","robots":{"index":"index","follow":"follow","max-snippet":"max-snippet:-1","max-image-preview":"max-image-preview:large","max-video-preview":"max-video-preview:-1"},"canonical":"https:\/\/www.lampogroup.it\/it\/le-localita\/hotel-porto-santa-margherita\/","og_locale":"it_IT","og_type":"article","og_title":"Porto Santa Margherita - Gruppo Lampo","og_description":"Porto Santa Margherita \u00e8 una piccola localit\u00e0 balneare che sorge adiacente a Caorle, da cui \u00e8 separata solo dalla foce del fiume Livenza.","og_url":"https:\/\/www.lampogroup.it\/it\/le-localita\/hotel-porto-santa-margherita\/","og_site_name":"Gruppo Lampo","article_publisher":"https:\/\/www.facebook.com\/p\/Lampo-Group-100063678903798","article_modified_time":"2023-06-14T13:43:58+00:00","og_image":[{"width":1800,"height":1100,"url":"https:\/\/www.lampogroup.it\/wp-content\/uploads\/2023\/06\/hotel-3-stelle-a-porto-santa-margherita-caorle-slide-3.webp","type":"image\/webp"}],"schema":{"@context":"https:\/\/schema.org","@graph":[{"@type":"WebPage","@id":"https:\/\/www.lampogroup.it\/it\/le-localita\/hotel-porto-santa-margherita\/","url":"https:\/\/www.lampogroup.it\/it\/le-localita\/hotel-porto-santa-margherita\/","name":"Porto Santa Margherita - Gruppo Lampo","isPartOf":{"@id":"https:\/\/www.lampogroup.it\/it\/#website"},"primaryImageOfPage":{"@id":"https:\/\/www.lampogroup.it\/it\/le-localita\/hotel-porto-santa-margherita\/#primaryimage"},"image":{"@id":"https:\/\/www.lampogroup.it\/it\/le-localita\/hotel-porto-santa-margherita\/#primaryimage"},"thumbnailUrl":"https:\/\/www.lampogroup.it\/wp-content\/uploads\/2023\/06\/hotel-3-stelle-a-porto-santa-margherita-caorle-slide-3.webp","datePublished":"2023-05-23T10:34:36+00:00","dateModified":"2023-06-14T13:43:58+00:00","breadcrumb":{"@id":"https:\/\/www.lampogroup.it\/it\/le-localita\/hotel-porto-santa-margherita\/#breadcrumb"},"inLanguage":"it-IT","potentialAction":[{"@type":"ReadAction","target":["https:\/\/www.lampogroup.it\/it\/le-localita\/hotel-porto-santa-margherita\/"]}]},{"@type":"ImageObject","inLanguage":"it-IT","@id":"https:\/\/www.lampogroup.it\/it\/le-localita\/hotel-porto-santa-margherita\/#primaryimage","url":"https:\/\/www.lampogroup.it\/wp-content\/uploads\/2023\/06\/hotel-3-stelle-a-porto-santa-margherita-caorle-slide-3.webp","contentUrl":"https:\/\/www.lampogroup.it\/wp-content\/uploads\/2023\/06\/hotel-3-stelle-a-porto-santa-margherita-caorle-slide-3.webp","width":1800,"height":1100},{"@type":"BreadcrumbList","@id":"https:\/\/www.lampogroup.it\/it\/le-localita\/hotel-porto-santa-margherita\/#breadcrumb","itemListElement":[{"@type":"ListItem","position":1,"name":"Home","item":"https:\/\/www.lampogroup.it\/it\/"},{"@type":"ListItem","position":2,"name":"Le localit\u00e0","item":"https:\/\/www.lampogroup.it\/it\/le-localita\/"},{"@type":"ListItem","position":3,"name":"Porto Santa Margherita"}]},{"@type":"WebSite","@id":"https:\/\/www.lampogroup.it\/it\/#website","url":"https:\/\/www.lampogroup.it\/it\/","name":"Gruppo Lampo","description":"","publisher":{"@id":"https:\/\/www.lampogroup.it\/it\/#organization"},"potentialAction":[{"@type":"SearchAction","target":{"@type":"EntryPoint","urlTemplate":"https:\/\/www.lampogroup.it\/it\/?s={search_term_string}"},"query-input":{"@type":"PropertyValueSpecification","valueRequired":true,"valueName":"search_term_string"}}],"inLanguage":"it-IT"},{"@type":"Organization","@id":"https:\/\/www.lampogroup.it\/it\/#organization","name":"Gruppo Lampo","url":"https:\/\/www.lampogroup.it\/it\/","logo":{"@type":"ImageObject","inLanguage":"it-IT","@id":"https:\/\/www.lampogroup.it\/it\/#\/schema\/logo\/image\/","url":"https:\/\/www.lampogroup.it\/wp-content\/uploads\/2023\/05\/lampo-group-1.svg","contentUrl":"https:\/\/www.lampogroup.it\/wp-content\/uploads\/2023\/05\/lampo-group-1.svg","width":1,"height":1,"caption":"Gruppo Lampo"},"image":{"@id":"https:\/\/www.lampogroup.it\/it\/#\/schema\/logo\/image\/"},"sameAs":["https:\/\/www.facebook.com\/p\/Lampo-Group-100063678903798"]}]}},"_links":{"self":[{"href":"https:\/\/www.lampogroup.it\/it\/wp-json\/wp\/v2\/pages\/63","targetHints":{"allow":["GET"]}}],"collection":[{"href":"https:\/\/www.lampogroup.it\/it\/wp-json\/wp\/v2\/pages"}],"about":[{"href":"https:\/\/www.lampogroup.it\/it\/wp-json\/wp\/v2\/types\/page"}],"author":[{"embeddable":true,"href":"https:\/\/www.lampogroup.it\/it\/wp-json\/wp\/v2\/users\/1"}],"replies":[{"embeddable":true,"href":"https:\/\/www.lampogroup.it\/it\/wp-json\/wp\/v2\/comments?post=63"}],"version-history":[{"count":3,"href":"https:\/\/www.lampogroup.it\/it\/wp-json\/wp\/v2\/pages\/63\/revisions"}],"predecessor-version":[{"id":1270,"href":"https:\/\/www.lampogroup.it\/it\/wp-json\/wp\/v2\/pages\/63\/revisions\/1270"}],"up":[{"embeddable":true,"href":"https:\/\/www.lampogroup.it\/it\/wp-json\/wp\/v2\/pages\/57"}],"wp:featuredmedia":[{"embeddable":true,"href":"https:\/\/www.lampogroup.it\/it\/wp-json\/wp\/v2\/media\/900"}],"wp:attachment":[{"href":"https:\/\/www.lampogroup.it\/it\/wp-json\/wp\/v2\/media?parent=63"}],"curies":[{"name":"wp","href":"https:\/\/api.w.org\/{rel}","templated":true}]}}