{"id":24,"date":"2023-05-23T11:19:06","date_gmt":"2023-05-23T09:19:06","guid":{"rendered":"https:\/\/www.lampogroup.it\/?page_id=24"},"modified":"2023-10-16T12:30:42","modified_gmt":"2023-10-16T10:30:42","slug":"le-strutture","status":"publish","type":"page","link":"https:\/\/www.lampogroup.it\/it\/le-strutture\/","title":{"rendered":"Gli Hotel e il Camping del Gruppo Lampo"},"content":{"rendered":"\n<p>La costa alto-adriatica, dove si trovano le strutture del Gruppo Lampo, \u00e8 la meta ideale per coloro che amano tranquillit\u00e0, relax, ma divertimento e possibilit\u00e0 di svolgere le attivit\u00e0 sportive preferite.<\/p>\n\n\n\n<p>Una vacanza di benessere con la Tua famiglia \u00e8 il momento pi\u00f9 bello per stare insieme divertendosi e rilassandosi.<br>Nei nostri Hotel e campeggio i vostri bambini troveranno una vacanza a loro misura con un programma che li intrattiene 13 ore al giorno tutto l\u2019anno nel pieno divertimento con animazione e assistenza.<\/p>\n","protected":false},"excerpt":{"rendered":"<p>La costa alto-adriatica, dove si trovano le strutture del Gruppo Lampo, \u00e8 la meta ideale per coloro che amano tranquillit\u00e0, relax, ma divertimento e possibilit\u00e0 di svolgere le attivit\u00e0 sportive preferite. Una vacanza di benessere con la Tua famiglia \u00e8 il momento pi\u00f9 bello per stare insieme divertendosi e rilassandosi.Nei nostri Hotel e campeggio i [&hellip;]<\/p>\n","protected":false},"author":1,"featured_media":0,"parent":0,"menu_order":0,"comment_status":"closed","ping_status":"closed","template":"template-structure-list.php","meta":{"_acf_changed":false,"footnotes":""},"class_list":["post-24","page","type-page","status-publish","hentry"],"acf":[],"yoast_head":"<!-- This site is optimized with the Yoast SEO plugin v27.3 - https:\/\/yoast.com\/product\/yoast-seo-wordpress\/ -->\n<title>Gli Hotel e il Camping del Gruppo Lampo - Gruppo Lampo<\/title>\n<meta name=\"robots\" content=\"index, follow, max-snippet:-1, max-image-preview:large, max-video-preview:-1\" \/>\n<link rel=\"canonical\" href=\"https:\/\/www.lampogroup.it\/it\/le-strutture\/\" \/>\n<meta property=\"og:locale\" content=\"it_IT\" \/>\n<meta property=\"og:type\" content=\"article\" \/>\n<meta property=\"og:title\" content=\"Gli Hotel e il Camping del Gruppo Lampo - Gruppo Lampo\" \/>\n<meta property=\"og:description\" content=\"La costa alto-adriatica, dove si trovano le strutture del Gruppo Lampo, \u00e8 la meta ideale per coloro che amano tranquillit\u00e0, relax, ma divertimento e possibilit\u00e0 di svolgere le attivit\u00e0 sportive preferite. Una vacanza di benessere con la Tua famiglia \u00e8 il momento pi\u00f9 bello per stare insieme divertendosi e rilassandosi.Nei nostri Hotel e campeggio i [&hellip;]\" \/>\n<meta property=\"og:url\" content=\"https:\/\/www.lampogroup.it\/it\/le-strutture\/\" \/>\n<meta property=\"og:site_name\" content=\"Gruppo Lampo\" \/>\n<meta property=\"article:publisher\" content=\"https:\/\/www.facebook.com\/p\/Lampo-Group-100063678903798\" \/>\n<meta property=\"article:modified_time\" content=\"2023-10-16T10:30:42+00:00\" \/>\n<script type=\"application\/ld+json\" class=\"yoast-schema-graph\">{\"@context\":\"https:\\\/\\\/schema.org\",\"@graph\":[{\"@type\":\"WebPage\",\"@id\":\"https:\\\/\\\/www.lampogroup.it\\\/it\\\/le-strutture\\\/\",\"url\":\"https:\\\/\\\/www.lampogroup.it\\\/it\\\/le-strutture\\\/\",\"name\":\"Gli Hotel e il Camping del Gruppo Lampo - Gruppo Lampo\",\"isPartOf\":{\"@id\":\"https:\\\/\\\/www.lampogroup.it\\\/it\\\/#website\"},\"datePublished\":\"2023-05-23T09:19:06+00:00\",\"dateModified\":\"2023-10-16T10:30:42+00:00\",\"breadcrumb\":{\"@id\":\"https:\\\/\\\/www.lampogroup.it\\\/it\\\/le-strutture\\\/#breadcrumb\"},\"inLanguage\":\"it-IT\",\"potentialAction\":[{\"@type\":\"ReadAction\",\"target\":[\"https:\\\/\\\/www.lampogroup.it\\\/it\\\/le-strutture\\\/\"]}]},{\"@type\":\"BreadcrumbList\",\"@id\":\"https:\\\/\\\/www.lampogroup.it\\\/it\\\/le-strutture\\\/#breadcrumb\",\"itemListElement\":[{\"@type\":\"ListItem\",\"position\":1,\"name\":\"Home\",\"item\":\"https:\\\/\\\/www.lampogroup.it\\\/it\\\/\"},{\"@type\":\"ListItem\",\"position\":2,\"name\":\"Gli Hotel e il Camping del Gruppo Lampo\"}]},{\"@type\":\"WebSite\",\"@id\":\"https:\\\/\\\/www.lampogroup.it\\\/it\\\/#website\",\"url\":\"https:\\\/\\\/www.lampogroup.it\\\/it\\\/\",\"name\":\"Gruppo Lampo\",\"description\":\"\",\"publisher\":{\"@id\":\"https:\\\/\\\/www.lampogroup.it\\\/it\\\/#organization\"},\"potentialAction\":[{\"@type\":\"SearchAction\",\"target\":{\"@type\":\"EntryPoint\",\"urlTemplate\":\"https:\\\/\\\/www.lampogroup.it\\\/it\\\/?s={search_term_string}\"},\"query-input\":{\"@type\":\"PropertyValueSpecification\",\"valueRequired\":true,\"valueName\":\"search_term_string\"}}],\"inLanguage\":\"it-IT\"},{\"@type\":\"Organization\",\"@id\":\"https:\\\/\\\/www.lampogroup.it\\\/it\\\/#organization\",\"name\":\"Gruppo Lampo\",\"url\":\"https:\\\/\\\/www.lampogroup.it\\\/it\\\/\",\"logo\":{\"@type\":\"ImageObject\",\"inLanguage\":\"it-IT\",\"@id\":\"https:\\\/\\\/www.lampogroup.it\\\/it\\\/#\\\/schema\\\/logo\\\/image\\\/\",\"url\":\"https:\\\/\\\/www.lampogroup.it\\\/wp-content\\\/uploads\\\/2023\\\/05\\\/lampo-group-1.svg\",\"contentUrl\":\"https:\\\/\\\/www.lampogroup.it\\\/wp-content\\\/uploads\\\/2023\\\/05\\\/lampo-group-1.svg\",\"width\":1,\"height\":1,\"caption\":\"Gruppo Lampo\"},\"image\":{\"@id\":\"https:\\\/\\\/www.lampogroup.it\\\/it\\\/#\\\/schema\\\/logo\\\/image\\\/\"},\"sameAs\":[\"https:\\\/\\\/www.facebook.com\\\/p\\\/Lampo-Group-100063678903798\"]}]}<\/script>\n<!-- \/ Yoast SEO plugin. -->","yoast_head_json":{"title":"Gli Hotel e il Camping del Gruppo Lampo - Gruppo Lampo","robots":{"index":"index","follow":"follow","max-snippet":"max-snippet:-1","max-image-preview":"max-image-preview:large","max-video-preview":"max-video-preview:-1"},"canonical":"https:\/\/www.lampogroup.it\/it\/le-strutture\/","og_locale":"it_IT","og_type":"article","og_title":"Gli Hotel e il Camping del Gruppo Lampo - Gruppo Lampo","og_description":"La costa alto-adriatica, dove si trovano le strutture del Gruppo Lampo, \u00e8 la meta ideale per coloro che amano tranquillit\u00e0, relax, ma divertimento e possibilit\u00e0 di svolgere le attivit\u00e0 sportive preferite. Una vacanza di benessere con la Tua famiglia \u00e8 il momento pi\u00f9 bello per stare insieme divertendosi e rilassandosi.Nei nostri Hotel e campeggio i [&hellip;]","og_url":"https:\/\/www.lampogroup.it\/it\/le-strutture\/","og_site_name":"Gruppo Lampo","article_publisher":"https:\/\/www.facebook.com\/p\/Lampo-Group-100063678903798","article_modified_time":"2023-10-16T10:30:42+00:00","schema":{"@context":"https:\/\/schema.org","@graph":[{"@type":"WebPage","@id":"https:\/\/www.lampogroup.it\/it\/le-strutture\/","url":"https:\/\/www.lampogroup.it\/it\/le-strutture\/","name":"Gli Hotel e il Camping del Gruppo Lampo - Gruppo Lampo","isPartOf":{"@id":"https:\/\/www.lampogroup.it\/it\/#website"},"datePublished":"2023-05-23T09:19:06+00:00","dateModified":"2023-10-16T10:30:42+00:00","breadcrumb":{"@id":"https:\/\/www.lampogroup.it\/it\/le-strutture\/#breadcrumb"},"inLanguage":"it-IT","potentialAction":[{"@type":"ReadAction","target":["https:\/\/www.lampogroup.it\/it\/le-strutture\/"]}]},{"@type":"BreadcrumbList","@id":"https:\/\/www.lampogroup.it\/it\/le-strutture\/#breadcrumb","itemListElement":[{"@type":"ListItem","position":1,"name":"Home","item":"https:\/\/www.lampogroup.it\/it\/"},{"@type":"ListItem","position":2,"name":"Gli Hotel e il Camping del Gruppo Lampo"}]},{"@type":"WebSite","@id":"https:\/\/www.lampogroup.it\/it\/#website","url":"https:\/\/www.lampogroup.it\/it\/","name":"Gruppo Lampo","description":"","publisher":{"@id":"https:\/\/www.lampogroup.it\/it\/#organization"},"potentialAction":[{"@type":"SearchAction","target":{"@type":"EntryPoint","urlTemplate":"https:\/\/www.lampogroup.it\/it\/?s={search_term_string}"},"query-input":{"@type":"PropertyValueSpecification","valueRequired":true,"valueName":"search_term_string"}}],"inLanguage":"it-IT"},{"@type":"Organization","@id":"https:\/\/www.lampogroup.it\/it\/#organization","name":"Gruppo Lampo","url":"https:\/\/www.lampogroup.it\/it\/","logo":{"@type":"ImageObject","inLanguage":"it-IT","@id":"https:\/\/www.lampogroup.it\/it\/#\/schema\/logo\/image\/","url":"https:\/\/www.lampogroup.it\/wp-content\/uploads\/2023\/05\/lampo-group-1.svg","contentUrl":"https:\/\/www.lampogroup.it\/wp-content\/uploads\/2023\/05\/lampo-group-1.svg","width":1,"height":1,"caption":"Gruppo Lampo"},"image":{"@id":"https:\/\/www.lampogroup.it\/it\/#\/schema\/logo\/image\/"},"sameAs":["https:\/\/www.facebook.com\/p\/Lampo-Group-100063678903798"]}]}},"_links":{"self":[{"href":"https:\/\/www.lampogroup.it\/it\/wp-json\/wp\/v2\/pages\/24","targetHints":{"allow":["GET"]}}],"collection":[{"href":"https:\/\/www.lampogroup.it\/it\/wp-json\/wp\/v2\/pages"}],"about":[{"href":"https:\/\/www.lampogroup.it\/it\/wp-json\/wp\/v2\/types\/page"}],"author":[{"embeddable":true,"href":"https:\/\/www.lampogroup.it\/it\/wp-json\/wp\/v2\/users\/1"}],"replies":[{"embeddable":true,"href":"https:\/\/www.lampogroup.it\/it\/wp-json\/wp\/v2\/comments?post=24"}],"version-history":[{"count":5,"href":"https:\/\/www.lampogroup.it\/it\/wp-json\/wp\/v2\/pages\/24\/revisions"}],"predecessor-version":[{"id":327,"href":"https:\/\/www.lampogroup.it\/it\/wp-json\/wp\/v2\/pages\/24\/revisions\/327"}],"wp:attachment":[{"href":"https:\/\/www.lampogroup.it\/it\/wp-json\/wp\/v2\/media?parent=24"}],"curies":[{"name":"wp","href":"https:\/\/api.w.org\/{rel}","templated":true}]}}