{"id":18,"date":"2023-05-23T11:15:23","date_gmt":"2023-05-23T09:15:23","guid":{"rendered":"https:\/\/www.lampogroup.it\/?page_id=18"},"modified":"2023-09-26T17:40:33","modified_gmt":"2023-09-26T15:40:33","slug":"il-gruppo","status":"publish","type":"page","link":"https:\/\/www.lampogroup.it\/it\/il-gruppo\/","title":{"rendered":"Il Gruppo"},"content":{"rendered":"\n<h3 class=\"wp-block-heading\"><strong>Da oltre 60 anni la famiglia Mazzarotto opera nel territorio Veneto con il noto marchio <a href=\"https:\/\/www.lampo.it\/\">Agenzia Lampo<\/a> specializzato in affittanze turistiche e compravendite immobiliari.<\/strong><\/h3>\n\n\n\n<p>Dopo la pluriennale ed apprezzata conduzione di due Hotel a 3 stelle a Caorle, negli ultimi anni il Gruppo Lampo ha ampliato la propria offerta con un Campeggio e altre due strutture alberghiere a 4 stelle sorte nella vicina localit\u00e0 di Caorle Lido Altanea.<\/p>\n\n\n\n<p>Focus principale di questa straordinaria attivit\u00e0, che coinvolge tre generazioni della famiglia e un nutrito gruppo di collaboratori, \u00e8 offrire qualit\u00e0, professionalit\u00e0 e cortesia in ambito turistico, confezionando una vacanza fatta su misura per ciascun cliente!<\/p>\n\n\n\n<p>La cultura dell&#8217;ospitalit\u00e0 veneta e l&#8217;affermata esperienza nel settore turistico dell&#8217;azienda familiare sono sempre rivolte a migliorare il rapporto qualit\u00e0-prezzo e a proporre ogni anno vantaggiosi pacchetti vacanza per Caorle su un ampio ventaglio di soluzioni.<\/p>\n","protected":false},"excerpt":{"rendered":"<p>Da oltre 60 anni la famiglia Mazzarotto opera nel territorio Veneto con il noto marchio Agenzia Lampo specializzato in affittanze turistiche e compravendite immobiliari. Dopo la pluriennale ed apprezzata conduzione di due Hotel a 3 stelle a Caorle, negli ultimi anni il Gruppo Lampo ha ampliato la propria offerta con un Campeggio e altre due [&hellip;]<\/p>\n","protected":false},"author":1,"featured_media":0,"parent":0,"menu_order":0,"comment_status":"closed","ping_status":"closed","template":"","meta":{"_acf_changed":false,"footnotes":""},"class_list":["post-18","page","type-page","status-publish","hentry"],"acf":[],"yoast_head":"<!-- This site is optimized with the Yoast SEO plugin v27.2 - https:\/\/yoast.com\/product\/yoast-seo-wordpress\/ -->\n<title>Il Gruppo - Gruppo Lampo<\/title>\n<meta name=\"robots\" content=\"index, follow, max-snippet:-1, max-image-preview:large, max-video-preview:-1\" \/>\n<link rel=\"canonical\" href=\"https:\/\/www.lampogroup.it\/it\/il-gruppo\/\" \/>\n<meta property=\"og:locale\" content=\"it_IT\" \/>\n<meta property=\"og:type\" content=\"article\" \/>\n<meta property=\"og:title\" content=\"Il Gruppo - Gruppo Lampo\" \/>\n<meta property=\"og:description\" content=\"Da oltre 60 anni la famiglia Mazzarotto opera nel territorio Veneto con il noto marchio Agenzia Lampo specializzato in affittanze turistiche e compravendite immobiliari. Dopo la pluriennale ed apprezzata conduzione di due Hotel a 3 stelle a Caorle, negli ultimi anni il Gruppo Lampo ha ampliato la propria offerta con un Campeggio e altre due [&hellip;]\" \/>\n<meta property=\"og:url\" content=\"https:\/\/www.lampogroup.it\/it\/il-gruppo\/\" \/>\n<meta property=\"og:site_name\" content=\"Gruppo Lampo\" \/>\n<meta property=\"article:publisher\" content=\"https:\/\/www.facebook.com\/p\/Lampo-Group-100063678903798\" \/>\n<meta property=\"article:modified_time\" content=\"2023-09-26T15:40:33+00:00\" \/>\n<script type=\"application\/ld+json\" class=\"yoast-schema-graph\">{\"@context\":\"https:\/\/schema.org\",\"@graph\":[{\"@type\":\"WebPage\",\"@id\":\"https:\/\/www.lampogroup.it\/it\/il-gruppo\/\",\"url\":\"https:\/\/www.lampogroup.it\/it\/il-gruppo\/\",\"name\":\"Il Gruppo - Gruppo Lampo\",\"isPartOf\":{\"@id\":\"https:\/\/www.lampogroup.it\/it\/#website\"},\"datePublished\":\"2023-05-23T09:15:23+00:00\",\"dateModified\":\"2023-09-26T15:40:33+00:00\",\"breadcrumb\":{\"@id\":\"https:\/\/www.lampogroup.it\/it\/il-gruppo\/#breadcrumb\"},\"inLanguage\":\"it-IT\",\"potentialAction\":[{\"@type\":\"ReadAction\",\"target\":[\"https:\/\/www.lampogroup.it\/it\/il-gruppo\/\"]}]},{\"@type\":\"BreadcrumbList\",\"@id\":\"https:\/\/www.lampogroup.it\/it\/il-gruppo\/#breadcrumb\",\"itemListElement\":[{\"@type\":\"ListItem\",\"position\":1,\"name\":\"Home\",\"item\":\"https:\/\/www.lampogroup.it\/it\/\"},{\"@type\":\"ListItem\",\"position\":2,\"name\":\"Il Gruppo\"}]},{\"@type\":\"WebSite\",\"@id\":\"https:\/\/www.lampogroup.it\/it\/#website\",\"url\":\"https:\/\/www.lampogroup.it\/it\/\",\"name\":\"Gruppo Lampo\",\"description\":\"\",\"publisher\":{\"@id\":\"https:\/\/www.lampogroup.it\/it\/#organization\"},\"potentialAction\":[{\"@type\":\"SearchAction\",\"target\":{\"@type\":\"EntryPoint\",\"urlTemplate\":\"https:\/\/www.lampogroup.it\/it\/?s={search_term_string}\"},\"query-input\":{\"@type\":\"PropertyValueSpecification\",\"valueRequired\":true,\"valueName\":\"search_term_string\"}}],\"inLanguage\":\"it-IT\"},{\"@type\":\"Organization\",\"@id\":\"https:\/\/www.lampogroup.it\/it\/#organization\",\"name\":\"Gruppo Lampo\",\"url\":\"https:\/\/www.lampogroup.it\/it\/\",\"logo\":{\"@type\":\"ImageObject\",\"inLanguage\":\"it-IT\",\"@id\":\"https:\/\/www.lampogroup.it\/it\/#\/schema\/logo\/image\/\",\"url\":\"https:\/\/www.lampogroup.it\/wp-content\/uploads\/2023\/05\/lampo-group-1.svg\",\"contentUrl\":\"https:\/\/www.lampogroup.it\/wp-content\/uploads\/2023\/05\/lampo-group-1.svg\",\"width\":1,\"height\":1,\"caption\":\"Gruppo Lampo\"},\"image\":{\"@id\":\"https:\/\/www.lampogroup.it\/it\/#\/schema\/logo\/image\/\"},\"sameAs\":[\"https:\/\/www.facebook.com\/p\/Lampo-Group-100063678903798\"]}]}<\/script>\n<!-- \/ Yoast SEO plugin. -->","yoast_head_json":{"title":"Il Gruppo - Gruppo Lampo","robots":{"index":"index","follow":"follow","max-snippet":"max-snippet:-1","max-image-preview":"max-image-preview:large","max-video-preview":"max-video-preview:-1"},"canonical":"https:\/\/www.lampogroup.it\/it\/il-gruppo\/","og_locale":"it_IT","og_type":"article","og_title":"Il Gruppo - Gruppo Lampo","og_description":"Da oltre 60 anni la famiglia Mazzarotto opera nel territorio Veneto con il noto marchio Agenzia Lampo specializzato in affittanze turistiche e compravendite immobiliari. Dopo la pluriennale ed apprezzata conduzione di due Hotel a 3 stelle a Caorle, negli ultimi anni il Gruppo Lampo ha ampliato la propria offerta con un Campeggio e altre due [&hellip;]","og_url":"https:\/\/www.lampogroup.it\/it\/il-gruppo\/","og_site_name":"Gruppo Lampo","article_publisher":"https:\/\/www.facebook.com\/p\/Lampo-Group-100063678903798","article_modified_time":"2023-09-26T15:40:33+00:00","schema":{"@context":"https:\/\/schema.org","@graph":[{"@type":"WebPage","@id":"https:\/\/www.lampogroup.it\/it\/il-gruppo\/","url":"https:\/\/www.lampogroup.it\/it\/il-gruppo\/","name":"Il Gruppo - Gruppo Lampo","isPartOf":{"@id":"https:\/\/www.lampogroup.it\/it\/#website"},"datePublished":"2023-05-23T09:15:23+00:00","dateModified":"2023-09-26T15:40:33+00:00","breadcrumb":{"@id":"https:\/\/www.lampogroup.it\/it\/il-gruppo\/#breadcrumb"},"inLanguage":"it-IT","potentialAction":[{"@type":"ReadAction","target":["https:\/\/www.lampogroup.it\/it\/il-gruppo\/"]}]},{"@type":"BreadcrumbList","@id":"https:\/\/www.lampogroup.it\/it\/il-gruppo\/#breadcrumb","itemListElement":[{"@type":"ListItem","position":1,"name":"Home","item":"https:\/\/www.lampogroup.it\/it\/"},{"@type":"ListItem","position":2,"name":"Il Gruppo"}]},{"@type":"WebSite","@id":"https:\/\/www.lampogroup.it\/it\/#website","url":"https:\/\/www.lampogroup.it\/it\/","name":"Gruppo Lampo","description":"","publisher":{"@id":"https:\/\/www.lampogroup.it\/it\/#organization"},"potentialAction":[{"@type":"SearchAction","target":{"@type":"EntryPoint","urlTemplate":"https:\/\/www.lampogroup.it\/it\/?s={search_term_string}"},"query-input":{"@type":"PropertyValueSpecification","valueRequired":true,"valueName":"search_term_string"}}],"inLanguage":"it-IT"},{"@type":"Organization","@id":"https:\/\/www.lampogroup.it\/it\/#organization","name":"Gruppo Lampo","url":"https:\/\/www.lampogroup.it\/it\/","logo":{"@type":"ImageObject","inLanguage":"it-IT","@id":"https:\/\/www.lampogroup.it\/it\/#\/schema\/logo\/image\/","url":"https:\/\/www.lampogroup.it\/wp-content\/uploads\/2023\/05\/lampo-group-1.svg","contentUrl":"https:\/\/www.lampogroup.it\/wp-content\/uploads\/2023\/05\/lampo-group-1.svg","width":1,"height":1,"caption":"Gruppo Lampo"},"image":{"@id":"https:\/\/www.lampogroup.it\/it\/#\/schema\/logo\/image\/"},"sameAs":["https:\/\/www.facebook.com\/p\/Lampo-Group-100063678903798"]}]}},"_links":{"self":[{"href":"https:\/\/www.lampogroup.it\/it\/wp-json\/wp\/v2\/pages\/18","targetHints":{"allow":["GET"]}}],"collection":[{"href":"https:\/\/www.lampogroup.it\/it\/wp-json\/wp\/v2\/pages"}],"about":[{"href":"https:\/\/www.lampogroup.it\/it\/wp-json\/wp\/v2\/types\/page"}],"author":[{"embeddable":true,"href":"https:\/\/www.lampogroup.it\/it\/wp-json\/wp\/v2\/users\/1"}],"replies":[{"embeddable":true,"href":"https:\/\/www.lampogroup.it\/it\/wp-json\/wp\/v2\/comments?post=18"}],"version-history":[{"count":6,"href":"https:\/\/www.lampogroup.it\/it\/wp-json\/wp\/v2\/pages\/18\/revisions"}],"predecessor-version":[{"id":1307,"href":"https:\/\/www.lampogroup.it\/it\/wp-json\/wp\/v2\/pages\/18\/revisions\/1307"}],"wp:attachment":[{"href":"https:\/\/www.lampogroup.it\/it\/wp-json\/wp\/v2\/media?parent=18"}],"curies":[{"name":"wp","href":"https:\/\/api.w.org\/{rel}","templated":true}]}}