{"id":999,"date":"2023-05-23T13:14:07","date_gmt":"2023-05-23T11:14:07","guid":{"rendered":"https:\/\/www.lampogroup.it\/hotels-in-der-nahe-von-venedig-am-meer\/hotel-jesolo\/la-natura-al-lido-jesolo\/"},"modified":"2023-06-13T12:32:41","modified_gmt":"2023-06-13T10:32:41","slug":"landschaft-beim-lido-di-jesolo","status":"publish","type":"page","link":"https:\/\/www.lampogroup.it\/de\/hotels-in-der-nahe-von-venedig-am-meer\/hotel-jesolo\/landschaft-beim-lido-di-jesolo\/","title":{"rendered":"Die Landschaft beim Lido di Jesolo"},"content":{"rendered":"\n<p>Die Umgebung von Jesolo ist charakteristisch f\u00fcr die Lagunenlandschaft von Venedig: Wenn man der Landzunge folgt, die zur Punta Sabbioni f\u00fchrt (und zur Anlegestelle der F\u00e4hre, mit der man bequem Venedig erreicht), weicht der Pinienhain den Kan\u00e4len und Salzmarschen der Lagune.<\/p>\n\n\n\n<!--more-->\n\n\n\n<p>Dieser Landstrich, in dem sich das Meer mit der Lagune vereint, ist von Kan\u00e4len und Seen gepr\u00e4gt, die unz\u00e4hlige Tier- und Pflanzenarten beherbergen. Die Rad- und Fu\u00dfwege f\u00fchren die Besucher bis zu den alten Weilern Mesole und Lio Piccolo, wo sie Gelegenheit haben, die V\u00f6gel zu beobachten: rosafarbene Flamingos, Fischreiher, Kormorane, Stelzenl\u00e4ufer und Elstern.<\/p>\n\n\n\n<p>Die Lagune kann auch bei Bootsausfl\u00fcgen auf dem Meer und in der Lagune erkundet werden, die von vielen Privatfirmen angeboten werden und erlauben, die Wasserlandschaft hautnah zu erleben: Nicht nur die Tiere, sondern auch die \u201eCasoni di Valle\u201c, H\u00e4user\/Pfahlbauten aus Holz, die alten Bauernh\u00e4user, die \u201ePeocere\u201c, also Miesmuschel-Zuchtfarmen und im Allgemeinen Fischfarmen (Aal, Seebarsch, Goldbrasse, Wolfsbarsch und Meer\u00e4sche), die in dieser Gegend reichlich vorhanden sind.<\/p>\n","protected":false},"excerpt":{"rendered":"<p>Die Umgebung von Jesolo ist charakteristisch f\u00fcr die Lagunenlandschaft von Venedig: Wenn man der Landzunge folgt, die zur Punta Sabbioni f\u00fchrt (und zur Anlegestelle der F\u00e4hre, mit der man bequem Venedig erreicht), weicht der Pinienhain den Kan\u00e4len und Salzmarschen der Lagune.<\/p>\n","protected":false},"author":1,"featured_media":995,"parent":982,"menu_order":0,"comment_status":"closed","ping_status":"closed","template":"","meta":{"_acf_changed":false,"footnotes":""},"class_list":["post-999","page","type-page","status-publish","has-post-thumbnail","hentry"],"acf":[],"yoast_head":"<!-- This site is optimized with the Yoast SEO plugin v27.3 - https:\/\/yoast.com\/product\/yoast-seo-wordpress\/ -->\n<title>Die Landschaft beim Lido di Jesolo - Gruppo Lampo<\/title>\n<meta name=\"robots\" content=\"index, follow, max-snippet:-1, max-image-preview:large, max-video-preview:-1\" \/>\n<link rel=\"canonical\" href=\"https:\/\/www.lampogroup.it\/de\/hotels-in-der-nahe-von-venedig-am-meer\/hotel-jesolo\/landschaft-beim-lido-di-jesolo\/\" \/>\n<meta property=\"og:locale\" content=\"de_DE\" \/>\n<meta property=\"og:type\" content=\"article\" \/>\n<meta property=\"og:title\" content=\"Die Landschaft beim Lido di Jesolo - Gruppo Lampo\" \/>\n<meta property=\"og:description\" content=\"Die Umgebung von Jesolo ist charakteristisch f\u00fcr die Lagunenlandschaft von Venedig: Wenn man der Landzunge folgt, die zur Punta Sabbioni f\u00fchrt (und zur Anlegestelle der F\u00e4hre, mit der man bequem Venedig erreicht), weicht der Pinienhain den Kan\u00e4len und Salzmarschen der Lagune.\" \/>\n<meta property=\"og:url\" content=\"https:\/\/www.lampogroup.it\/de\/hotels-in-der-nahe-von-venedig-am-meer\/hotel-jesolo\/landschaft-beim-lido-di-jesolo\/\" \/>\n<meta property=\"og:site_name\" content=\"Gruppo Lampo\" \/>\n<meta property=\"article:publisher\" content=\"https:\/\/www.facebook.com\/p\/Lampo-Group-100063678903798\" \/>\n<meta property=\"article:modified_time\" content=\"2023-06-13T10:32:41+00:00\" \/>\n<meta property=\"og:image\" content=\"https:\/\/www.lampogroup.it\/wp-content\/uploads\/2023\/06\/camping-in-jesolo-venezia-slide-9.webp\" \/>\n\t<meta property=\"og:image:width\" content=\"1800\" \/>\n\t<meta property=\"og:image:height\" content=\"1100\" \/>\n\t<meta property=\"og:image:type\" content=\"image\/webp\" \/>\n<script type=\"application\/ld+json\" class=\"yoast-schema-graph\">{\"@context\":\"https:\\\/\\\/schema.org\",\"@graph\":[{\"@type\":\"WebPage\",\"@id\":\"https:\\\/\\\/www.lampogroup.it\\\/de\\\/hotels-in-der-nahe-von-venedig-am-meer\\\/hotel-jesolo\\\/landschaft-beim-lido-di-jesolo\\\/\",\"url\":\"https:\\\/\\\/www.lampogroup.it\\\/de\\\/hotels-in-der-nahe-von-venedig-am-meer\\\/hotel-jesolo\\\/landschaft-beim-lido-di-jesolo\\\/\",\"name\":\"Die Landschaft beim Lido di Jesolo - Gruppo Lampo\",\"isPartOf\":{\"@id\":\"https:\\\/\\\/www.lampogroup.it\\\/it\\\/#website\"},\"primaryImageOfPage\":{\"@id\":\"https:\\\/\\\/www.lampogroup.it\\\/de\\\/hotels-in-der-nahe-von-venedig-am-meer\\\/hotel-jesolo\\\/landschaft-beim-lido-di-jesolo\\\/#primaryimage\"},\"image\":{\"@id\":\"https:\\\/\\\/www.lampogroup.it\\\/de\\\/hotels-in-der-nahe-von-venedig-am-meer\\\/hotel-jesolo\\\/landschaft-beim-lido-di-jesolo\\\/#primaryimage\"},\"thumbnailUrl\":\"https:\\\/\\\/www.lampogroup.it\\\/wp-content\\\/uploads\\\/2023\\\/06\\\/camping-in-jesolo-venezia-slide-9.webp\",\"datePublished\":\"2023-05-23T11:14:07+00:00\",\"dateModified\":\"2023-06-13T10:32:41+00:00\",\"breadcrumb\":{\"@id\":\"https:\\\/\\\/www.lampogroup.it\\\/de\\\/hotels-in-der-nahe-von-venedig-am-meer\\\/hotel-jesolo\\\/landschaft-beim-lido-di-jesolo\\\/#breadcrumb\"},\"inLanguage\":\"de\",\"potentialAction\":[{\"@type\":\"ReadAction\",\"target\":[\"https:\\\/\\\/www.lampogroup.it\\\/de\\\/hotels-in-der-nahe-von-venedig-am-meer\\\/hotel-jesolo\\\/landschaft-beim-lido-di-jesolo\\\/\"]}]},{\"@type\":\"ImageObject\",\"inLanguage\":\"de\",\"@id\":\"https:\\\/\\\/www.lampogroup.it\\\/de\\\/hotels-in-der-nahe-von-venedig-am-meer\\\/hotel-jesolo\\\/landschaft-beim-lido-di-jesolo\\\/#primaryimage\",\"url\":\"https:\\\/\\\/www.lampogroup.it\\\/wp-content\\\/uploads\\\/2023\\\/06\\\/camping-in-jesolo-venezia-slide-9.webp\",\"contentUrl\":\"https:\\\/\\\/www.lampogroup.it\\\/wp-content\\\/uploads\\\/2023\\\/06\\\/camping-in-jesolo-venezia-slide-9.webp\",\"width\":1800,\"height\":1100},{\"@type\":\"BreadcrumbList\",\"@id\":\"https:\\\/\\\/www.lampogroup.it\\\/de\\\/hotels-in-der-nahe-von-venedig-am-meer\\\/hotel-jesolo\\\/landschaft-beim-lido-di-jesolo\\\/#breadcrumb\",\"itemListElement\":[{\"@type\":\"ListItem\",\"position\":1,\"name\":\"Home\",\"item\":\"https:\\\/\\\/www.lampogroup.it\\\/de\\\/\"},{\"@type\":\"ListItem\",\"position\":2,\"name\":\"Hotels in der na\u0308he von Venedig am meer\",\"item\":\"https:\\\/\\\/www.lampogroup.it\\\/de\\\/hotels-in-der-nahe-von-venedig-am-meer\\\/\"},{\"@type\":\"ListItem\",\"position\":3,\"name\":\"Jesolo\",\"item\":\"https:\\\/\\\/www.lampogroup.it\\\/de\\\/hotels-in-der-nahe-von-venedig-am-meer\\\/hotel-jesolo\\\/\"},{\"@type\":\"ListItem\",\"position\":4,\"name\":\"Die Landschaft beim Lido di Jesolo\"}]},{\"@type\":\"WebSite\",\"@id\":\"https:\\\/\\\/www.lampogroup.it\\\/it\\\/#website\",\"url\":\"https:\\\/\\\/www.lampogroup.it\\\/it\\\/\",\"name\":\"Gruppo Lampo\",\"description\":\"\",\"publisher\":{\"@id\":\"https:\\\/\\\/www.lampogroup.it\\\/it\\\/#organization\"},\"potentialAction\":[{\"@type\":\"SearchAction\",\"target\":{\"@type\":\"EntryPoint\",\"urlTemplate\":\"https:\\\/\\\/www.lampogroup.it\\\/it\\\/?s={search_term_string}\"},\"query-input\":{\"@type\":\"PropertyValueSpecification\",\"valueRequired\":true,\"valueName\":\"search_term_string\"}}],\"inLanguage\":\"de\"},{\"@type\":\"Organization\",\"@id\":\"https:\\\/\\\/www.lampogroup.it\\\/it\\\/#organization\",\"name\":\"Gruppo Lampo\",\"url\":\"https:\\\/\\\/www.lampogroup.it\\\/it\\\/\",\"logo\":{\"@type\":\"ImageObject\",\"inLanguage\":\"de\",\"@id\":\"https:\\\/\\\/www.lampogroup.it\\\/it\\\/#\\\/schema\\\/logo\\\/image\\\/\",\"url\":\"https:\\\/\\\/www.lampogroup.it\\\/wp-content\\\/uploads\\\/2023\\\/05\\\/lampo-group-1.svg\",\"contentUrl\":\"https:\\\/\\\/www.lampogroup.it\\\/wp-content\\\/uploads\\\/2023\\\/05\\\/lampo-group-1.svg\",\"width\":1,\"height\":1,\"caption\":\"Gruppo Lampo\"},\"image\":{\"@id\":\"https:\\\/\\\/www.lampogroup.it\\\/it\\\/#\\\/schema\\\/logo\\\/image\\\/\"},\"sameAs\":[\"https:\\\/\\\/www.facebook.com\\\/p\\\/Lampo-Group-100063678903798\"]}]}<\/script>\n<!-- \/ Yoast SEO plugin. -->","yoast_head_json":{"title":"Die Landschaft beim Lido di Jesolo - Gruppo Lampo","robots":{"index":"index","follow":"follow","max-snippet":"max-snippet:-1","max-image-preview":"max-image-preview:large","max-video-preview":"max-video-preview:-1"},"canonical":"https:\/\/www.lampogroup.it\/de\/hotels-in-der-nahe-von-venedig-am-meer\/hotel-jesolo\/landschaft-beim-lido-di-jesolo\/","og_locale":"de_DE","og_type":"article","og_title":"Die Landschaft beim Lido di Jesolo - Gruppo Lampo","og_description":"Die Umgebung von Jesolo ist charakteristisch f\u00fcr die Lagunenlandschaft von Venedig: Wenn man der Landzunge folgt, die zur Punta Sabbioni f\u00fchrt (und zur Anlegestelle der F\u00e4hre, mit der man bequem Venedig erreicht), weicht der Pinienhain den Kan\u00e4len und Salzmarschen der Lagune.","og_url":"https:\/\/www.lampogroup.it\/de\/hotels-in-der-nahe-von-venedig-am-meer\/hotel-jesolo\/landschaft-beim-lido-di-jesolo\/","og_site_name":"Gruppo Lampo","article_publisher":"https:\/\/www.facebook.com\/p\/Lampo-Group-100063678903798","article_modified_time":"2023-06-13T10:32:41+00:00","og_image":[{"width":1800,"height":1100,"url":"https:\/\/www.lampogroup.it\/wp-content\/uploads\/2023\/06\/camping-in-jesolo-venezia-slide-9.webp","type":"image\/webp"}],"schema":{"@context":"https:\/\/schema.org","@graph":[{"@type":"WebPage","@id":"https:\/\/www.lampogroup.it\/de\/hotels-in-der-nahe-von-venedig-am-meer\/hotel-jesolo\/landschaft-beim-lido-di-jesolo\/","url":"https:\/\/www.lampogroup.it\/de\/hotels-in-der-nahe-von-venedig-am-meer\/hotel-jesolo\/landschaft-beim-lido-di-jesolo\/","name":"Die Landschaft beim Lido di Jesolo - Gruppo Lampo","isPartOf":{"@id":"https:\/\/www.lampogroup.it\/it\/#website"},"primaryImageOfPage":{"@id":"https:\/\/www.lampogroup.it\/de\/hotels-in-der-nahe-von-venedig-am-meer\/hotel-jesolo\/landschaft-beim-lido-di-jesolo\/#primaryimage"},"image":{"@id":"https:\/\/www.lampogroup.it\/de\/hotels-in-der-nahe-von-venedig-am-meer\/hotel-jesolo\/landschaft-beim-lido-di-jesolo\/#primaryimage"},"thumbnailUrl":"https:\/\/www.lampogroup.it\/wp-content\/uploads\/2023\/06\/camping-in-jesolo-venezia-slide-9.webp","datePublished":"2023-05-23T11:14:07+00:00","dateModified":"2023-06-13T10:32:41+00:00","breadcrumb":{"@id":"https:\/\/www.lampogroup.it\/de\/hotels-in-der-nahe-von-venedig-am-meer\/hotel-jesolo\/landschaft-beim-lido-di-jesolo\/#breadcrumb"},"inLanguage":"de","potentialAction":[{"@type":"ReadAction","target":["https:\/\/www.lampogroup.it\/de\/hotels-in-der-nahe-von-venedig-am-meer\/hotel-jesolo\/landschaft-beim-lido-di-jesolo\/"]}]},{"@type":"ImageObject","inLanguage":"de","@id":"https:\/\/www.lampogroup.it\/de\/hotels-in-der-nahe-von-venedig-am-meer\/hotel-jesolo\/landschaft-beim-lido-di-jesolo\/#primaryimage","url":"https:\/\/www.lampogroup.it\/wp-content\/uploads\/2023\/06\/camping-in-jesolo-venezia-slide-9.webp","contentUrl":"https:\/\/www.lampogroup.it\/wp-content\/uploads\/2023\/06\/camping-in-jesolo-venezia-slide-9.webp","width":1800,"height":1100},{"@type":"BreadcrumbList","@id":"https:\/\/www.lampogroup.it\/de\/hotels-in-der-nahe-von-venedig-am-meer\/hotel-jesolo\/landschaft-beim-lido-di-jesolo\/#breadcrumb","itemListElement":[{"@type":"ListItem","position":1,"name":"Home","item":"https:\/\/www.lampogroup.it\/de\/"},{"@type":"ListItem","position":2,"name":"Hotels in der na\u0308he von Venedig am meer","item":"https:\/\/www.lampogroup.it\/de\/hotels-in-der-nahe-von-venedig-am-meer\/"},{"@type":"ListItem","position":3,"name":"Jesolo","item":"https:\/\/www.lampogroup.it\/de\/hotels-in-der-nahe-von-venedig-am-meer\/hotel-jesolo\/"},{"@type":"ListItem","position":4,"name":"Die Landschaft beim Lido di Jesolo"}]},{"@type":"WebSite","@id":"https:\/\/www.lampogroup.it\/it\/#website","url":"https:\/\/www.lampogroup.it\/it\/","name":"Gruppo Lampo","description":"","publisher":{"@id":"https:\/\/www.lampogroup.it\/it\/#organization"},"potentialAction":[{"@type":"SearchAction","target":{"@type":"EntryPoint","urlTemplate":"https:\/\/www.lampogroup.it\/it\/?s={search_term_string}"},"query-input":{"@type":"PropertyValueSpecification","valueRequired":true,"valueName":"search_term_string"}}],"inLanguage":"de"},{"@type":"Organization","@id":"https:\/\/www.lampogroup.it\/it\/#organization","name":"Gruppo Lampo","url":"https:\/\/www.lampogroup.it\/it\/","logo":{"@type":"ImageObject","inLanguage":"de","@id":"https:\/\/www.lampogroup.it\/it\/#\/schema\/logo\/image\/","url":"https:\/\/www.lampogroup.it\/wp-content\/uploads\/2023\/05\/lampo-group-1.svg","contentUrl":"https:\/\/www.lampogroup.it\/wp-content\/uploads\/2023\/05\/lampo-group-1.svg","width":1,"height":1,"caption":"Gruppo Lampo"},"image":{"@id":"https:\/\/www.lampogroup.it\/it\/#\/schema\/logo\/image\/"},"sameAs":["https:\/\/www.facebook.com\/p\/Lampo-Group-100063678903798"]}]}},"_links":{"self":[{"href":"https:\/\/www.lampogroup.it\/de\/wp-json\/wp\/v2\/pages\/999","targetHints":{"allow":["GET"]}}],"collection":[{"href":"https:\/\/www.lampogroup.it\/de\/wp-json\/wp\/v2\/pages"}],"about":[{"href":"https:\/\/www.lampogroup.it\/de\/wp-json\/wp\/v2\/types\/page"}],"author":[{"embeddable":true,"href":"https:\/\/www.lampogroup.it\/de\/wp-json\/wp\/v2\/users\/1"}],"replies":[{"embeddable":true,"href":"https:\/\/www.lampogroup.it\/de\/wp-json\/wp\/v2\/comments?post=999"}],"version-history":[{"count":1,"href":"https:\/\/www.lampogroup.it\/de\/wp-json\/wp\/v2\/pages\/999\/revisions"}],"predecessor-version":[{"id":1001,"href":"https:\/\/www.lampogroup.it\/de\/wp-json\/wp\/v2\/pages\/999\/revisions\/1001"}],"up":[{"embeddable":true,"href":"https:\/\/www.lampogroup.it\/de\/wp-json\/wp\/v2\/pages\/982"}],"wp:featuredmedia":[{"embeddable":true,"href":"https:\/\/www.lampogroup.it\/de\/wp-json\/wp\/v2\/media\/995"}],"wp:attachment":[{"href":"https:\/\/www.lampogroup.it\/de\/wp-json\/wp\/v2\/media?parent=999"}],"curies":[{"name":"wp","href":"https:\/\/api.w.org\/{rel}","templated":true}]}}