{"id":938,"date":"2023-05-23T13:00:54","date_gmt":"2023-05-23T11:00:54","guid":{"rendered":"https:\/\/www.lampogroup.it\/hotels-in-der-nahe-von-venedig-am-meer\/hotel-porto-santa-margherita\/la-spiaggia\/"},"modified":"2023-06-13T12:14:00","modified_gmt":"2023-06-13T10:14:00","slug":"der-strand","status":"publish","type":"page","link":"https:\/\/www.lampogroup.it\/de\/hotels-in-der-nahe-von-venedig-am-meer\/hotel-porto-santa-margherita\/der-strand\/","title":{"rendered":"Der Strand"},"content":{"rendered":"\n<p><strong>Porto S. Margherita<\/strong> ist ein kleiner Badeort mit einem etwa 2 km langen <strong>Strand<\/strong>, auf dem sich Sandbereiche mit Stufen abwechseln und der gerade wegen seiner \u00fcbersichtlichen<strong> Gr\u00f6\u00dfe bei Familien mit Kindern sehr beliebt ist<\/strong>.<\/p>\n\n\n\n<!--more-->\n\n\n\n<p>Hier befinden sich die folgenden Badeanstalten: Bagni Margherita, Bagni Gaia, Prima Baia, Alga Marina und Terrazza Mare. In diesen Anlagen k\u00f6nnen Sonnenschirme und Liegen gemietet werden, und in einigen wird am Strand auch Animation f\u00fcr Kinder angeboten.<\/p>\n\n\n\n<p>Andere erm\u00f6glichen das Mitbringen der vierbeinigen Freunde, damit die Urlauber nicht auf ihre Gesellschaft verzichten m\u00fcssen.<\/p>\n","protected":false},"excerpt":{"rendered":"<p>Porto S. Margherita ist ein kleiner Badeort mit einem etwa 2 km langen Strand, auf dem sich Sandbereiche mit Stufen abwechseln und der gerade wegen seiner \u00fcbersichtlichen Gr\u00f6\u00dfe bei Familien mit Kindern sehr beliebt ist.<\/p>\n","protected":false},"author":1,"featured_media":915,"parent":904,"menu_order":0,"comment_status":"closed","ping_status":"closed","template":"","meta":{"_acf_changed":false,"footnotes":""},"class_list":["post-938","page","type-page","status-publish","has-post-thumbnail","hentry"],"acf":[],"yoast_head":"<!-- This site is optimized with the Yoast SEO plugin v27.3 - https:\/\/yoast.com\/product\/yoast-seo-wordpress\/ -->\n<title>Der Strand - Gruppo Lampo<\/title>\n<meta name=\"robots\" content=\"index, follow, max-snippet:-1, max-image-preview:large, max-video-preview:-1\" \/>\n<link rel=\"canonical\" href=\"https:\/\/www.lampogroup.it\/de\/hotels-in-der-nahe-von-venedig-am-meer\/hotel-porto-santa-margherita\/der-strand\/\" \/>\n<meta property=\"og:locale\" content=\"de_DE\" \/>\n<meta property=\"og:type\" content=\"article\" \/>\n<meta property=\"og:title\" content=\"Der Strand - Gruppo Lampo\" \/>\n<meta property=\"og:description\" content=\"Porto S. Margherita ist ein kleiner Badeort mit einem etwa 2 km langen Strand, auf dem sich Sandbereiche mit Stufen abwechseln und der gerade wegen seiner \u00fcbersichtlichen Gr\u00f6\u00dfe bei Familien mit Kindern sehr beliebt ist.\" \/>\n<meta property=\"og:url\" content=\"https:\/\/www.lampogroup.it\/de\/hotels-in-der-nahe-von-venedig-am-meer\/hotel-porto-santa-margherita\/der-strand\/\" \/>\n<meta property=\"og:site_name\" content=\"Gruppo Lampo\" \/>\n<meta property=\"article:publisher\" content=\"https:\/\/www.facebook.com\/p\/Lampo-Group-100063678903798\" \/>\n<meta property=\"article:modified_time\" content=\"2023-06-13T10:14:00+00:00\" \/>\n<meta property=\"og:image\" content=\"https:\/\/www.lampogroup.it\/wp-content\/uploads\/2023\/06\/3-star-hotel-in-porto-santa-margherita-caorle-slide-9.webp\" \/>\n\t<meta property=\"og:image:width\" content=\"1800\" \/>\n\t<meta property=\"og:image:height\" content=\"1100\" \/>\n\t<meta property=\"og:image:type\" content=\"image\/webp\" \/>\n<script type=\"application\/ld+json\" class=\"yoast-schema-graph\">{\"@context\":\"https:\\\/\\\/schema.org\",\"@graph\":[{\"@type\":\"WebPage\",\"@id\":\"https:\\\/\\\/www.lampogroup.it\\\/de\\\/hotels-in-der-nahe-von-venedig-am-meer\\\/hotel-porto-santa-margherita\\\/der-strand\\\/\",\"url\":\"https:\\\/\\\/www.lampogroup.it\\\/de\\\/hotels-in-der-nahe-von-venedig-am-meer\\\/hotel-porto-santa-margherita\\\/der-strand\\\/\",\"name\":\"Der Strand - Gruppo Lampo\",\"isPartOf\":{\"@id\":\"https:\\\/\\\/www.lampogroup.it\\\/it\\\/#website\"},\"primaryImageOfPage\":{\"@id\":\"https:\\\/\\\/www.lampogroup.it\\\/de\\\/hotels-in-der-nahe-von-venedig-am-meer\\\/hotel-porto-santa-margherita\\\/der-strand\\\/#primaryimage\"},\"image\":{\"@id\":\"https:\\\/\\\/www.lampogroup.it\\\/de\\\/hotels-in-der-nahe-von-venedig-am-meer\\\/hotel-porto-santa-margherita\\\/der-strand\\\/#primaryimage\"},\"thumbnailUrl\":\"https:\\\/\\\/www.lampogroup.it\\\/wp-content\\\/uploads\\\/2023\\\/06\\\/3-star-hotel-in-porto-santa-margherita-caorle-slide-9.webp\",\"datePublished\":\"2023-05-23T11:00:54+00:00\",\"dateModified\":\"2023-06-13T10:14:00+00:00\",\"breadcrumb\":{\"@id\":\"https:\\\/\\\/www.lampogroup.it\\\/de\\\/hotels-in-der-nahe-von-venedig-am-meer\\\/hotel-porto-santa-margherita\\\/der-strand\\\/#breadcrumb\"},\"inLanguage\":\"de\",\"potentialAction\":[{\"@type\":\"ReadAction\",\"target\":[\"https:\\\/\\\/www.lampogroup.it\\\/de\\\/hotels-in-der-nahe-von-venedig-am-meer\\\/hotel-porto-santa-margherita\\\/der-strand\\\/\"]}]},{\"@type\":\"ImageObject\",\"inLanguage\":\"de\",\"@id\":\"https:\\\/\\\/www.lampogroup.it\\\/de\\\/hotels-in-der-nahe-von-venedig-am-meer\\\/hotel-porto-santa-margherita\\\/der-strand\\\/#primaryimage\",\"url\":\"https:\\\/\\\/www.lampogroup.it\\\/wp-content\\\/uploads\\\/2023\\\/06\\\/3-star-hotel-in-porto-santa-margherita-caorle-slide-9.webp\",\"contentUrl\":\"https:\\\/\\\/www.lampogroup.it\\\/wp-content\\\/uploads\\\/2023\\\/06\\\/3-star-hotel-in-porto-santa-margherita-caorle-slide-9.webp\",\"width\":1800,\"height\":1100},{\"@type\":\"BreadcrumbList\",\"@id\":\"https:\\\/\\\/www.lampogroup.it\\\/de\\\/hotels-in-der-nahe-von-venedig-am-meer\\\/hotel-porto-santa-margherita\\\/der-strand\\\/#breadcrumb\",\"itemListElement\":[{\"@type\":\"ListItem\",\"position\":1,\"name\":\"Home\",\"item\":\"https:\\\/\\\/www.lampogroup.it\\\/de\\\/\"},{\"@type\":\"ListItem\",\"position\":2,\"name\":\"Hotels in der na\u0308he von Venedig am meer\",\"item\":\"https:\\\/\\\/www.lampogroup.it\\\/de\\\/hotels-in-der-nahe-von-venedig-am-meer\\\/\"},{\"@type\":\"ListItem\",\"position\":3,\"name\":\"Porto Santa Margherita\",\"item\":\"https:\\\/\\\/www.lampogroup.it\\\/de\\\/hotels-in-der-nahe-von-venedig-am-meer\\\/hotel-porto-santa-margherita\\\/\"},{\"@type\":\"ListItem\",\"position\":4,\"name\":\"Der Strand\"}]},{\"@type\":\"WebSite\",\"@id\":\"https:\\\/\\\/www.lampogroup.it\\\/it\\\/#website\",\"url\":\"https:\\\/\\\/www.lampogroup.it\\\/it\\\/\",\"name\":\"Gruppo Lampo\",\"description\":\"\",\"publisher\":{\"@id\":\"https:\\\/\\\/www.lampogroup.it\\\/it\\\/#organization\"},\"potentialAction\":[{\"@type\":\"SearchAction\",\"target\":{\"@type\":\"EntryPoint\",\"urlTemplate\":\"https:\\\/\\\/www.lampogroup.it\\\/it\\\/?s={search_term_string}\"},\"query-input\":{\"@type\":\"PropertyValueSpecification\",\"valueRequired\":true,\"valueName\":\"search_term_string\"}}],\"inLanguage\":\"de\"},{\"@type\":\"Organization\",\"@id\":\"https:\\\/\\\/www.lampogroup.it\\\/it\\\/#organization\",\"name\":\"Gruppo Lampo\",\"url\":\"https:\\\/\\\/www.lampogroup.it\\\/it\\\/\",\"logo\":{\"@type\":\"ImageObject\",\"inLanguage\":\"de\",\"@id\":\"https:\\\/\\\/www.lampogroup.it\\\/it\\\/#\\\/schema\\\/logo\\\/image\\\/\",\"url\":\"https:\\\/\\\/www.lampogroup.it\\\/wp-content\\\/uploads\\\/2023\\\/05\\\/lampo-group-1.svg\",\"contentUrl\":\"https:\\\/\\\/www.lampogroup.it\\\/wp-content\\\/uploads\\\/2023\\\/05\\\/lampo-group-1.svg\",\"width\":1,\"height\":1,\"caption\":\"Gruppo Lampo\"},\"image\":{\"@id\":\"https:\\\/\\\/www.lampogroup.it\\\/it\\\/#\\\/schema\\\/logo\\\/image\\\/\"},\"sameAs\":[\"https:\\\/\\\/www.facebook.com\\\/p\\\/Lampo-Group-100063678903798\"]}]}<\/script>\n<!-- \/ Yoast SEO plugin. -->","yoast_head_json":{"title":"Der Strand - Gruppo Lampo","robots":{"index":"index","follow":"follow","max-snippet":"max-snippet:-1","max-image-preview":"max-image-preview:large","max-video-preview":"max-video-preview:-1"},"canonical":"https:\/\/www.lampogroup.it\/de\/hotels-in-der-nahe-von-venedig-am-meer\/hotel-porto-santa-margherita\/der-strand\/","og_locale":"de_DE","og_type":"article","og_title":"Der Strand - Gruppo Lampo","og_description":"Porto S. Margherita ist ein kleiner Badeort mit einem etwa 2 km langen Strand, auf dem sich Sandbereiche mit Stufen abwechseln und der gerade wegen seiner \u00fcbersichtlichen Gr\u00f6\u00dfe bei Familien mit Kindern sehr beliebt ist.","og_url":"https:\/\/www.lampogroup.it\/de\/hotels-in-der-nahe-von-venedig-am-meer\/hotel-porto-santa-margherita\/der-strand\/","og_site_name":"Gruppo Lampo","article_publisher":"https:\/\/www.facebook.com\/p\/Lampo-Group-100063678903798","article_modified_time":"2023-06-13T10:14:00+00:00","og_image":[{"width":1800,"height":1100,"url":"https:\/\/www.lampogroup.it\/wp-content\/uploads\/2023\/06\/3-star-hotel-in-porto-santa-margherita-caorle-slide-9.webp","type":"image\/webp"}],"schema":{"@context":"https:\/\/schema.org","@graph":[{"@type":"WebPage","@id":"https:\/\/www.lampogroup.it\/de\/hotels-in-der-nahe-von-venedig-am-meer\/hotel-porto-santa-margherita\/der-strand\/","url":"https:\/\/www.lampogroup.it\/de\/hotels-in-der-nahe-von-venedig-am-meer\/hotel-porto-santa-margherita\/der-strand\/","name":"Der Strand - Gruppo Lampo","isPartOf":{"@id":"https:\/\/www.lampogroup.it\/it\/#website"},"primaryImageOfPage":{"@id":"https:\/\/www.lampogroup.it\/de\/hotels-in-der-nahe-von-venedig-am-meer\/hotel-porto-santa-margherita\/der-strand\/#primaryimage"},"image":{"@id":"https:\/\/www.lampogroup.it\/de\/hotels-in-der-nahe-von-venedig-am-meer\/hotel-porto-santa-margherita\/der-strand\/#primaryimage"},"thumbnailUrl":"https:\/\/www.lampogroup.it\/wp-content\/uploads\/2023\/06\/3-star-hotel-in-porto-santa-margherita-caorle-slide-9.webp","datePublished":"2023-05-23T11:00:54+00:00","dateModified":"2023-06-13T10:14:00+00:00","breadcrumb":{"@id":"https:\/\/www.lampogroup.it\/de\/hotels-in-der-nahe-von-venedig-am-meer\/hotel-porto-santa-margherita\/der-strand\/#breadcrumb"},"inLanguage":"de","potentialAction":[{"@type":"ReadAction","target":["https:\/\/www.lampogroup.it\/de\/hotels-in-der-nahe-von-venedig-am-meer\/hotel-porto-santa-margherita\/der-strand\/"]}]},{"@type":"ImageObject","inLanguage":"de","@id":"https:\/\/www.lampogroup.it\/de\/hotels-in-der-nahe-von-venedig-am-meer\/hotel-porto-santa-margherita\/der-strand\/#primaryimage","url":"https:\/\/www.lampogroup.it\/wp-content\/uploads\/2023\/06\/3-star-hotel-in-porto-santa-margherita-caorle-slide-9.webp","contentUrl":"https:\/\/www.lampogroup.it\/wp-content\/uploads\/2023\/06\/3-star-hotel-in-porto-santa-margherita-caorle-slide-9.webp","width":1800,"height":1100},{"@type":"BreadcrumbList","@id":"https:\/\/www.lampogroup.it\/de\/hotels-in-der-nahe-von-venedig-am-meer\/hotel-porto-santa-margherita\/der-strand\/#breadcrumb","itemListElement":[{"@type":"ListItem","position":1,"name":"Home","item":"https:\/\/www.lampogroup.it\/de\/"},{"@type":"ListItem","position":2,"name":"Hotels in der na\u0308he von Venedig am meer","item":"https:\/\/www.lampogroup.it\/de\/hotels-in-der-nahe-von-venedig-am-meer\/"},{"@type":"ListItem","position":3,"name":"Porto Santa Margherita","item":"https:\/\/www.lampogroup.it\/de\/hotels-in-der-nahe-von-venedig-am-meer\/hotel-porto-santa-margherita\/"},{"@type":"ListItem","position":4,"name":"Der Strand"}]},{"@type":"WebSite","@id":"https:\/\/www.lampogroup.it\/it\/#website","url":"https:\/\/www.lampogroup.it\/it\/","name":"Gruppo Lampo","description":"","publisher":{"@id":"https:\/\/www.lampogroup.it\/it\/#organization"},"potentialAction":[{"@type":"SearchAction","target":{"@type":"EntryPoint","urlTemplate":"https:\/\/www.lampogroup.it\/it\/?s={search_term_string}"},"query-input":{"@type":"PropertyValueSpecification","valueRequired":true,"valueName":"search_term_string"}}],"inLanguage":"de"},{"@type":"Organization","@id":"https:\/\/www.lampogroup.it\/it\/#organization","name":"Gruppo Lampo","url":"https:\/\/www.lampogroup.it\/it\/","logo":{"@type":"ImageObject","inLanguage":"de","@id":"https:\/\/www.lampogroup.it\/it\/#\/schema\/logo\/image\/","url":"https:\/\/www.lampogroup.it\/wp-content\/uploads\/2023\/05\/lampo-group-1.svg","contentUrl":"https:\/\/www.lampogroup.it\/wp-content\/uploads\/2023\/05\/lampo-group-1.svg","width":1,"height":1,"caption":"Gruppo Lampo"},"image":{"@id":"https:\/\/www.lampogroup.it\/it\/#\/schema\/logo\/image\/"},"sameAs":["https:\/\/www.facebook.com\/p\/Lampo-Group-100063678903798"]}]}},"_links":{"self":[{"href":"https:\/\/www.lampogroup.it\/de\/wp-json\/wp\/v2\/pages\/938","targetHints":{"allow":["GET"]}}],"collection":[{"href":"https:\/\/www.lampogroup.it\/de\/wp-json\/wp\/v2\/pages"}],"about":[{"href":"https:\/\/www.lampogroup.it\/de\/wp-json\/wp\/v2\/types\/page"}],"author":[{"embeddable":true,"href":"https:\/\/www.lampogroup.it\/de\/wp-json\/wp\/v2\/users\/1"}],"replies":[{"embeddable":true,"href":"https:\/\/www.lampogroup.it\/de\/wp-json\/wp\/v2\/comments?post=938"}],"version-history":[{"count":2,"href":"https:\/\/www.lampogroup.it\/de\/wp-json\/wp\/v2\/pages\/938\/revisions"}],"predecessor-version":[{"id":944,"href":"https:\/\/www.lampogroup.it\/de\/wp-json\/wp\/v2\/pages\/938\/revisions\/944"}],"up":[{"embeddable":true,"href":"https:\/\/www.lampogroup.it\/de\/wp-json\/wp\/v2\/pages\/904"}],"wp:featuredmedia":[{"embeddable":true,"href":"https:\/\/www.lampogroup.it\/de\/wp-json\/wp\/v2\/media\/915"}],"wp:attachment":[{"href":"https:\/\/www.lampogroup.it\/de\/wp-json\/wp\/v2\/media?parent=938"}],"curies":[{"name":"wp","href":"https:\/\/api.w.org\/{rel}","templated":true}]}}