{"id":893,"date":"2023-05-23T12:50:51","date_gmt":"2023-05-23T10:50:51","guid":{"rendered":"https:\/\/www.lampogroup.it\/hotels-in-der-nahe-von-venedig-am-meer\/hotel-caorle\/la-spiaggia-caorle\/"},"modified":"2023-06-14T15:10:36","modified_gmt":"2023-06-14T13:10:36","slug":"der-strand-von-caorle","status":"publish","type":"page","link":"https:\/\/www.lampogroup.it\/de\/hotels-in-der-nahe-von-venedig-am-meer\/hotel-caorle\/der-strand-von-caorle\/","title":{"rendered":"Der Strand von Caorle"},"content":{"rendered":"\n<p>Er erstreckt sich \u00fcber 7 km vom Hafen Falconera im Osten bis zum Fluss Livenza im Westen, der ihn zur n\u00e4chsten Ortschaft Porto S. Margherita abgrenzt.<\/p>\n\n\n\n<!--more-->\n\n\n\n<p>Der breite Strand von Caorle ist ideal f\u00fcr lange Spazierg\u00e4nge zu Fu\u00df auf dem sandigen Boden, der sanft zum Meer hin abf\u00e4llt, aber auch geeignet f\u00fcr die kleinsten Badeg\u00e4ste, die hier in v\u00f6lliger Sicherheit spielen und sich im flachen Wasser vergn\u00fcgen k\u00f6nnen.<\/p>\n\n\n\n<p>Der <strong>Strand von Caorle<\/strong> gliedert sich in die Bereiche <strong>Levante <\/strong>und <strong>Ponente<\/strong>, die jeweils im Osten und Westen des alten St\u00e4dtchens gelegen sind. Unabh\u00e4ngig davon, welchen Teil Sie bevorzugen \u2013 Sie werden am Strand immer kostenpflichtige Sonnenschirme mit Liegen und Strandst\u00fchlen, freie Areale, Duschen und B\u00e4der sowie Spielm\u00f6glichkeiten f\u00fcr die Kinder finden.<\/p>\n\n\n\n<p>Der Strand in Caorle bietet Sicherheit f\u00fcr alle: Das Personal, das f\u00fcr den Rettungsdienst zust\u00e4ndig ist, beobachtet st\u00e4ndig das Meer, um bei jedem Notfall sofort eingreifen zu k\u00f6nnen, und auf dem Strand stehen Erste-Hilfe-Stationen zur Verf\u00fcgung.<\/p>\n\n\n\n<p><strong>Die kostenlose Animation <\/strong>wird von montags bis freitags am Morgen und am Nachmittag an einigen zentralen Punkten des Strandes angeboten: eine gute Gelegenheit, sich in geselliger Runde zu am\u00fcsieren und neue Freunde kennenzulernen! Und f\u00fcr die etwas erfahreneren Schwimmer ist es ein besonderes Vergn\u00fcgen, die Plattformen vor dem Strand zu erreichen, sich dort zu sonnen und ins Meer zu springen.<\/p>\n\n\n\n<p>An der Strandpromenade fehlen weder die Tretboote, die gemietet werden k\u00f6nnen, noch die Windsurf- und Kanuschulen oder die Spielfelder f\u00fcr Beachtennis und Boccia.<br>Auf den gro\u00dfen freien Strandfl\u00e4chen kann man Futsal-Partien und Tennisturniere improvisieren und Drachen steigen lassen.<\/p>\n\n\n\n<p><strong>Behinderte Urlaubsg\u00e4ste haben einen v\u00f6llig barrierefreien<\/strong> Zugang zum Strand dank der eigens angelegten Wege, die es erm\u00f6glichen, den Sonnenschirm im Rollstuhl bequem zu erreichen.<\/p>\n\n\n\n<p><strong>Es ist auch ein besonderes Strandfahrzeug verf\u00fcgbar, mit dem man sich auf dem Sand fortbewegen kann.<\/strong> Au\u00dferdem k\u00f6nnen sich die G\u00e4ste jederzeit mit ihren W\u00fcnschen und Bed\u00fcrfnissen an das Personal wenden.<\/p>\n","protected":false},"excerpt":{"rendered":"<p>Er erstreckt sich \u00fcber 7 km vom Hafen Falconera im Osten bis zum Fluss Livenza im Westen, der ihn zur n\u00e4chsten Ortschaft Porto S. Margherita abgrenzt.<\/p>\n","protected":false},"author":1,"featured_media":376,"parent":671,"menu_order":1,"comment_status":"closed","ping_status":"closed","template":"","meta":{"_acf_changed":false,"footnotes":""},"class_list":["post-893","page","type-page","status-publish","has-post-thumbnail","hentry"],"acf":[],"yoast_head":"<!-- This site is optimized with the Yoast SEO plugin v27.3 - https:\/\/yoast.com\/product\/yoast-seo-wordpress\/ -->\n<title>Der Strand von Caorle - Gruppo Lampo<\/title>\n<meta name=\"robots\" content=\"index, follow, max-snippet:-1, max-image-preview:large, max-video-preview:-1\" \/>\n<link rel=\"canonical\" href=\"https:\/\/www.lampogroup.it\/de\/hotels-in-der-nahe-von-venedig-am-meer\/hotel-caorle\/der-strand-von-caorle\/\" \/>\n<meta property=\"og:locale\" content=\"de_DE\" \/>\n<meta property=\"og:type\" content=\"article\" \/>\n<meta property=\"og:title\" content=\"Der Strand von Caorle - Gruppo Lampo\" \/>\n<meta property=\"og:description\" content=\"Er erstreckt sich \u00fcber 7 km vom Hafen Falconera im Osten bis zum Fluss Livenza im Westen, der ihn zur n\u00e4chsten Ortschaft Porto S. Margherita abgrenzt.\" \/>\n<meta property=\"og:url\" content=\"https:\/\/www.lampogroup.it\/de\/hotels-in-der-nahe-von-venedig-am-meer\/hotel-caorle\/der-strand-von-caorle\/\" \/>\n<meta property=\"og:site_name\" content=\"Gruppo Lampo\" \/>\n<meta property=\"article:publisher\" content=\"https:\/\/www.facebook.com\/p\/Lampo-Group-100063678903798\" \/>\n<meta property=\"article:modified_time\" content=\"2023-06-14T13:10:36+00:00\" \/>\n<meta property=\"og:image\" content=\"https:\/\/www.lampogroup.it\/wp-content\/uploads\/2023\/05\/caorle-3.webp\" \/>\n\t<meta property=\"og:image:width\" content=\"1800\" \/>\n\t<meta property=\"og:image:height\" content=\"1100\" \/>\n\t<meta property=\"og:image:type\" content=\"image\/webp\" \/>\n<script type=\"application\/ld+json\" class=\"yoast-schema-graph\">{\"@context\":\"https:\\\/\\\/schema.org\",\"@graph\":[{\"@type\":\"WebPage\",\"@id\":\"https:\\\/\\\/www.lampogroup.it\\\/de\\\/hotels-in-der-nahe-von-venedig-am-meer\\\/hotel-caorle\\\/der-strand-von-caorle\\\/\",\"url\":\"https:\\\/\\\/www.lampogroup.it\\\/de\\\/hotels-in-der-nahe-von-venedig-am-meer\\\/hotel-caorle\\\/der-strand-von-caorle\\\/\",\"name\":\"Der Strand von Caorle - Gruppo Lampo\",\"isPartOf\":{\"@id\":\"https:\\\/\\\/www.lampogroup.it\\\/it\\\/#website\"},\"primaryImageOfPage\":{\"@id\":\"https:\\\/\\\/www.lampogroup.it\\\/de\\\/hotels-in-der-nahe-von-venedig-am-meer\\\/hotel-caorle\\\/der-strand-von-caorle\\\/#primaryimage\"},\"image\":{\"@id\":\"https:\\\/\\\/www.lampogroup.it\\\/de\\\/hotels-in-der-nahe-von-venedig-am-meer\\\/hotel-caorle\\\/der-strand-von-caorle\\\/#primaryimage\"},\"thumbnailUrl\":\"https:\\\/\\\/www.lampogroup.it\\\/wp-content\\\/uploads\\\/2023\\\/05\\\/caorle-3.webp\",\"datePublished\":\"2023-05-23T10:50:51+00:00\",\"dateModified\":\"2023-06-14T13:10:36+00:00\",\"breadcrumb\":{\"@id\":\"https:\\\/\\\/www.lampogroup.it\\\/de\\\/hotels-in-der-nahe-von-venedig-am-meer\\\/hotel-caorle\\\/der-strand-von-caorle\\\/#breadcrumb\"},\"inLanguage\":\"de\",\"potentialAction\":[{\"@type\":\"ReadAction\",\"target\":[\"https:\\\/\\\/www.lampogroup.it\\\/de\\\/hotels-in-der-nahe-von-venedig-am-meer\\\/hotel-caorle\\\/der-strand-von-caorle\\\/\"]}]},{\"@type\":\"ImageObject\",\"inLanguage\":\"de\",\"@id\":\"https:\\\/\\\/www.lampogroup.it\\\/de\\\/hotels-in-der-nahe-von-venedig-am-meer\\\/hotel-caorle\\\/der-strand-von-caorle\\\/#primaryimage\",\"url\":\"https:\\\/\\\/www.lampogroup.it\\\/wp-content\\\/uploads\\\/2023\\\/05\\\/caorle-3.webp\",\"contentUrl\":\"https:\\\/\\\/www.lampogroup.it\\\/wp-content\\\/uploads\\\/2023\\\/05\\\/caorle-3.webp\",\"width\":1800,\"height\":1100},{\"@type\":\"BreadcrumbList\",\"@id\":\"https:\\\/\\\/www.lampogroup.it\\\/de\\\/hotels-in-der-nahe-von-venedig-am-meer\\\/hotel-caorle\\\/der-strand-von-caorle\\\/#breadcrumb\",\"itemListElement\":[{\"@type\":\"ListItem\",\"position\":1,\"name\":\"Home\",\"item\":\"https:\\\/\\\/www.lampogroup.it\\\/de\\\/\"},{\"@type\":\"ListItem\",\"position\":2,\"name\":\"Hotels in der na\u0308he von Venedig am meer\",\"item\":\"https:\\\/\\\/www.lampogroup.it\\\/de\\\/hotels-in-der-nahe-von-venedig-am-meer\\\/\"},{\"@type\":\"ListItem\",\"position\":3,\"name\":\"Caorle\",\"item\":\"https:\\\/\\\/www.lampogroup.it\\\/de\\\/hotels-in-der-nahe-von-venedig-am-meer\\\/hotel-caorle\\\/\"},{\"@type\":\"ListItem\",\"position\":4,\"name\":\"Der Strand von Caorle\"}]},{\"@type\":\"WebSite\",\"@id\":\"https:\\\/\\\/www.lampogroup.it\\\/it\\\/#website\",\"url\":\"https:\\\/\\\/www.lampogroup.it\\\/it\\\/\",\"name\":\"Gruppo Lampo\",\"description\":\"\",\"publisher\":{\"@id\":\"https:\\\/\\\/www.lampogroup.it\\\/it\\\/#organization\"},\"potentialAction\":[{\"@type\":\"SearchAction\",\"target\":{\"@type\":\"EntryPoint\",\"urlTemplate\":\"https:\\\/\\\/www.lampogroup.it\\\/it\\\/?s={search_term_string}\"},\"query-input\":{\"@type\":\"PropertyValueSpecification\",\"valueRequired\":true,\"valueName\":\"search_term_string\"}}],\"inLanguage\":\"de\"},{\"@type\":\"Organization\",\"@id\":\"https:\\\/\\\/www.lampogroup.it\\\/it\\\/#organization\",\"name\":\"Gruppo Lampo\",\"url\":\"https:\\\/\\\/www.lampogroup.it\\\/it\\\/\",\"logo\":{\"@type\":\"ImageObject\",\"inLanguage\":\"de\",\"@id\":\"https:\\\/\\\/www.lampogroup.it\\\/it\\\/#\\\/schema\\\/logo\\\/image\\\/\",\"url\":\"https:\\\/\\\/www.lampogroup.it\\\/wp-content\\\/uploads\\\/2023\\\/05\\\/lampo-group-1.svg\",\"contentUrl\":\"https:\\\/\\\/www.lampogroup.it\\\/wp-content\\\/uploads\\\/2023\\\/05\\\/lampo-group-1.svg\",\"width\":1,\"height\":1,\"caption\":\"Gruppo Lampo\"},\"image\":{\"@id\":\"https:\\\/\\\/www.lampogroup.it\\\/it\\\/#\\\/schema\\\/logo\\\/image\\\/\"},\"sameAs\":[\"https:\\\/\\\/www.facebook.com\\\/p\\\/Lampo-Group-100063678903798\"]}]}<\/script>\n<!-- \/ Yoast SEO plugin. -->","yoast_head_json":{"title":"Der Strand von Caorle - Gruppo Lampo","robots":{"index":"index","follow":"follow","max-snippet":"max-snippet:-1","max-image-preview":"max-image-preview:large","max-video-preview":"max-video-preview:-1"},"canonical":"https:\/\/www.lampogroup.it\/de\/hotels-in-der-nahe-von-venedig-am-meer\/hotel-caorle\/der-strand-von-caorle\/","og_locale":"de_DE","og_type":"article","og_title":"Der Strand von Caorle - Gruppo Lampo","og_description":"Er erstreckt sich \u00fcber 7 km vom Hafen Falconera im Osten bis zum Fluss Livenza im Westen, der ihn zur n\u00e4chsten Ortschaft Porto S. Margherita abgrenzt.","og_url":"https:\/\/www.lampogroup.it\/de\/hotels-in-der-nahe-von-venedig-am-meer\/hotel-caorle\/der-strand-von-caorle\/","og_site_name":"Gruppo Lampo","article_publisher":"https:\/\/www.facebook.com\/p\/Lampo-Group-100063678903798","article_modified_time":"2023-06-14T13:10:36+00:00","og_image":[{"width":1800,"height":1100,"url":"https:\/\/www.lampogroup.it\/wp-content\/uploads\/2023\/05\/caorle-3.webp","type":"image\/webp"}],"schema":{"@context":"https:\/\/schema.org","@graph":[{"@type":"WebPage","@id":"https:\/\/www.lampogroup.it\/de\/hotels-in-der-nahe-von-venedig-am-meer\/hotel-caorle\/der-strand-von-caorle\/","url":"https:\/\/www.lampogroup.it\/de\/hotels-in-der-nahe-von-venedig-am-meer\/hotel-caorle\/der-strand-von-caorle\/","name":"Der Strand von Caorle - Gruppo Lampo","isPartOf":{"@id":"https:\/\/www.lampogroup.it\/it\/#website"},"primaryImageOfPage":{"@id":"https:\/\/www.lampogroup.it\/de\/hotels-in-der-nahe-von-venedig-am-meer\/hotel-caorle\/der-strand-von-caorle\/#primaryimage"},"image":{"@id":"https:\/\/www.lampogroup.it\/de\/hotels-in-der-nahe-von-venedig-am-meer\/hotel-caorle\/der-strand-von-caorle\/#primaryimage"},"thumbnailUrl":"https:\/\/www.lampogroup.it\/wp-content\/uploads\/2023\/05\/caorle-3.webp","datePublished":"2023-05-23T10:50:51+00:00","dateModified":"2023-06-14T13:10:36+00:00","breadcrumb":{"@id":"https:\/\/www.lampogroup.it\/de\/hotels-in-der-nahe-von-venedig-am-meer\/hotel-caorle\/der-strand-von-caorle\/#breadcrumb"},"inLanguage":"de","potentialAction":[{"@type":"ReadAction","target":["https:\/\/www.lampogroup.it\/de\/hotels-in-der-nahe-von-venedig-am-meer\/hotel-caorle\/der-strand-von-caorle\/"]}]},{"@type":"ImageObject","inLanguage":"de","@id":"https:\/\/www.lampogroup.it\/de\/hotels-in-der-nahe-von-venedig-am-meer\/hotel-caorle\/der-strand-von-caorle\/#primaryimage","url":"https:\/\/www.lampogroup.it\/wp-content\/uploads\/2023\/05\/caorle-3.webp","contentUrl":"https:\/\/www.lampogroup.it\/wp-content\/uploads\/2023\/05\/caorle-3.webp","width":1800,"height":1100},{"@type":"BreadcrumbList","@id":"https:\/\/www.lampogroup.it\/de\/hotels-in-der-nahe-von-venedig-am-meer\/hotel-caorle\/der-strand-von-caorle\/#breadcrumb","itemListElement":[{"@type":"ListItem","position":1,"name":"Home","item":"https:\/\/www.lampogroup.it\/de\/"},{"@type":"ListItem","position":2,"name":"Hotels in der na\u0308he von Venedig am meer","item":"https:\/\/www.lampogroup.it\/de\/hotels-in-der-nahe-von-venedig-am-meer\/"},{"@type":"ListItem","position":3,"name":"Caorle","item":"https:\/\/www.lampogroup.it\/de\/hotels-in-der-nahe-von-venedig-am-meer\/hotel-caorle\/"},{"@type":"ListItem","position":4,"name":"Der Strand von Caorle"}]},{"@type":"WebSite","@id":"https:\/\/www.lampogroup.it\/it\/#website","url":"https:\/\/www.lampogroup.it\/it\/","name":"Gruppo Lampo","description":"","publisher":{"@id":"https:\/\/www.lampogroup.it\/it\/#organization"},"potentialAction":[{"@type":"SearchAction","target":{"@type":"EntryPoint","urlTemplate":"https:\/\/www.lampogroup.it\/it\/?s={search_term_string}"},"query-input":{"@type":"PropertyValueSpecification","valueRequired":true,"valueName":"search_term_string"}}],"inLanguage":"de"},{"@type":"Organization","@id":"https:\/\/www.lampogroup.it\/it\/#organization","name":"Gruppo Lampo","url":"https:\/\/www.lampogroup.it\/it\/","logo":{"@type":"ImageObject","inLanguage":"de","@id":"https:\/\/www.lampogroup.it\/it\/#\/schema\/logo\/image\/","url":"https:\/\/www.lampogroup.it\/wp-content\/uploads\/2023\/05\/lampo-group-1.svg","contentUrl":"https:\/\/www.lampogroup.it\/wp-content\/uploads\/2023\/05\/lampo-group-1.svg","width":1,"height":1,"caption":"Gruppo Lampo"},"image":{"@id":"https:\/\/www.lampogroup.it\/it\/#\/schema\/logo\/image\/"},"sameAs":["https:\/\/www.facebook.com\/p\/Lampo-Group-100063678903798"]}]}},"_links":{"self":[{"href":"https:\/\/www.lampogroup.it\/de\/wp-json\/wp\/v2\/pages\/893","targetHints":{"allow":["GET"]}}],"collection":[{"href":"https:\/\/www.lampogroup.it\/de\/wp-json\/wp\/v2\/pages"}],"about":[{"href":"https:\/\/www.lampogroup.it\/de\/wp-json\/wp\/v2\/types\/page"}],"author":[{"embeddable":true,"href":"https:\/\/www.lampogroup.it\/de\/wp-json\/wp\/v2\/users\/1"}],"replies":[{"embeddable":true,"href":"https:\/\/www.lampogroup.it\/de\/wp-json\/wp\/v2\/comments?post=893"}],"version-history":[{"count":1,"href":"https:\/\/www.lampogroup.it\/de\/wp-json\/wp\/v2\/pages\/893\/revisions"}],"predecessor-version":[{"id":897,"href":"https:\/\/www.lampogroup.it\/de\/wp-json\/wp\/v2\/pages\/893\/revisions\/897"}],"up":[{"embeddable":true,"href":"https:\/\/www.lampogroup.it\/de\/wp-json\/wp\/v2\/pages\/671"}],"wp:featuredmedia":[{"embeddable":true,"href":"https:\/\/www.lampogroup.it\/de\/wp-json\/wp\/v2\/media\/376"}],"wp:attachment":[{"href":"https:\/\/www.lampogroup.it\/de\/wp-json\/wp\/v2\/media?parent=893"}],"curies":[{"name":"wp","href":"https:\/\/api.w.org\/{rel}","templated":true}]}}