{"id":833,"date":"2023-05-23T12:58:12","date_gmt":"2023-05-23T10:58:12","guid":{"rendered":"https:\/\/www.lampogroup.it\/hotels-in-der-nahe-von-venedig-am-meer\/hotel-bibione\/la-spiaggia-bibione\/"},"modified":"2023-06-12T18:57:02","modified_gmt":"2023-06-12T16:57:02","slug":"strand-von-bibione","status":"publish","type":"page","link":"https:\/\/www.lampogroup.it\/de\/hotels-in-der-nahe-von-venedig-am-meer\/hotel-bibione\/strand-von-bibione\/","title":{"rendered":"Der Strand von Bibione"},"content":{"rendered":"\n<p>Der Strand von Bibione ist mit Sonnenschirmen, Liegen und Strandst\u00fchlen ausgestattet, die direkt bei unseren Agenturen oder am Strand gebucht werden k\u00f6nnen.<\/p>\n\n\n\n<!--more-->\n\n\n\n<p>Die Reservierung eines Strandplatzes ist auch online m\u00f6glich: Sie m\u00fcssen auf der Website lediglich den Code des Vouchers eingeben, der Ihnen bei der Buchung mitgeteilt wird, damit Ihnen sofort ein eigener Platz an der Sonne zugewiesen wird, ohne dass Sie sich an den Schaltern am Strand anstellen m\u00fcssen.<\/p>\n\n\n\n<p>Es gibt auch freie Strandbereiche, die von den Urlaubern, die ihre eigenen Badet\u00fccher und Strandausr\u00fcstung mitbringen, kostenlos genutzt werden k\u00f6nnen.<br>Am Strand stehen Duschen mit hei\u00dfem und kaltem Wasser, Sanit\u00e4ranlagen, Wickelstuben und Erste-Hilfe-Stationen zur Verf\u00fcgung, au\u00dferdem wird der Strand st\u00e4ndig von Bademeistern des Rettungsdiensts \u00fcberwacht.<\/p>\n\n\n\n<p>F\u00fcr die Kinder sind viele Spielbereiche mit Rutschbahnen und Schaukeln vorhanden, aber auch zahlreiche Pl\u00e4tze f\u00fcr Beachvolley und -tennis f\u00fcr Jugendliche und Erwachsene, Boccia-Pisten und freie Fl\u00e4chen, auf denen spontane Futsal-Partien und Tennisturniere veranstaltet werden k\u00f6nnen.<\/p>\n\n\n\n<p>Am Lido del Sole von Bibione vor den Ferienresidenzen San Giorgio, Zattere und Giudecca bietet die Lampo Group ihren G\u00e4sten w\u00e4hrend der ganzen Saison einen kostenlosen Animationsservice, der die jungen G\u00e4ste mit Spielen, Freizeitaktivit\u00e4ten und sportlichen Turnieren und die Erwachsenen mit Aqua-Gym-Kursen, Fitness-Training und T\u00e4nzen unterh\u00e4lt.<\/p>\n\n\n\n<p>In Bibione befindet sich im Bereich Lido dei Pini auch der Pluto-Strand, einer der ersten in Italien, der f\u00fcr unsere vierbeinigen Freunde ausger\u00fcstet ist: 200 Sonnenschirme f\u00fcr die Hunde und ihre Herrchen und Frauchen mit Strandst\u00fchlen und Liegen (auch f\u00fcr die Tiere), Halterungen f\u00fcr Hundeleinen, Hygienebeuteln f\u00fcr Exkremente, Futtern\u00e4pfen und flie\u00dfendem Wasser, au\u00dferdem werden w\u00f6chentlich auch Hundeerziehungskurse und Agility-Parcours organisiert \u2026 damit die Hunde und ihre Besitzer sich im Urlaub nicht trennen m\u00fcssen.<\/p>\n","protected":false},"excerpt":{"rendered":"<p>Der Strand von Bibione ist mit Sonnenschirmen, Liegen und Strandst\u00fchlen ausgestattet, die direkt bei unseren Agenturen oder am Strand gebucht werden k\u00f6nnen.<\/p>\n","protected":false},"author":1,"featured_media":798,"parent":816,"menu_order":0,"comment_status":"closed","ping_status":"closed","template":"","meta":{"_acf_changed":false,"footnotes":""},"class_list":["post-833","page","type-page","status-publish","has-post-thumbnail","hentry"],"acf":[],"yoast_head":"<!-- This site is optimized with the Yoast SEO plugin v27.2 - https:\/\/yoast.com\/product\/yoast-seo-wordpress\/ -->\n<title>Der Strand von Bibione - Gruppo Lampo<\/title>\n<meta name=\"description\" content=\"Spiaggia di Bibione: scopri la spiaggia libera di Bibione o quella privata e come prenotarla. Con Lampo Group mette a disposizione anche area intrattenimento per i pi\u00f9 piccoli. Scopri la spiaggia di Bibione con noi\" \/>\n<meta name=\"robots\" content=\"index, follow, max-snippet:-1, max-image-preview:large, max-video-preview:-1\" \/>\n<link rel=\"canonical\" href=\"https:\/\/www.lampogroup.it\/de\/hotels-in-der-nahe-von-venedig-am-meer\/hotel-bibione\/strand-von-bibione\/\" \/>\n<meta property=\"og:locale\" content=\"de_DE\" \/>\n<meta property=\"og:type\" content=\"article\" \/>\n<meta property=\"og:title\" content=\"Der Strand von Bibione - Gruppo Lampo\" \/>\n<meta property=\"og:description\" content=\"Spiaggia di Bibione: scopri la spiaggia libera di Bibione o quella privata e come prenotarla. Con Lampo Group mette a disposizione anche area intrattenimento per i pi\u00f9 piccoli. Scopri la spiaggia di Bibione con noi\" \/>\n<meta property=\"og:url\" content=\"https:\/\/www.lampogroup.it\/de\/hotels-in-der-nahe-von-venedig-am-meer\/hotel-bibione\/strand-von-bibione\/\" \/>\n<meta property=\"og:site_name\" content=\"Gruppo Lampo\" \/>\n<meta property=\"article:publisher\" content=\"https:\/\/www.facebook.com\/p\/Lampo-Group-100063678903798\" \/>\n<meta property=\"article:modified_time\" content=\"2023-06-12T16:57:02+00:00\" \/>\n<meta property=\"og:image\" content=\"https:\/\/www.lampogroup.it\/wp-content\/uploads\/2023\/06\/bibione-1.webp\" \/>\n\t<meta property=\"og:image:width\" content=\"1800\" \/>\n\t<meta property=\"og:image:height\" content=\"1100\" \/>\n\t<meta property=\"og:image:type\" content=\"image\/webp\" \/>\n<script type=\"application\/ld+json\" class=\"yoast-schema-graph\">{\"@context\":\"https:\/\/schema.org\",\"@graph\":[{\"@type\":\"WebPage\",\"@id\":\"https:\/\/www.lampogroup.it\/de\/hotels-in-der-nahe-von-venedig-am-meer\/hotel-bibione\/strand-von-bibione\/\",\"url\":\"https:\/\/www.lampogroup.it\/de\/hotels-in-der-nahe-von-venedig-am-meer\/hotel-bibione\/strand-von-bibione\/\",\"name\":\"Der Strand von Bibione - Gruppo Lampo\",\"isPartOf\":{\"@id\":\"https:\/\/www.lampogroup.it\/it\/#website\"},\"primaryImageOfPage\":{\"@id\":\"https:\/\/www.lampogroup.it\/de\/hotels-in-der-nahe-von-venedig-am-meer\/hotel-bibione\/strand-von-bibione\/#primaryimage\"},\"image\":{\"@id\":\"https:\/\/www.lampogroup.it\/de\/hotels-in-der-nahe-von-venedig-am-meer\/hotel-bibione\/strand-von-bibione\/#primaryimage\"},\"thumbnailUrl\":\"https:\/\/www.lampogroup.it\/wp-content\/uploads\/2023\/06\/bibione-1.webp\",\"datePublished\":\"2023-05-23T10:58:12+00:00\",\"dateModified\":\"2023-06-12T16:57:02+00:00\",\"description\":\"Spiaggia di Bibione: scopri la spiaggia libera di Bibione o quella privata e come prenotarla. Con Lampo Group mette a disposizione anche area intrattenimento per i pi\u00f9 piccoli. Scopri la spiaggia di Bibione con noi\",\"breadcrumb\":{\"@id\":\"https:\/\/www.lampogroup.it\/de\/hotels-in-der-nahe-von-venedig-am-meer\/hotel-bibione\/strand-von-bibione\/#breadcrumb\"},\"inLanguage\":\"de\",\"potentialAction\":[{\"@type\":\"ReadAction\",\"target\":[\"https:\/\/www.lampogroup.it\/de\/hotels-in-der-nahe-von-venedig-am-meer\/hotel-bibione\/strand-von-bibione\/\"]}]},{\"@type\":\"ImageObject\",\"inLanguage\":\"de\",\"@id\":\"https:\/\/www.lampogroup.it\/de\/hotels-in-der-nahe-von-venedig-am-meer\/hotel-bibione\/strand-von-bibione\/#primaryimage\",\"url\":\"https:\/\/www.lampogroup.it\/wp-content\/uploads\/2023\/06\/bibione-1.webp\",\"contentUrl\":\"https:\/\/www.lampogroup.it\/wp-content\/uploads\/2023\/06\/bibione-1.webp\",\"width\":1800,\"height\":1100},{\"@type\":\"BreadcrumbList\",\"@id\":\"https:\/\/www.lampogroup.it\/de\/hotels-in-der-nahe-von-venedig-am-meer\/hotel-bibione\/strand-von-bibione\/#breadcrumb\",\"itemListElement\":[{\"@type\":\"ListItem\",\"position\":1,\"name\":\"Home\",\"item\":\"https:\/\/www.lampogroup.it\/de\/\"},{\"@type\":\"ListItem\",\"position\":2,\"name\":\"Hotels in der na\u0308he von Venedig am meer\",\"item\":\"https:\/\/www.lampogroup.it\/de\/hotels-in-der-nahe-von-venedig-am-meer\/\"},{\"@type\":\"ListItem\",\"position\":3,\"name\":\"Bibione\",\"item\":\"https:\/\/www.lampogroup.it\/de\/hotels-in-der-nahe-von-venedig-am-meer\/hotel-bibione\/\"},{\"@type\":\"ListItem\",\"position\":4,\"name\":\"Der Strand von Bibione\"}]},{\"@type\":\"WebSite\",\"@id\":\"https:\/\/www.lampogroup.it\/it\/#website\",\"url\":\"https:\/\/www.lampogroup.it\/it\/\",\"name\":\"Gruppo Lampo\",\"description\":\"\",\"publisher\":{\"@id\":\"https:\/\/www.lampogroup.it\/it\/#organization\"},\"potentialAction\":[{\"@type\":\"SearchAction\",\"target\":{\"@type\":\"EntryPoint\",\"urlTemplate\":\"https:\/\/www.lampogroup.it\/it\/?s={search_term_string}\"},\"query-input\":{\"@type\":\"PropertyValueSpecification\",\"valueRequired\":true,\"valueName\":\"search_term_string\"}}],\"inLanguage\":\"de\"},{\"@type\":\"Organization\",\"@id\":\"https:\/\/www.lampogroup.it\/it\/#organization\",\"name\":\"Gruppo Lampo\",\"url\":\"https:\/\/www.lampogroup.it\/it\/\",\"logo\":{\"@type\":\"ImageObject\",\"inLanguage\":\"de\",\"@id\":\"https:\/\/www.lampogroup.it\/it\/#\/schema\/logo\/image\/\",\"url\":\"https:\/\/www.lampogroup.it\/wp-content\/uploads\/2023\/05\/lampo-group-1.svg\",\"contentUrl\":\"https:\/\/www.lampogroup.it\/wp-content\/uploads\/2023\/05\/lampo-group-1.svg\",\"width\":1,\"height\":1,\"caption\":\"Gruppo Lampo\"},\"image\":{\"@id\":\"https:\/\/www.lampogroup.it\/it\/#\/schema\/logo\/image\/\"},\"sameAs\":[\"https:\/\/www.facebook.com\/p\/Lampo-Group-100063678903798\"]}]}<\/script>\n<!-- \/ Yoast SEO plugin. -->","yoast_head_json":{"title":"Der Strand von Bibione - Gruppo Lampo","description":"Spiaggia di Bibione: scopri la spiaggia libera di Bibione o quella privata e come prenotarla. Con Lampo Group mette a disposizione anche area intrattenimento per i pi\u00f9 piccoli. Scopri la spiaggia di Bibione con noi","robots":{"index":"index","follow":"follow","max-snippet":"max-snippet:-1","max-image-preview":"max-image-preview:large","max-video-preview":"max-video-preview:-1"},"canonical":"https:\/\/www.lampogroup.it\/de\/hotels-in-der-nahe-von-venedig-am-meer\/hotel-bibione\/strand-von-bibione\/","og_locale":"de_DE","og_type":"article","og_title":"Der Strand von Bibione - Gruppo Lampo","og_description":"Spiaggia di Bibione: scopri la spiaggia libera di Bibione o quella privata e come prenotarla. Con Lampo Group mette a disposizione anche area intrattenimento per i pi\u00f9 piccoli. Scopri la spiaggia di Bibione con noi","og_url":"https:\/\/www.lampogroup.it\/de\/hotels-in-der-nahe-von-venedig-am-meer\/hotel-bibione\/strand-von-bibione\/","og_site_name":"Gruppo Lampo","article_publisher":"https:\/\/www.facebook.com\/p\/Lampo-Group-100063678903798","article_modified_time":"2023-06-12T16:57:02+00:00","og_image":[{"width":1800,"height":1100,"url":"https:\/\/www.lampogroup.it\/wp-content\/uploads\/2023\/06\/bibione-1.webp","type":"image\/webp"}],"schema":{"@context":"https:\/\/schema.org","@graph":[{"@type":"WebPage","@id":"https:\/\/www.lampogroup.it\/de\/hotels-in-der-nahe-von-venedig-am-meer\/hotel-bibione\/strand-von-bibione\/","url":"https:\/\/www.lampogroup.it\/de\/hotels-in-der-nahe-von-venedig-am-meer\/hotel-bibione\/strand-von-bibione\/","name":"Der Strand von Bibione - Gruppo Lampo","isPartOf":{"@id":"https:\/\/www.lampogroup.it\/it\/#website"},"primaryImageOfPage":{"@id":"https:\/\/www.lampogroup.it\/de\/hotels-in-der-nahe-von-venedig-am-meer\/hotel-bibione\/strand-von-bibione\/#primaryimage"},"image":{"@id":"https:\/\/www.lampogroup.it\/de\/hotels-in-der-nahe-von-venedig-am-meer\/hotel-bibione\/strand-von-bibione\/#primaryimage"},"thumbnailUrl":"https:\/\/www.lampogroup.it\/wp-content\/uploads\/2023\/06\/bibione-1.webp","datePublished":"2023-05-23T10:58:12+00:00","dateModified":"2023-06-12T16:57:02+00:00","description":"Spiaggia di Bibione: scopri la spiaggia libera di Bibione o quella privata e come prenotarla. Con Lampo Group mette a disposizione anche area intrattenimento per i pi\u00f9 piccoli. Scopri la spiaggia di Bibione con noi","breadcrumb":{"@id":"https:\/\/www.lampogroup.it\/de\/hotels-in-der-nahe-von-venedig-am-meer\/hotel-bibione\/strand-von-bibione\/#breadcrumb"},"inLanguage":"de","potentialAction":[{"@type":"ReadAction","target":["https:\/\/www.lampogroup.it\/de\/hotels-in-der-nahe-von-venedig-am-meer\/hotel-bibione\/strand-von-bibione\/"]}]},{"@type":"ImageObject","inLanguage":"de","@id":"https:\/\/www.lampogroup.it\/de\/hotels-in-der-nahe-von-venedig-am-meer\/hotel-bibione\/strand-von-bibione\/#primaryimage","url":"https:\/\/www.lampogroup.it\/wp-content\/uploads\/2023\/06\/bibione-1.webp","contentUrl":"https:\/\/www.lampogroup.it\/wp-content\/uploads\/2023\/06\/bibione-1.webp","width":1800,"height":1100},{"@type":"BreadcrumbList","@id":"https:\/\/www.lampogroup.it\/de\/hotels-in-der-nahe-von-venedig-am-meer\/hotel-bibione\/strand-von-bibione\/#breadcrumb","itemListElement":[{"@type":"ListItem","position":1,"name":"Home","item":"https:\/\/www.lampogroup.it\/de\/"},{"@type":"ListItem","position":2,"name":"Hotels in der na\u0308he von Venedig am meer","item":"https:\/\/www.lampogroup.it\/de\/hotels-in-der-nahe-von-venedig-am-meer\/"},{"@type":"ListItem","position":3,"name":"Bibione","item":"https:\/\/www.lampogroup.it\/de\/hotels-in-der-nahe-von-venedig-am-meer\/hotel-bibione\/"},{"@type":"ListItem","position":4,"name":"Der Strand von Bibione"}]},{"@type":"WebSite","@id":"https:\/\/www.lampogroup.it\/it\/#website","url":"https:\/\/www.lampogroup.it\/it\/","name":"Gruppo Lampo","description":"","publisher":{"@id":"https:\/\/www.lampogroup.it\/it\/#organization"},"potentialAction":[{"@type":"SearchAction","target":{"@type":"EntryPoint","urlTemplate":"https:\/\/www.lampogroup.it\/it\/?s={search_term_string}"},"query-input":{"@type":"PropertyValueSpecification","valueRequired":true,"valueName":"search_term_string"}}],"inLanguage":"de"},{"@type":"Organization","@id":"https:\/\/www.lampogroup.it\/it\/#organization","name":"Gruppo Lampo","url":"https:\/\/www.lampogroup.it\/it\/","logo":{"@type":"ImageObject","inLanguage":"de","@id":"https:\/\/www.lampogroup.it\/it\/#\/schema\/logo\/image\/","url":"https:\/\/www.lampogroup.it\/wp-content\/uploads\/2023\/05\/lampo-group-1.svg","contentUrl":"https:\/\/www.lampogroup.it\/wp-content\/uploads\/2023\/05\/lampo-group-1.svg","width":1,"height":1,"caption":"Gruppo Lampo"},"image":{"@id":"https:\/\/www.lampogroup.it\/it\/#\/schema\/logo\/image\/"},"sameAs":["https:\/\/www.facebook.com\/p\/Lampo-Group-100063678903798"]}]}},"_links":{"self":[{"href":"https:\/\/www.lampogroup.it\/de\/wp-json\/wp\/v2\/pages\/833","targetHints":{"allow":["GET"]}}],"collection":[{"href":"https:\/\/www.lampogroup.it\/de\/wp-json\/wp\/v2\/pages"}],"about":[{"href":"https:\/\/www.lampogroup.it\/de\/wp-json\/wp\/v2\/types\/page"}],"author":[{"embeddable":true,"href":"https:\/\/www.lampogroup.it\/de\/wp-json\/wp\/v2\/users\/1"}],"replies":[{"embeddable":true,"href":"https:\/\/www.lampogroup.it\/de\/wp-json\/wp\/v2\/comments?post=833"}],"version-history":[{"count":1,"href":"https:\/\/www.lampogroup.it\/de\/wp-json\/wp\/v2\/pages\/833\/revisions"}],"predecessor-version":[{"id":837,"href":"https:\/\/www.lampogroup.it\/de\/wp-json\/wp\/v2\/pages\/833\/revisions\/837"}],"up":[{"embeddable":true,"href":"https:\/\/www.lampogroup.it\/de\/wp-json\/wp\/v2\/pages\/816"}],"wp:featuredmedia":[{"embeddable":true,"href":"https:\/\/www.lampogroup.it\/de\/wp-json\/wp\/v2\/media\/798"}],"wp:attachment":[{"href":"https:\/\/www.lampogroup.it\/de\/wp-json\/wp\/v2\/media?parent=833"}],"curies":[{"name":"wp","href":"https:\/\/api.w.org\/{rel}","templated":true}]}}