{"id":823,"date":"2023-05-23T12:56:20","date_gmt":"2023-05-23T10:56:20","guid":{"rendered":"https:\/\/www.lampogroup.it\/hotels-in-der-nahe-von-venedig-am-meer\/hotel-bibione\/bibione-immerso-nella-natura\/"},"modified":"2023-06-12T18:45:47","modified_gmt":"2023-06-12T16:45:47","slug":"bibione-mitten-in-der-natur","status":"publish","type":"page","link":"https:\/\/www.lampogroup.it\/de\/hotels-in-der-nahe-von-venedig-am-meer\/hotel-bibione\/bibione-mitten-in-der-natur\/","title":{"rendered":"Bibione \u2013 mitten in der Natur"},"content":{"rendered":"\n<p>Bibione liegt der Umweltschutz sehr am Herzen: Rundum leben in den Gr\u00fcnzonen, Pinienhainen und Naturschutzparks viele wichtige Vertreter der Flora und Fauna. Es ist kein Zufall, dass Bibione als erster Badeort in Europa die<strong> Umweltzertifizierung EMAS<\/strong> erhalten hat.<\/p>\n\n\n\n<!--more-->\n\n\n\n<p>Eines der landschaftlich sch\u00f6nsten Areale ist der Strandbereich am Leuchtturm und das M\u00fcndungsgebiet des Flusses Tagliamento: Hier wachsen in einem dichten Pinienhain \u00fcppige, typisch mediterrane Pflanzen, und k\u00f6nnen zahlreiche Wasserv\u00f6gel beobachtet werden, die sich in ihrem idealen Habitat befinden. Das Gel\u00e4nde um den Leuchtturm steht allen Ruhesuchenden offen, die erholsame Momente in der Natur verbringen m\u00f6chten, wo die Stille nur vom Zirpen der Zikaden unterbrochen wird. Mitten durch den Pinienhain f\u00fchren n\u00e4mlich Pfade, die gro\u00dfe und kleine G\u00e4ste zu einem Spaziergang oder einer Fahrt mit dem Fahrrad einladen.<\/p>\n\n\n\n<p>Andere landschaftlich sehr interessante Gebiete sind Val Grande und der Naturpark Vallesina mit seiner wilden, urspr\u00fcnglichen Vegetation und zahlreichen Tierarten wie Damhirschen, Kormoranen, Fr\u00f6schen, Sumpfschildkr\u00f6ten und vielen V\u00f6geln, die in dieser Seelandschaft ihr nat\u00fcrliches Habitat gefunden haben.<\/p>\n\n\n\n<p>In der Lagune zwischen Bibione und Caorle k\u00f6nnen auch Bootsausfl\u00fcge unternommen werden, bei denen nicht nur die Natur, sondern auch die lokalen Traditionen erkundet und die Casoni besucht werden k\u00f6nnen &#8211; die fr\u00fcheren Behausungen der Fischer, die heute von den Besitzern als Feriendomizile und f\u00fcr erholsame Stunden genutzt werden.<\/p>\n\n\n\n<p>Wer sich gern im Freien aufh\u00e4lt, findet in Bibione unz\u00e4hlige M\u00f6glichkeiten, um engen Kontakt mit der Naturaufzunehmen \u2013 auch dank der Radwege, auf denen man die Ortschaft zu Fu\u00df oder mit dem Fahrrad durchqueren und lange, sichere Ausfl\u00fcge unternehmen kann.<\/p>\n","protected":false},"excerpt":{"rendered":"<p>Bibione liegt der Umweltschutz sehr am Herzen: Rundum leben in den Gr\u00fcnzonen, Pinienhainen und Naturschutzparks viele wichtige Vertreter der Flora und Fauna. Es ist kein Zufall, dass Bibione als erster Badeort in Europa die Umweltzertifizierung EMAS erhalten hat.<\/p>\n","protected":false},"author":1,"featured_media":354,"parent":816,"menu_order":0,"comment_status":"closed","ping_status":"closed","template":"","meta":{"_acf_changed":false,"footnotes":""},"class_list":["post-823","page","type-page","status-publish","has-post-thumbnail","hentry"],"acf":[],"yoast_head":"<!-- This site is optimized with the Yoast SEO plugin v27.3 - https:\/\/yoast.com\/product\/yoast-seo-wordpress\/ -->\n<title>Bibione \u2013 mitten in der Natur - Gruppo Lampo<\/title>\n<meta name=\"robots\" content=\"index, follow, max-snippet:-1, max-image-preview:large, max-video-preview:-1\" \/>\n<link rel=\"canonical\" href=\"https:\/\/www.lampogroup.it\/de\/hotels-in-der-nahe-von-venedig-am-meer\/hotel-bibione\/bibione-mitten-in-der-natur\/\" \/>\n<meta property=\"og:locale\" content=\"de_DE\" \/>\n<meta property=\"og:type\" content=\"article\" \/>\n<meta property=\"og:title\" content=\"Bibione \u2013 mitten in der Natur - Gruppo Lampo\" \/>\n<meta property=\"og:description\" content=\"Bibione liegt der Umweltschutz sehr am Herzen: Rundum leben in den Gr\u00fcnzonen, Pinienhainen und Naturschutzparks viele wichtige Vertreter der Flora und Fauna. Es ist kein Zufall, dass Bibione als erster Badeort in Europa die Umweltzertifizierung EMAS erhalten hat.\" \/>\n<meta property=\"og:url\" content=\"https:\/\/www.lampogroup.it\/de\/hotels-in-der-nahe-von-venedig-am-meer\/hotel-bibione\/bibione-mitten-in-der-natur\/\" \/>\n<meta property=\"og:site_name\" content=\"Gruppo Lampo\" \/>\n<meta property=\"article:publisher\" content=\"https:\/\/www.facebook.com\/p\/Lampo-Group-100063678903798\" \/>\n<meta property=\"article:modified_time\" content=\"2023-06-12T16:45:47+00:00\" \/>\n<meta property=\"og:image\" content=\"https:\/\/www.lampogroup.it\/wp-content\/uploads\/2023\/05\/residendce-bluemarine-bibione-7.webp\" \/>\n\t<meta property=\"og:image:width\" content=\"1900\" \/>\n\t<meta property=\"og:image:height\" content=\"1280\" \/>\n\t<meta property=\"og:image:type\" content=\"image\/webp\" \/>\n<script type=\"application\/ld+json\" class=\"yoast-schema-graph\">{\"@context\":\"https:\\\/\\\/schema.org\",\"@graph\":[{\"@type\":\"WebPage\",\"@id\":\"https:\\\/\\\/www.lampogroup.it\\\/de\\\/hotels-in-der-nahe-von-venedig-am-meer\\\/hotel-bibione\\\/bibione-mitten-in-der-natur\\\/\",\"url\":\"https:\\\/\\\/www.lampogroup.it\\\/de\\\/hotels-in-der-nahe-von-venedig-am-meer\\\/hotel-bibione\\\/bibione-mitten-in-der-natur\\\/\",\"name\":\"Bibione \u2013 mitten in der Natur - Gruppo Lampo\",\"isPartOf\":{\"@id\":\"https:\\\/\\\/www.lampogroup.it\\\/it\\\/#website\"},\"primaryImageOfPage\":{\"@id\":\"https:\\\/\\\/www.lampogroup.it\\\/de\\\/hotels-in-der-nahe-von-venedig-am-meer\\\/hotel-bibione\\\/bibione-mitten-in-der-natur\\\/#primaryimage\"},\"image\":{\"@id\":\"https:\\\/\\\/www.lampogroup.it\\\/de\\\/hotels-in-der-nahe-von-venedig-am-meer\\\/hotel-bibione\\\/bibione-mitten-in-der-natur\\\/#primaryimage\"},\"thumbnailUrl\":\"https:\\\/\\\/www.lampogroup.it\\\/wp-content\\\/uploads\\\/2023\\\/05\\\/residendce-bluemarine-bibione-7.webp\",\"datePublished\":\"2023-05-23T10:56:20+00:00\",\"dateModified\":\"2023-06-12T16:45:47+00:00\",\"breadcrumb\":{\"@id\":\"https:\\\/\\\/www.lampogroup.it\\\/de\\\/hotels-in-der-nahe-von-venedig-am-meer\\\/hotel-bibione\\\/bibione-mitten-in-der-natur\\\/#breadcrumb\"},\"inLanguage\":\"de\",\"potentialAction\":[{\"@type\":\"ReadAction\",\"target\":[\"https:\\\/\\\/www.lampogroup.it\\\/de\\\/hotels-in-der-nahe-von-venedig-am-meer\\\/hotel-bibione\\\/bibione-mitten-in-der-natur\\\/\"]}]},{\"@type\":\"ImageObject\",\"inLanguage\":\"de\",\"@id\":\"https:\\\/\\\/www.lampogroup.it\\\/de\\\/hotels-in-der-nahe-von-venedig-am-meer\\\/hotel-bibione\\\/bibione-mitten-in-der-natur\\\/#primaryimage\",\"url\":\"https:\\\/\\\/www.lampogroup.it\\\/wp-content\\\/uploads\\\/2023\\\/05\\\/residendce-bluemarine-bibione-7.webp\",\"contentUrl\":\"https:\\\/\\\/www.lampogroup.it\\\/wp-content\\\/uploads\\\/2023\\\/05\\\/residendce-bluemarine-bibione-7.webp\",\"width\":1900,\"height\":1280},{\"@type\":\"BreadcrumbList\",\"@id\":\"https:\\\/\\\/www.lampogroup.it\\\/de\\\/hotels-in-der-nahe-von-venedig-am-meer\\\/hotel-bibione\\\/bibione-mitten-in-der-natur\\\/#breadcrumb\",\"itemListElement\":[{\"@type\":\"ListItem\",\"position\":1,\"name\":\"Home\",\"item\":\"https:\\\/\\\/www.lampogroup.it\\\/de\\\/\"},{\"@type\":\"ListItem\",\"position\":2,\"name\":\"Hotels in der na\u0308he von Venedig am meer\",\"item\":\"https:\\\/\\\/www.lampogroup.it\\\/de\\\/hotels-in-der-nahe-von-venedig-am-meer\\\/\"},{\"@type\":\"ListItem\",\"position\":3,\"name\":\"Bibione\",\"item\":\"https:\\\/\\\/www.lampogroup.it\\\/de\\\/hotels-in-der-nahe-von-venedig-am-meer\\\/hotel-bibione\\\/\"},{\"@type\":\"ListItem\",\"position\":4,\"name\":\"Bibione \u2013 mitten in der Natur\"}]},{\"@type\":\"WebSite\",\"@id\":\"https:\\\/\\\/www.lampogroup.it\\\/it\\\/#website\",\"url\":\"https:\\\/\\\/www.lampogroup.it\\\/it\\\/\",\"name\":\"Gruppo Lampo\",\"description\":\"\",\"publisher\":{\"@id\":\"https:\\\/\\\/www.lampogroup.it\\\/it\\\/#organization\"},\"potentialAction\":[{\"@type\":\"SearchAction\",\"target\":{\"@type\":\"EntryPoint\",\"urlTemplate\":\"https:\\\/\\\/www.lampogroup.it\\\/it\\\/?s={search_term_string}\"},\"query-input\":{\"@type\":\"PropertyValueSpecification\",\"valueRequired\":true,\"valueName\":\"search_term_string\"}}],\"inLanguage\":\"de\"},{\"@type\":\"Organization\",\"@id\":\"https:\\\/\\\/www.lampogroup.it\\\/it\\\/#organization\",\"name\":\"Gruppo Lampo\",\"url\":\"https:\\\/\\\/www.lampogroup.it\\\/it\\\/\",\"logo\":{\"@type\":\"ImageObject\",\"inLanguage\":\"de\",\"@id\":\"https:\\\/\\\/www.lampogroup.it\\\/it\\\/#\\\/schema\\\/logo\\\/image\\\/\",\"url\":\"https:\\\/\\\/www.lampogroup.it\\\/wp-content\\\/uploads\\\/2023\\\/05\\\/lampo-group-1.svg\",\"contentUrl\":\"https:\\\/\\\/www.lampogroup.it\\\/wp-content\\\/uploads\\\/2023\\\/05\\\/lampo-group-1.svg\",\"width\":1,\"height\":1,\"caption\":\"Gruppo Lampo\"},\"image\":{\"@id\":\"https:\\\/\\\/www.lampogroup.it\\\/it\\\/#\\\/schema\\\/logo\\\/image\\\/\"},\"sameAs\":[\"https:\\\/\\\/www.facebook.com\\\/p\\\/Lampo-Group-100063678903798\"]}]}<\/script>\n<!-- \/ Yoast SEO plugin. -->","yoast_head_json":{"title":"Bibione \u2013 mitten in der Natur - Gruppo Lampo","robots":{"index":"index","follow":"follow","max-snippet":"max-snippet:-1","max-image-preview":"max-image-preview:large","max-video-preview":"max-video-preview:-1"},"canonical":"https:\/\/www.lampogroup.it\/de\/hotels-in-der-nahe-von-venedig-am-meer\/hotel-bibione\/bibione-mitten-in-der-natur\/","og_locale":"de_DE","og_type":"article","og_title":"Bibione \u2013 mitten in der Natur - Gruppo Lampo","og_description":"Bibione liegt der Umweltschutz sehr am Herzen: Rundum leben in den Gr\u00fcnzonen, Pinienhainen und Naturschutzparks viele wichtige Vertreter der Flora und Fauna. Es ist kein Zufall, dass Bibione als erster Badeort in Europa die Umweltzertifizierung EMAS erhalten hat.","og_url":"https:\/\/www.lampogroup.it\/de\/hotels-in-der-nahe-von-venedig-am-meer\/hotel-bibione\/bibione-mitten-in-der-natur\/","og_site_name":"Gruppo Lampo","article_publisher":"https:\/\/www.facebook.com\/p\/Lampo-Group-100063678903798","article_modified_time":"2023-06-12T16:45:47+00:00","og_image":[{"width":1900,"height":1280,"url":"https:\/\/www.lampogroup.it\/wp-content\/uploads\/2023\/05\/residendce-bluemarine-bibione-7.webp","type":"image\/webp"}],"schema":{"@context":"https:\/\/schema.org","@graph":[{"@type":"WebPage","@id":"https:\/\/www.lampogroup.it\/de\/hotels-in-der-nahe-von-venedig-am-meer\/hotel-bibione\/bibione-mitten-in-der-natur\/","url":"https:\/\/www.lampogroup.it\/de\/hotels-in-der-nahe-von-venedig-am-meer\/hotel-bibione\/bibione-mitten-in-der-natur\/","name":"Bibione \u2013 mitten in der Natur - Gruppo Lampo","isPartOf":{"@id":"https:\/\/www.lampogroup.it\/it\/#website"},"primaryImageOfPage":{"@id":"https:\/\/www.lampogroup.it\/de\/hotels-in-der-nahe-von-venedig-am-meer\/hotel-bibione\/bibione-mitten-in-der-natur\/#primaryimage"},"image":{"@id":"https:\/\/www.lampogroup.it\/de\/hotels-in-der-nahe-von-venedig-am-meer\/hotel-bibione\/bibione-mitten-in-der-natur\/#primaryimage"},"thumbnailUrl":"https:\/\/www.lampogroup.it\/wp-content\/uploads\/2023\/05\/residendce-bluemarine-bibione-7.webp","datePublished":"2023-05-23T10:56:20+00:00","dateModified":"2023-06-12T16:45:47+00:00","breadcrumb":{"@id":"https:\/\/www.lampogroup.it\/de\/hotels-in-der-nahe-von-venedig-am-meer\/hotel-bibione\/bibione-mitten-in-der-natur\/#breadcrumb"},"inLanguage":"de","potentialAction":[{"@type":"ReadAction","target":["https:\/\/www.lampogroup.it\/de\/hotels-in-der-nahe-von-venedig-am-meer\/hotel-bibione\/bibione-mitten-in-der-natur\/"]}]},{"@type":"ImageObject","inLanguage":"de","@id":"https:\/\/www.lampogroup.it\/de\/hotels-in-der-nahe-von-venedig-am-meer\/hotel-bibione\/bibione-mitten-in-der-natur\/#primaryimage","url":"https:\/\/www.lampogroup.it\/wp-content\/uploads\/2023\/05\/residendce-bluemarine-bibione-7.webp","contentUrl":"https:\/\/www.lampogroup.it\/wp-content\/uploads\/2023\/05\/residendce-bluemarine-bibione-7.webp","width":1900,"height":1280},{"@type":"BreadcrumbList","@id":"https:\/\/www.lampogroup.it\/de\/hotels-in-der-nahe-von-venedig-am-meer\/hotel-bibione\/bibione-mitten-in-der-natur\/#breadcrumb","itemListElement":[{"@type":"ListItem","position":1,"name":"Home","item":"https:\/\/www.lampogroup.it\/de\/"},{"@type":"ListItem","position":2,"name":"Hotels in der na\u0308he von Venedig am meer","item":"https:\/\/www.lampogroup.it\/de\/hotels-in-der-nahe-von-venedig-am-meer\/"},{"@type":"ListItem","position":3,"name":"Bibione","item":"https:\/\/www.lampogroup.it\/de\/hotels-in-der-nahe-von-venedig-am-meer\/hotel-bibione\/"},{"@type":"ListItem","position":4,"name":"Bibione \u2013 mitten in der Natur"}]},{"@type":"WebSite","@id":"https:\/\/www.lampogroup.it\/it\/#website","url":"https:\/\/www.lampogroup.it\/it\/","name":"Gruppo Lampo","description":"","publisher":{"@id":"https:\/\/www.lampogroup.it\/it\/#organization"},"potentialAction":[{"@type":"SearchAction","target":{"@type":"EntryPoint","urlTemplate":"https:\/\/www.lampogroup.it\/it\/?s={search_term_string}"},"query-input":{"@type":"PropertyValueSpecification","valueRequired":true,"valueName":"search_term_string"}}],"inLanguage":"de"},{"@type":"Organization","@id":"https:\/\/www.lampogroup.it\/it\/#organization","name":"Gruppo Lampo","url":"https:\/\/www.lampogroup.it\/it\/","logo":{"@type":"ImageObject","inLanguage":"de","@id":"https:\/\/www.lampogroup.it\/it\/#\/schema\/logo\/image\/","url":"https:\/\/www.lampogroup.it\/wp-content\/uploads\/2023\/05\/lampo-group-1.svg","contentUrl":"https:\/\/www.lampogroup.it\/wp-content\/uploads\/2023\/05\/lampo-group-1.svg","width":1,"height":1,"caption":"Gruppo Lampo"},"image":{"@id":"https:\/\/www.lampogroup.it\/it\/#\/schema\/logo\/image\/"},"sameAs":["https:\/\/www.facebook.com\/p\/Lampo-Group-100063678903798"]}]}},"_links":{"self":[{"href":"https:\/\/www.lampogroup.it\/de\/wp-json\/wp\/v2\/pages\/823","targetHints":{"allow":["GET"]}}],"collection":[{"href":"https:\/\/www.lampogroup.it\/de\/wp-json\/wp\/v2\/pages"}],"about":[{"href":"https:\/\/www.lampogroup.it\/de\/wp-json\/wp\/v2\/types\/page"}],"author":[{"embeddable":true,"href":"https:\/\/www.lampogroup.it\/de\/wp-json\/wp\/v2\/users\/1"}],"replies":[{"embeddable":true,"href":"https:\/\/www.lampogroup.it\/de\/wp-json\/wp\/v2\/comments?post=823"}],"version-history":[{"count":2,"href":"https:\/\/www.lampogroup.it\/de\/wp-json\/wp\/v2\/pages\/823\/revisions"}],"predecessor-version":[{"id":829,"href":"https:\/\/www.lampogroup.it\/de\/wp-json\/wp\/v2\/pages\/823\/revisions\/829"}],"up":[{"embeddable":true,"href":"https:\/\/www.lampogroup.it\/de\/wp-json\/wp\/v2\/pages\/816"}],"wp:featuredmedia":[{"embeddable":true,"href":"https:\/\/www.lampogroup.it\/de\/wp-json\/wp\/v2\/media\/354"}],"wp:attachment":[{"href":"https:\/\/www.lampogroup.it\/de\/wp-json\/wp\/v2\/media?parent=823"}],"curies":[{"name":"wp","href":"https:\/\/api.w.org\/{rel}","templated":true}]}}