{"id":754,"date":"2023-05-23T11:56:54","date_gmt":"2023-05-23T09:56:54","guid":{"rendered":"https:\/\/www.lampogroup.it\/strandurlaub-norditalien-caorle\/hotel-maregolf-4-stelle\/"},"modified":"2023-06-12T17:46:59","modified_gmt":"2023-06-12T15:46:59","slug":"hotel-maregolf-4-sterne","status":"publish","type":"page","link":"https:\/\/www.lampogroup.it\/de\/strandurlaub-norditalien-caorle\/hotel-maregolf-4-sterne\/","title":{"rendered":"Hotel Maregolf **** <br \/> Caorle Lido Altanea &#8211; Venedig"},"content":{"rendered":"\n<p>F\u00fcr den Familienurlaub geeignet mit Kontakt zur Natur und zum Sport. Das Hotel Maregolf liegt neben dem Golfplatz und in der N\u00e4he den neuen Sportpl\u00e4tzen von Altanea. Es ist geeignet f\u00fcr alle, die einen erholsamen Urlaub m\u00f6chten, aber zur gleichen Zeit Unterhaltung und Spa\u00df erleben m\u00f6chten&#8230;<\/p>\n","protected":false},"excerpt":{"rendered":"<p>F\u00fcr den Familienurlaub geeignet mit Kontakt zur Natur und zum Sport. Das Hotel Maregolf liegt neben dem Golfplatz und in der N\u00e4he den neuen Sportpl\u00e4tzen von Altanea. Es ist geeignet f\u00fcr alle, die einen erholsamen Urlaub m\u00f6chten, aber zur gleichen Zeit Unterhaltung und Spa\u00df erleben m\u00f6chten&#8230;<\/p>\n","protected":false},"author":1,"featured_media":302,"parent":702,"menu_order":0,"comment_status":"closed","ping_status":"closed","template":"","meta":{"_acf_changed":false,"footnotes":""},"class_list":["post-754","page","type-page","status-publish","has-post-thumbnail","hentry"],"acf":[],"yoast_head":"<!-- This site is optimized with the Yoast SEO plugin v27.3 - https:\/\/yoast.com\/product\/yoast-seo-wordpress\/ -->\n<title>Hotel Maregolf ****  Caorle Lido Altanea - Venedig - Gruppo Lampo<\/title>\n<meta name=\"robots\" content=\"index, follow, max-snippet:-1, max-image-preview:large, max-video-preview:-1\" \/>\n<link rel=\"canonical\" href=\"https:\/\/www.lampogroup.it\/de\/strandurlaub-norditalien-caorle\/hotel-maregolf-4-sterne\/\" \/>\n<meta property=\"og:locale\" content=\"de_DE\" \/>\n<meta property=\"og:type\" content=\"article\" \/>\n<meta property=\"og:title\" content=\"Hotel Maregolf ****  Caorle Lido Altanea - Venedig - Gruppo Lampo\" \/>\n<meta property=\"og:description\" content=\"F\u00fcr den Familienurlaub geeignet mit Kontakt zur Natur und zum Sport. Das Hotel Maregolf liegt neben dem Golfplatz und in der N\u00e4he den neuen Sportpl\u00e4tzen von Altanea. Es ist geeignet f\u00fcr alle, die einen erholsamen Urlaub m\u00f6chten, aber zur gleichen Zeit Unterhaltung und Spa\u00df erleben m\u00f6chten&#8230;\" \/>\n<meta property=\"og:url\" content=\"https:\/\/www.lampogroup.it\/de\/strandurlaub-norditalien-caorle\/hotel-maregolf-4-sterne\/\" \/>\n<meta property=\"og:site_name\" content=\"Gruppo Lampo\" \/>\n<meta property=\"article:publisher\" content=\"https:\/\/www.facebook.com\/p\/Lampo-Group-100063678903798\" \/>\n<meta property=\"article:modified_time\" content=\"2023-06-12T15:46:59+00:00\" \/>\n<meta property=\"og:image\" content=\"https:\/\/www.lampogroup.it\/wp-content\/uploads\/2023\/05\/Hotel-Maregolf-hotel-14.webp\" \/>\n\t<meta property=\"og:image:width\" content=\"1900\" \/>\n\t<meta property=\"og:image:height\" content=\"1280\" \/>\n\t<meta property=\"og:image:type\" content=\"image\/webp\" \/>\n<script type=\"application\/ld+json\" class=\"yoast-schema-graph\">{\"@context\":\"https:\\\/\\\/schema.org\",\"@graph\":[{\"@type\":\"WebPage\",\"@id\":\"https:\\\/\\\/www.lampogroup.it\\\/de\\\/strandurlaub-norditalien-caorle\\\/hotel-maregolf-4-sterne\\\/\",\"url\":\"https:\\\/\\\/www.lampogroup.it\\\/de\\\/strandurlaub-norditalien-caorle\\\/hotel-maregolf-4-sterne\\\/\",\"name\":\"Hotel Maregolf **** Caorle Lido Altanea - Venedig - Gruppo Lampo\",\"isPartOf\":{\"@id\":\"https:\\\/\\\/www.lampogroup.it\\\/it\\\/#website\"},\"primaryImageOfPage\":{\"@id\":\"https:\\\/\\\/www.lampogroup.it\\\/de\\\/strandurlaub-norditalien-caorle\\\/hotel-maregolf-4-sterne\\\/#primaryimage\"},\"image\":{\"@id\":\"https:\\\/\\\/www.lampogroup.it\\\/de\\\/strandurlaub-norditalien-caorle\\\/hotel-maregolf-4-sterne\\\/#primaryimage\"},\"thumbnailUrl\":\"https:\\\/\\\/www.lampogroup.it\\\/wp-content\\\/uploads\\\/2023\\\/05\\\/Hotel-Maregolf-hotel-14.webp\",\"datePublished\":\"2023-05-23T09:56:54+00:00\",\"dateModified\":\"2023-06-12T15:46:59+00:00\",\"breadcrumb\":{\"@id\":\"https:\\\/\\\/www.lampogroup.it\\\/de\\\/strandurlaub-norditalien-caorle\\\/hotel-maregolf-4-sterne\\\/#breadcrumb\"},\"inLanguage\":\"de\",\"potentialAction\":[{\"@type\":\"ReadAction\",\"target\":[\"https:\\\/\\\/www.lampogroup.it\\\/de\\\/strandurlaub-norditalien-caorle\\\/hotel-maregolf-4-sterne\\\/\"]}]},{\"@type\":\"ImageObject\",\"inLanguage\":\"de\",\"@id\":\"https:\\\/\\\/www.lampogroup.it\\\/de\\\/strandurlaub-norditalien-caorle\\\/hotel-maregolf-4-sterne\\\/#primaryimage\",\"url\":\"https:\\\/\\\/www.lampogroup.it\\\/wp-content\\\/uploads\\\/2023\\\/05\\\/Hotel-Maregolf-hotel-14.webp\",\"contentUrl\":\"https:\\\/\\\/www.lampogroup.it\\\/wp-content\\\/uploads\\\/2023\\\/05\\\/Hotel-Maregolf-hotel-14.webp\",\"width\":1900,\"height\":1280},{\"@type\":\"BreadcrumbList\",\"@id\":\"https:\\\/\\\/www.lampogroup.it\\\/de\\\/strandurlaub-norditalien-caorle\\\/hotel-maregolf-4-sterne\\\/#breadcrumb\",\"itemListElement\":[{\"@type\":\"ListItem\",\"position\":1,\"name\":\"Home\",\"item\":\"https:\\\/\\\/www.lampogroup.it\\\/de\\\/\"},{\"@type\":\"ListItem\",\"position\":2,\"name\":\"Strandurlaub Norditalien Caorle\",\"item\":\"https:\\\/\\\/www.lampogroup.it\\\/de\\\/strandurlaub-norditalien-caorle\\\/\"},{\"@type\":\"ListItem\",\"position\":3,\"name\":\"Hotel Maregolf **** Caorle Lido Altanea &#8211; Venedig\"}]},{\"@type\":\"WebSite\",\"@id\":\"https:\\\/\\\/www.lampogroup.it\\\/it\\\/#website\",\"url\":\"https:\\\/\\\/www.lampogroup.it\\\/it\\\/\",\"name\":\"Gruppo Lampo\",\"description\":\"\",\"publisher\":{\"@id\":\"https:\\\/\\\/www.lampogroup.it\\\/it\\\/#organization\"},\"potentialAction\":[{\"@type\":\"SearchAction\",\"target\":{\"@type\":\"EntryPoint\",\"urlTemplate\":\"https:\\\/\\\/www.lampogroup.it\\\/it\\\/?s={search_term_string}\"},\"query-input\":{\"@type\":\"PropertyValueSpecification\",\"valueRequired\":true,\"valueName\":\"search_term_string\"}}],\"inLanguage\":\"de\"},{\"@type\":\"Organization\",\"@id\":\"https:\\\/\\\/www.lampogroup.it\\\/it\\\/#organization\",\"name\":\"Gruppo Lampo\",\"url\":\"https:\\\/\\\/www.lampogroup.it\\\/it\\\/\",\"logo\":{\"@type\":\"ImageObject\",\"inLanguage\":\"de\",\"@id\":\"https:\\\/\\\/www.lampogroup.it\\\/it\\\/#\\\/schema\\\/logo\\\/image\\\/\",\"url\":\"https:\\\/\\\/www.lampogroup.it\\\/wp-content\\\/uploads\\\/2023\\\/05\\\/lampo-group-1.svg\",\"contentUrl\":\"https:\\\/\\\/www.lampogroup.it\\\/wp-content\\\/uploads\\\/2023\\\/05\\\/lampo-group-1.svg\",\"width\":1,\"height\":1,\"caption\":\"Gruppo Lampo\"},\"image\":{\"@id\":\"https:\\\/\\\/www.lampogroup.it\\\/it\\\/#\\\/schema\\\/logo\\\/image\\\/\"},\"sameAs\":[\"https:\\\/\\\/www.facebook.com\\\/p\\\/Lampo-Group-100063678903798\"]}]}<\/script>\n<!-- \/ Yoast SEO plugin. -->","yoast_head_json":{"title":"Hotel Maregolf ****  Caorle Lido Altanea - Venedig - Gruppo Lampo","robots":{"index":"index","follow":"follow","max-snippet":"max-snippet:-1","max-image-preview":"max-image-preview:large","max-video-preview":"max-video-preview:-1"},"canonical":"https:\/\/www.lampogroup.it\/de\/strandurlaub-norditalien-caorle\/hotel-maregolf-4-sterne\/","og_locale":"de_DE","og_type":"article","og_title":"Hotel Maregolf ****  Caorle Lido Altanea - Venedig - Gruppo Lampo","og_description":"F\u00fcr den Familienurlaub geeignet mit Kontakt zur Natur und zum Sport. Das Hotel Maregolf liegt neben dem Golfplatz und in der N\u00e4he den neuen Sportpl\u00e4tzen von Altanea. Es ist geeignet f\u00fcr alle, die einen erholsamen Urlaub m\u00f6chten, aber zur gleichen Zeit Unterhaltung und Spa\u00df erleben m\u00f6chten&#8230;","og_url":"https:\/\/www.lampogroup.it\/de\/strandurlaub-norditalien-caorle\/hotel-maregolf-4-sterne\/","og_site_name":"Gruppo Lampo","article_publisher":"https:\/\/www.facebook.com\/p\/Lampo-Group-100063678903798","article_modified_time":"2023-06-12T15:46:59+00:00","og_image":[{"width":1900,"height":1280,"url":"https:\/\/www.lampogroup.it\/wp-content\/uploads\/2023\/05\/Hotel-Maregolf-hotel-14.webp","type":"image\/webp"}],"schema":{"@context":"https:\/\/schema.org","@graph":[{"@type":"WebPage","@id":"https:\/\/www.lampogroup.it\/de\/strandurlaub-norditalien-caorle\/hotel-maregolf-4-sterne\/","url":"https:\/\/www.lampogroup.it\/de\/strandurlaub-norditalien-caorle\/hotel-maregolf-4-sterne\/","name":"Hotel Maregolf **** Caorle Lido Altanea - Venedig - Gruppo Lampo","isPartOf":{"@id":"https:\/\/www.lampogroup.it\/it\/#website"},"primaryImageOfPage":{"@id":"https:\/\/www.lampogroup.it\/de\/strandurlaub-norditalien-caorle\/hotel-maregolf-4-sterne\/#primaryimage"},"image":{"@id":"https:\/\/www.lampogroup.it\/de\/strandurlaub-norditalien-caorle\/hotel-maregolf-4-sterne\/#primaryimage"},"thumbnailUrl":"https:\/\/www.lampogroup.it\/wp-content\/uploads\/2023\/05\/Hotel-Maregolf-hotel-14.webp","datePublished":"2023-05-23T09:56:54+00:00","dateModified":"2023-06-12T15:46:59+00:00","breadcrumb":{"@id":"https:\/\/www.lampogroup.it\/de\/strandurlaub-norditalien-caorle\/hotel-maregolf-4-sterne\/#breadcrumb"},"inLanguage":"de","potentialAction":[{"@type":"ReadAction","target":["https:\/\/www.lampogroup.it\/de\/strandurlaub-norditalien-caorle\/hotel-maregolf-4-sterne\/"]}]},{"@type":"ImageObject","inLanguage":"de","@id":"https:\/\/www.lampogroup.it\/de\/strandurlaub-norditalien-caorle\/hotel-maregolf-4-sterne\/#primaryimage","url":"https:\/\/www.lampogroup.it\/wp-content\/uploads\/2023\/05\/Hotel-Maregolf-hotel-14.webp","contentUrl":"https:\/\/www.lampogroup.it\/wp-content\/uploads\/2023\/05\/Hotel-Maregolf-hotel-14.webp","width":1900,"height":1280},{"@type":"BreadcrumbList","@id":"https:\/\/www.lampogroup.it\/de\/strandurlaub-norditalien-caorle\/hotel-maregolf-4-sterne\/#breadcrumb","itemListElement":[{"@type":"ListItem","position":1,"name":"Home","item":"https:\/\/www.lampogroup.it\/de\/"},{"@type":"ListItem","position":2,"name":"Strandurlaub Norditalien Caorle","item":"https:\/\/www.lampogroup.it\/de\/strandurlaub-norditalien-caorle\/"},{"@type":"ListItem","position":3,"name":"Hotel Maregolf **** Caorle Lido Altanea &#8211; Venedig"}]},{"@type":"WebSite","@id":"https:\/\/www.lampogroup.it\/it\/#website","url":"https:\/\/www.lampogroup.it\/it\/","name":"Gruppo Lampo","description":"","publisher":{"@id":"https:\/\/www.lampogroup.it\/it\/#organization"},"potentialAction":[{"@type":"SearchAction","target":{"@type":"EntryPoint","urlTemplate":"https:\/\/www.lampogroup.it\/it\/?s={search_term_string}"},"query-input":{"@type":"PropertyValueSpecification","valueRequired":true,"valueName":"search_term_string"}}],"inLanguage":"de"},{"@type":"Organization","@id":"https:\/\/www.lampogroup.it\/it\/#organization","name":"Gruppo Lampo","url":"https:\/\/www.lampogroup.it\/it\/","logo":{"@type":"ImageObject","inLanguage":"de","@id":"https:\/\/www.lampogroup.it\/it\/#\/schema\/logo\/image\/","url":"https:\/\/www.lampogroup.it\/wp-content\/uploads\/2023\/05\/lampo-group-1.svg","contentUrl":"https:\/\/www.lampogroup.it\/wp-content\/uploads\/2023\/05\/lampo-group-1.svg","width":1,"height":1,"caption":"Gruppo Lampo"},"image":{"@id":"https:\/\/www.lampogroup.it\/it\/#\/schema\/logo\/image\/"},"sameAs":["https:\/\/www.facebook.com\/p\/Lampo-Group-100063678903798"]}]}},"_links":{"self":[{"href":"https:\/\/www.lampogroup.it\/de\/wp-json\/wp\/v2\/pages\/754","targetHints":{"allow":["GET"]}}],"collection":[{"href":"https:\/\/www.lampogroup.it\/de\/wp-json\/wp\/v2\/pages"}],"about":[{"href":"https:\/\/www.lampogroup.it\/de\/wp-json\/wp\/v2\/types\/page"}],"author":[{"embeddable":true,"href":"https:\/\/www.lampogroup.it\/de\/wp-json\/wp\/v2\/users\/1"}],"replies":[{"embeddable":true,"href":"https:\/\/www.lampogroup.it\/de\/wp-json\/wp\/v2\/comments?post=754"}],"version-history":[{"count":4,"href":"https:\/\/www.lampogroup.it\/de\/wp-json\/wp\/v2\/pages\/754\/revisions"}],"predecessor-version":[{"id":763,"href":"https:\/\/www.lampogroup.it\/de\/wp-json\/wp\/v2\/pages\/754\/revisions\/763"}],"up":[{"embeddable":true,"href":"https:\/\/www.lampogroup.it\/de\/wp-json\/wp\/v2\/pages\/702"}],"wp:featuredmedia":[{"embeddable":true,"href":"https:\/\/www.lampogroup.it\/de\/wp-json\/wp\/v2\/media\/302"}],"wp:attachment":[{"href":"https:\/\/www.lampogroup.it\/de\/wp-json\/wp\/v2\/media?parent=754"}],"curies":[{"name":"wp","href":"https:\/\/api.w.org\/{rel}","templated":true}]}}