{"id":702,"date":"2023-05-23T11:19:06","date_gmt":"2023-05-23T09:19:06","guid":{"rendered":"https:\/\/www.lampogroup.it\/le-strutture\/"},"modified":"2023-10-16T12:32:37","modified_gmt":"2023-10-16T10:32:37","slug":"strandurlaub-norditalien-caorle","status":"publish","type":"page","link":"https:\/\/www.lampogroup.it\/de\/strandurlaub-norditalien-caorle\/","title":{"rendered":"Strandurlaub Norditalien Caorle"},"content":{"rendered":"\n<p>An der obere Adriak\u00fcste, wo sich mehrere Anlagen der Gruppe &#8211; Lampo befinden, gibt es verschiedene geeignete Reiseziele f\u00fcr all diejenigen, die Relaxen wollen oder auch zur gleichen Zeit ihre Lieblings Sportarten durch f\u00fchren m\u00f6chten.<\/p>\n\n\n\n<p>Einen Wellness Urlaub mit deiner Familie so gibt es sch\u00f6ne, Augenblicke, eine sch\u00f6ne Zeit f\u00fcr Erholung und Spa\u00df.<\/p>\n\n\n\n<p>F\u00fcr alle Kinder finden Sie in unseren Hotels- Campingpl\u00e4tze, Animationsm\u00f6glichkeiten mit Unterhaltung und Betreuung.<\/p>\n","protected":false},"excerpt":{"rendered":"<p>An der obere Adriak\u00fcste, wo sich mehrere Anlagen der Gruppe &#8211; Lampo befinden, gibt es verschiedene geeignete Reiseziele f\u00fcr all diejenigen, die Relaxen wollen oder auch zur gleichen Zeit ihre Lieblings Sportarten durch f\u00fchren m\u00f6chten. Einen Wellness Urlaub mit deiner Familie so gibt es sch\u00f6ne, Augenblicke, eine sch\u00f6ne Zeit f\u00fcr Erholung und Spa\u00df. F\u00fcr alle [&hellip;]<\/p>\n","protected":false},"author":1,"featured_media":0,"parent":0,"menu_order":0,"comment_status":"closed","ping_status":"closed","template":"template-structure-list.php","meta":{"_acf_changed":false,"footnotes":""},"class_list":["post-702","page","type-page","status-publish","hentry"],"acf":[],"yoast_head":"<!-- This site is optimized with the Yoast SEO plugin v27.3 - https:\/\/yoast.com\/product\/yoast-seo-wordpress\/ -->\n<title>Strandurlaub Norditalien Caorle mit Lampo Group<\/title>\n<meta name=\"description\" content=\"Suchen Sie Strukturen f\u00fcr Ihren Strandurlaub in Norditalien in Caorle? Entdecken Sie die Hotels und die Campingpl\u00e4tze der Lampo Group\" \/>\n<meta name=\"robots\" content=\"index, follow, max-snippet:-1, max-image-preview:large, max-video-preview:-1\" \/>\n<link rel=\"canonical\" href=\"https:\/\/www.lampogroup.it\/de\/strandurlaub-norditalien-caorle\/\" \/>\n<meta property=\"og:locale\" content=\"de_DE\" \/>\n<meta property=\"og:type\" content=\"article\" \/>\n<meta property=\"og:title\" content=\"Strandurlaub Norditalien Caorle mit Lampo Group\" \/>\n<meta property=\"og:description\" content=\"Suchen Sie Strukturen f\u00fcr Ihren Strandurlaub in Norditalien in Caorle? Entdecken Sie die Hotels und die Campingpl\u00e4tze der Lampo Group\" \/>\n<meta property=\"og:url\" content=\"https:\/\/www.lampogroup.it\/de\/strandurlaub-norditalien-caorle\/\" \/>\n<meta property=\"og:site_name\" content=\"Gruppo Lampo\" \/>\n<meta property=\"article:publisher\" content=\"https:\/\/www.facebook.com\/p\/Lampo-Group-100063678903798\" \/>\n<meta property=\"article:modified_time\" content=\"2023-10-16T10:32:37+00:00\" \/>\n<script type=\"application\/ld+json\" class=\"yoast-schema-graph\">{\"@context\":\"https:\\\/\\\/schema.org\",\"@graph\":[{\"@type\":\"WebPage\",\"@id\":\"https:\\\/\\\/www.lampogroup.it\\\/de\\\/strandurlaub-norditalien-caorle\\\/\",\"url\":\"https:\\\/\\\/www.lampogroup.it\\\/de\\\/strandurlaub-norditalien-caorle\\\/\",\"name\":\"Strandurlaub Norditalien Caorle mit Lampo Group\",\"isPartOf\":{\"@id\":\"https:\\\/\\\/www.lampogroup.it\\\/it\\\/#website\"},\"datePublished\":\"2023-05-23T09:19:06+00:00\",\"dateModified\":\"2023-10-16T10:32:37+00:00\",\"description\":\"Suchen Sie Strukturen f\u00fcr Ihren Strandurlaub in Norditalien in Caorle? Entdecken Sie die Hotels und die Campingpl\u00e4tze der Lampo Group\",\"breadcrumb\":{\"@id\":\"https:\\\/\\\/www.lampogroup.it\\\/de\\\/strandurlaub-norditalien-caorle\\\/#breadcrumb\"},\"inLanguage\":\"de\",\"potentialAction\":[{\"@type\":\"ReadAction\",\"target\":[\"https:\\\/\\\/www.lampogroup.it\\\/de\\\/strandurlaub-norditalien-caorle\\\/\"]}]},{\"@type\":\"BreadcrumbList\",\"@id\":\"https:\\\/\\\/www.lampogroup.it\\\/de\\\/strandurlaub-norditalien-caorle\\\/#breadcrumb\",\"itemListElement\":[{\"@type\":\"ListItem\",\"position\":1,\"name\":\"Home\",\"item\":\"https:\\\/\\\/www.lampogroup.it\\\/de\\\/\"},{\"@type\":\"ListItem\",\"position\":2,\"name\":\"Strandurlaub Norditalien Caorle\"}]},{\"@type\":\"WebSite\",\"@id\":\"https:\\\/\\\/www.lampogroup.it\\\/it\\\/#website\",\"url\":\"https:\\\/\\\/www.lampogroup.it\\\/it\\\/\",\"name\":\"Gruppo Lampo\",\"description\":\"\",\"publisher\":{\"@id\":\"https:\\\/\\\/www.lampogroup.it\\\/it\\\/#organization\"},\"potentialAction\":[{\"@type\":\"SearchAction\",\"target\":{\"@type\":\"EntryPoint\",\"urlTemplate\":\"https:\\\/\\\/www.lampogroup.it\\\/it\\\/?s={search_term_string}\"},\"query-input\":{\"@type\":\"PropertyValueSpecification\",\"valueRequired\":true,\"valueName\":\"search_term_string\"}}],\"inLanguage\":\"de\"},{\"@type\":\"Organization\",\"@id\":\"https:\\\/\\\/www.lampogroup.it\\\/it\\\/#organization\",\"name\":\"Gruppo Lampo\",\"url\":\"https:\\\/\\\/www.lampogroup.it\\\/it\\\/\",\"logo\":{\"@type\":\"ImageObject\",\"inLanguage\":\"de\",\"@id\":\"https:\\\/\\\/www.lampogroup.it\\\/it\\\/#\\\/schema\\\/logo\\\/image\\\/\",\"url\":\"https:\\\/\\\/www.lampogroup.it\\\/wp-content\\\/uploads\\\/2023\\\/05\\\/lampo-group-1.svg\",\"contentUrl\":\"https:\\\/\\\/www.lampogroup.it\\\/wp-content\\\/uploads\\\/2023\\\/05\\\/lampo-group-1.svg\",\"width\":1,\"height\":1,\"caption\":\"Gruppo Lampo\"},\"image\":{\"@id\":\"https:\\\/\\\/www.lampogroup.it\\\/it\\\/#\\\/schema\\\/logo\\\/image\\\/\"},\"sameAs\":[\"https:\\\/\\\/www.facebook.com\\\/p\\\/Lampo-Group-100063678903798\"]}]}<\/script>\n<!-- \/ Yoast SEO plugin. -->","yoast_head_json":{"title":"Strandurlaub Norditalien Caorle mit Lampo Group","description":"Suchen Sie Strukturen f\u00fcr Ihren Strandurlaub in Norditalien in Caorle? Entdecken Sie die Hotels und die Campingpl\u00e4tze der Lampo Group","robots":{"index":"index","follow":"follow","max-snippet":"max-snippet:-1","max-image-preview":"max-image-preview:large","max-video-preview":"max-video-preview:-1"},"canonical":"https:\/\/www.lampogroup.it\/de\/strandurlaub-norditalien-caorle\/","og_locale":"de_DE","og_type":"article","og_title":"Strandurlaub Norditalien Caorle mit Lampo Group","og_description":"Suchen Sie Strukturen f\u00fcr Ihren Strandurlaub in Norditalien in Caorle? Entdecken Sie die Hotels und die Campingpl\u00e4tze der Lampo Group","og_url":"https:\/\/www.lampogroup.it\/de\/strandurlaub-norditalien-caorle\/","og_site_name":"Gruppo Lampo","article_publisher":"https:\/\/www.facebook.com\/p\/Lampo-Group-100063678903798","article_modified_time":"2023-10-16T10:32:37+00:00","schema":{"@context":"https:\/\/schema.org","@graph":[{"@type":"WebPage","@id":"https:\/\/www.lampogroup.it\/de\/strandurlaub-norditalien-caorle\/","url":"https:\/\/www.lampogroup.it\/de\/strandurlaub-norditalien-caorle\/","name":"Strandurlaub Norditalien Caorle mit Lampo Group","isPartOf":{"@id":"https:\/\/www.lampogroup.it\/it\/#website"},"datePublished":"2023-05-23T09:19:06+00:00","dateModified":"2023-10-16T10:32:37+00:00","description":"Suchen Sie Strukturen f\u00fcr Ihren Strandurlaub in Norditalien in Caorle? Entdecken Sie die Hotels und die Campingpl\u00e4tze der Lampo Group","breadcrumb":{"@id":"https:\/\/www.lampogroup.it\/de\/strandurlaub-norditalien-caorle\/#breadcrumb"},"inLanguage":"de","potentialAction":[{"@type":"ReadAction","target":["https:\/\/www.lampogroup.it\/de\/strandurlaub-norditalien-caorle\/"]}]},{"@type":"BreadcrumbList","@id":"https:\/\/www.lampogroup.it\/de\/strandurlaub-norditalien-caorle\/#breadcrumb","itemListElement":[{"@type":"ListItem","position":1,"name":"Home","item":"https:\/\/www.lampogroup.it\/de\/"},{"@type":"ListItem","position":2,"name":"Strandurlaub Norditalien Caorle"}]},{"@type":"WebSite","@id":"https:\/\/www.lampogroup.it\/it\/#website","url":"https:\/\/www.lampogroup.it\/it\/","name":"Gruppo Lampo","description":"","publisher":{"@id":"https:\/\/www.lampogroup.it\/it\/#organization"},"potentialAction":[{"@type":"SearchAction","target":{"@type":"EntryPoint","urlTemplate":"https:\/\/www.lampogroup.it\/it\/?s={search_term_string}"},"query-input":{"@type":"PropertyValueSpecification","valueRequired":true,"valueName":"search_term_string"}}],"inLanguage":"de"},{"@type":"Organization","@id":"https:\/\/www.lampogroup.it\/it\/#organization","name":"Gruppo Lampo","url":"https:\/\/www.lampogroup.it\/it\/","logo":{"@type":"ImageObject","inLanguage":"de","@id":"https:\/\/www.lampogroup.it\/it\/#\/schema\/logo\/image\/","url":"https:\/\/www.lampogroup.it\/wp-content\/uploads\/2023\/05\/lampo-group-1.svg","contentUrl":"https:\/\/www.lampogroup.it\/wp-content\/uploads\/2023\/05\/lampo-group-1.svg","width":1,"height":1,"caption":"Gruppo Lampo"},"image":{"@id":"https:\/\/www.lampogroup.it\/it\/#\/schema\/logo\/image\/"},"sameAs":["https:\/\/www.facebook.com\/p\/Lampo-Group-100063678903798"]}]}},"_links":{"self":[{"href":"https:\/\/www.lampogroup.it\/de\/wp-json\/wp\/v2\/pages\/702","targetHints":{"allow":["GET"]}}],"collection":[{"href":"https:\/\/www.lampogroup.it\/de\/wp-json\/wp\/v2\/pages"}],"about":[{"href":"https:\/\/www.lampogroup.it\/de\/wp-json\/wp\/v2\/types\/page"}],"author":[{"embeddable":true,"href":"https:\/\/www.lampogroup.it\/de\/wp-json\/wp\/v2\/users\/1"}],"replies":[{"embeddable":true,"href":"https:\/\/www.lampogroup.it\/de\/wp-json\/wp\/v2\/comments?post=702"}],"version-history":[{"count":5,"href":"https:\/\/www.lampogroup.it\/de\/wp-json\/wp\/v2\/pages\/702\/revisions"}],"predecessor-version":[{"id":713,"href":"https:\/\/www.lampogroup.it\/de\/wp-json\/wp\/v2\/pages\/702\/revisions\/713"}],"wp:attachment":[{"href":"https:\/\/www.lampogroup.it\/de\/wp-json\/wp\/v2\/media?parent=702"}],"curies":[{"name":"wp","href":"https:\/\/api.w.org\/{rel}","templated":true}]}}