{"id":601,"date":"2023-05-23T11:16:36","date_gmt":"2023-05-23T09:16:36","guid":{"rendered":"https:\/\/www.lampogroup.it\/condizioni-duso\/"},"modified":"2023-06-14T15:57:09","modified_gmt":"2023-06-14T13:57:09","slug":"nutzungsbedingungen","status":"publish","type":"page","link":"https:\/\/www.lampogroup.it\/de\/nutzungsbedingungen\/","title":{"rendered":"Nutzungsbedingungen"},"content":{"rendered":"\n<p>Das Portal Portale Lampo Group umfasst verschiedene Webseiten, die von Portale Lampo Group betrieben werden.<\/p>\n\n\n\n<p>Der Zugriff auf das Portal Portale Lampo Group wird Ihnen unter der Bedingung gew\u00e4hrt, dass Sie die folgenden Bedingungen ohne \u00c4nderungen akzeptieren. Ihre Nutzung des Portals Portale Lampo Group stellt die uneingeschr\u00e4nkte Zustimmung zu diesen Bedingungen dar.<\/p>\n\n\n\n<h3 class=\"wp-block-heading\">\u00c4nderung der Nutzungsbedingungen<\/h3>\n\n\n\n<p>Das Portal Portale Lampo Group beh\u00e4lt sich das Recht vor, die Nutzungsbedingungen f\u00fcr das Portal zu \u00e4ndern, dies betrifft auch &#8211; aber nicht ausschlie\u00dflich &#8211; die Nutzungsgeb\u00fchren f\u00fcr das Portal.<\/p>\n\n\n\n<h3 class=\"wp-block-heading\">Weiterf\u00fchrende Links auf Web-Seiten Dritter<\/h3>\n\n\n\n<p>Das Portal Portale Lampo Group kann Links auf externe Webseiten (&#8222;verlinkte Seiten&#8220;) enthalten. Die verlinkten Seiten stehen nicht unter der Kontrolle von Portale Lampo Group und Portale Lampo Group ist nicht f\u00fcr den Inhalt einer verlinkten Seite verantwortlich und \u00fcbernimmt keinerlei Verantwortung f\u00fcr deren Links oder Aktualisierungen. Portale Lampo Group ist nicht verantwortlich f\u00fcr Weiterleitungen aller Art von verlinkten Seiten. Portale Lampo Group bietet diese Links nur als weiterf\u00fchrende Informationen, ohne sich die Inhalte zu Eigen zu machen.<\/p>\n\n\n\n<h3 class=\"wp-block-heading\">Unerlaubte Nutzung und Gesetzes\u00fcbertretungen<\/h3>\n\n\n\n<p>Als Bedingung f\u00fcr die Nutzung des Portals Portale Lampo Group versichern Sie gegen\u00fcber Portale Lampo Group, diese nicht zur Aus\u00fcbung von Gesetzesverst\u00f6\u00dfen oder unerlaubten Handlungen zu einzusetzen oder gegen die Nutzungsbedingungen zu versto\u00dfen. Es ist Ihnen untersagt, das Portal Portale Lampo Group in irgendeiner Art und Weise zu benutzen, die Schaden oder \u00dcberlastung hervorruft, oder die Seite au\u00dfer Betrieb setzt, oder die Zusammenarbeit mit anderen Gesellschaften st\u00f6rt, oder die Nutzung des Portals Portale Lampo Group beeintr\u00e4chtigt. Es ist Ihnen nicht gestattet, Material oder Informationen jeglicher Art abzurufen, die von Portale Lampo Group nicht explizit verf\u00fcgbar gemacht wurden.<\/p>\n\n\n\n<h3 class=\"wp-block-heading\">Nutzung von Kommunikationsdiensten<\/h3>\n\n\n\n<p>Soweit das Portal Portale Lampo Group eine Anschlagstafel (Pinnwand), Chat-R\u00e4ume, News-Groups, Diskussionsforen, Communities, pers\u00f6nliche Webseiten, Kalender und\/oder weitere Nachrichten oder Kommunikationsbereiche enth\u00e4lt, die dazu bestimmt sind, mit der \u00d6ffentlichkeit zu kommunizieren, (zusammengefasst als &#8222;Kommunikationsdienste&#8220; bezeichnet), stimmen Sie zu, diese Kommunikationsdienste ausschlie\u00dflich zu benutzen, um Nachrichten auszutauschen und Material zu verwenden, das der Zielsetzung des Kommunikationsdienstes entspricht. So stimmen sie unter anderen zu, die Kommunikationsdienste nicht zu verwenden, um:<\/p>\n\n\n\n<ul class=\"list-item wp-block-list\">\n<li>Entehrende, bel\u00e4stigende, drohende oder anderweitig gewaltt\u00e4tige \u00c4u\u00dferungen vorzunehmen, die legale Rechte anderer (nat\u00fcrlicher oder juristischer) Personen beeintr\u00e4chtigen.<\/li>\n\n\n\n<li>Material oder Informationen zu ver\u00f6ffentlichen, zu versenden, hoch zu laden oder zu verbreiten, die unangebrachte, gottesl\u00e4sterliche, entehrende, verletzende, obsz\u00f6ne, unanst\u00e4ndige oder ungesetzliche Inhalte umfassen.<\/li>\n\n\n\n<li>Dateien hoch zu laden, die Software oder andere Materialien enthalten, die urheberrechtlich gesch\u00fctzt sind oder das Recht auf Privatsph\u00e4re verletzen, sofern Sie nicht die entsprechenden Nutzungsrechte besitzen oder \u00fcber das notwendige Einverst\u00e4ndnis verf\u00fcgen.<\/li>\n\n\n\n<li>Dateien hoch zu laden, die Viren, besch\u00e4digte Daten oder anderweitig sch\u00e4digende Programme enthalten.<\/li>\n\n\n\n<li>Werbung oder Angebote f\u00fcr jeglichen Kauf oder Verkauf von G\u00fctern oder Dienstleistungen im Sinne gesch\u00e4ftsm\u00e4\u00dfigen Handels zu offerieren, sofern dies nicht vom verwendeten Kommunikationsdienst ausdr\u00fccklich erlaubt ist.<\/li>\n\n\n\n<li>Umfragen, Wettbewerbe, Preisausschreiben oder Kettenbriefe durchzuf\u00fchren oder weiterzuleiten.<\/li>\n\n\n\n<li>Dateien herunter zu laden, die von anderen Benutzern eines Kommunikationsdienstes ver\u00f6ffentlicht wurden, wenn Sie erkennen k\u00f6nnen oder erkannt haben m\u00fcssen, das diese nicht legal verbreitet werden d\u00fcrfen.<\/li>\n\n\n\n<li>Autorenangaben zu \u00e4ndern oder zu l\u00f6schen, Urheberrechtsangaben oder Hinweise auf den Eigent\u00fcmer bei Ver\u00f6ffentlichungen, Dokumenten oder Software zu l\u00f6schen, die Sie auf das Portal hoch laden.<\/li>\n\n\n\n<li>andere Benutzer bei der Verwendung des Portals zu behindern oder einzuschr\u00e4nken.<\/li>\n\n\n\n<li>gegen die Verhaltensregeln der einzelnen Kommunikationsdienste zu versto\u00dfen<\/li>\n\n\n\n<li>Information \u00fcber andere Benutzer zu sammeln, einschlie\u00dflich e-Mail-Adressen, Telefonnummern etc.<\/li>\n\n\n\n<li>gegen geltendes Recht in irgendeiner Art zu versto\u00dfen.<\/li>\n<\/ul>\n\n\n\n<p>Portale Lampo Group hat keine Verpflichtung, die Kommunikationsdienste zu protokollieren. Portale Lampo Group beh\u00e4lt sich aber das Recht vor, ver\u00f6ffentlichtes Material zu \u00fcberpr\u00fcfen und zu l\u00f6schen. Portale Lampo Group beh\u00e4lt sich das Recht vor, das Benutzerkonto jederzeit ohne Angabe von Gr\u00fcnden zu sperren oder zu l\u00f6schen.<\/p>\n\n\n\n<p>Portale Lampo Group beh\u00e4lt sich das Recht vor, um geltendem Recht, gerichtlichen Auflagen, staatlichen Aufforderungen Gen\u00fcge zu tun, jederzeit Informationen ganz oder teilweise zu l\u00f6schen, zu bearbeiten oder von der Ver\u00f6ffentlichung auszuschlie\u00dfen ohne den Benutzer davon in Kenntnis setzen zu m\u00fcssen.<\/p>\n\n\n\n<p>Seien Sie immer vorsichtig, wenn Sie pers\u00f6nliche Daten \u00fcber Sie oder Ihre Angeh\u00f6rigen in einem Kommunikationsdienst ver\u00f6ffentlichen. Portale Lampo Group kontrolliert nicht die Inhalte, Informationen und Nachrichten, die in den Kommunikationsdiensten ver\u00f6ffentlicht werden und weist daher alle Verantwortung bez\u00fcglich der Kommunikationsdienste zur\u00fcck, die aus Ihrer Nutzung und Mitgliedschaft resultieren. Systembetreuer und Techniker sind keine Repr\u00e4sentanten von Portale Lampo Group, ihre \u00c4u\u00dferungen geben die pers\u00f6nliche Meinung wieder.<\/p>\n\n\n\n<p>Dokumente, die auf einen Kommunikationsdienst hochgeladen werden, k\u00f6nnen Ver\u00f6ffentlichungs- oder Verbreitungsbeschr\u00e4nkungen unterliegen. Als Nutzer sind Sie selbst verantwortlich, diese Bedingungen einzuhalten, wenn Sie Dateien herunterladen.<\/p>\n\n\n\n<h3 class=\"wp-block-heading\">Ver\u00f6ffentlichung von Material auf Portal Portale Lampo Group oder einer anderen Portale Lampo Group Web-Site<\/h3>\n\n\n\n<p>Portale Lampo Group erhebt keinen Eigentumsanspruch auf das Material, das Sie auf dem Portal Portale Lampo Group hoch laden, bereitstellen oder ver\u00f6ffentlichen (einschlie\u00dflich Feedback and Kommentaren), dies gilt auch f\u00fcr andere Web-Sites von Portale Lampo Group oder den angeschlossenen Diensten (nachfolgend zusammengefasst als &#8222;Ver\u00f6ffentlichungen&#8220;). Nichtsdestotrotz erlauben Sie Portale Lampo Group und den angeschlossenen Unternehmen und Lizenznehmern, Ihre Ver\u00f6ffentlichungen uneingeschr\u00e4nkt zu verwenden, dies umfasst das unbegrenzte Recht, diese zu kopieren, verteilen, \u00fcbermitteln, \u00f6ffentlich auszustellen, vorzuf\u00fchren, zu vervielf\u00e4ltigen, bearbeiten, \u00fcbersetzen und zu formatieren sowie Ihren Namen in Zusammenhang mit Ihrer Ver\u00f6ffentlichung zu nennen.<\/p>\n\n\n\n<p>F\u00fcr Ihre Ver\u00f6ffentlichung wird keine Verg\u00fctung geleistet. Portale Lampo Group geht keine Verpflichtung ein, Ihre Ver\u00f6ffentlichungen vorzuhalten, zu ver\u00f6ffentlichen oder zu verwenden und beh\u00e4lt sich das Recht vor, Ihre Ver\u00f6ffentlichungen eigenst\u00e4ndig zu ver\u00f6ffentlichen und zu entfernen.<\/p>\n\n\n\n<p>Durch das Ver\u00f6ffentlichen, Eingeben oder Hochladen Ihrer Ver\u00f6ffentlichung gew\u00e4hrleisten Sie, dass Sie \u00fcber die Rechte zu dieser Ver\u00f6ffentlichung verf\u00fcgen, damit sie wie in diesem Abschnitt beschrieben genutzt werden d\u00fcrfen, einschlie\u00dflich aller Rechte, die f\u00fcr die Ver\u00f6ffentlichung notwendig sind.<\/p>\n\n\n\n<h3 class=\"wp-block-heading\">Haftungsausschluss<\/h3>\n\n\n\n<p>Die Informationen, Software, Produkte und Dienstleistungen, die Bestandteil von Portale Lampo Group sind oder hier ver\u00f6ffentlicht werden k\u00f6nnen Ungenauigkeiten oder Schreibfehler enthalten. \u00c4nderungen der Inhalte werden laufend vorgenommen. Portale Lampo Group und seine Zulieferer k\u00f6nnen jederzeit Erweiterungen und\/oder \u00c4nderungen an der Web-Site vornehmen. Ratschl\u00e4ge, die Sie \u00fcber das Portal Portale Lampo Group erhalten, sollten Sie nicht ungepr\u00fcft als Grundlage f\u00fcr pers\u00f6nliche, medizinische, rechtliche oder finanzielle Entscheidungen heranziehen &#8211; ziehen Sie stets einen ausgebildeten Fachmann heran, um individuell zugeschnittene L\u00f6sungen f\u00fcr Ihre Situation zu erhalten.<\/p>\n\n\n\n<p>Portale Lampo Group bzw. dessen Zulieferer machen keine Zusagen \u00fcber die Erreichbarkeit, Zeitliche Verf\u00fcgbarkeit, Zuverl\u00e4ssigkeit und Genauigkeit der Informationen, Software, Produkte, Dienstleistungen und Grafiken, die auf der Web-Site Portale Lampo Group angeboten werden. Bis zur \u00e4u\u00dfersten Grenze der rechtlichen Zul\u00e4ssigkeit werden alle diese Informationen, Software, Produkte, Dienstleistungen und Grafiken im aktuellen Zustand angeboten ohne Gew\u00e4hrleistung oder Zusagen irgendeiner Art. Portale Lampo Group bzw. dessen Zulieferer schlie\u00dfen hiermit alle Gew\u00e4hrleistungsanspr\u00fcche und Bezug auf Zusagen f\u00fcr diese Informationen, Produkte, Dienstleistungen und Grafiken einschlie\u00dflich impliziter Garantien oder Handelsbedingungen, Einsatzf\u00e4higkeit f\u00fcr besondere Zwecke etc, aus.<\/p>\n\n\n\n<p>Bis zur \u00e4u\u00dfersten Grenze des rechtlich Zul\u00e4ssigkeit schlie\u00dft Portale Lampo Group bzw. dessen Zulieferer die Haftung aus f\u00fcr direkte, indirekte, fahrl\u00e4ssige oder irrt\u00fcmliche Sch\u00e4den irgendeiner Art einschlie\u00dflich Datenverlust, entgangenem Gewinn, Folgesch\u00e4den, die sich aus der Nutzung und dem Betrieb oder der Nichtverf\u00fcgbarkeit der Web-Site Portale Lampo Group oder damit zusammenh\u00e4ngender Dienste ergeben, einschlie\u00dflich der von der Web-Site bezogenen Informationen, Software, Produkte, Dienstleistungen und Grafiken aus, unabh\u00e4ngig, ob sich diese aus vertraglichen oder au\u00dfervertraglichen Umst\u00e4nden ergeben, auch wenn Portale Lampo Group, dessen Vertreter bzw. dessen Zulieferer auf m\u00f6gliche Sch\u00e4den hingewiesen wurden. Da einige Staaten den Haftungsausschluss nicht f\u00fcr Folgesch\u00e4den erlauben, gilt dieser Haftungsausschluss unter Umst\u00e4nden nicht f\u00fcr Sie. Falls Sie mit dem Angebot von Portale Lampo Group oder diesen Nutzungsbedingungen nicht \u00fcbereinstimmen, k\u00f6nnen Sie dadurch Abhilfe schaffen, dass Sie die Web-Site Portale Lampo Group nicht weiter verwenden.<\/p>\n\n\n\n<p>Service-Kontakt:&nbsp;<a href=\"mailto:ced@lampo.it\">ced@lampo.it<\/a><\/p>\n\n\n\n<h3 class=\"wp-block-heading\">Beendigung und Zugriffsbeschr\u00e4nkungen<\/h3>\n\n\n\n<p>Portale Lampo Group beh\u00e4lt sich das Recht vor, aus eigener Entscheidung Ihren Zugang zur Web-Site Portale Lampo Group und den zugeh\u00f6rigen Diensten jederzeit ohne Begr\u00fcndung zu k\u00fcndigen. Grunds\u00e4tzlich unterliegt dieser Vertrag den Bestimmungen des Staates Washington in den USA, soweit dies rechtlich zul\u00e4ssig ist, und Sie willigen hiermit ein, dass als Gerichtsstand King County, Washington USA, f\u00fcr allen Streitigkeiten im Zusammenhang mit der Portale Lampo Group Web-Site vereinbart wird. Die Nutzung der Portale Lampo Group Web-Site unter einer anderen Rechtsprechung ist nicht gestattet und hat keine Auswirkungen auf die Bestimmungen dieser Bedingungen und Konditionen, dies schlie\u00dft auch die Anwendung dieses Absatzes ein. Sie best\u00e4tigen, dass kein Gemeinschaftsunternehmen, Partnerschaft, Unterauftragsverh\u00e4ltnis oder eine Agenturbeziehung zwischen Ihnen und Portale Lampo Group existiert. Die Anwendung dieser Bedingungen entspricht geltendem Recht. Keine Bedingung dieser Vereinbarung unterbindet es, dass Portale Lampo Group Forderungen von Regierung, Gericht oder Gesetzes nachkommt bez\u00fcglich Ihrer Benutzung der Portale Lampo Group Web-Site oder der von Ihnen angebotenen oder abgerufenen Informationen von Portale Lampo Group unter Beachtung dieser Anwendung. Falls eine Bestimmung dieser Vereinbarung ung\u00fcltig ist oder im Widerspruch zu geltendem Recht steht, einschlie\u00dflich des oben genannten Haftungsausschlusses und der Zuverl\u00e4ssigkeitsbeschr\u00e4nkungen, wird die ung\u00fcltige oder unvollstreckbare Bedingung durch eine solche g\u00fcltige Bedingung ersetzt, die der Absicht der urspr\u00fcnglichen Bestimmung und dem Rest des Vereinbarung am n\u00e4chsten kommt.<\/p>\n\n\n\n<p>Soweit nicht anders angegeben, stellt diese Vereinbarung die einzige Vertragsgrundlage zwischen Benutzer und Portale Lampo Group dar, die das Verh\u00e4ltnis zwischen der Portale Lampo Group Web-Site bestimmt und alle vorherigen oder vor\u00fcbergehenden Vereinbarungen ersetzt, die in elektronischer, m\u00fcndlicher oder schriftlicher Form zwischen dem Benutzer und der Portale Lampo Group Web-Site getroffen wurden. Die gedruckte Fassung dieser Vereinbarung und ihrer elektronischen Kenntnisnahme wird f\u00fcr juristische Auseinandersetzungen oder administrative Prozesse zugelassen, die sich auf diese Vereinbarung beziehen oder auf ihr beruhen, im gleichen Umfang und zu den gleichen Bedingungen wie alle anderen gesch\u00e4ftlichen Vereinbarungen und Aufzeichnungen, die urspr\u00fcnglich schriftlich erstellt generiert und auf neuesten Stand gehalten werden.<\/p>\n\n\n\n<p>Es ist der Wunsch beider Parteien, dass diese Vereinbarung und alle verwandten Dokumente in der englischen Sprachversion G\u00fcltigkeit erlangen, diese \u00dcbersetzung wird zur Unterst\u00fctzung ohne rechtlich bindende Wirkung angeboten.<\/p>\n\n\n\n<h3 class=\"wp-block-heading\">Urheberrechtshinweis und Markenschutz<\/h3>\n\n\n\n<p>Alle Inhalte der Portale Lampo Group Webseite sind Copyright Agenzia Lampo di Mazzarotto Giovanni Srl &#8211; P.Iva 02704030275 &#8211; Via Sommariva 18 &#8211; Portogruaro (VE) &#8211;&nbsp; bzw. ihre Anbieter. Alle Rechte sind reserviert.<\/p>\n\n\n\n<h3 class=\"wp-block-heading\">Markenzeichen<\/h3>\n\n\n\n<p>Die Namen der hier aufgef\u00fchrten Firma und Produkte k\u00f6nnen gesch\u00fctzte Marken der Besitzer sein. Die in Beispielen genannten Firmen, Organisationen, Produkte, Personen und Veranstaltungen sind rein fiktiv, es besteht kein Zusammenhang mit echten Firmen, Organisationen, Produkten, Personen oder Veranstaltungen. \u00c4hnlichkeiten mit bestehenden Namen sind nicht beabsichtigt. Alle Rechte, die hier nicht ausdr\u00fccklich aufgef\u00fchrt wurden, vorbehalten.<\/p>\n\n\n\n<h3 class=\"wp-block-heading\">Hinweise und Vorgehen zur Anmeldung von Schutzrechtsverletzungen<\/h3>\n\n\n\n<p>Entsprechend Paragraph 17, USA Code, Abteil 512 (c.) (2), sollen Hinweise auf Copyright-Rechtsverletzungen gem\u00e4\u00df dem USA Copyright Gesetz an den gesetzlichen Vertreter des Service-Providers gesendet werden. Alle Anfragen, die der folgenden Vorgehensweise nicht entsprechen, werden ignoriert. Siehe Hinweise und Vorgehensweise f\u00fcr die Anmeldung von Copyright-Verletzungen.<\/p>\n","protected":false},"excerpt":{"rendered":"<p>Das Portal Portale Lampo Group umfasst verschiedene Webseiten, die von Portale Lampo Group betrieben werden. Der Zugriff auf das Portal Portale Lampo Group wird Ihnen unter der Bedingung gew\u00e4hrt, dass Sie die folgenden Bedingungen ohne \u00c4nderungen akzeptieren. Ihre Nutzung des Portals Portale Lampo Group stellt die uneingeschr\u00e4nkte Zustimmung zu diesen Bedingungen dar. \u00c4nderung der Nutzungsbedingungen [&hellip;]<\/p>\n","protected":false},"author":1,"featured_media":0,"parent":0,"menu_order":0,"comment_status":"closed","ping_status":"closed","template":"","meta":{"_acf_changed":false,"footnotes":""},"class_list":["post-601","page","type-page","status-publish","hentry"],"acf":[],"yoast_head":"<!-- This site is optimized with the Yoast SEO plugin v27.3 - https:\/\/yoast.com\/product\/yoast-seo-wordpress\/ -->\n<title>Nutzungsbedingungen - Gruppo Lampo<\/title>\n<meta name=\"robots\" content=\"index, follow, max-snippet:-1, max-image-preview:large, max-video-preview:-1\" \/>\n<link rel=\"canonical\" href=\"https:\/\/www.lampogroup.it\/de\/nutzungsbedingungen\/\" \/>\n<meta property=\"og:locale\" content=\"de_DE\" \/>\n<meta property=\"og:type\" content=\"article\" \/>\n<meta property=\"og:title\" content=\"Nutzungsbedingungen - Gruppo Lampo\" \/>\n<meta property=\"og:description\" content=\"Das Portal Portale Lampo Group umfasst verschiedene Webseiten, die von Portale Lampo Group betrieben werden. Der Zugriff auf das Portal Portale Lampo Group wird Ihnen unter der Bedingung gew\u00e4hrt, dass Sie die folgenden Bedingungen ohne \u00c4nderungen akzeptieren. Ihre Nutzung des Portals Portale Lampo Group stellt die uneingeschr\u00e4nkte Zustimmung zu diesen Bedingungen dar. \u00c4nderung der Nutzungsbedingungen [&hellip;]\" \/>\n<meta property=\"og:url\" content=\"https:\/\/www.lampogroup.it\/de\/nutzungsbedingungen\/\" \/>\n<meta property=\"og:site_name\" content=\"Gruppo Lampo\" \/>\n<meta property=\"article:publisher\" content=\"https:\/\/www.facebook.com\/p\/Lampo-Group-100063678903798\" \/>\n<meta property=\"article:modified_time\" content=\"2023-06-14T13:57:09+00:00\" \/>\n<script type=\"application\/ld+json\" class=\"yoast-schema-graph\">{\"@context\":\"https:\\\/\\\/schema.org\",\"@graph\":[{\"@type\":\"WebPage\",\"@id\":\"https:\\\/\\\/www.lampogroup.it\\\/de\\\/nutzungsbedingungen\\\/\",\"url\":\"https:\\\/\\\/www.lampogroup.it\\\/de\\\/nutzungsbedingungen\\\/\",\"name\":\"Nutzungsbedingungen - Gruppo Lampo\",\"isPartOf\":{\"@id\":\"https:\\\/\\\/www.lampogroup.it\\\/it\\\/#website\"},\"datePublished\":\"2023-05-23T09:16:36+00:00\",\"dateModified\":\"2023-06-14T13:57:09+00:00\",\"breadcrumb\":{\"@id\":\"https:\\\/\\\/www.lampogroup.it\\\/de\\\/nutzungsbedingungen\\\/#breadcrumb\"},\"inLanguage\":\"de\",\"potentialAction\":[{\"@type\":\"ReadAction\",\"target\":[\"https:\\\/\\\/www.lampogroup.it\\\/de\\\/nutzungsbedingungen\\\/\"]}]},{\"@type\":\"BreadcrumbList\",\"@id\":\"https:\\\/\\\/www.lampogroup.it\\\/de\\\/nutzungsbedingungen\\\/#breadcrumb\",\"itemListElement\":[{\"@type\":\"ListItem\",\"position\":1,\"name\":\"Home\",\"item\":\"https:\\\/\\\/www.lampogroup.it\\\/de\\\/\"},{\"@type\":\"ListItem\",\"position\":2,\"name\":\"Nutzungsbedingungen\"}]},{\"@type\":\"WebSite\",\"@id\":\"https:\\\/\\\/www.lampogroup.it\\\/it\\\/#website\",\"url\":\"https:\\\/\\\/www.lampogroup.it\\\/it\\\/\",\"name\":\"Gruppo Lampo\",\"description\":\"\",\"publisher\":{\"@id\":\"https:\\\/\\\/www.lampogroup.it\\\/it\\\/#organization\"},\"potentialAction\":[{\"@type\":\"SearchAction\",\"target\":{\"@type\":\"EntryPoint\",\"urlTemplate\":\"https:\\\/\\\/www.lampogroup.it\\\/it\\\/?s={search_term_string}\"},\"query-input\":{\"@type\":\"PropertyValueSpecification\",\"valueRequired\":true,\"valueName\":\"search_term_string\"}}],\"inLanguage\":\"de\"},{\"@type\":\"Organization\",\"@id\":\"https:\\\/\\\/www.lampogroup.it\\\/it\\\/#organization\",\"name\":\"Gruppo Lampo\",\"url\":\"https:\\\/\\\/www.lampogroup.it\\\/it\\\/\",\"logo\":{\"@type\":\"ImageObject\",\"inLanguage\":\"de\",\"@id\":\"https:\\\/\\\/www.lampogroup.it\\\/it\\\/#\\\/schema\\\/logo\\\/image\\\/\",\"url\":\"https:\\\/\\\/www.lampogroup.it\\\/wp-content\\\/uploads\\\/2023\\\/05\\\/lampo-group-1.svg\",\"contentUrl\":\"https:\\\/\\\/www.lampogroup.it\\\/wp-content\\\/uploads\\\/2023\\\/05\\\/lampo-group-1.svg\",\"width\":1,\"height\":1,\"caption\":\"Gruppo Lampo\"},\"image\":{\"@id\":\"https:\\\/\\\/www.lampogroup.it\\\/it\\\/#\\\/schema\\\/logo\\\/image\\\/\"},\"sameAs\":[\"https:\\\/\\\/www.facebook.com\\\/p\\\/Lampo-Group-100063678903798\"]}]}<\/script>\n<!-- \/ Yoast SEO plugin. -->","yoast_head_json":{"title":"Nutzungsbedingungen - Gruppo Lampo","robots":{"index":"index","follow":"follow","max-snippet":"max-snippet:-1","max-image-preview":"max-image-preview:large","max-video-preview":"max-video-preview:-1"},"canonical":"https:\/\/www.lampogroup.it\/de\/nutzungsbedingungen\/","og_locale":"de_DE","og_type":"article","og_title":"Nutzungsbedingungen - Gruppo Lampo","og_description":"Das Portal Portale Lampo Group umfasst verschiedene Webseiten, die von Portale Lampo Group betrieben werden. Der Zugriff auf das Portal Portale Lampo Group wird Ihnen unter der Bedingung gew\u00e4hrt, dass Sie die folgenden Bedingungen ohne \u00c4nderungen akzeptieren. Ihre Nutzung des Portals Portale Lampo Group stellt die uneingeschr\u00e4nkte Zustimmung zu diesen Bedingungen dar. \u00c4nderung der Nutzungsbedingungen [&hellip;]","og_url":"https:\/\/www.lampogroup.it\/de\/nutzungsbedingungen\/","og_site_name":"Gruppo Lampo","article_publisher":"https:\/\/www.facebook.com\/p\/Lampo-Group-100063678903798","article_modified_time":"2023-06-14T13:57:09+00:00","schema":{"@context":"https:\/\/schema.org","@graph":[{"@type":"WebPage","@id":"https:\/\/www.lampogroup.it\/de\/nutzungsbedingungen\/","url":"https:\/\/www.lampogroup.it\/de\/nutzungsbedingungen\/","name":"Nutzungsbedingungen - Gruppo Lampo","isPartOf":{"@id":"https:\/\/www.lampogroup.it\/it\/#website"},"datePublished":"2023-05-23T09:16:36+00:00","dateModified":"2023-06-14T13:57:09+00:00","breadcrumb":{"@id":"https:\/\/www.lampogroup.it\/de\/nutzungsbedingungen\/#breadcrumb"},"inLanguage":"de","potentialAction":[{"@type":"ReadAction","target":["https:\/\/www.lampogroup.it\/de\/nutzungsbedingungen\/"]}]},{"@type":"BreadcrumbList","@id":"https:\/\/www.lampogroup.it\/de\/nutzungsbedingungen\/#breadcrumb","itemListElement":[{"@type":"ListItem","position":1,"name":"Home","item":"https:\/\/www.lampogroup.it\/de\/"},{"@type":"ListItem","position":2,"name":"Nutzungsbedingungen"}]},{"@type":"WebSite","@id":"https:\/\/www.lampogroup.it\/it\/#website","url":"https:\/\/www.lampogroup.it\/it\/","name":"Gruppo Lampo","description":"","publisher":{"@id":"https:\/\/www.lampogroup.it\/it\/#organization"},"potentialAction":[{"@type":"SearchAction","target":{"@type":"EntryPoint","urlTemplate":"https:\/\/www.lampogroup.it\/it\/?s={search_term_string}"},"query-input":{"@type":"PropertyValueSpecification","valueRequired":true,"valueName":"search_term_string"}}],"inLanguage":"de"},{"@type":"Organization","@id":"https:\/\/www.lampogroup.it\/it\/#organization","name":"Gruppo Lampo","url":"https:\/\/www.lampogroup.it\/it\/","logo":{"@type":"ImageObject","inLanguage":"de","@id":"https:\/\/www.lampogroup.it\/it\/#\/schema\/logo\/image\/","url":"https:\/\/www.lampogroup.it\/wp-content\/uploads\/2023\/05\/lampo-group-1.svg","contentUrl":"https:\/\/www.lampogroup.it\/wp-content\/uploads\/2023\/05\/lampo-group-1.svg","width":1,"height":1,"caption":"Gruppo Lampo"},"image":{"@id":"https:\/\/www.lampogroup.it\/it\/#\/schema\/logo\/image\/"},"sameAs":["https:\/\/www.facebook.com\/p\/Lampo-Group-100063678903798"]}]}},"_links":{"self":[{"href":"https:\/\/www.lampogroup.it\/de\/wp-json\/wp\/v2\/pages\/601","targetHints":{"allow":["GET"]}}],"collection":[{"href":"https:\/\/www.lampogroup.it\/de\/wp-json\/wp\/v2\/pages"}],"about":[{"href":"https:\/\/www.lampogroup.it\/de\/wp-json\/wp\/v2\/types\/page"}],"author":[{"embeddable":true,"href":"https:\/\/www.lampogroup.it\/de\/wp-json\/wp\/v2\/users\/1"}],"replies":[{"embeddable":true,"href":"https:\/\/www.lampogroup.it\/de\/wp-json\/wp\/v2\/comments?post=601"}],"version-history":[{"count":12,"href":"https:\/\/www.lampogroup.it\/de\/wp-json\/wp\/v2\/pages\/601\/revisions"}],"predecessor-version":[{"id":1282,"href":"https:\/\/www.lampogroup.it\/de\/wp-json\/wp\/v2\/pages\/601\/revisions\/1282"}],"wp:attachment":[{"href":"https:\/\/www.lampogroup.it\/de\/wp-json\/wp\/v2\/media?parent=601"}],"curies":[{"name":"wp","href":"https:\/\/api.w.org\/{rel}","templated":true}]}}