{"id":1330,"date":"2023-05-23T12:52:54","date_gmt":"2023-05-23T10:52:54","guid":{"rendered":"https:\/\/www.lampogroup.it\/hotels-in-der-nahe-von-venedig-am-meer\/hotel-caorle\/cosa-caorle-piove\/"},"modified":"2024-01-29T12:17:53","modified_gmt":"2024-01-29T11:17:53","slug":"was-man-in-caorle-unternehmen-kann","status":"publish","type":"page","link":"https:\/\/www.lampogroup.it\/de\/hotels-in-der-nahe-von-venedig-am-meer\/hotel-caorle\/was-man-in-caorle-unternehmen-kann\/","title":{"rendered":"Was bietet Caorle bei Regen?"},"content":{"rendered":"\n<p>Im sommerlichen Caorle gibt es nichts Sch\u00f6neres als sich unter der Sonne ein k\u00fchles Getr\u00e4nk schmecken zu lassen, am Strand zu sitzen und das saubere blaue Wasser und die gr\u00fcne Natur zu genie\u00dfen. Aber was macht man in Caorle, wenn es regnet?<\/p>\n\n\n\n<!--more-->\n\n\n\n<p>Keine Angst, Ihr Urlaub f\u00e4llt nicht ins Wasser! Caorle ist auch bei Regen sehr sch\u00f6n und hat immer viel zu bieten. Zum Beispiel k\u00f6nnen Sie die Gelegenheit nutzen, um eine faszinierende Entdeckungstour durch dieses alte Fischerdorf zu machen und seine Geschichte und Kultur zu erkunden.&nbsp;<\/p>\n\n\n\n<p>Caorle blickt n\u00e4mlich auf eine tausendj\u00e4hrige Geschichte zur\u00fcck, die von zahlreichen, sehenswerten Bauwerken bezeugt wird.&nbsp;&nbsp;&nbsp;<\/p>\n\n\n\n<p>Bei einem Bummel durch die Altstadt mit ihren schmalen Calli, kleinen Pl\u00e4tzen und typischen Gesch\u00e4ften werden Sie von den bunt gestrichenen Fischerh\u00e4uschen bezaubert sein, die charakteristisch f\u00fcr das St\u00e4dtchen sind.<\/p>\n\n\n\n<p>M\u00f6chten Sie wissen, was man in Caorle unternehmen kann, wenn es regnet? Hier einige n\u00fctzliche Tipps: Wir empfehlen Ihnen, den wundersch\u00f6nen, dreischiffigen Dom im romanischen Stil aus dem Jahre 1038 zu besichtigen, der dem heiligen Erzm\u00e4rtyrer Stephanus geweiht ist. Im Innenbereich k\u00f6nnen Sie das goldene Altarbild von Caterina Cornaro, der einstigen K\u00f6nigin von Zypern, bewundern, die das Kunstwerk der Stadt zum Geschenk machte, nachdem sie als Schiffbr\u00fcchige vor der K\u00fcste von Caorle aus Seenot gerettet wurde. Daneben ragt der pr\u00e4chtige Glockenturm aus dem 11. Jahrhundert auf, der \u00fcber das St\u00e4dtchen zu wachen scheint.<\/p>\n\n\n\n<p>Unter einem Regenschirm gibt es bei schlechtem Wetter nichts Faszinierenderes als einen Spaziergang auf \u201eeiner der sch\u00f6nsten Promenaden an der Oberen Adria\u201c: Machen Sie einen Bummel am Felsenriff, einer richtigen Galerie unter freiem Himmel mit Skulpturen von italienischen und internationalen Bildhauern. Dieser Attraktion verdankt Caorle seinen weltweiten Ruhm.<\/p>\n\n\n\n<p>Der Weg endet bei der Wallfahrtskirche Madonna dell\u2019Angelo, einer kleinen, malerischen Kapelle aus dem 18. Jahrhundert direkt am Meer. In der Kirche befindet sich ein schwerer Thron aus Marmor, auf dem laut Legende die Madonnenstatue aus den Fluten geborgen wurde.&nbsp;<\/p>\n\n\n\n<p>In Caorle ist das ganze Jahr \u00fcber was los. Zur Unterhaltung der Urlaubsg\u00e4ste werden viele Events wie Kunstausstellungen, Konzerte und Sportveranstaltungen organisiert.<\/p>\n\n\n\n<p>Wer gerne shoppen geht, findet neben den L\u00e4den in den zentralen Stra\u00dfen zahlreiche Einkaufszentren in der N\u00e4he von Caorle, in denen man Besorgungen machen oder einfach die Schaufenster betrachten kann. In vielen stehen auch Spielpl\u00e4tze zur Verf\u00fcgung, damit sich auch die Kinder unbeschwert vergn\u00fcgen k\u00f6nnen.&nbsp;&nbsp; &nbsp; In Caorle kann man also auch bei Regen viel erleben. Ob Sie sich f\u00fcr Kunst und Kultur interessieren, gerne einen Einkaufsbummel machen oder lieber durch die Calli im venezianischen Stil schlendern \u2013 Caorle erf\u00fcllt Ihnen jeden Wunsch und ist sowohl bei Sonnenschein als auch bei Regen einzigartig.<\/p>\n","protected":false},"excerpt":{"rendered":"<p>Im sommerlichen Caorle gibt es nichts Sch\u00f6neres als sich unter der Sonne ein k\u00fchles Getr\u00e4nk schmecken zu lassen, am Strand zu sitzen und das saubere blaue Wasser und die gr\u00fcne Natur zu genie\u00dfen. Aber was macht man in Caorle, wenn es regnet?<\/p>\n","protected":false},"author":1,"featured_media":868,"parent":671,"menu_order":0,"comment_status":"closed","ping_status":"closed","template":"","meta":{"_acf_changed":false,"footnotes":""},"class_list":["post-1330","page","type-page","status-publish","has-post-thumbnail","hentry"],"acf":[],"yoast_head":"<!-- This site is optimized with the Yoast SEO plugin v27.3 - https:\/\/yoast.com\/product\/yoast-seo-wordpress\/ -->\n<title>Was bietet Caorle bei Regen? - Gruppo Lampo<\/title>\n<meta name=\"description\" content=\"Caorle ist auch bei Regen wundersch\u00f6n und bietet viele Aktivit\u00e4ten, Einkaufsm\u00f6glichkeiten, Kunstausstellungen, Konzerte und vieles mehr\" \/>\n<meta name=\"robots\" content=\"index, follow, max-snippet:-1, max-image-preview:large, max-video-preview:-1\" \/>\n<link rel=\"canonical\" href=\"https:\/\/www.lampogroup.it\/de\/hotels-in-der-nahe-von-venedig-am-meer\/hotel-caorle\/was-man-in-caorle-unternehmen-kann\/\" \/>\n<meta property=\"og:locale\" content=\"de_DE\" \/>\n<meta property=\"og:type\" content=\"article\" \/>\n<meta property=\"og:title\" content=\"Was bietet Caorle bei Regen? - Gruppo Lampo\" \/>\n<meta property=\"og:description\" content=\"Caorle ist auch bei Regen wundersch\u00f6n und bietet viele Aktivit\u00e4ten, Einkaufsm\u00f6glichkeiten, Kunstausstellungen, Konzerte und vieles mehr\" \/>\n<meta property=\"og:url\" content=\"https:\/\/www.lampogroup.it\/de\/hotels-in-der-nahe-von-venedig-am-meer\/hotel-caorle\/was-man-in-caorle-unternehmen-kann\/\" \/>\n<meta property=\"og:site_name\" content=\"Gruppo Lampo\" \/>\n<meta property=\"article:publisher\" content=\"https:\/\/www.facebook.com\/p\/Lampo-Group-100063678903798\" \/>\n<meta property=\"article:modified_time\" content=\"2024-01-29T11:17:53+00:00\" \/>\n<meta property=\"og:image\" content=\"https:\/\/www.lampogroup.it\/wp-content\/uploads\/2023\/06\/hotel-4-stelle-a-caorle-venezia-slide-home-10.webp\" \/>\n\t<meta property=\"og:image:width\" content=\"1800\" \/>\n\t<meta property=\"og:image:height\" content=\"1100\" \/>\n\t<meta property=\"og:image:type\" content=\"image\/webp\" \/>\n<script type=\"application\/ld+json\" class=\"yoast-schema-graph\">{\"@context\":\"https:\\\/\\\/schema.org\",\"@graph\":[{\"@type\":\"WebPage\",\"@id\":\"https:\\\/\\\/www.lampogroup.it\\\/de\\\/hotels-in-der-nahe-von-venedig-am-meer\\\/hotel-caorle\\\/was-man-in-caorle-unternehmen-kann\\\/\",\"url\":\"https:\\\/\\\/www.lampogroup.it\\\/de\\\/hotels-in-der-nahe-von-venedig-am-meer\\\/hotel-caorle\\\/was-man-in-caorle-unternehmen-kann\\\/\",\"name\":\"Was bietet Caorle bei Regen? - Gruppo Lampo\",\"isPartOf\":{\"@id\":\"https:\\\/\\\/www.lampogroup.it\\\/it\\\/#website\"},\"primaryImageOfPage\":{\"@id\":\"https:\\\/\\\/www.lampogroup.it\\\/de\\\/hotels-in-der-nahe-von-venedig-am-meer\\\/hotel-caorle\\\/was-man-in-caorle-unternehmen-kann\\\/#primaryimage\"},\"image\":{\"@id\":\"https:\\\/\\\/www.lampogroup.it\\\/de\\\/hotels-in-der-nahe-von-venedig-am-meer\\\/hotel-caorle\\\/was-man-in-caorle-unternehmen-kann\\\/#primaryimage\"},\"thumbnailUrl\":\"https:\\\/\\\/www.lampogroup.it\\\/wp-content\\\/uploads\\\/2023\\\/06\\\/hotel-4-stelle-a-caorle-venezia-slide-home-10.webp\",\"datePublished\":\"2023-05-23T10:52:54+00:00\",\"dateModified\":\"2024-01-29T11:17:53+00:00\",\"description\":\"Caorle ist auch bei Regen wundersch\u00f6n und bietet viele Aktivit\u00e4ten, Einkaufsm\u00f6glichkeiten, Kunstausstellungen, Konzerte und vieles mehr\",\"breadcrumb\":{\"@id\":\"https:\\\/\\\/www.lampogroup.it\\\/de\\\/hotels-in-der-nahe-von-venedig-am-meer\\\/hotel-caorle\\\/was-man-in-caorle-unternehmen-kann\\\/#breadcrumb\"},\"inLanguage\":\"de\",\"potentialAction\":[{\"@type\":\"ReadAction\",\"target\":[\"https:\\\/\\\/www.lampogroup.it\\\/de\\\/hotels-in-der-nahe-von-venedig-am-meer\\\/hotel-caorle\\\/was-man-in-caorle-unternehmen-kann\\\/\"]}]},{\"@type\":\"ImageObject\",\"inLanguage\":\"de\",\"@id\":\"https:\\\/\\\/www.lampogroup.it\\\/de\\\/hotels-in-der-nahe-von-venedig-am-meer\\\/hotel-caorle\\\/was-man-in-caorle-unternehmen-kann\\\/#primaryimage\",\"url\":\"https:\\\/\\\/www.lampogroup.it\\\/wp-content\\\/uploads\\\/2023\\\/06\\\/hotel-4-stelle-a-caorle-venezia-slide-home-10.webp\",\"contentUrl\":\"https:\\\/\\\/www.lampogroup.it\\\/wp-content\\\/uploads\\\/2023\\\/06\\\/hotel-4-stelle-a-caorle-venezia-slide-home-10.webp\",\"width\":1800,\"height\":1100},{\"@type\":\"BreadcrumbList\",\"@id\":\"https:\\\/\\\/www.lampogroup.it\\\/de\\\/hotels-in-der-nahe-von-venedig-am-meer\\\/hotel-caorle\\\/was-man-in-caorle-unternehmen-kann\\\/#breadcrumb\",\"itemListElement\":[{\"@type\":\"ListItem\",\"position\":1,\"name\":\"Home\",\"item\":\"https:\\\/\\\/www.lampogroup.it\\\/de\\\/\"},{\"@type\":\"ListItem\",\"position\":2,\"name\":\"Hotels in der na\u0308he von Venedig am meer\",\"item\":\"https:\\\/\\\/www.lampogroup.it\\\/de\\\/hotels-in-der-nahe-von-venedig-am-meer\\\/\"},{\"@type\":\"ListItem\",\"position\":3,\"name\":\"Caorle\",\"item\":\"https:\\\/\\\/www.lampogroup.it\\\/de\\\/hotels-in-der-nahe-von-venedig-am-meer\\\/hotel-caorle\\\/\"},{\"@type\":\"ListItem\",\"position\":4,\"name\":\"Was bietet Caorle bei Regen?\"}]},{\"@type\":\"WebSite\",\"@id\":\"https:\\\/\\\/www.lampogroup.it\\\/it\\\/#website\",\"url\":\"https:\\\/\\\/www.lampogroup.it\\\/it\\\/\",\"name\":\"Gruppo Lampo\",\"description\":\"\",\"publisher\":{\"@id\":\"https:\\\/\\\/www.lampogroup.it\\\/it\\\/#organization\"},\"potentialAction\":[{\"@type\":\"SearchAction\",\"target\":{\"@type\":\"EntryPoint\",\"urlTemplate\":\"https:\\\/\\\/www.lampogroup.it\\\/it\\\/?s={search_term_string}\"},\"query-input\":{\"@type\":\"PropertyValueSpecification\",\"valueRequired\":true,\"valueName\":\"search_term_string\"}}],\"inLanguage\":\"de\"},{\"@type\":\"Organization\",\"@id\":\"https:\\\/\\\/www.lampogroup.it\\\/it\\\/#organization\",\"name\":\"Gruppo Lampo\",\"url\":\"https:\\\/\\\/www.lampogroup.it\\\/it\\\/\",\"logo\":{\"@type\":\"ImageObject\",\"inLanguage\":\"de\",\"@id\":\"https:\\\/\\\/www.lampogroup.it\\\/it\\\/#\\\/schema\\\/logo\\\/image\\\/\",\"url\":\"https:\\\/\\\/www.lampogroup.it\\\/wp-content\\\/uploads\\\/2023\\\/05\\\/lampo-group-1.svg\",\"contentUrl\":\"https:\\\/\\\/www.lampogroup.it\\\/wp-content\\\/uploads\\\/2023\\\/05\\\/lampo-group-1.svg\",\"width\":1,\"height\":1,\"caption\":\"Gruppo Lampo\"},\"image\":{\"@id\":\"https:\\\/\\\/www.lampogroup.it\\\/it\\\/#\\\/schema\\\/logo\\\/image\\\/\"},\"sameAs\":[\"https:\\\/\\\/www.facebook.com\\\/p\\\/Lampo-Group-100063678903798\"]}]}<\/script>\n<!-- \/ Yoast SEO plugin. -->","yoast_head_json":{"title":"Was bietet Caorle bei Regen? - Gruppo Lampo","description":"Caorle ist auch bei Regen wundersch\u00f6n und bietet viele Aktivit\u00e4ten, Einkaufsm\u00f6glichkeiten, Kunstausstellungen, Konzerte und vieles mehr","robots":{"index":"index","follow":"follow","max-snippet":"max-snippet:-1","max-image-preview":"max-image-preview:large","max-video-preview":"max-video-preview:-1"},"canonical":"https:\/\/www.lampogroup.it\/de\/hotels-in-der-nahe-von-venedig-am-meer\/hotel-caorle\/was-man-in-caorle-unternehmen-kann\/","og_locale":"de_DE","og_type":"article","og_title":"Was bietet Caorle bei Regen? - Gruppo Lampo","og_description":"Caorle ist auch bei Regen wundersch\u00f6n und bietet viele Aktivit\u00e4ten, Einkaufsm\u00f6glichkeiten, Kunstausstellungen, Konzerte und vieles mehr","og_url":"https:\/\/www.lampogroup.it\/de\/hotels-in-der-nahe-von-venedig-am-meer\/hotel-caorle\/was-man-in-caorle-unternehmen-kann\/","og_site_name":"Gruppo Lampo","article_publisher":"https:\/\/www.facebook.com\/p\/Lampo-Group-100063678903798","article_modified_time":"2024-01-29T11:17:53+00:00","og_image":[{"width":1800,"height":1100,"url":"https:\/\/www.lampogroup.it\/wp-content\/uploads\/2023\/06\/hotel-4-stelle-a-caorle-venezia-slide-home-10.webp","type":"image\/webp"}],"schema":{"@context":"https:\/\/schema.org","@graph":[{"@type":"WebPage","@id":"https:\/\/www.lampogroup.it\/de\/hotels-in-der-nahe-von-venedig-am-meer\/hotel-caorle\/was-man-in-caorle-unternehmen-kann\/","url":"https:\/\/www.lampogroup.it\/de\/hotels-in-der-nahe-von-venedig-am-meer\/hotel-caorle\/was-man-in-caorle-unternehmen-kann\/","name":"Was bietet Caorle bei Regen? - Gruppo Lampo","isPartOf":{"@id":"https:\/\/www.lampogroup.it\/it\/#website"},"primaryImageOfPage":{"@id":"https:\/\/www.lampogroup.it\/de\/hotels-in-der-nahe-von-venedig-am-meer\/hotel-caorle\/was-man-in-caorle-unternehmen-kann\/#primaryimage"},"image":{"@id":"https:\/\/www.lampogroup.it\/de\/hotels-in-der-nahe-von-venedig-am-meer\/hotel-caorle\/was-man-in-caorle-unternehmen-kann\/#primaryimage"},"thumbnailUrl":"https:\/\/www.lampogroup.it\/wp-content\/uploads\/2023\/06\/hotel-4-stelle-a-caorle-venezia-slide-home-10.webp","datePublished":"2023-05-23T10:52:54+00:00","dateModified":"2024-01-29T11:17:53+00:00","description":"Caorle ist auch bei Regen wundersch\u00f6n und bietet viele Aktivit\u00e4ten, Einkaufsm\u00f6glichkeiten, Kunstausstellungen, Konzerte und vieles mehr","breadcrumb":{"@id":"https:\/\/www.lampogroup.it\/de\/hotels-in-der-nahe-von-venedig-am-meer\/hotel-caorle\/was-man-in-caorle-unternehmen-kann\/#breadcrumb"},"inLanguage":"de","potentialAction":[{"@type":"ReadAction","target":["https:\/\/www.lampogroup.it\/de\/hotels-in-der-nahe-von-venedig-am-meer\/hotel-caorle\/was-man-in-caorle-unternehmen-kann\/"]}]},{"@type":"ImageObject","inLanguage":"de","@id":"https:\/\/www.lampogroup.it\/de\/hotels-in-der-nahe-von-venedig-am-meer\/hotel-caorle\/was-man-in-caorle-unternehmen-kann\/#primaryimage","url":"https:\/\/www.lampogroup.it\/wp-content\/uploads\/2023\/06\/hotel-4-stelle-a-caorle-venezia-slide-home-10.webp","contentUrl":"https:\/\/www.lampogroup.it\/wp-content\/uploads\/2023\/06\/hotel-4-stelle-a-caorle-venezia-slide-home-10.webp","width":1800,"height":1100},{"@type":"BreadcrumbList","@id":"https:\/\/www.lampogroup.it\/de\/hotels-in-der-nahe-von-venedig-am-meer\/hotel-caorle\/was-man-in-caorle-unternehmen-kann\/#breadcrumb","itemListElement":[{"@type":"ListItem","position":1,"name":"Home","item":"https:\/\/www.lampogroup.it\/de\/"},{"@type":"ListItem","position":2,"name":"Hotels in der na\u0308he von Venedig am meer","item":"https:\/\/www.lampogroup.it\/de\/hotels-in-der-nahe-von-venedig-am-meer\/"},{"@type":"ListItem","position":3,"name":"Caorle","item":"https:\/\/www.lampogroup.it\/de\/hotels-in-der-nahe-von-venedig-am-meer\/hotel-caorle\/"},{"@type":"ListItem","position":4,"name":"Was bietet Caorle bei Regen?"}]},{"@type":"WebSite","@id":"https:\/\/www.lampogroup.it\/it\/#website","url":"https:\/\/www.lampogroup.it\/it\/","name":"Gruppo Lampo","description":"","publisher":{"@id":"https:\/\/www.lampogroup.it\/it\/#organization"},"potentialAction":[{"@type":"SearchAction","target":{"@type":"EntryPoint","urlTemplate":"https:\/\/www.lampogroup.it\/it\/?s={search_term_string}"},"query-input":{"@type":"PropertyValueSpecification","valueRequired":true,"valueName":"search_term_string"}}],"inLanguage":"de"},{"@type":"Organization","@id":"https:\/\/www.lampogroup.it\/it\/#organization","name":"Gruppo Lampo","url":"https:\/\/www.lampogroup.it\/it\/","logo":{"@type":"ImageObject","inLanguage":"de","@id":"https:\/\/www.lampogroup.it\/it\/#\/schema\/logo\/image\/","url":"https:\/\/www.lampogroup.it\/wp-content\/uploads\/2023\/05\/lampo-group-1.svg","contentUrl":"https:\/\/www.lampogroup.it\/wp-content\/uploads\/2023\/05\/lampo-group-1.svg","width":1,"height":1,"caption":"Gruppo Lampo"},"image":{"@id":"https:\/\/www.lampogroup.it\/it\/#\/schema\/logo\/image\/"},"sameAs":["https:\/\/www.facebook.com\/p\/Lampo-Group-100063678903798"]}]}},"_links":{"self":[{"href":"https:\/\/www.lampogroup.it\/de\/wp-json\/wp\/v2\/pages\/1330","targetHints":{"allow":["GET"]}}],"collection":[{"href":"https:\/\/www.lampogroup.it\/de\/wp-json\/wp\/v2\/pages"}],"about":[{"href":"https:\/\/www.lampogroup.it\/de\/wp-json\/wp\/v2\/types\/page"}],"author":[{"embeddable":true,"href":"https:\/\/www.lampogroup.it\/de\/wp-json\/wp\/v2\/users\/1"}],"replies":[{"embeddable":true,"href":"https:\/\/www.lampogroup.it\/de\/wp-json\/wp\/v2\/comments?post=1330"}],"version-history":[{"count":2,"href":"https:\/\/www.lampogroup.it\/de\/wp-json\/wp\/v2\/pages\/1330\/revisions"}],"predecessor-version":[{"id":1365,"href":"https:\/\/www.lampogroup.it\/de\/wp-json\/wp\/v2\/pages\/1330\/revisions\/1365"}],"up":[{"embeddable":true,"href":"https:\/\/www.lampogroup.it\/de\/wp-json\/wp\/v2\/pages\/671"}],"wp:featuredmedia":[{"embeddable":true,"href":"https:\/\/www.lampogroup.it\/de\/wp-json\/wp\/v2\/media\/868"}],"wp:attachment":[{"href":"https:\/\/www.lampogroup.it\/de\/wp-json\/wp\/v2\/media?parent=1330"}],"curies":[{"name":"wp","href":"https:\/\/api.w.org\/{rel}","templated":true}]}}