{"id":1323,"date":"2023-05-23T12:40:51","date_gmt":"2023-05-23T10:40:51","guid":{"rendered":"https:\/\/www.lampogroup.it\/hotels-in-der-nahe-von-venedig-am-meer\/hotel-caorle\/cosa-caorle-bambini\/"},"modified":"2024-01-29T11:58:09","modified_gmt":"2024-01-29T10:58:09","slug":"badeurlaub-mit-kindern","status":"publish","type":"page","link":"https:\/\/www.lampogroup.it\/de\/hotels-in-der-nahe-von-venedig-am-meer\/hotel-caorle\/badeurlaub-mit-kindern\/","title":{"rendered":"Was bietet Caorle den Kindern?"},"content":{"rendered":"\n<p>Caorle ist ein idealer Urlaubsort f\u00fcr einen Urlaub mit der ganzen Familie und ein richtiges Paradies f\u00fcr die Kinder. Die zahlreichen, gut ausgestatteten Str\u00e4nde, die sanft ins Meer abfallen, sind ideal f\u00fcr die erste Bekanntschaft der Kleinen mit dem Wasser.<\/p>\n\n\n\n<!--more-->\n\n\n\n<p>Aber es gibt nicht nur das Meer: In Caorle bieten sich abgesehen vom Strand viele M\u00f6glichkeiten f\u00fcr Unternehmungen mit Kindern.<\/p>\n\n\n\n<p>Bei einem Bummel durch die Stadt darf ein erfrischendes Eis aus einer der vielen handwerklichen Eisdielen nicht fehlen: G\u00f6nnen Sie es sich, w\u00e4hrend Sie im Schatten der typischen Fischerh\u00e4user gem\u00fctlich durch die Calli und Gassen der Altstadt schlendern, deren heitere, bunte Farben Ihre Kinder so schnell nicht vergessen werden.<\/p>\n\n\n\n<p>Wenn Sie gerne einen kleinen Ausflug machen, k\u00f6nnen Sie Fahrr\u00e4der oder Rikschas mieten, um auf den zahlreichen Radwegen der Stadt zu fahren, die bis zur Lagune f\u00fchren. Oder Sie radeln an der malerischen Promenade entlang durch die Stadt und bewundern das stimmungsvolle Panorama und die Klippe, ein wahres Kunstwerk unter freiem Himmel.<\/p>\n\n\n\n<p>Eine Bootsfahrt ist eine weitere gro\u00dfartige Erfahrung f\u00fcr Ihr Kind: Sie starten am Hafen der Stadt und fahren zur Lagune oder besuchen sogar das herrliche Venedig.<\/p>\n\n\n\n<p>Wenn Sie richtig Spa\u00df haben wollen, besuchen Sie mit Ihrem Kind den Wasserpark Acquafollie oder den Luna Park, der den ganzen Tag \u00fcber viele abwechslungsreiche Attraktionen f\u00fcr die ganze Familie bietet.<\/p>\n\n\n\n<p>In Caorle gibt es viele M\u00f6glichkeiten, sich mit Kindern zu vergn\u00fcgen: Zahlreiche Bereiche, gro\u00dfe Spielpl\u00e4tze, Rutschen, Schaukeln und Fahrgesch\u00e4fte sind eigens den kleinen G\u00e4sten gewidmet.<\/p>\n\n\n\n<p><strong>Caorle ist ein \u201eMeer\u201d an Spa\u00df f\u00fcr die ganze Familie!<\/strong><\/p>\n","protected":false},"excerpt":{"rendered":"<p>Caorle ist ein idealer Urlaubsort f\u00fcr einen Urlaub mit der ganzen Familie und ein richtiges Paradies f\u00fcr die Kinder. Die zahlreichen, gut ausgestatteten Str\u00e4nde, die sanft ins Meer abfallen, sind ideal f\u00fcr die erste Bekanntschaft der Kleinen mit dem Wasser.<\/p>\n","protected":false},"author":1,"featured_media":864,"parent":671,"menu_order":0,"comment_status":"closed","ping_status":"closed","template":"","meta":{"_acf_changed":false,"footnotes":""},"class_list":["post-1323","page","type-page","status-publish","has-post-thumbnail","hentry"],"acf":[],"yoast_head":"<!-- This site is optimized with the Yoast SEO plugin v27.3 - https:\/\/yoast.com\/product\/yoast-seo-wordpress\/ -->\n<title>Was bietet Caorle den Kindern? - Gruppo Lampo<\/title>\n<meta name=\"description\" content=\"Caorle, ideal f\u00fcr einen Urlaub mit Kindern: ausgestattete Str\u00e4nde, Vergn\u00fcgungspark Acquafollie, Fahrradverleih und viele Aktivit\u00e4ten f\u00fcr den Familienurlaub\" \/>\n<meta name=\"robots\" content=\"index, follow, max-snippet:-1, max-image-preview:large, max-video-preview:-1\" \/>\n<link rel=\"canonical\" href=\"https:\/\/www.lampogroup.it\/de\/hotels-in-der-nahe-von-venedig-am-meer\/hotel-caorle\/badeurlaub-mit-kindern\/\" \/>\n<meta property=\"og:locale\" content=\"de_DE\" \/>\n<meta property=\"og:type\" content=\"article\" \/>\n<meta property=\"og:title\" content=\"Was bietet Caorle den Kindern? - Gruppo Lampo\" \/>\n<meta property=\"og:description\" content=\"Caorle, ideal f\u00fcr einen Urlaub mit Kindern: ausgestattete Str\u00e4nde, Vergn\u00fcgungspark Acquafollie, Fahrradverleih und viele Aktivit\u00e4ten f\u00fcr den Familienurlaub\" \/>\n<meta property=\"og:url\" content=\"https:\/\/www.lampogroup.it\/de\/hotels-in-der-nahe-von-venedig-am-meer\/hotel-caorle\/badeurlaub-mit-kindern\/\" \/>\n<meta property=\"og:site_name\" content=\"Gruppo Lampo\" \/>\n<meta property=\"article:publisher\" content=\"https:\/\/www.facebook.com\/p\/Lampo-Group-100063678903798\" \/>\n<meta property=\"article:modified_time\" content=\"2024-01-29T10:58:09+00:00\" \/>\n<meta property=\"og:image\" content=\"https:\/\/www.lampogroup.it\/wp-content\/uploads\/2023\/06\/family-hotel-4-stelle-holiday-sea-caorle.webp\" \/>\n\t<meta property=\"og:image:width\" content=\"1800\" \/>\n\t<meta property=\"og:image:height\" content=\"1100\" \/>\n\t<meta property=\"og:image:type\" content=\"image\/webp\" \/>\n<script type=\"application\/ld+json\" class=\"yoast-schema-graph\">{\"@context\":\"https:\\\/\\\/schema.org\",\"@graph\":[{\"@type\":\"WebPage\",\"@id\":\"https:\\\/\\\/www.lampogroup.it\\\/de\\\/hotels-in-der-nahe-von-venedig-am-meer\\\/hotel-caorle\\\/badeurlaub-mit-kindern\\\/\",\"url\":\"https:\\\/\\\/www.lampogroup.it\\\/de\\\/hotels-in-der-nahe-von-venedig-am-meer\\\/hotel-caorle\\\/badeurlaub-mit-kindern\\\/\",\"name\":\"Was bietet Caorle den Kindern? - Gruppo Lampo\",\"isPartOf\":{\"@id\":\"https:\\\/\\\/www.lampogroup.it\\\/it\\\/#website\"},\"primaryImageOfPage\":{\"@id\":\"https:\\\/\\\/www.lampogroup.it\\\/de\\\/hotels-in-der-nahe-von-venedig-am-meer\\\/hotel-caorle\\\/badeurlaub-mit-kindern\\\/#primaryimage\"},\"image\":{\"@id\":\"https:\\\/\\\/www.lampogroup.it\\\/de\\\/hotels-in-der-nahe-von-venedig-am-meer\\\/hotel-caorle\\\/badeurlaub-mit-kindern\\\/#primaryimage\"},\"thumbnailUrl\":\"https:\\\/\\\/www.lampogroup.it\\\/wp-content\\\/uploads\\\/2023\\\/06\\\/family-hotel-4-stelle-holiday-sea-caorle.webp\",\"datePublished\":\"2023-05-23T10:40:51+00:00\",\"dateModified\":\"2024-01-29T10:58:09+00:00\",\"description\":\"Caorle, ideal f\u00fcr einen Urlaub mit Kindern: ausgestattete Str\u00e4nde, Vergn\u00fcgungspark Acquafollie, Fahrradverleih und viele Aktivit\u00e4ten f\u00fcr den Familienurlaub\",\"breadcrumb\":{\"@id\":\"https:\\\/\\\/www.lampogroup.it\\\/de\\\/hotels-in-der-nahe-von-venedig-am-meer\\\/hotel-caorle\\\/badeurlaub-mit-kindern\\\/#breadcrumb\"},\"inLanguage\":\"de\",\"potentialAction\":[{\"@type\":\"ReadAction\",\"target\":[\"https:\\\/\\\/www.lampogroup.it\\\/de\\\/hotels-in-der-nahe-von-venedig-am-meer\\\/hotel-caorle\\\/badeurlaub-mit-kindern\\\/\"]}]},{\"@type\":\"ImageObject\",\"inLanguage\":\"de\",\"@id\":\"https:\\\/\\\/www.lampogroup.it\\\/de\\\/hotels-in-der-nahe-von-venedig-am-meer\\\/hotel-caorle\\\/badeurlaub-mit-kindern\\\/#primaryimage\",\"url\":\"https:\\\/\\\/www.lampogroup.it\\\/wp-content\\\/uploads\\\/2023\\\/06\\\/family-hotel-4-stelle-holiday-sea-caorle.webp\",\"contentUrl\":\"https:\\\/\\\/www.lampogroup.it\\\/wp-content\\\/uploads\\\/2023\\\/06\\\/family-hotel-4-stelle-holiday-sea-caorle.webp\",\"width\":1800,\"height\":1100},{\"@type\":\"BreadcrumbList\",\"@id\":\"https:\\\/\\\/www.lampogroup.it\\\/de\\\/hotels-in-der-nahe-von-venedig-am-meer\\\/hotel-caorle\\\/badeurlaub-mit-kindern\\\/#breadcrumb\",\"itemListElement\":[{\"@type\":\"ListItem\",\"position\":1,\"name\":\"Home\",\"item\":\"https:\\\/\\\/www.lampogroup.it\\\/de\\\/\"},{\"@type\":\"ListItem\",\"position\":2,\"name\":\"Hotels in der na\u0308he von Venedig am meer\",\"item\":\"https:\\\/\\\/www.lampogroup.it\\\/de\\\/hotels-in-der-nahe-von-venedig-am-meer\\\/\"},{\"@type\":\"ListItem\",\"position\":3,\"name\":\"Caorle\",\"item\":\"https:\\\/\\\/www.lampogroup.it\\\/de\\\/hotels-in-der-nahe-von-venedig-am-meer\\\/hotel-caorle\\\/\"},{\"@type\":\"ListItem\",\"position\":4,\"name\":\"Was bietet Caorle den Kindern?\"}]},{\"@type\":\"WebSite\",\"@id\":\"https:\\\/\\\/www.lampogroup.it\\\/it\\\/#website\",\"url\":\"https:\\\/\\\/www.lampogroup.it\\\/it\\\/\",\"name\":\"Gruppo Lampo\",\"description\":\"\",\"publisher\":{\"@id\":\"https:\\\/\\\/www.lampogroup.it\\\/it\\\/#organization\"},\"potentialAction\":[{\"@type\":\"SearchAction\",\"target\":{\"@type\":\"EntryPoint\",\"urlTemplate\":\"https:\\\/\\\/www.lampogroup.it\\\/it\\\/?s={search_term_string}\"},\"query-input\":{\"@type\":\"PropertyValueSpecification\",\"valueRequired\":true,\"valueName\":\"search_term_string\"}}],\"inLanguage\":\"de\"},{\"@type\":\"Organization\",\"@id\":\"https:\\\/\\\/www.lampogroup.it\\\/it\\\/#organization\",\"name\":\"Gruppo Lampo\",\"url\":\"https:\\\/\\\/www.lampogroup.it\\\/it\\\/\",\"logo\":{\"@type\":\"ImageObject\",\"inLanguage\":\"de\",\"@id\":\"https:\\\/\\\/www.lampogroup.it\\\/it\\\/#\\\/schema\\\/logo\\\/image\\\/\",\"url\":\"https:\\\/\\\/www.lampogroup.it\\\/wp-content\\\/uploads\\\/2023\\\/05\\\/lampo-group-1.svg\",\"contentUrl\":\"https:\\\/\\\/www.lampogroup.it\\\/wp-content\\\/uploads\\\/2023\\\/05\\\/lampo-group-1.svg\",\"width\":1,\"height\":1,\"caption\":\"Gruppo Lampo\"},\"image\":{\"@id\":\"https:\\\/\\\/www.lampogroup.it\\\/it\\\/#\\\/schema\\\/logo\\\/image\\\/\"},\"sameAs\":[\"https:\\\/\\\/www.facebook.com\\\/p\\\/Lampo-Group-100063678903798\"]}]}<\/script>\n<!-- \/ Yoast SEO plugin. -->","yoast_head_json":{"title":"Was bietet Caorle den Kindern? - Gruppo Lampo","description":"Caorle, ideal f\u00fcr einen Urlaub mit Kindern: ausgestattete Str\u00e4nde, Vergn\u00fcgungspark Acquafollie, Fahrradverleih und viele Aktivit\u00e4ten f\u00fcr den Familienurlaub","robots":{"index":"index","follow":"follow","max-snippet":"max-snippet:-1","max-image-preview":"max-image-preview:large","max-video-preview":"max-video-preview:-1"},"canonical":"https:\/\/www.lampogroup.it\/de\/hotels-in-der-nahe-von-venedig-am-meer\/hotel-caorle\/badeurlaub-mit-kindern\/","og_locale":"de_DE","og_type":"article","og_title":"Was bietet Caorle den Kindern? - Gruppo Lampo","og_description":"Caorle, ideal f\u00fcr einen Urlaub mit Kindern: ausgestattete Str\u00e4nde, Vergn\u00fcgungspark Acquafollie, Fahrradverleih und viele Aktivit\u00e4ten f\u00fcr den Familienurlaub","og_url":"https:\/\/www.lampogroup.it\/de\/hotels-in-der-nahe-von-venedig-am-meer\/hotel-caorle\/badeurlaub-mit-kindern\/","og_site_name":"Gruppo Lampo","article_publisher":"https:\/\/www.facebook.com\/p\/Lampo-Group-100063678903798","article_modified_time":"2024-01-29T10:58:09+00:00","og_image":[{"width":1800,"height":1100,"url":"https:\/\/www.lampogroup.it\/wp-content\/uploads\/2023\/06\/family-hotel-4-stelle-holiday-sea-caorle.webp","type":"image\/webp"}],"schema":{"@context":"https:\/\/schema.org","@graph":[{"@type":"WebPage","@id":"https:\/\/www.lampogroup.it\/de\/hotels-in-der-nahe-von-venedig-am-meer\/hotel-caorle\/badeurlaub-mit-kindern\/","url":"https:\/\/www.lampogroup.it\/de\/hotels-in-der-nahe-von-venedig-am-meer\/hotel-caorle\/badeurlaub-mit-kindern\/","name":"Was bietet Caorle den Kindern? - Gruppo Lampo","isPartOf":{"@id":"https:\/\/www.lampogroup.it\/it\/#website"},"primaryImageOfPage":{"@id":"https:\/\/www.lampogroup.it\/de\/hotels-in-der-nahe-von-venedig-am-meer\/hotel-caorle\/badeurlaub-mit-kindern\/#primaryimage"},"image":{"@id":"https:\/\/www.lampogroup.it\/de\/hotels-in-der-nahe-von-venedig-am-meer\/hotel-caorle\/badeurlaub-mit-kindern\/#primaryimage"},"thumbnailUrl":"https:\/\/www.lampogroup.it\/wp-content\/uploads\/2023\/06\/family-hotel-4-stelle-holiday-sea-caorle.webp","datePublished":"2023-05-23T10:40:51+00:00","dateModified":"2024-01-29T10:58:09+00:00","description":"Caorle, ideal f\u00fcr einen Urlaub mit Kindern: ausgestattete Str\u00e4nde, Vergn\u00fcgungspark Acquafollie, Fahrradverleih und viele Aktivit\u00e4ten f\u00fcr den Familienurlaub","breadcrumb":{"@id":"https:\/\/www.lampogroup.it\/de\/hotels-in-der-nahe-von-venedig-am-meer\/hotel-caorle\/badeurlaub-mit-kindern\/#breadcrumb"},"inLanguage":"de","potentialAction":[{"@type":"ReadAction","target":["https:\/\/www.lampogroup.it\/de\/hotels-in-der-nahe-von-venedig-am-meer\/hotel-caorle\/badeurlaub-mit-kindern\/"]}]},{"@type":"ImageObject","inLanguage":"de","@id":"https:\/\/www.lampogroup.it\/de\/hotels-in-der-nahe-von-venedig-am-meer\/hotel-caorle\/badeurlaub-mit-kindern\/#primaryimage","url":"https:\/\/www.lampogroup.it\/wp-content\/uploads\/2023\/06\/family-hotel-4-stelle-holiday-sea-caorle.webp","contentUrl":"https:\/\/www.lampogroup.it\/wp-content\/uploads\/2023\/06\/family-hotel-4-stelle-holiday-sea-caorle.webp","width":1800,"height":1100},{"@type":"BreadcrumbList","@id":"https:\/\/www.lampogroup.it\/de\/hotels-in-der-nahe-von-venedig-am-meer\/hotel-caorle\/badeurlaub-mit-kindern\/#breadcrumb","itemListElement":[{"@type":"ListItem","position":1,"name":"Home","item":"https:\/\/www.lampogroup.it\/de\/"},{"@type":"ListItem","position":2,"name":"Hotels in der na\u0308he von Venedig am meer","item":"https:\/\/www.lampogroup.it\/de\/hotels-in-der-nahe-von-venedig-am-meer\/"},{"@type":"ListItem","position":3,"name":"Caorle","item":"https:\/\/www.lampogroup.it\/de\/hotels-in-der-nahe-von-venedig-am-meer\/hotel-caorle\/"},{"@type":"ListItem","position":4,"name":"Was bietet Caorle den Kindern?"}]},{"@type":"WebSite","@id":"https:\/\/www.lampogroup.it\/it\/#website","url":"https:\/\/www.lampogroup.it\/it\/","name":"Gruppo Lampo","description":"","publisher":{"@id":"https:\/\/www.lampogroup.it\/it\/#organization"},"potentialAction":[{"@type":"SearchAction","target":{"@type":"EntryPoint","urlTemplate":"https:\/\/www.lampogroup.it\/it\/?s={search_term_string}"},"query-input":{"@type":"PropertyValueSpecification","valueRequired":true,"valueName":"search_term_string"}}],"inLanguage":"de"},{"@type":"Organization","@id":"https:\/\/www.lampogroup.it\/it\/#organization","name":"Gruppo Lampo","url":"https:\/\/www.lampogroup.it\/it\/","logo":{"@type":"ImageObject","inLanguage":"de","@id":"https:\/\/www.lampogroup.it\/it\/#\/schema\/logo\/image\/","url":"https:\/\/www.lampogroup.it\/wp-content\/uploads\/2023\/05\/lampo-group-1.svg","contentUrl":"https:\/\/www.lampogroup.it\/wp-content\/uploads\/2023\/05\/lampo-group-1.svg","width":1,"height":1,"caption":"Gruppo Lampo"},"image":{"@id":"https:\/\/www.lampogroup.it\/it\/#\/schema\/logo\/image\/"},"sameAs":["https:\/\/www.facebook.com\/p\/Lampo-Group-100063678903798"]}]}},"_links":{"self":[{"href":"https:\/\/www.lampogroup.it\/de\/wp-json\/wp\/v2\/pages\/1323","targetHints":{"allow":["GET"]}}],"collection":[{"href":"https:\/\/www.lampogroup.it\/de\/wp-json\/wp\/v2\/pages"}],"about":[{"href":"https:\/\/www.lampogroup.it\/de\/wp-json\/wp\/v2\/types\/page"}],"author":[{"embeddable":true,"href":"https:\/\/www.lampogroup.it\/de\/wp-json\/wp\/v2\/users\/1"}],"replies":[{"embeddable":true,"href":"https:\/\/www.lampogroup.it\/de\/wp-json\/wp\/v2\/comments?post=1323"}],"version-history":[{"count":2,"href":"https:\/\/www.lampogroup.it\/de\/wp-json\/wp\/v2\/pages\/1323\/revisions"}],"predecessor-version":[{"id":1363,"href":"https:\/\/www.lampogroup.it\/de\/wp-json\/wp\/v2\/pages\/1323\/revisions\/1363"}],"up":[{"embeddable":true,"href":"https:\/\/www.lampogroup.it\/de\/wp-json\/wp\/v2\/pages\/671"}],"wp:featuredmedia":[{"embeddable":true,"href":"https:\/\/www.lampogroup.it\/de\/wp-json\/wp\/v2\/media\/864"}],"wp:attachment":[{"href":"https:\/\/www.lampogroup.it\/de\/wp-json\/wp\/v2\/media?parent=1323"}],"curies":[{"name":"wp","href":"https:\/\/api.w.org\/{rel}","templated":true}]}}