{"id":1319,"date":"2023-05-23T12:39:36","date_gmt":"2023-05-23T10:39:36","guid":{"rendered":"https:\/\/www.lampogroup.it\/hotels-in-der-nahe-von-venedig-am-meer\/hotel-caorle\/come-arrivare-a-caorle\/"},"modified":"2024-01-29T11:41:18","modified_gmt":"2024-01-29T10:41:18","slug":"wie-kommt-man-nach-caorle","status":"publish","type":"page","link":"https:\/\/www.lampogroup.it\/de\/hotels-in-der-nahe-von-venedig-am-meer\/hotel-caorle\/wie-kommt-man-nach-caorle\/","title":{"rendered":"So Kommen sie nach Caorle"},"content":{"rendered":"\n<p>Hier einige n\u00fctzliche Tipps f\u00fcr Ihre Anfahrt nach Caorle. <\/p>\n\n\n\n<p>Caorle liegt an der Adriak\u00fcste zwischen den beiden Str\u00e4nden Ponente im Westen und Levante im Osten.<\/p>\n\n\n\n<!--more-->\n\n\n\n<p>Das sch\u00f6ne St\u00e4dtchen im \u00f6stlichen Bereich der venezianischen K\u00fcste ist ein idealer Urlaubsort f\u00fcr einen erholsamen und abwechslungsreichen Aufenthalt mit der Familie. Caorle ist in ganz Europa bekannt und gilt dank seiner sch\u00f6nen Altstadt mit den bunten Gassen, dem malerischen Ausblick und der langen K\u00fcste als wahre \u201ePerle der Adria\u201d. Aber wie kommt man nach Caorle?<\/p>\n\n\n\n<p>Caorle liegt in einer ruhigen Gegend, umgeben von gr\u00fcner Natur, ist aber keineswegs abgeschieden, sondern gut angebunden und leicht mit allen Verkehrsmitteln zu erreichen. Die Stadt ist deshalb auch ein g\u00fcnstiges Reiseziel f\u00fcr alle Besucher der nahe gelegenen Kunstst\u00e4dte Venedig, Padua, Treviso oder Triest. Hier erfahren Sie, wie Sie am besten nach Caorle kommen k\u00f6nnen.<\/p>\n\n\n\n<h3 class=\"wp-block-heading\">Auto<\/h3>\n\n\n\n<p>Mit dem Auto folgen Sie der Autobahn A4 (Venedig \u2013 Triest). Wenn Sie aus Richtung Mailand oder vom Brenner kommen, nehmen Sie die Ausfahrt San Stino di Livenza, die am n\u00e4chsten liegt. Dann erreichen Sie Caorle nach 24 km. Aus Richtung Udine kommend, sollten Sie die Autobahn an der Ausfahrt Portogruaro verlassen, die 29 km von Ihrem Ziel entfernt ist.<\/p>\n\n\n\n<p>Dann biegen Sie in die SP 59 S. Stino \u2013 Caorle ein und gelangen schnell an Ihr Ziel.<\/p>\n\n\n\n<h3 class=\"wp-block-heading\">Zug<\/h3>\n\n\n\n<p>Sie k\u00f6nnen Caorle auch mit den \u00f6ffentlichen Verkehrsmitteln erreichen: Nehmen Sie einfach den Zug und steigen Sie an einem der folgenden Bahnh\u00f6fe aus: Portogruaro, S. Stino di Livenza, San Don\u00e0 di Piave, die beide etwa 30 km von Caorle entfernt sind. Von dort aus bringt Sie einer der h\u00e4ufig verkehrenden Linienbusse in die Stadt, oder Sie fahren mit dem Taxi.<\/p>\n\n\n\n<h3 class=\"wp-block-heading\">Flugzeug<\/h3>\n\n\n\n<p>Nat\u00fcrlich k\u00f6nnen Sie auch mit dem Flugzeug nach Caorle kommen, da sich in der N\u00e4he drei Flugh\u00e4fen befinden:<\/p>\n\n\n\n<ul class=\"list-item wp-block-list\">\n<li>Flughafen Venedig \u201eMarco Polo\u201d (51 km von Caorle entfernt)<\/li>\n\n\n\n<li>Flughafen \u201eAntonio Canova\u201d in Treviso (in ca. 62 km Entfernung)<\/li>\n\n\n\n<li>Flughafen \u201eRonchi dei Legionari\u201d in Triest (Entfernung: 94 km)<\/li>\n<\/ul>\n\n\n\n<p>Von den Flugh\u00e4fen in Venedig und Treviso gibt es jeden Tag bequeme Busverbindungen nach Caorle.<\/p>\n","protected":false},"excerpt":{"rendered":"<p>Hier einige n\u00fctzliche Tipps f\u00fcr Ihre Anfahrt nach Caorle. Caorle liegt an der Adriak\u00fcste zwischen den beiden Str\u00e4nden Ponente im Westen und Levante im Osten.<\/p>\n","protected":false},"author":1,"featured_media":363,"parent":671,"menu_order":0,"comment_status":"closed","ping_status":"closed","template":"","meta":{"_acf_changed":false,"footnotes":""},"class_list":["post-1319","page","type-page","status-publish","has-post-thumbnail","hentry"],"acf":[],"yoast_head":"<!-- This site is optimized with the Yoast SEO plugin v27.3 - https:\/\/yoast.com\/product\/yoast-seo-wordpress\/ -->\n<title>So Kommen sie nach Caorle - Gruppo Lampo<\/title>\n<meta name=\"description\" content=\"Caorle ist eine wundersch\u00f6ne Stadt im \u00f6stlichen Teil der venezianischen K\u00fcste und ideal f\u00fcr einen Urlaub mit der Familie\" \/>\n<meta name=\"robots\" content=\"index, follow, max-snippet:-1, max-image-preview:large, max-video-preview:-1\" \/>\n<link rel=\"canonical\" href=\"https:\/\/www.lampogroup.it\/de\/hotels-in-der-nahe-von-venedig-am-meer\/hotel-caorle\/wie-kommt-man-nach-caorle\/\" \/>\n<meta property=\"og:locale\" content=\"de_DE\" \/>\n<meta property=\"og:type\" content=\"article\" \/>\n<meta property=\"og:title\" content=\"So Kommen sie nach Caorle - Gruppo Lampo\" \/>\n<meta property=\"og:description\" content=\"Caorle ist eine wundersch\u00f6ne Stadt im \u00f6stlichen Teil der venezianischen K\u00fcste und ideal f\u00fcr einen Urlaub mit der Familie\" \/>\n<meta property=\"og:url\" content=\"https:\/\/www.lampogroup.it\/de\/hotels-in-der-nahe-von-venedig-am-meer\/hotel-caorle\/wie-kommt-man-nach-caorle\/\" \/>\n<meta property=\"og:site_name\" content=\"Gruppo Lampo\" \/>\n<meta property=\"article:publisher\" content=\"https:\/\/www.facebook.com\/p\/Lampo-Group-100063678903798\" \/>\n<meta property=\"article:modified_time\" content=\"2024-01-29T10:41:18+00:00\" \/>\n<meta property=\"og:image\" content=\"https:\/\/www.lampogroup.it\/wp-content\/uploads\/2023\/05\/hotel-europa-caorle-3.webp\" \/>\n\t<meta property=\"og:image:width\" content=\"1900\" \/>\n\t<meta property=\"og:image:height\" content=\"1280\" \/>\n\t<meta property=\"og:image:type\" content=\"image\/webp\" \/>\n<script type=\"application\/ld+json\" class=\"yoast-schema-graph\">{\"@context\":\"https:\\\/\\\/schema.org\",\"@graph\":[{\"@type\":\"WebPage\",\"@id\":\"https:\\\/\\\/www.lampogroup.it\\\/de\\\/hotels-in-der-nahe-von-venedig-am-meer\\\/hotel-caorle\\\/wie-kommt-man-nach-caorle\\\/\",\"url\":\"https:\\\/\\\/www.lampogroup.it\\\/de\\\/hotels-in-der-nahe-von-venedig-am-meer\\\/hotel-caorle\\\/wie-kommt-man-nach-caorle\\\/\",\"name\":\"So Kommen sie nach Caorle - Gruppo Lampo\",\"isPartOf\":{\"@id\":\"https:\\\/\\\/www.lampogroup.it\\\/it\\\/#website\"},\"primaryImageOfPage\":{\"@id\":\"https:\\\/\\\/www.lampogroup.it\\\/de\\\/hotels-in-der-nahe-von-venedig-am-meer\\\/hotel-caorle\\\/wie-kommt-man-nach-caorle\\\/#primaryimage\"},\"image\":{\"@id\":\"https:\\\/\\\/www.lampogroup.it\\\/de\\\/hotels-in-der-nahe-von-venedig-am-meer\\\/hotel-caorle\\\/wie-kommt-man-nach-caorle\\\/#primaryimage\"},\"thumbnailUrl\":\"https:\\\/\\\/www.lampogroup.it\\\/wp-content\\\/uploads\\\/2023\\\/05\\\/hotel-europa-caorle-3.webp\",\"datePublished\":\"2023-05-23T10:39:36+00:00\",\"dateModified\":\"2024-01-29T10:41:18+00:00\",\"description\":\"Caorle ist eine wundersch\u00f6ne Stadt im \u00f6stlichen Teil der venezianischen K\u00fcste und ideal f\u00fcr einen Urlaub mit der Familie\",\"breadcrumb\":{\"@id\":\"https:\\\/\\\/www.lampogroup.it\\\/de\\\/hotels-in-der-nahe-von-venedig-am-meer\\\/hotel-caorle\\\/wie-kommt-man-nach-caorle\\\/#breadcrumb\"},\"inLanguage\":\"de\",\"potentialAction\":[{\"@type\":\"ReadAction\",\"target\":[\"https:\\\/\\\/www.lampogroup.it\\\/de\\\/hotels-in-der-nahe-von-venedig-am-meer\\\/hotel-caorle\\\/wie-kommt-man-nach-caorle\\\/\"]}]},{\"@type\":\"ImageObject\",\"inLanguage\":\"de\",\"@id\":\"https:\\\/\\\/www.lampogroup.it\\\/de\\\/hotels-in-der-nahe-von-venedig-am-meer\\\/hotel-caorle\\\/wie-kommt-man-nach-caorle\\\/#primaryimage\",\"url\":\"https:\\\/\\\/www.lampogroup.it\\\/wp-content\\\/uploads\\\/2023\\\/05\\\/hotel-europa-caorle-3.webp\",\"contentUrl\":\"https:\\\/\\\/www.lampogroup.it\\\/wp-content\\\/uploads\\\/2023\\\/05\\\/hotel-europa-caorle-3.webp\",\"width\":1900,\"height\":1280},{\"@type\":\"BreadcrumbList\",\"@id\":\"https:\\\/\\\/www.lampogroup.it\\\/de\\\/hotels-in-der-nahe-von-venedig-am-meer\\\/hotel-caorle\\\/wie-kommt-man-nach-caorle\\\/#breadcrumb\",\"itemListElement\":[{\"@type\":\"ListItem\",\"position\":1,\"name\":\"Home\",\"item\":\"https:\\\/\\\/www.lampogroup.it\\\/de\\\/\"},{\"@type\":\"ListItem\",\"position\":2,\"name\":\"Hotels in der na\u0308he von Venedig am meer\",\"item\":\"https:\\\/\\\/www.lampogroup.it\\\/de\\\/hotels-in-der-nahe-von-venedig-am-meer\\\/\"},{\"@type\":\"ListItem\",\"position\":3,\"name\":\"Caorle\",\"item\":\"https:\\\/\\\/www.lampogroup.it\\\/de\\\/hotels-in-der-nahe-von-venedig-am-meer\\\/hotel-caorle\\\/\"},{\"@type\":\"ListItem\",\"position\":4,\"name\":\"So Kommen sie nach Caorle\"}]},{\"@type\":\"WebSite\",\"@id\":\"https:\\\/\\\/www.lampogroup.it\\\/it\\\/#website\",\"url\":\"https:\\\/\\\/www.lampogroup.it\\\/it\\\/\",\"name\":\"Gruppo Lampo\",\"description\":\"\",\"publisher\":{\"@id\":\"https:\\\/\\\/www.lampogroup.it\\\/it\\\/#organization\"},\"potentialAction\":[{\"@type\":\"SearchAction\",\"target\":{\"@type\":\"EntryPoint\",\"urlTemplate\":\"https:\\\/\\\/www.lampogroup.it\\\/it\\\/?s={search_term_string}\"},\"query-input\":{\"@type\":\"PropertyValueSpecification\",\"valueRequired\":true,\"valueName\":\"search_term_string\"}}],\"inLanguage\":\"de\"},{\"@type\":\"Organization\",\"@id\":\"https:\\\/\\\/www.lampogroup.it\\\/it\\\/#organization\",\"name\":\"Gruppo Lampo\",\"url\":\"https:\\\/\\\/www.lampogroup.it\\\/it\\\/\",\"logo\":{\"@type\":\"ImageObject\",\"inLanguage\":\"de\",\"@id\":\"https:\\\/\\\/www.lampogroup.it\\\/it\\\/#\\\/schema\\\/logo\\\/image\\\/\",\"url\":\"https:\\\/\\\/www.lampogroup.it\\\/wp-content\\\/uploads\\\/2023\\\/05\\\/lampo-group-1.svg\",\"contentUrl\":\"https:\\\/\\\/www.lampogroup.it\\\/wp-content\\\/uploads\\\/2023\\\/05\\\/lampo-group-1.svg\",\"width\":1,\"height\":1,\"caption\":\"Gruppo Lampo\"},\"image\":{\"@id\":\"https:\\\/\\\/www.lampogroup.it\\\/it\\\/#\\\/schema\\\/logo\\\/image\\\/\"},\"sameAs\":[\"https:\\\/\\\/www.facebook.com\\\/p\\\/Lampo-Group-100063678903798\"]}]}<\/script>\n<!-- \/ Yoast SEO plugin. -->","yoast_head_json":{"title":"So Kommen sie nach Caorle - Gruppo Lampo","description":"Caorle ist eine wundersch\u00f6ne Stadt im \u00f6stlichen Teil der venezianischen K\u00fcste und ideal f\u00fcr einen Urlaub mit der Familie","robots":{"index":"index","follow":"follow","max-snippet":"max-snippet:-1","max-image-preview":"max-image-preview:large","max-video-preview":"max-video-preview:-1"},"canonical":"https:\/\/www.lampogroup.it\/de\/hotels-in-der-nahe-von-venedig-am-meer\/hotel-caorle\/wie-kommt-man-nach-caorle\/","og_locale":"de_DE","og_type":"article","og_title":"So Kommen sie nach Caorle - Gruppo Lampo","og_description":"Caorle ist eine wundersch\u00f6ne Stadt im \u00f6stlichen Teil der venezianischen K\u00fcste und ideal f\u00fcr einen Urlaub mit der Familie","og_url":"https:\/\/www.lampogroup.it\/de\/hotels-in-der-nahe-von-venedig-am-meer\/hotel-caorle\/wie-kommt-man-nach-caorle\/","og_site_name":"Gruppo Lampo","article_publisher":"https:\/\/www.facebook.com\/p\/Lampo-Group-100063678903798","article_modified_time":"2024-01-29T10:41:18+00:00","og_image":[{"width":1900,"height":1280,"url":"https:\/\/www.lampogroup.it\/wp-content\/uploads\/2023\/05\/hotel-europa-caorle-3.webp","type":"image\/webp"}],"schema":{"@context":"https:\/\/schema.org","@graph":[{"@type":"WebPage","@id":"https:\/\/www.lampogroup.it\/de\/hotels-in-der-nahe-von-venedig-am-meer\/hotel-caorle\/wie-kommt-man-nach-caorle\/","url":"https:\/\/www.lampogroup.it\/de\/hotels-in-der-nahe-von-venedig-am-meer\/hotel-caorle\/wie-kommt-man-nach-caorle\/","name":"So Kommen sie nach Caorle - Gruppo Lampo","isPartOf":{"@id":"https:\/\/www.lampogroup.it\/it\/#website"},"primaryImageOfPage":{"@id":"https:\/\/www.lampogroup.it\/de\/hotels-in-der-nahe-von-venedig-am-meer\/hotel-caorle\/wie-kommt-man-nach-caorle\/#primaryimage"},"image":{"@id":"https:\/\/www.lampogroup.it\/de\/hotels-in-der-nahe-von-venedig-am-meer\/hotel-caorle\/wie-kommt-man-nach-caorle\/#primaryimage"},"thumbnailUrl":"https:\/\/www.lampogroup.it\/wp-content\/uploads\/2023\/05\/hotel-europa-caorle-3.webp","datePublished":"2023-05-23T10:39:36+00:00","dateModified":"2024-01-29T10:41:18+00:00","description":"Caorle ist eine wundersch\u00f6ne Stadt im \u00f6stlichen Teil der venezianischen K\u00fcste und ideal f\u00fcr einen Urlaub mit der Familie","breadcrumb":{"@id":"https:\/\/www.lampogroup.it\/de\/hotels-in-der-nahe-von-venedig-am-meer\/hotel-caorle\/wie-kommt-man-nach-caorle\/#breadcrumb"},"inLanguage":"de","potentialAction":[{"@type":"ReadAction","target":["https:\/\/www.lampogroup.it\/de\/hotels-in-der-nahe-von-venedig-am-meer\/hotel-caorle\/wie-kommt-man-nach-caorle\/"]}]},{"@type":"ImageObject","inLanguage":"de","@id":"https:\/\/www.lampogroup.it\/de\/hotels-in-der-nahe-von-venedig-am-meer\/hotel-caorle\/wie-kommt-man-nach-caorle\/#primaryimage","url":"https:\/\/www.lampogroup.it\/wp-content\/uploads\/2023\/05\/hotel-europa-caorle-3.webp","contentUrl":"https:\/\/www.lampogroup.it\/wp-content\/uploads\/2023\/05\/hotel-europa-caorle-3.webp","width":1900,"height":1280},{"@type":"BreadcrumbList","@id":"https:\/\/www.lampogroup.it\/de\/hotels-in-der-nahe-von-venedig-am-meer\/hotel-caorle\/wie-kommt-man-nach-caorle\/#breadcrumb","itemListElement":[{"@type":"ListItem","position":1,"name":"Home","item":"https:\/\/www.lampogroup.it\/de\/"},{"@type":"ListItem","position":2,"name":"Hotels in der na\u0308he von Venedig am meer","item":"https:\/\/www.lampogroup.it\/de\/hotels-in-der-nahe-von-venedig-am-meer\/"},{"@type":"ListItem","position":3,"name":"Caorle","item":"https:\/\/www.lampogroup.it\/de\/hotels-in-der-nahe-von-venedig-am-meer\/hotel-caorle\/"},{"@type":"ListItem","position":4,"name":"So Kommen sie nach Caorle"}]},{"@type":"WebSite","@id":"https:\/\/www.lampogroup.it\/it\/#website","url":"https:\/\/www.lampogroup.it\/it\/","name":"Gruppo Lampo","description":"","publisher":{"@id":"https:\/\/www.lampogroup.it\/it\/#organization"},"potentialAction":[{"@type":"SearchAction","target":{"@type":"EntryPoint","urlTemplate":"https:\/\/www.lampogroup.it\/it\/?s={search_term_string}"},"query-input":{"@type":"PropertyValueSpecification","valueRequired":true,"valueName":"search_term_string"}}],"inLanguage":"de"},{"@type":"Organization","@id":"https:\/\/www.lampogroup.it\/it\/#organization","name":"Gruppo Lampo","url":"https:\/\/www.lampogroup.it\/it\/","logo":{"@type":"ImageObject","inLanguage":"de","@id":"https:\/\/www.lampogroup.it\/it\/#\/schema\/logo\/image\/","url":"https:\/\/www.lampogroup.it\/wp-content\/uploads\/2023\/05\/lampo-group-1.svg","contentUrl":"https:\/\/www.lampogroup.it\/wp-content\/uploads\/2023\/05\/lampo-group-1.svg","width":1,"height":1,"caption":"Gruppo Lampo"},"image":{"@id":"https:\/\/www.lampogroup.it\/it\/#\/schema\/logo\/image\/"},"sameAs":["https:\/\/www.facebook.com\/p\/Lampo-Group-100063678903798"]}]}},"_links":{"self":[{"href":"https:\/\/www.lampogroup.it\/de\/wp-json\/wp\/v2\/pages\/1319","targetHints":{"allow":["GET"]}}],"collection":[{"href":"https:\/\/www.lampogroup.it\/de\/wp-json\/wp\/v2\/pages"}],"about":[{"href":"https:\/\/www.lampogroup.it\/de\/wp-json\/wp\/v2\/types\/page"}],"author":[{"embeddable":true,"href":"https:\/\/www.lampogroup.it\/de\/wp-json\/wp\/v2\/users\/1"}],"replies":[{"embeddable":true,"href":"https:\/\/www.lampogroup.it\/de\/wp-json\/wp\/v2\/comments?post=1319"}],"version-history":[{"count":2,"href":"https:\/\/www.lampogroup.it\/de\/wp-json\/wp\/v2\/pages\/1319\/revisions"}],"predecessor-version":[{"id":1360,"href":"https:\/\/www.lampogroup.it\/de\/wp-json\/wp\/v2\/pages\/1319\/revisions\/1360"}],"up":[{"embeddable":true,"href":"https:\/\/www.lampogroup.it\/de\/wp-json\/wp\/v2\/pages\/671"}],"wp:featuredmedia":[{"embeddable":true,"href":"https:\/\/www.lampogroup.it\/de\/wp-json\/wp\/v2\/media\/363"}],"wp:attachment":[{"href":"https:\/\/www.lampogroup.it\/de\/wp-json\/wp\/v2\/media?parent=1319"}],"curies":[{"name":"wp","href":"https:\/\/api.w.org\/{rel}","templated":true}]}}