{"id":1181,"date":"2023-05-18T10:14:56","date_gmt":"2023-05-18T08:14:56","guid":{"rendered":"https:\/\/www.lampogroup.it\/pagina-di-esempio\/"},"modified":"2026-01-08T17:18:42","modified_gmt":"2026-01-08T16:18:42","slug":"pagina-di-esempio","status":"publish","type":"page","link":"https:\/\/www.lampogroup.it\/de\/","title":{"rendered":"<span>LAMPO GROUP<\/span> PER LE TUE VAf\u00fcr Ihren Urlaub in Caorle, Lido Altanea und Bibione"},"content":{"rendered":"\n<h2 class=\"wp-block-heading\">Die Leidenschaft f\u00fcr Ihren Urlaub am Meer<\/h2>\n\n\n\n<p>Seit mehr als 60 Jahren ist Lampo Group der Ansprechpartner f\u00fcr Ihren Urlaub an der K\u00fcste von Venetien, die richtige Wahl f\u00fcr einen erholsamen und abwechslungsreichen Urlaub mit der ganzen Familie.<\/p>\n\n\n\n<p>Die gastlichen Strukturen der Gruppe Lampo erwarten Sie in der faszinierenden Landschaft an der herrlichen venetischen Lagune, wo Sie in einer herzlichen und freundlichen Atmosph\u00e4re fantastische Ferientage verbringen k\u00f6nnen. Das Personal in unseren Hotels und auf den Campingpl\u00e4tzen wird Ihnen stets zur Verf\u00fcgung stehen, um Ihre W\u00fcnsche und Bed\u00fcrfnisse zu erf\u00fcllen und Ihnen einen wirklich tadellosen Service zu gew\u00e4hrleisten.<\/p>\n\n\n\n<p>Lampo Group bietet ein breit gef\u00e4chertes Sortiment an L\u00f6sungen, die sich f\u00fcr jede Urlaubsart eignen, damit Ihr Aufenthalt bei uns eine einzigartige und unvergessliche Erfahrung ist.<\/p>\n","protected":false},"excerpt":{"rendered":"<p>Die Leidenschaft f\u00fcr Ihren Urlaub am Meer Seit mehr als 60 Jahren ist Lampo Group der Ansprechpartner f\u00fcr Ihren Urlaub an der K\u00fcste von Venetien, die richtige Wahl f\u00fcr einen erholsamen und abwechslungsreichen Urlaub mit der ganzen Familie. Die gastlichen Strukturen der Gruppe Lampo erwarten Sie in der faszinierenden Landschaft an der herrlichen venetischen Lagune, [&hellip;]<\/p>\n","protected":false},"author":1,"featured_media":0,"parent":0,"menu_order":0,"comment_status":"closed","ping_status":"open","template":"","meta":{"_acf_changed":false,"footnotes":""},"class_list":["post-1181","page","type-page","status-publish","hentry"],"acf":[],"yoast_head":"<!-- This site is optimized with the Yoast SEO plugin v27.3 - https:\/\/yoast.com\/product\/yoast-seo-wordpress\/ -->\n<title>LAMPO GROUP PER LE TUE VAf\u00fcr Ihren Urlaub in Caorle, Lido Altanea und Bibione - Gruppo Lampo<\/title>\n<meta name=\"robots\" content=\"index, follow, max-snippet:-1, max-image-preview:large, max-video-preview:-1\" \/>\n<link rel=\"canonical\" href=\"https:\/\/www.lampogroup.it\/de\/\" \/>\n<meta property=\"og:locale\" content=\"de_DE\" \/>\n<meta property=\"og:type\" content=\"article\" \/>\n<meta property=\"og:title\" content=\"LAMPO GROUP PER LE TUE VAf\u00fcr Ihren Urlaub in Caorle, Lido Altanea und Bibione - Gruppo Lampo\" \/>\n<meta property=\"og:description\" content=\"Die Leidenschaft f\u00fcr Ihren Urlaub am Meer Seit mehr als 60 Jahren ist Lampo Group der Ansprechpartner f\u00fcr Ihren Urlaub an der K\u00fcste von Venetien, die richtige Wahl f\u00fcr einen erholsamen und abwechslungsreichen Urlaub mit der ganzen Familie. Die gastlichen Strukturen der Gruppe Lampo erwarten Sie in der faszinierenden Landschaft an der herrlichen venetischen Lagune, [&hellip;]\" \/>\n<meta property=\"og:url\" content=\"https:\/\/www.lampogroup.it\/de\/\" \/>\n<meta property=\"og:site_name\" content=\"Gruppo Lampo\" \/>\n<meta property=\"article:publisher\" content=\"https:\/\/www.facebook.com\/p\/Lampo-Group-100063678903798\" \/>\n<meta property=\"article:modified_time\" content=\"2026-01-08T16:18:42+00:00\" \/>\n<script type=\"application\/ld+json\" class=\"yoast-schema-graph\">{\"@context\":\"https:\\\/\\\/schema.org\",\"@graph\":[{\"@type\":\"WebPage\",\"@id\":\"https:\\\/\\\/www.lampogroup.it\\\/de\\\/\",\"url\":\"https:\\\/\\\/www.lampogroup.it\\\/de\\\/\",\"name\":\"LAMPO GROUP PER LE TUE VAf\u00fcr Ihren Urlaub in Caorle, Lido Altanea und Bibione - Gruppo Lampo\",\"isPartOf\":{\"@id\":\"https:\\\/\\\/www.lampogroup.it\\\/it\\\/#website\"},\"datePublished\":\"2023-05-18T08:14:56+00:00\",\"dateModified\":\"2026-01-08T16:18:42+00:00\",\"breadcrumb\":{\"@id\":\"https:\\\/\\\/www.lampogroup.it\\\/de\\\/#breadcrumb\"},\"inLanguage\":\"de\",\"potentialAction\":[{\"@type\":\"ReadAction\",\"target\":[\"https:\\\/\\\/www.lampogroup.it\\\/de\\\/\"]}]},{\"@type\":\"BreadcrumbList\",\"@id\":\"https:\\\/\\\/www.lampogroup.it\\\/de\\\/#breadcrumb\",\"itemListElement\":[{\"@type\":\"ListItem\",\"position\":1,\"name\":\"Home\",\"item\":\"https:\\\/\\\/www.lampogroup.it\\\/de\\\/\"},{\"@type\":\"ListItem\",\"position\":2,\"name\":\"LAMPO GROUP PER LE TUE VAf\u00fcr Ihren Urlaub in Caorle, Lido Altanea und Bibione\"}]},{\"@type\":\"WebSite\",\"@id\":\"https:\\\/\\\/www.lampogroup.it\\\/it\\\/#website\",\"url\":\"https:\\\/\\\/www.lampogroup.it\\\/it\\\/\",\"name\":\"Gruppo Lampo\",\"description\":\"\",\"publisher\":{\"@id\":\"https:\\\/\\\/www.lampogroup.it\\\/it\\\/#organization\"},\"potentialAction\":[{\"@type\":\"SearchAction\",\"target\":{\"@type\":\"EntryPoint\",\"urlTemplate\":\"https:\\\/\\\/www.lampogroup.it\\\/it\\\/?s={search_term_string}\"},\"query-input\":{\"@type\":\"PropertyValueSpecification\",\"valueRequired\":true,\"valueName\":\"search_term_string\"}}],\"inLanguage\":\"de\"},{\"@type\":\"Organization\",\"@id\":\"https:\\\/\\\/www.lampogroup.it\\\/it\\\/#organization\",\"name\":\"Gruppo Lampo\",\"url\":\"https:\\\/\\\/www.lampogroup.it\\\/it\\\/\",\"logo\":{\"@type\":\"ImageObject\",\"inLanguage\":\"de\",\"@id\":\"https:\\\/\\\/www.lampogroup.it\\\/it\\\/#\\\/schema\\\/logo\\\/image\\\/\",\"url\":\"https:\\\/\\\/www.lampogroup.it\\\/wp-content\\\/uploads\\\/2023\\\/05\\\/lampo-group-1.svg\",\"contentUrl\":\"https:\\\/\\\/www.lampogroup.it\\\/wp-content\\\/uploads\\\/2023\\\/05\\\/lampo-group-1.svg\",\"width\":1,\"height\":1,\"caption\":\"Gruppo Lampo\"},\"image\":{\"@id\":\"https:\\\/\\\/www.lampogroup.it\\\/it\\\/#\\\/schema\\\/logo\\\/image\\\/\"},\"sameAs\":[\"https:\\\/\\\/www.facebook.com\\\/p\\\/Lampo-Group-100063678903798\"]}]}<\/script>\n<!-- \/ Yoast SEO plugin. -->","yoast_head_json":{"title":"LAMPO GROUP PER LE TUE VAf\u00fcr Ihren Urlaub in Caorle, Lido Altanea und Bibione - Gruppo Lampo","robots":{"index":"index","follow":"follow","max-snippet":"max-snippet:-1","max-image-preview":"max-image-preview:large","max-video-preview":"max-video-preview:-1"},"canonical":"https:\/\/www.lampogroup.it\/de\/","og_locale":"de_DE","og_type":"article","og_title":"LAMPO GROUP PER LE TUE VAf\u00fcr Ihren Urlaub in Caorle, Lido Altanea und Bibione - Gruppo Lampo","og_description":"Die Leidenschaft f\u00fcr Ihren Urlaub am Meer Seit mehr als 60 Jahren ist Lampo Group der Ansprechpartner f\u00fcr Ihren Urlaub an der K\u00fcste von Venetien, die richtige Wahl f\u00fcr einen erholsamen und abwechslungsreichen Urlaub mit der ganzen Familie. Die gastlichen Strukturen der Gruppe Lampo erwarten Sie in der faszinierenden Landschaft an der herrlichen venetischen Lagune, [&hellip;]","og_url":"https:\/\/www.lampogroup.it\/de\/","og_site_name":"Gruppo Lampo","article_publisher":"https:\/\/www.facebook.com\/p\/Lampo-Group-100063678903798","article_modified_time":"2026-01-08T16:18:42+00:00","schema":{"@context":"https:\/\/schema.org","@graph":[{"@type":"WebPage","@id":"https:\/\/www.lampogroup.it\/de\/","url":"https:\/\/www.lampogroup.it\/de\/","name":"LAMPO GROUP PER LE TUE VAf\u00fcr Ihren Urlaub in Caorle, Lido Altanea und Bibione - Gruppo Lampo","isPartOf":{"@id":"https:\/\/www.lampogroup.it\/it\/#website"},"datePublished":"2023-05-18T08:14:56+00:00","dateModified":"2026-01-08T16:18:42+00:00","breadcrumb":{"@id":"https:\/\/www.lampogroup.it\/de\/#breadcrumb"},"inLanguage":"de","potentialAction":[{"@type":"ReadAction","target":["https:\/\/www.lampogroup.it\/de\/"]}]},{"@type":"BreadcrumbList","@id":"https:\/\/www.lampogroup.it\/de\/#breadcrumb","itemListElement":[{"@type":"ListItem","position":1,"name":"Home","item":"https:\/\/www.lampogroup.it\/de\/"},{"@type":"ListItem","position":2,"name":"LAMPO GROUP PER LE TUE VAf\u00fcr Ihren Urlaub in Caorle, Lido Altanea und Bibione"}]},{"@type":"WebSite","@id":"https:\/\/www.lampogroup.it\/it\/#website","url":"https:\/\/www.lampogroup.it\/it\/","name":"Gruppo Lampo","description":"","publisher":{"@id":"https:\/\/www.lampogroup.it\/it\/#organization"},"potentialAction":[{"@type":"SearchAction","target":{"@type":"EntryPoint","urlTemplate":"https:\/\/www.lampogroup.it\/it\/?s={search_term_string}"},"query-input":{"@type":"PropertyValueSpecification","valueRequired":true,"valueName":"search_term_string"}}],"inLanguage":"de"},{"@type":"Organization","@id":"https:\/\/www.lampogroup.it\/it\/#organization","name":"Gruppo Lampo","url":"https:\/\/www.lampogroup.it\/it\/","logo":{"@type":"ImageObject","inLanguage":"de","@id":"https:\/\/www.lampogroup.it\/it\/#\/schema\/logo\/image\/","url":"https:\/\/www.lampogroup.it\/wp-content\/uploads\/2023\/05\/lampo-group-1.svg","contentUrl":"https:\/\/www.lampogroup.it\/wp-content\/uploads\/2023\/05\/lampo-group-1.svg","width":1,"height":1,"caption":"Gruppo Lampo"},"image":{"@id":"https:\/\/www.lampogroup.it\/it\/#\/schema\/logo\/image\/"},"sameAs":["https:\/\/www.facebook.com\/p\/Lampo-Group-100063678903798"]}]}},"_links":{"self":[{"href":"https:\/\/www.lampogroup.it\/de\/wp-json\/wp\/v2\/pages\/1181","targetHints":{"allow":["GET"]}}],"collection":[{"href":"https:\/\/www.lampogroup.it\/de\/wp-json\/wp\/v2\/pages"}],"about":[{"href":"https:\/\/www.lampogroup.it\/de\/wp-json\/wp\/v2\/types\/page"}],"author":[{"embeddable":true,"href":"https:\/\/www.lampogroup.it\/de\/wp-json\/wp\/v2\/users\/1"}],"replies":[{"embeddable":true,"href":"https:\/\/www.lampogroup.it\/de\/wp-json\/wp\/v2\/comments?post=1181"}],"version-history":[{"count":12,"href":"https:\/\/www.lampogroup.it\/de\/wp-json\/wp\/v2\/pages\/1181\/revisions"}],"predecessor-version":[{"id":2702,"href":"https:\/\/www.lampogroup.it\/de\/wp-json\/wp\/v2\/pages\/1181\/revisions\/2702"}],"wp:attachment":[{"href":"https:\/\/www.lampogroup.it\/de\/wp-json\/wp\/v2\/media?parent=1181"}],"curies":[{"name":"wp","href":"https:\/\/api.w.org\/{rel}","templated":true}]}}