{"id":1055,"date":"2023-05-23T13:03:11","date_gmt":"2023-05-23T11:03:11","guid":{"rendered":"https:\/\/www.lampogroup.it\/hotels-in-der-nahe-von-venedig-am-meer\/hotel-lido-altanea\/la-natura-ad-altanea\/"},"modified":"2023-06-13T13:03:52","modified_gmt":"2023-06-13T11:03:52","slug":"umgebung-von-altanea","status":"publish","type":"page","link":"https:\/\/www.lampogroup.it\/de\/hotels-in-der-nahe-von-venedig-am-meer\/hotel-lido-altanea\/umgebung-von-altanea\/","title":{"rendered":"Die Umgebung von Altanea"},"content":{"rendered":"\n<p>Das Gebiet um Altanea war bis vor etwa zwei Jahrzehnten der Landwirtschaft gewidmet und wurde erst 2000 in ein Feriendorf verwandelt.<\/p>\n\n\n\n<!--more-->\n\n\n\n<p>Das st\u00e4dtebauliche Projekt sah vor, die charakteristischen Merkmale der Landschaft zu erhalten, deshalb wurden die Siedlungen mit gro\u00dfen Gr\u00fcnfl\u00e4chen, G\u00e4rten, Radwegen und vielen Bereichen geplant, die dem Sport, Vergn\u00fcgen und der Unterhaltung vorbehalten sind. In den G\u00e4rten, Parks und an den Stra\u00dfen wurden zahlreiche, vorwiegend einheimische Pflanzenarten angesiedelt, und f\u00fcr die Zukunft sind noch mehr vorgesehen. Jede dieser Pflanzen stand bei einer Residenz oder einem Feriendorf Pate &#8211; wie die Ulme, der Weidenbaum oder die Steineiche \u2013 um nur einige Beispiele zu nennen.<\/p>\n\n\n\n<p>In der Ortschaft ist es dank der Fu\u00df- und Radwege m\u00f6glich, sich bequem mit dem Fahrrad fortzubewegen, um den Strand oder die Nachbarorte Porto Santa Margherita und Caorle zu erreichen, wobei man durch gr\u00fcne Wiesen, \u00fcber schattige Pfade und am Ufer eines k\u00fcnstlich angelegten Sees entlang f\u00e4hrt. Ein kleiner Wald bildet die Grenze zwischen den D\u00f6rfern und dem Sandstrand von Altanea. Und hier, im Schatten der Laubb\u00e4ume \u2013 im Wald der Elfen \u2013 unterhalten die Animateure jeden Tag die kleinen G\u00e4ste des Miniclubs.<\/p>\n\n\n\n<p>Der <strong>Strand mit seinem feinen, goldfarbenen Sand und das saubere Meerwasser erm\u00f6glichen der ganzen Familie ein ungetr\u00fcbtes<\/strong>, sorgloses Badevergn\u00fcgen in einer sicheren und gesunden Umwelt, die auch mit der Blauen Flagge ausgezeichnet wurde, einer internationalen Anerkennung f\u00fcr die nachhaltigsten Str\u00e4nde.<\/p>\n","protected":false},"excerpt":{"rendered":"<p>Das Gebiet um Altanea war bis vor etwa zwei Jahrzehnten der Landwirtschaft gewidmet und wurde erst 2000 in ein Feriendorf verwandelt.<\/p>\n","protected":false},"author":1,"featured_media":1074,"parent":1045,"menu_order":0,"comment_status":"closed","ping_status":"closed","template":"","meta":{"_acf_changed":false,"footnotes":""},"class_list":["post-1055","page","type-page","status-publish","has-post-thumbnail","hentry"],"acf":[],"yoast_head":"<!-- This site is optimized with the Yoast SEO plugin v27.3 - https:\/\/yoast.com\/product\/yoast-seo-wordpress\/ -->\n<title>Die Umgebung von Altanea - Gruppo Lampo<\/title>\n<meta name=\"robots\" content=\"index, follow, max-snippet:-1, max-image-preview:large, max-video-preview:-1\" \/>\n<link rel=\"canonical\" href=\"https:\/\/www.lampogroup.it\/de\/hotels-in-der-nahe-von-venedig-am-meer\/hotel-lido-altanea\/umgebung-von-altanea\/\" \/>\n<meta property=\"og:locale\" content=\"de_DE\" \/>\n<meta property=\"og:type\" content=\"article\" \/>\n<meta property=\"og:title\" content=\"Die Umgebung von Altanea - Gruppo Lampo\" \/>\n<meta property=\"og:description\" content=\"Das Gebiet um Altanea war bis vor etwa zwei Jahrzehnten der Landwirtschaft gewidmet und wurde erst 2000 in ein Feriendorf verwandelt.\" \/>\n<meta property=\"og:url\" content=\"https:\/\/www.lampogroup.it\/de\/hotels-in-der-nahe-von-venedig-am-meer\/hotel-lido-altanea\/umgebung-von-altanea\/\" \/>\n<meta property=\"og:site_name\" content=\"Gruppo Lampo\" \/>\n<meta property=\"article:publisher\" content=\"https:\/\/www.facebook.com\/p\/Lampo-Group-100063678903798\" \/>\n<meta property=\"article:modified_time\" content=\"2023-06-13T11:03:52+00:00\" \/>\n<meta property=\"og:image\" content=\"https:\/\/www.lampogroup.it\/wp-content\/uploads\/2023\/06\/4-star-hotel-in-caorle-lido-altanea-venezia-slide-5.webp\" \/>\n\t<meta property=\"og:image:width\" content=\"1800\" \/>\n\t<meta property=\"og:image:height\" content=\"1100\" \/>\n\t<meta property=\"og:image:type\" content=\"image\/webp\" \/>\n<script type=\"application\/ld+json\" class=\"yoast-schema-graph\">{\"@context\":\"https:\\\/\\\/schema.org\",\"@graph\":[{\"@type\":\"WebPage\",\"@id\":\"https:\\\/\\\/www.lampogroup.it\\\/de\\\/hotels-in-der-nahe-von-venedig-am-meer\\\/hotel-lido-altanea\\\/umgebung-von-altanea\\\/\",\"url\":\"https:\\\/\\\/www.lampogroup.it\\\/de\\\/hotels-in-der-nahe-von-venedig-am-meer\\\/hotel-lido-altanea\\\/umgebung-von-altanea\\\/\",\"name\":\"Die Umgebung von Altanea - Gruppo Lampo\",\"isPartOf\":{\"@id\":\"https:\\\/\\\/www.lampogroup.it\\\/it\\\/#website\"},\"primaryImageOfPage\":{\"@id\":\"https:\\\/\\\/www.lampogroup.it\\\/de\\\/hotels-in-der-nahe-von-venedig-am-meer\\\/hotel-lido-altanea\\\/umgebung-von-altanea\\\/#primaryimage\"},\"image\":{\"@id\":\"https:\\\/\\\/www.lampogroup.it\\\/de\\\/hotels-in-der-nahe-von-venedig-am-meer\\\/hotel-lido-altanea\\\/umgebung-von-altanea\\\/#primaryimage\"},\"thumbnailUrl\":\"https:\\\/\\\/www.lampogroup.it\\\/wp-content\\\/uploads\\\/2023\\\/06\\\/4-star-hotel-in-caorle-lido-altanea-venezia-slide-5.webp\",\"datePublished\":\"2023-05-23T11:03:11+00:00\",\"dateModified\":\"2023-06-13T11:03:52+00:00\",\"breadcrumb\":{\"@id\":\"https:\\\/\\\/www.lampogroup.it\\\/de\\\/hotels-in-der-nahe-von-venedig-am-meer\\\/hotel-lido-altanea\\\/umgebung-von-altanea\\\/#breadcrumb\"},\"inLanguage\":\"de\",\"potentialAction\":[{\"@type\":\"ReadAction\",\"target\":[\"https:\\\/\\\/www.lampogroup.it\\\/de\\\/hotels-in-der-nahe-von-venedig-am-meer\\\/hotel-lido-altanea\\\/umgebung-von-altanea\\\/\"]}]},{\"@type\":\"ImageObject\",\"inLanguage\":\"de\",\"@id\":\"https:\\\/\\\/www.lampogroup.it\\\/de\\\/hotels-in-der-nahe-von-venedig-am-meer\\\/hotel-lido-altanea\\\/umgebung-von-altanea\\\/#primaryimage\",\"url\":\"https:\\\/\\\/www.lampogroup.it\\\/wp-content\\\/uploads\\\/2023\\\/06\\\/4-star-hotel-in-caorle-lido-altanea-venezia-slide-5.webp\",\"contentUrl\":\"https:\\\/\\\/www.lampogroup.it\\\/wp-content\\\/uploads\\\/2023\\\/06\\\/4-star-hotel-in-caorle-lido-altanea-venezia-slide-5.webp\",\"width\":1800,\"height\":1100,\"caption\":\"Caorle - Riviera Veneta\"},{\"@type\":\"BreadcrumbList\",\"@id\":\"https:\\\/\\\/www.lampogroup.it\\\/de\\\/hotels-in-der-nahe-von-venedig-am-meer\\\/hotel-lido-altanea\\\/umgebung-von-altanea\\\/#breadcrumb\",\"itemListElement\":[{\"@type\":\"ListItem\",\"position\":1,\"name\":\"Home\",\"item\":\"https:\\\/\\\/www.lampogroup.it\\\/de\\\/\"},{\"@type\":\"ListItem\",\"position\":2,\"name\":\"Hotels in der na\u0308he von Venedig am meer\",\"item\":\"https:\\\/\\\/www.lampogroup.it\\\/de\\\/hotels-in-der-nahe-von-venedig-am-meer\\\/\"},{\"@type\":\"ListItem\",\"position\":3,\"name\":\"Lido Altanea\",\"item\":\"https:\\\/\\\/www.lampogroup.it\\\/de\\\/hotels-in-der-nahe-von-venedig-am-meer\\\/hotel-lido-altanea\\\/\"},{\"@type\":\"ListItem\",\"position\":4,\"name\":\"Die Umgebung von Altanea\"}]},{\"@type\":\"WebSite\",\"@id\":\"https:\\\/\\\/www.lampogroup.it\\\/it\\\/#website\",\"url\":\"https:\\\/\\\/www.lampogroup.it\\\/it\\\/\",\"name\":\"Gruppo Lampo\",\"description\":\"\",\"publisher\":{\"@id\":\"https:\\\/\\\/www.lampogroup.it\\\/it\\\/#organization\"},\"potentialAction\":[{\"@type\":\"SearchAction\",\"target\":{\"@type\":\"EntryPoint\",\"urlTemplate\":\"https:\\\/\\\/www.lampogroup.it\\\/it\\\/?s={search_term_string}\"},\"query-input\":{\"@type\":\"PropertyValueSpecification\",\"valueRequired\":true,\"valueName\":\"search_term_string\"}}],\"inLanguage\":\"de\"},{\"@type\":\"Organization\",\"@id\":\"https:\\\/\\\/www.lampogroup.it\\\/it\\\/#organization\",\"name\":\"Gruppo Lampo\",\"url\":\"https:\\\/\\\/www.lampogroup.it\\\/it\\\/\",\"logo\":{\"@type\":\"ImageObject\",\"inLanguage\":\"de\",\"@id\":\"https:\\\/\\\/www.lampogroup.it\\\/it\\\/#\\\/schema\\\/logo\\\/image\\\/\",\"url\":\"https:\\\/\\\/www.lampogroup.it\\\/wp-content\\\/uploads\\\/2023\\\/05\\\/lampo-group-1.svg\",\"contentUrl\":\"https:\\\/\\\/www.lampogroup.it\\\/wp-content\\\/uploads\\\/2023\\\/05\\\/lampo-group-1.svg\",\"width\":1,\"height\":1,\"caption\":\"Gruppo Lampo\"},\"image\":{\"@id\":\"https:\\\/\\\/www.lampogroup.it\\\/it\\\/#\\\/schema\\\/logo\\\/image\\\/\"},\"sameAs\":[\"https:\\\/\\\/www.facebook.com\\\/p\\\/Lampo-Group-100063678903798\"]}]}<\/script>\n<!-- \/ Yoast SEO plugin. -->","yoast_head_json":{"title":"Die Umgebung von Altanea - Gruppo Lampo","robots":{"index":"index","follow":"follow","max-snippet":"max-snippet:-1","max-image-preview":"max-image-preview:large","max-video-preview":"max-video-preview:-1"},"canonical":"https:\/\/www.lampogroup.it\/de\/hotels-in-der-nahe-von-venedig-am-meer\/hotel-lido-altanea\/umgebung-von-altanea\/","og_locale":"de_DE","og_type":"article","og_title":"Die Umgebung von Altanea - Gruppo Lampo","og_description":"Das Gebiet um Altanea war bis vor etwa zwei Jahrzehnten der Landwirtschaft gewidmet und wurde erst 2000 in ein Feriendorf verwandelt.","og_url":"https:\/\/www.lampogroup.it\/de\/hotels-in-der-nahe-von-venedig-am-meer\/hotel-lido-altanea\/umgebung-von-altanea\/","og_site_name":"Gruppo Lampo","article_publisher":"https:\/\/www.facebook.com\/p\/Lampo-Group-100063678903798","article_modified_time":"2023-06-13T11:03:52+00:00","og_image":[{"width":1800,"height":1100,"url":"https:\/\/www.lampogroup.it\/wp-content\/uploads\/2023\/06\/4-star-hotel-in-caorle-lido-altanea-venezia-slide-5.webp","type":"image\/webp"}],"schema":{"@context":"https:\/\/schema.org","@graph":[{"@type":"WebPage","@id":"https:\/\/www.lampogroup.it\/de\/hotels-in-der-nahe-von-venedig-am-meer\/hotel-lido-altanea\/umgebung-von-altanea\/","url":"https:\/\/www.lampogroup.it\/de\/hotels-in-der-nahe-von-venedig-am-meer\/hotel-lido-altanea\/umgebung-von-altanea\/","name":"Die Umgebung von Altanea - Gruppo Lampo","isPartOf":{"@id":"https:\/\/www.lampogroup.it\/it\/#website"},"primaryImageOfPage":{"@id":"https:\/\/www.lampogroup.it\/de\/hotels-in-der-nahe-von-venedig-am-meer\/hotel-lido-altanea\/umgebung-von-altanea\/#primaryimage"},"image":{"@id":"https:\/\/www.lampogroup.it\/de\/hotels-in-der-nahe-von-venedig-am-meer\/hotel-lido-altanea\/umgebung-von-altanea\/#primaryimage"},"thumbnailUrl":"https:\/\/www.lampogroup.it\/wp-content\/uploads\/2023\/06\/4-star-hotel-in-caorle-lido-altanea-venezia-slide-5.webp","datePublished":"2023-05-23T11:03:11+00:00","dateModified":"2023-06-13T11:03:52+00:00","breadcrumb":{"@id":"https:\/\/www.lampogroup.it\/de\/hotels-in-der-nahe-von-venedig-am-meer\/hotel-lido-altanea\/umgebung-von-altanea\/#breadcrumb"},"inLanguage":"de","potentialAction":[{"@type":"ReadAction","target":["https:\/\/www.lampogroup.it\/de\/hotels-in-der-nahe-von-venedig-am-meer\/hotel-lido-altanea\/umgebung-von-altanea\/"]}]},{"@type":"ImageObject","inLanguage":"de","@id":"https:\/\/www.lampogroup.it\/de\/hotels-in-der-nahe-von-venedig-am-meer\/hotel-lido-altanea\/umgebung-von-altanea\/#primaryimage","url":"https:\/\/www.lampogroup.it\/wp-content\/uploads\/2023\/06\/4-star-hotel-in-caorle-lido-altanea-venezia-slide-5.webp","contentUrl":"https:\/\/www.lampogroup.it\/wp-content\/uploads\/2023\/06\/4-star-hotel-in-caorle-lido-altanea-venezia-slide-5.webp","width":1800,"height":1100,"caption":"Caorle - Riviera Veneta"},{"@type":"BreadcrumbList","@id":"https:\/\/www.lampogroup.it\/de\/hotels-in-der-nahe-von-venedig-am-meer\/hotel-lido-altanea\/umgebung-von-altanea\/#breadcrumb","itemListElement":[{"@type":"ListItem","position":1,"name":"Home","item":"https:\/\/www.lampogroup.it\/de\/"},{"@type":"ListItem","position":2,"name":"Hotels in der na\u0308he von Venedig am meer","item":"https:\/\/www.lampogroup.it\/de\/hotels-in-der-nahe-von-venedig-am-meer\/"},{"@type":"ListItem","position":3,"name":"Lido Altanea","item":"https:\/\/www.lampogroup.it\/de\/hotels-in-der-nahe-von-venedig-am-meer\/hotel-lido-altanea\/"},{"@type":"ListItem","position":4,"name":"Die Umgebung von Altanea"}]},{"@type":"WebSite","@id":"https:\/\/www.lampogroup.it\/it\/#website","url":"https:\/\/www.lampogroup.it\/it\/","name":"Gruppo Lampo","description":"","publisher":{"@id":"https:\/\/www.lampogroup.it\/it\/#organization"},"potentialAction":[{"@type":"SearchAction","target":{"@type":"EntryPoint","urlTemplate":"https:\/\/www.lampogroup.it\/it\/?s={search_term_string}"},"query-input":{"@type":"PropertyValueSpecification","valueRequired":true,"valueName":"search_term_string"}}],"inLanguage":"de"},{"@type":"Organization","@id":"https:\/\/www.lampogroup.it\/it\/#organization","name":"Gruppo Lampo","url":"https:\/\/www.lampogroup.it\/it\/","logo":{"@type":"ImageObject","inLanguage":"de","@id":"https:\/\/www.lampogroup.it\/it\/#\/schema\/logo\/image\/","url":"https:\/\/www.lampogroup.it\/wp-content\/uploads\/2023\/05\/lampo-group-1.svg","contentUrl":"https:\/\/www.lampogroup.it\/wp-content\/uploads\/2023\/05\/lampo-group-1.svg","width":1,"height":1,"caption":"Gruppo Lampo"},"image":{"@id":"https:\/\/www.lampogroup.it\/it\/#\/schema\/logo\/image\/"},"sameAs":["https:\/\/www.facebook.com\/p\/Lampo-Group-100063678903798"]}]}},"_links":{"self":[{"href":"https:\/\/www.lampogroup.it\/de\/wp-json\/wp\/v2\/pages\/1055","targetHints":{"allow":["GET"]}}],"collection":[{"href":"https:\/\/www.lampogroup.it\/de\/wp-json\/wp\/v2\/pages"}],"about":[{"href":"https:\/\/www.lampogroup.it\/de\/wp-json\/wp\/v2\/types\/page"}],"author":[{"embeddable":true,"href":"https:\/\/www.lampogroup.it\/de\/wp-json\/wp\/v2\/users\/1"}],"replies":[{"embeddable":true,"href":"https:\/\/www.lampogroup.it\/de\/wp-json\/wp\/v2\/comments?post=1055"}],"version-history":[{"count":2,"href":"https:\/\/www.lampogroup.it\/de\/wp-json\/wp\/v2\/pages\/1055\/revisions"}],"predecessor-version":[{"id":1071,"href":"https:\/\/www.lampogroup.it\/de\/wp-json\/wp\/v2\/pages\/1055\/revisions\/1071"}],"up":[{"embeddable":true,"href":"https:\/\/www.lampogroup.it\/de\/wp-json\/wp\/v2\/pages\/1045"}],"wp:featuredmedia":[{"embeddable":true,"href":"https:\/\/www.lampogroup.it\/de\/wp-json\/wp\/v2\/media\/1074"}],"wp:attachment":[{"href":"https:\/\/www.lampogroup.it\/de\/wp-json\/wp\/v2\/media?parent=1055"}],"curies":[{"name":"wp","href":"https:\/\/api.w.org\/{rel}","templated":true}]}}