{"id":1045,"date":"2023-05-23T12:32:20","date_gmt":"2023-05-23T10:32:20","guid":{"rendered":"https:\/\/www.lampogroup.it\/hotels-in-der-nahe-von-venedig-am-meer\/hotel-altanea\/"},"modified":"2023-06-14T15:34:20","modified_gmt":"2023-06-14T13:34:20","slug":"hotel-lido-altanea","status":"publish","type":"page","link":"https:\/\/www.lampogroup.it\/de\/hotels-in-der-nahe-von-venedig-am-meer\/hotel-lido-altanea\/","title":{"rendered":"Lido Altanea"},"content":{"rendered":"\n<p>Lido Altanea ist ein erst k\u00fcrzlich entstandener Badeort, der nur etwa 5 km von Caorle entfernt ist. Hinter dem Projekt stand der Wunsch, ein ideales Feriendorf mitten im Gr\u00fcnen zu errichten, in dem die Urlauber alles finden, was sie f\u00fcr einen Ferienurlaub ben\u00f6tigen, der ihrem Geschmack entspricht.<\/p>\n\n\n\n<!--more-->\n\n\n\n<p>Die Feriensiedlung zeichnet sich durch zahlreiche Annehmlichkeiten aus: Sie ist v\u00f6llig barrierefrei, die meisten Geb\u00e4ude sind Villen mit h\u00f6chstens zwei Etagen, gro\u00dfz\u00fcgigen G\u00e4rten und gro\u00dfen Pools inmitten von B\u00e4umen, Hecken, Rasen und Blumenbeeten, die von unerm\u00fcdlichen G\u00e4rtnern liebevoll gepflegt werden.<\/p>\n\n\n\n<p>Der Strand Caorle Lido Altanea ist von drei Stufen begrenzt und f\u00e4llt sanft zum Meer ab, das mit seinem Sandboden auch ein sicherer Spielplatz f\u00fcr die Kleinsten ist.<br>Am Strand stehen alle Einrichtungen zur Verf\u00fcgung, die f\u00fcr den Komfort der Badeg\u00e4ste erforderlich sind: Sonnenschirme mit Liegest\u00fchlen und Strandbetten, Kioske, Sanit\u00e4ranlagen, Duschen, Animation f\u00fcr Kinder und Erwachsene und Rettungsdienst.<\/p>\n\n\n\n<p>Der Shuttle-Service sorgt au\u00dferdem f\u00fcr das Vergn\u00fcgen der Kleinsten und die Bequemlichkeit der Erwachsenen und bringt sie kostenlos zu den verschiedenen Stationen des Feriendorfes und bis zum Strand: Es handelt sich um eine entz\u00fcckende kleine Eisenbahn, die allen G\u00e4sten erlaubt, m\u00fchelos den Strand zu erreichen.<br>In Altanea fehlt auch das Freizeitangebot f\u00fcr einen Aktivurlaub im Freien nicht: Die Naturpfade und Radwege der Umgebung laden zu Ausfl\u00fcgen ein und f\u00fchren in die nahegelegenen Ortschaften und zu den Sehensw\u00fcrdigkeiten im Landesinneren, w\u00e4hrend im Sporting Club Altanea zahlreiche Sportarten betrieben werden k\u00f6nnen.<\/p>\n\n\n\n<p>Das Freizeitangebot umfasst aber auch Abende mit Livemusik wie Veranstaltungen und Animation in der Happy Arena.<br>Nat\u00fcrlich fehlen dar\u00fcber hinaus weder Gesch\u00e4fte, Caf\u00e9bars, Pizzerien noch Restaurants, die den Ferieng\u00e4sten immer offen stehen, um einen Einkaufsbummel zu machen oder einen angenehmen Sommerabend bei einer Pizza oder einem Eis zu verbringen.<\/p>\n\n\n\n<p>Im Zentrum des geselligen Lebens von Altanea steht die Ladengalerie La Quercia mit ihren Gesch\u00e4ften, Caf\u00e9bars, Pizzerien und der gro\u00dfen Piazza Rosa dei Venti, die jeden Abend das Ziel zahlreicher Urlauber ist, die hier vergn\u00fcgliche Stunden verbringen und shoppen.<\/p>\n","protected":false},"excerpt":{"rendered":"<p>Lido Altanea ist ein erst k\u00fcrzlich entstandener Badeort, der nur etwa 5 km von Caorle entfernt ist. Hinter dem Projekt stand der Wunsch, ein ideales Feriendorf mitten im Gr\u00fcnen zu errichten, in dem die Urlauber alles finden, was sie f\u00fcr einen Ferienurlaub ben\u00f6tigen, der ihrem Geschmack entspricht.<\/p>\n","protected":false},"author":1,"featured_media":1030,"parent":633,"menu_order":0,"comment_status":"closed","ping_status":"closed","template":"","meta":{"_acf_changed":false,"footnotes":""},"class_list":["post-1045","page","type-page","status-publish","has-post-thumbnail","hentry"],"acf":[],"yoast_head":"<!-- This site is optimized with the Yoast SEO plugin v27.3 - https:\/\/yoast.com\/product\/yoast-seo-wordpress\/ -->\n<title>Lido Altanea - Gruppo Lampo<\/title>\n<meta name=\"robots\" content=\"index, follow, max-snippet:-1, max-image-preview:large, max-video-preview:-1\" \/>\n<link rel=\"canonical\" href=\"https:\/\/www.lampogroup.it\/de\/hotels-in-der-nahe-von-venedig-am-meer\/hotel-lido-altanea\/\" \/>\n<meta property=\"og:locale\" content=\"de_DE\" \/>\n<meta property=\"og:type\" content=\"article\" \/>\n<meta property=\"og:title\" content=\"Lido Altanea - Gruppo Lampo\" \/>\n<meta property=\"og:description\" content=\"Lido Altanea ist ein erst k\u00fcrzlich entstandener Badeort, der nur etwa 5 km von Caorle entfernt ist. Hinter dem Projekt stand der Wunsch, ein ideales Feriendorf mitten im Gr\u00fcnen zu errichten, in dem die Urlauber alles finden, was sie f\u00fcr einen Ferienurlaub ben\u00f6tigen, der ihrem Geschmack entspricht.\" \/>\n<meta property=\"og:url\" content=\"https:\/\/www.lampogroup.it\/de\/hotels-in-der-nahe-von-venedig-am-meer\/hotel-lido-altanea\/\" \/>\n<meta property=\"og:site_name\" content=\"Gruppo Lampo\" \/>\n<meta property=\"article:publisher\" content=\"https:\/\/www.facebook.com\/p\/Lampo-Group-100063678903798\" \/>\n<meta property=\"article:modified_time\" content=\"2023-06-14T13:34:20+00:00\" \/>\n<meta property=\"og:image\" content=\"https:\/\/www.lampogroup.it\/wp-content\/uploads\/2023\/06\/altanea-3.webp\" \/>\n\t<meta property=\"og:image:width\" content=\"1800\" \/>\n\t<meta property=\"og:image:height\" content=\"1100\" \/>\n\t<meta property=\"og:image:type\" content=\"image\/webp\" \/>\n<script type=\"application\/ld+json\" class=\"yoast-schema-graph\">{\"@context\":\"https:\\\/\\\/schema.org\",\"@graph\":[{\"@type\":\"WebPage\",\"@id\":\"https:\\\/\\\/www.lampogroup.it\\\/de\\\/hotels-in-der-nahe-von-venedig-am-meer\\\/hotel-lido-altanea\\\/\",\"url\":\"https:\\\/\\\/www.lampogroup.it\\\/de\\\/hotels-in-der-nahe-von-venedig-am-meer\\\/hotel-lido-altanea\\\/\",\"name\":\"Lido Altanea - Gruppo Lampo\",\"isPartOf\":{\"@id\":\"https:\\\/\\\/www.lampogroup.it\\\/it\\\/#website\"},\"primaryImageOfPage\":{\"@id\":\"https:\\\/\\\/www.lampogroup.it\\\/de\\\/hotels-in-der-nahe-von-venedig-am-meer\\\/hotel-lido-altanea\\\/#primaryimage\"},\"image\":{\"@id\":\"https:\\\/\\\/www.lampogroup.it\\\/de\\\/hotels-in-der-nahe-von-venedig-am-meer\\\/hotel-lido-altanea\\\/#primaryimage\"},\"thumbnailUrl\":\"https:\\\/\\\/www.lampogroup.it\\\/wp-content\\\/uploads\\\/2023\\\/06\\\/altanea-3.webp\",\"datePublished\":\"2023-05-23T10:32:20+00:00\",\"dateModified\":\"2023-06-14T13:34:20+00:00\",\"breadcrumb\":{\"@id\":\"https:\\\/\\\/www.lampogroup.it\\\/de\\\/hotels-in-der-nahe-von-venedig-am-meer\\\/hotel-lido-altanea\\\/#breadcrumb\"},\"inLanguage\":\"de\",\"potentialAction\":[{\"@type\":\"ReadAction\",\"target\":[\"https:\\\/\\\/www.lampogroup.it\\\/de\\\/hotels-in-der-nahe-von-venedig-am-meer\\\/hotel-lido-altanea\\\/\"]}]},{\"@type\":\"ImageObject\",\"inLanguage\":\"de\",\"@id\":\"https:\\\/\\\/www.lampogroup.it\\\/de\\\/hotels-in-der-nahe-von-venedig-am-meer\\\/hotel-lido-altanea\\\/#primaryimage\",\"url\":\"https:\\\/\\\/www.lampogroup.it\\\/wp-content\\\/uploads\\\/2023\\\/06\\\/altanea-3.webp\",\"contentUrl\":\"https:\\\/\\\/www.lampogroup.it\\\/wp-content\\\/uploads\\\/2023\\\/06\\\/altanea-3.webp\",\"width\":1800,\"height\":1100},{\"@type\":\"BreadcrumbList\",\"@id\":\"https:\\\/\\\/www.lampogroup.it\\\/de\\\/hotels-in-der-nahe-von-venedig-am-meer\\\/hotel-lido-altanea\\\/#breadcrumb\",\"itemListElement\":[{\"@type\":\"ListItem\",\"position\":1,\"name\":\"Home\",\"item\":\"https:\\\/\\\/www.lampogroup.it\\\/de\\\/\"},{\"@type\":\"ListItem\",\"position\":2,\"name\":\"Hotels in der na\u0308he von Venedig am meer\",\"item\":\"https:\\\/\\\/www.lampogroup.it\\\/de\\\/hotels-in-der-nahe-von-venedig-am-meer\\\/\"},{\"@type\":\"ListItem\",\"position\":3,\"name\":\"Lido Altanea\"}]},{\"@type\":\"WebSite\",\"@id\":\"https:\\\/\\\/www.lampogroup.it\\\/it\\\/#website\",\"url\":\"https:\\\/\\\/www.lampogroup.it\\\/it\\\/\",\"name\":\"Gruppo Lampo\",\"description\":\"\",\"publisher\":{\"@id\":\"https:\\\/\\\/www.lampogroup.it\\\/it\\\/#organization\"},\"potentialAction\":[{\"@type\":\"SearchAction\",\"target\":{\"@type\":\"EntryPoint\",\"urlTemplate\":\"https:\\\/\\\/www.lampogroup.it\\\/it\\\/?s={search_term_string}\"},\"query-input\":{\"@type\":\"PropertyValueSpecification\",\"valueRequired\":true,\"valueName\":\"search_term_string\"}}],\"inLanguage\":\"de\"},{\"@type\":\"Organization\",\"@id\":\"https:\\\/\\\/www.lampogroup.it\\\/it\\\/#organization\",\"name\":\"Gruppo Lampo\",\"url\":\"https:\\\/\\\/www.lampogroup.it\\\/it\\\/\",\"logo\":{\"@type\":\"ImageObject\",\"inLanguage\":\"de\",\"@id\":\"https:\\\/\\\/www.lampogroup.it\\\/it\\\/#\\\/schema\\\/logo\\\/image\\\/\",\"url\":\"https:\\\/\\\/www.lampogroup.it\\\/wp-content\\\/uploads\\\/2023\\\/05\\\/lampo-group-1.svg\",\"contentUrl\":\"https:\\\/\\\/www.lampogroup.it\\\/wp-content\\\/uploads\\\/2023\\\/05\\\/lampo-group-1.svg\",\"width\":1,\"height\":1,\"caption\":\"Gruppo Lampo\"},\"image\":{\"@id\":\"https:\\\/\\\/www.lampogroup.it\\\/it\\\/#\\\/schema\\\/logo\\\/image\\\/\"},\"sameAs\":[\"https:\\\/\\\/www.facebook.com\\\/p\\\/Lampo-Group-100063678903798\"]}]}<\/script>\n<!-- \/ Yoast SEO plugin. -->","yoast_head_json":{"title":"Lido Altanea - Gruppo Lampo","robots":{"index":"index","follow":"follow","max-snippet":"max-snippet:-1","max-image-preview":"max-image-preview:large","max-video-preview":"max-video-preview:-1"},"canonical":"https:\/\/www.lampogroup.it\/de\/hotels-in-der-nahe-von-venedig-am-meer\/hotel-lido-altanea\/","og_locale":"de_DE","og_type":"article","og_title":"Lido Altanea - Gruppo Lampo","og_description":"Lido Altanea ist ein erst k\u00fcrzlich entstandener Badeort, der nur etwa 5 km von Caorle entfernt ist. Hinter dem Projekt stand der Wunsch, ein ideales Feriendorf mitten im Gr\u00fcnen zu errichten, in dem die Urlauber alles finden, was sie f\u00fcr einen Ferienurlaub ben\u00f6tigen, der ihrem Geschmack entspricht.","og_url":"https:\/\/www.lampogroup.it\/de\/hotels-in-der-nahe-von-venedig-am-meer\/hotel-lido-altanea\/","og_site_name":"Gruppo Lampo","article_publisher":"https:\/\/www.facebook.com\/p\/Lampo-Group-100063678903798","article_modified_time":"2023-06-14T13:34:20+00:00","og_image":[{"width":1800,"height":1100,"url":"https:\/\/www.lampogroup.it\/wp-content\/uploads\/2023\/06\/altanea-3.webp","type":"image\/webp"}],"schema":{"@context":"https:\/\/schema.org","@graph":[{"@type":"WebPage","@id":"https:\/\/www.lampogroup.it\/de\/hotels-in-der-nahe-von-venedig-am-meer\/hotel-lido-altanea\/","url":"https:\/\/www.lampogroup.it\/de\/hotels-in-der-nahe-von-venedig-am-meer\/hotel-lido-altanea\/","name":"Lido Altanea - Gruppo Lampo","isPartOf":{"@id":"https:\/\/www.lampogroup.it\/it\/#website"},"primaryImageOfPage":{"@id":"https:\/\/www.lampogroup.it\/de\/hotels-in-der-nahe-von-venedig-am-meer\/hotel-lido-altanea\/#primaryimage"},"image":{"@id":"https:\/\/www.lampogroup.it\/de\/hotels-in-der-nahe-von-venedig-am-meer\/hotel-lido-altanea\/#primaryimage"},"thumbnailUrl":"https:\/\/www.lampogroup.it\/wp-content\/uploads\/2023\/06\/altanea-3.webp","datePublished":"2023-05-23T10:32:20+00:00","dateModified":"2023-06-14T13:34:20+00:00","breadcrumb":{"@id":"https:\/\/www.lampogroup.it\/de\/hotels-in-der-nahe-von-venedig-am-meer\/hotel-lido-altanea\/#breadcrumb"},"inLanguage":"de","potentialAction":[{"@type":"ReadAction","target":["https:\/\/www.lampogroup.it\/de\/hotels-in-der-nahe-von-venedig-am-meer\/hotel-lido-altanea\/"]}]},{"@type":"ImageObject","inLanguage":"de","@id":"https:\/\/www.lampogroup.it\/de\/hotels-in-der-nahe-von-venedig-am-meer\/hotel-lido-altanea\/#primaryimage","url":"https:\/\/www.lampogroup.it\/wp-content\/uploads\/2023\/06\/altanea-3.webp","contentUrl":"https:\/\/www.lampogroup.it\/wp-content\/uploads\/2023\/06\/altanea-3.webp","width":1800,"height":1100},{"@type":"BreadcrumbList","@id":"https:\/\/www.lampogroup.it\/de\/hotels-in-der-nahe-von-venedig-am-meer\/hotel-lido-altanea\/#breadcrumb","itemListElement":[{"@type":"ListItem","position":1,"name":"Home","item":"https:\/\/www.lampogroup.it\/de\/"},{"@type":"ListItem","position":2,"name":"Hotels in der na\u0308he von Venedig am meer","item":"https:\/\/www.lampogroup.it\/de\/hotels-in-der-nahe-von-venedig-am-meer\/"},{"@type":"ListItem","position":3,"name":"Lido Altanea"}]},{"@type":"WebSite","@id":"https:\/\/www.lampogroup.it\/it\/#website","url":"https:\/\/www.lampogroup.it\/it\/","name":"Gruppo Lampo","description":"","publisher":{"@id":"https:\/\/www.lampogroup.it\/it\/#organization"},"potentialAction":[{"@type":"SearchAction","target":{"@type":"EntryPoint","urlTemplate":"https:\/\/www.lampogroup.it\/it\/?s={search_term_string}"},"query-input":{"@type":"PropertyValueSpecification","valueRequired":true,"valueName":"search_term_string"}}],"inLanguage":"de"},{"@type":"Organization","@id":"https:\/\/www.lampogroup.it\/it\/#organization","name":"Gruppo Lampo","url":"https:\/\/www.lampogroup.it\/it\/","logo":{"@type":"ImageObject","inLanguage":"de","@id":"https:\/\/www.lampogroup.it\/it\/#\/schema\/logo\/image\/","url":"https:\/\/www.lampogroup.it\/wp-content\/uploads\/2023\/05\/lampo-group-1.svg","contentUrl":"https:\/\/www.lampogroup.it\/wp-content\/uploads\/2023\/05\/lampo-group-1.svg","width":1,"height":1,"caption":"Gruppo Lampo"},"image":{"@id":"https:\/\/www.lampogroup.it\/it\/#\/schema\/logo\/image\/"},"sameAs":["https:\/\/www.facebook.com\/p\/Lampo-Group-100063678903798"]}]}},"_links":{"self":[{"href":"https:\/\/www.lampogroup.it\/de\/wp-json\/wp\/v2\/pages\/1045","targetHints":{"allow":["GET"]}}],"collection":[{"href":"https:\/\/www.lampogroup.it\/de\/wp-json\/wp\/v2\/pages"}],"about":[{"href":"https:\/\/www.lampogroup.it\/de\/wp-json\/wp\/v2\/types\/page"}],"author":[{"embeddable":true,"href":"https:\/\/www.lampogroup.it\/de\/wp-json\/wp\/v2\/users\/1"}],"replies":[{"embeddable":true,"href":"https:\/\/www.lampogroup.it\/de\/wp-json\/wp\/v2\/comments?post=1045"}],"version-history":[{"count":4,"href":"https:\/\/www.lampogroup.it\/de\/wp-json\/wp\/v2\/pages\/1045\/revisions"}],"predecessor-version":[{"id":1269,"href":"https:\/\/www.lampogroup.it\/de\/wp-json\/wp\/v2\/pages\/1045\/revisions\/1269"}],"up":[{"embeddable":true,"href":"https:\/\/www.lampogroup.it\/de\/wp-json\/wp\/v2\/pages\/633"}],"wp:featuredmedia":[{"embeddable":true,"href":"https:\/\/www.lampogroup.it\/de\/wp-json\/wp\/v2\/media\/1030"}],"wp:attachment":[{"href":"https:\/\/www.lampogroup.it\/de\/wp-json\/wp\/v2\/media?parent=1045"}],"curies":[{"name":"wp","href":"https:\/\/api.w.org\/{rel}","templated":true}]}}