{"id":1016,"date":"2023-05-23T13:15:36","date_gmt":"2023-05-23T11:15:36","guid":{"rendered":"https:\/\/www.lampogroup.it\/hotels-in-der-nahe-von-venedig-am-meer\/hotel-jesolo\/shopping-e-nightlife\/"},"modified":"2023-06-13T12:44:24","modified_gmt":"2023-06-13T10:44:24","slug":"shopping-und-nachtleben","status":"publish","type":"page","link":"https:\/\/www.lampogroup.it\/de\/hotels-in-der-nahe-von-venedig-am-meer\/hotel-jesolo\/shopping-und-nachtleben\/","title":{"rendered":"Shopping und Nachtleben"},"content":{"rendered":"\n<p>Die Stadt Jesolo kann man sich als richtiges Einkaufszentrum im Freien vorstellen: Die lange Fu\u00dfg\u00e4ngerzone ist n\u00e4mlich von Gesch\u00e4ften ges\u00e4umt, die \u00fcber ein breit gef\u00e4chertes Produktsortiment der verschiedensten Kategorien und Preislagen verf\u00fcgen.<\/p>\n\n\n\n<!--more-->\n\n\n\n<p>Die Via Bafile, also die Hauptgesch\u00e4ftsstra\u00dfe von Jesolo ist 13 km lang und bietet passionierten Shoppern mit ihren 1.200 Gesch\u00e4ften, Restaurants, Bars und Lokalen eine reichhaltige Auswahl, besonders an Produkten made-in-Italy.<br>In den Sommermonaten wird die Via Bafile f\u00fcr Autos gesperrt und verwandelt sich in eine riesige Fu\u00dfg\u00e4ngerzone, die allen Besuchern, die hier spazieren gehen, h\u00f6chste Sicherheit und Freiheit gew\u00e4hrleistet.<\/p>\n\n\n\n<p>Aber die Ferieng\u00e4ste k\u00f6nnen sich auch abends, nachdem sie den Tag am Meer und in der Sonne verbracht haben, auf dem Strand weitervergn\u00fcgen. Entlang der K\u00fcste befinden sich zahlreiche Kioske, die zum Aperitif in zwanglosem Rahmen einladen. Hier kann man den ber\u00fchmten Spritz schl\u00fcrfen, das traditionelle venetische Getr\u00e4nk, das von H\u00e4ppchen und den Rhythmen der Musik begleitet wird, die von erfahrenen DJs ausgew\u00e4hlt wird.<\/p>\n\n\n\n<p>Gleich am Stadteingang von Jesolo erwarten den Besucher zahlreiche Diskotheken und Nachtlokale, die zu den bekanntesten von Venetien z\u00e4hlen, wie Muretto, Marina Club und Vanilla, um nur wenige Beispiele zu nennen. Hier trifft man sich, um elektronische Musik, House oder Pop zu h\u00f6ren und bis zum fr\u00fchen Morgen zu tanzen.<br>Alle Diskotheken sind mit kostenlosen Bussen, die Sie sicher und bequem zum Ziel bringen, von den verschiedenen Punkten der Stadt aus erreichbar: Von Juni bis August pendelt der Limobus, ein \u00f6ffentliches Verkehrsmittel, von 22 Uhr bis 5.30 Uhr morgens die ganze K\u00fcste von Cortellazzo bis Cavallino entlang, um die Jugendlichen zu den Nachtlokalen der Stadt zu bringen und dort abzuholen.<\/p>\n","protected":false},"excerpt":{"rendered":"<p>Die Stadt Jesolo kann man sich als richtiges Einkaufszentrum im Freien vorstellen: Die lange Fu\u00dfg\u00e4ngerzone ist n\u00e4mlich von Gesch\u00e4ften ges\u00e4umt, die \u00fcber ein breit gef\u00e4chertes Produktsortiment der verschiedensten Kategorien und Preislagen verf\u00fcgen.<\/p>\n","protected":false},"author":1,"featured_media":970,"parent":982,"menu_order":0,"comment_status":"closed","ping_status":"closed","template":"","meta":{"_acf_changed":false,"footnotes":""},"class_list":["post-1016","page","type-page","status-publish","has-post-thumbnail","hentry"],"acf":[],"yoast_head":"<!-- This site is optimized with the Yoast SEO plugin v27.2 - https:\/\/yoast.com\/product\/yoast-seo-wordpress\/ -->\n<title>Shopping und Nachtleben - Gruppo Lampo<\/title>\n<meta name=\"robots\" content=\"index, follow, max-snippet:-1, max-image-preview:large, max-video-preview:-1\" \/>\n<link rel=\"canonical\" href=\"https:\/\/www.lampogroup.it\/de\/hotels-in-der-nahe-von-venedig-am-meer\/hotel-jesolo\/shopping-und-nachtleben\/\" \/>\n<meta property=\"og:locale\" content=\"de_DE\" \/>\n<meta property=\"og:type\" content=\"article\" \/>\n<meta property=\"og:title\" content=\"Shopping und Nachtleben - Gruppo Lampo\" \/>\n<meta property=\"og:description\" content=\"Die Stadt Jesolo kann man sich als richtiges Einkaufszentrum im Freien vorstellen: Die lange Fu\u00dfg\u00e4ngerzone ist n\u00e4mlich von Gesch\u00e4ften ges\u00e4umt, die \u00fcber ein breit gef\u00e4chertes Produktsortiment der verschiedensten Kategorien und Preislagen verf\u00fcgen.\" \/>\n<meta property=\"og:url\" content=\"https:\/\/www.lampogroup.it\/de\/hotels-in-der-nahe-von-venedig-am-meer\/hotel-jesolo\/shopping-und-nachtleben\/\" \/>\n<meta property=\"og:site_name\" content=\"Gruppo Lampo\" \/>\n<meta property=\"article:publisher\" content=\"https:\/\/www.facebook.com\/p\/Lampo-Group-100063678903798\" \/>\n<meta property=\"article:modified_time\" content=\"2023-06-13T10:44:24+00:00\" \/>\n<meta property=\"og:image\" content=\"https:\/\/www.lampogroup.it\/wp-content\/uploads\/2023\/06\/jesolo-4.webp\" \/>\n\t<meta property=\"og:image:width\" content=\"1800\" \/>\n\t<meta property=\"og:image:height\" content=\"1100\" \/>\n\t<meta property=\"og:image:type\" content=\"image\/webp\" \/>\n<script type=\"application\/ld+json\" class=\"yoast-schema-graph\">{\"@context\":\"https:\/\/schema.org\",\"@graph\":[{\"@type\":\"WebPage\",\"@id\":\"https:\/\/www.lampogroup.it\/de\/hotels-in-der-nahe-von-venedig-am-meer\/hotel-jesolo\/shopping-und-nachtleben\/\",\"url\":\"https:\/\/www.lampogroup.it\/de\/hotels-in-der-nahe-von-venedig-am-meer\/hotel-jesolo\/shopping-und-nachtleben\/\",\"name\":\"Shopping und Nachtleben - Gruppo Lampo\",\"isPartOf\":{\"@id\":\"https:\/\/www.lampogroup.it\/it\/#website\"},\"primaryImageOfPage\":{\"@id\":\"https:\/\/www.lampogroup.it\/de\/hotels-in-der-nahe-von-venedig-am-meer\/hotel-jesolo\/shopping-und-nachtleben\/#primaryimage\"},\"image\":{\"@id\":\"https:\/\/www.lampogroup.it\/de\/hotels-in-der-nahe-von-venedig-am-meer\/hotel-jesolo\/shopping-und-nachtleben\/#primaryimage\"},\"thumbnailUrl\":\"https:\/\/www.lampogroup.it\/wp-content\/uploads\/2023\/06\/jesolo-4.webp\",\"datePublished\":\"2023-05-23T11:15:36+00:00\",\"dateModified\":\"2023-06-13T10:44:24+00:00\",\"breadcrumb\":{\"@id\":\"https:\/\/www.lampogroup.it\/de\/hotels-in-der-nahe-von-venedig-am-meer\/hotel-jesolo\/shopping-und-nachtleben\/#breadcrumb\"},\"inLanguage\":\"de\",\"potentialAction\":[{\"@type\":\"ReadAction\",\"target\":[\"https:\/\/www.lampogroup.it\/de\/hotels-in-der-nahe-von-venedig-am-meer\/hotel-jesolo\/shopping-und-nachtleben\/\"]}]},{\"@type\":\"ImageObject\",\"inLanguage\":\"de\",\"@id\":\"https:\/\/www.lampogroup.it\/de\/hotels-in-der-nahe-von-venedig-am-meer\/hotel-jesolo\/shopping-und-nachtleben\/#primaryimage\",\"url\":\"https:\/\/www.lampogroup.it\/wp-content\/uploads\/2023\/06\/jesolo-4.webp\",\"contentUrl\":\"https:\/\/www.lampogroup.it\/wp-content\/uploads\/2023\/06\/jesolo-4.webp\",\"width\":1800,\"height\":1100},{\"@type\":\"BreadcrumbList\",\"@id\":\"https:\/\/www.lampogroup.it\/de\/hotels-in-der-nahe-von-venedig-am-meer\/hotel-jesolo\/shopping-und-nachtleben\/#breadcrumb\",\"itemListElement\":[{\"@type\":\"ListItem\",\"position\":1,\"name\":\"Home\",\"item\":\"https:\/\/www.lampogroup.it\/de\/\"},{\"@type\":\"ListItem\",\"position\":2,\"name\":\"Hotels in der na\u0308he von Venedig am meer\",\"item\":\"https:\/\/www.lampogroup.it\/de\/hotels-in-der-nahe-von-venedig-am-meer\/\"},{\"@type\":\"ListItem\",\"position\":3,\"name\":\"Jesolo\",\"item\":\"https:\/\/www.lampogroup.it\/de\/hotels-in-der-nahe-von-venedig-am-meer\/hotel-jesolo\/\"},{\"@type\":\"ListItem\",\"position\":4,\"name\":\"Shopping und Nachtleben\"}]},{\"@type\":\"WebSite\",\"@id\":\"https:\/\/www.lampogroup.it\/it\/#website\",\"url\":\"https:\/\/www.lampogroup.it\/it\/\",\"name\":\"Gruppo Lampo\",\"description\":\"\",\"publisher\":{\"@id\":\"https:\/\/www.lampogroup.it\/it\/#organization\"},\"potentialAction\":[{\"@type\":\"SearchAction\",\"target\":{\"@type\":\"EntryPoint\",\"urlTemplate\":\"https:\/\/www.lampogroup.it\/it\/?s={search_term_string}\"},\"query-input\":{\"@type\":\"PropertyValueSpecification\",\"valueRequired\":true,\"valueName\":\"search_term_string\"}}],\"inLanguage\":\"de\"},{\"@type\":\"Organization\",\"@id\":\"https:\/\/www.lampogroup.it\/it\/#organization\",\"name\":\"Gruppo Lampo\",\"url\":\"https:\/\/www.lampogroup.it\/it\/\",\"logo\":{\"@type\":\"ImageObject\",\"inLanguage\":\"de\",\"@id\":\"https:\/\/www.lampogroup.it\/it\/#\/schema\/logo\/image\/\",\"url\":\"https:\/\/www.lampogroup.it\/wp-content\/uploads\/2023\/05\/lampo-group-1.svg\",\"contentUrl\":\"https:\/\/www.lampogroup.it\/wp-content\/uploads\/2023\/05\/lampo-group-1.svg\",\"width\":1,\"height\":1,\"caption\":\"Gruppo Lampo\"},\"image\":{\"@id\":\"https:\/\/www.lampogroup.it\/it\/#\/schema\/logo\/image\/\"},\"sameAs\":[\"https:\/\/www.facebook.com\/p\/Lampo-Group-100063678903798\"]}]}<\/script>\n<!-- \/ Yoast SEO plugin. -->","yoast_head_json":{"title":"Shopping und Nachtleben - Gruppo Lampo","robots":{"index":"index","follow":"follow","max-snippet":"max-snippet:-1","max-image-preview":"max-image-preview:large","max-video-preview":"max-video-preview:-1"},"canonical":"https:\/\/www.lampogroup.it\/de\/hotels-in-der-nahe-von-venedig-am-meer\/hotel-jesolo\/shopping-und-nachtleben\/","og_locale":"de_DE","og_type":"article","og_title":"Shopping und Nachtleben - Gruppo Lampo","og_description":"Die Stadt Jesolo kann man sich als richtiges Einkaufszentrum im Freien vorstellen: Die lange Fu\u00dfg\u00e4ngerzone ist n\u00e4mlich von Gesch\u00e4ften ges\u00e4umt, die \u00fcber ein breit gef\u00e4chertes Produktsortiment der verschiedensten Kategorien und Preislagen verf\u00fcgen.","og_url":"https:\/\/www.lampogroup.it\/de\/hotels-in-der-nahe-von-venedig-am-meer\/hotel-jesolo\/shopping-und-nachtleben\/","og_site_name":"Gruppo Lampo","article_publisher":"https:\/\/www.facebook.com\/p\/Lampo-Group-100063678903798","article_modified_time":"2023-06-13T10:44:24+00:00","og_image":[{"width":1800,"height":1100,"url":"https:\/\/www.lampogroup.it\/wp-content\/uploads\/2023\/06\/jesolo-4.webp","type":"image\/webp"}],"schema":{"@context":"https:\/\/schema.org","@graph":[{"@type":"WebPage","@id":"https:\/\/www.lampogroup.it\/de\/hotels-in-der-nahe-von-venedig-am-meer\/hotel-jesolo\/shopping-und-nachtleben\/","url":"https:\/\/www.lampogroup.it\/de\/hotels-in-der-nahe-von-venedig-am-meer\/hotel-jesolo\/shopping-und-nachtleben\/","name":"Shopping und Nachtleben - Gruppo Lampo","isPartOf":{"@id":"https:\/\/www.lampogroup.it\/it\/#website"},"primaryImageOfPage":{"@id":"https:\/\/www.lampogroup.it\/de\/hotels-in-der-nahe-von-venedig-am-meer\/hotel-jesolo\/shopping-und-nachtleben\/#primaryimage"},"image":{"@id":"https:\/\/www.lampogroup.it\/de\/hotels-in-der-nahe-von-venedig-am-meer\/hotel-jesolo\/shopping-und-nachtleben\/#primaryimage"},"thumbnailUrl":"https:\/\/www.lampogroup.it\/wp-content\/uploads\/2023\/06\/jesolo-4.webp","datePublished":"2023-05-23T11:15:36+00:00","dateModified":"2023-06-13T10:44:24+00:00","breadcrumb":{"@id":"https:\/\/www.lampogroup.it\/de\/hotels-in-der-nahe-von-venedig-am-meer\/hotel-jesolo\/shopping-und-nachtleben\/#breadcrumb"},"inLanguage":"de","potentialAction":[{"@type":"ReadAction","target":["https:\/\/www.lampogroup.it\/de\/hotels-in-der-nahe-von-venedig-am-meer\/hotel-jesolo\/shopping-und-nachtleben\/"]}]},{"@type":"ImageObject","inLanguage":"de","@id":"https:\/\/www.lampogroup.it\/de\/hotels-in-der-nahe-von-venedig-am-meer\/hotel-jesolo\/shopping-und-nachtleben\/#primaryimage","url":"https:\/\/www.lampogroup.it\/wp-content\/uploads\/2023\/06\/jesolo-4.webp","contentUrl":"https:\/\/www.lampogroup.it\/wp-content\/uploads\/2023\/06\/jesolo-4.webp","width":1800,"height":1100},{"@type":"BreadcrumbList","@id":"https:\/\/www.lampogroup.it\/de\/hotels-in-der-nahe-von-venedig-am-meer\/hotel-jesolo\/shopping-und-nachtleben\/#breadcrumb","itemListElement":[{"@type":"ListItem","position":1,"name":"Home","item":"https:\/\/www.lampogroup.it\/de\/"},{"@type":"ListItem","position":2,"name":"Hotels in der na\u0308he von Venedig am meer","item":"https:\/\/www.lampogroup.it\/de\/hotels-in-der-nahe-von-venedig-am-meer\/"},{"@type":"ListItem","position":3,"name":"Jesolo","item":"https:\/\/www.lampogroup.it\/de\/hotels-in-der-nahe-von-venedig-am-meer\/hotel-jesolo\/"},{"@type":"ListItem","position":4,"name":"Shopping und Nachtleben"}]},{"@type":"WebSite","@id":"https:\/\/www.lampogroup.it\/it\/#website","url":"https:\/\/www.lampogroup.it\/it\/","name":"Gruppo Lampo","description":"","publisher":{"@id":"https:\/\/www.lampogroup.it\/it\/#organization"},"potentialAction":[{"@type":"SearchAction","target":{"@type":"EntryPoint","urlTemplate":"https:\/\/www.lampogroup.it\/it\/?s={search_term_string}"},"query-input":{"@type":"PropertyValueSpecification","valueRequired":true,"valueName":"search_term_string"}}],"inLanguage":"de"},{"@type":"Organization","@id":"https:\/\/www.lampogroup.it\/it\/#organization","name":"Gruppo Lampo","url":"https:\/\/www.lampogroup.it\/it\/","logo":{"@type":"ImageObject","inLanguage":"de","@id":"https:\/\/www.lampogroup.it\/it\/#\/schema\/logo\/image\/","url":"https:\/\/www.lampogroup.it\/wp-content\/uploads\/2023\/05\/lampo-group-1.svg","contentUrl":"https:\/\/www.lampogroup.it\/wp-content\/uploads\/2023\/05\/lampo-group-1.svg","width":1,"height":1,"caption":"Gruppo Lampo"},"image":{"@id":"https:\/\/www.lampogroup.it\/it\/#\/schema\/logo\/image\/"},"sameAs":["https:\/\/www.facebook.com\/p\/Lampo-Group-100063678903798"]}]}},"_links":{"self":[{"href":"https:\/\/www.lampogroup.it\/de\/wp-json\/wp\/v2\/pages\/1016","targetHints":{"allow":["GET"]}}],"collection":[{"href":"https:\/\/www.lampogroup.it\/de\/wp-json\/wp\/v2\/pages"}],"about":[{"href":"https:\/\/www.lampogroup.it\/de\/wp-json\/wp\/v2\/types\/page"}],"author":[{"embeddable":true,"href":"https:\/\/www.lampogroup.it\/de\/wp-json\/wp\/v2\/users\/1"}],"replies":[{"embeddable":true,"href":"https:\/\/www.lampogroup.it\/de\/wp-json\/wp\/v2\/comments?post=1016"}],"version-history":[{"count":2,"href":"https:\/\/www.lampogroup.it\/de\/wp-json\/wp\/v2\/pages\/1016\/revisions"}],"predecessor-version":[{"id":1021,"href":"https:\/\/www.lampogroup.it\/de\/wp-json\/wp\/v2\/pages\/1016\/revisions\/1021"}],"up":[{"embeddable":true,"href":"https:\/\/www.lampogroup.it\/de\/wp-json\/wp\/v2\/pages\/982"}],"wp:featuredmedia":[{"embeddable":true,"href":"https:\/\/www.lampogroup.it\/de\/wp-json\/wp\/v2\/media\/970"}],"wp:attachment":[{"href":"https:\/\/www.lampogroup.it\/de\/wp-json\/wp\/v2\/media?parent=1016"}],"curies":[{"name":"wp","href":"https:\/\/api.w.org\/{rel}","templated":true}]}}