{"id":1005,"date":"2023-05-23T13:14:44","date_gmt":"2023-05-23T11:14:44","guid":{"rendered":"https:\/\/www.lampogroup.it\/hotels-in-der-nahe-von-venedig-am-meer\/hotel-jesolo\/la-spiaggia-jesolo\/"},"modified":"2023-06-13T12:36:37","modified_gmt":"2023-06-13T10:36:37","slug":"der-strand-von-jesolo","status":"publish","type":"page","link":"https:\/\/www.lampogroup.it\/de\/hotels-in-der-nahe-von-venedig-am-meer\/hotel-jesolo\/der-strand-von-jesolo\/","title":{"rendered":"Der Strand von Jesolo"},"content":{"rendered":"\n<p>Der Strand von Jesolo erstreckt sich \u00fcber 15 km zwischen der M\u00fcndung der Fl\u00fcsse Piave und Sile und zeichnet sich durch seinen feinen Sand, den gr\u00fcnen Pinienhain und seine Bootsstege aus.<\/p>\n\n\n\n<!--more-->\n\n\n\n<p>Dank seines sandigen Bodens, der sanft zum Meer hin abf\u00e4llt, und der fortschrittlichen Sicherheitsma\u00dfnahmen ist der Strand von Jesolo f\u00fcr den Badeurlaub von Familien und Kindern geeignet.<br>Den Badeg\u00e4sten stehen auf dem Strand Bereiche mit Sanit\u00e4ranlagen, Duschen mit kaltem und hei\u00dfem Wasser, Erste-Hilfe-Stationen und T\u00fcrme f\u00fcr den Rettungsdienst zur Verf\u00fcgung.<\/p>\n\n\n\n<p>Die Badeg\u00e4ste k\u00f6nnen entweder den Strandservice in Anspruch nehmen, der Sonnenschirme, Liegen und Strandst\u00fchle bietet, oder auf dem freien Strandbereich ein Sonnenbad nehmen. In den zahlreichen Kiosken, Bars und Restaurants am Strand kann man tags\u00fcber einen Imbiss einnehmen, sich nachmittags ein Eis g\u00f6nnen oder abends ein romantisches Abendessen genie\u00dfen.<br>Auf dem breiten und langen Strand kann man sich auch dem Sport widmen. Hier finden sich Spielfelder f\u00fcr Beachvolley, Boccia und freie Areale, auf denen man ein spontanes Fu\u00dfball- oder Tennisspiel veranstalten oder Drachen steigen lassen kann.<\/p>\n\n\n\n<p>Auf dem gesamten K\u00fcstenbereich von Jesolo wird den Urlaubern ein kostenloser Animationsservice geboten, der Kinder und Erwachsene mit Spielen, T\u00e4nzen, Gymnastik und Aqua-Gym unterh\u00e4lt.<br>Jesolo wurde f\u00fcr die Sicherheit und Sauberkeit seines Meeres mit der Blauen Flagge ausgezeichnet, einer internationalen Anerkennung f\u00fcr nachhaltige Str\u00e4nde. Dieser Preis stellt seit mehreren Jahren das unerm\u00fcdliche Engagement von Jesolo unter Beweis, einem Badeort, der sich wie viele andere in Venetien um die Nachhaltigkeit des Strandes und der Stadt bem\u00fcht.<\/p>\n","protected":false},"excerpt":{"rendered":"<p>Der Strand von Jesolo erstreckt sich \u00fcber 15 km zwischen der M\u00fcndung der Fl\u00fcsse Piave und Sile und zeichnet sich durch seinen feinen Sand, den gr\u00fcnen Pinienhain und seine Bootsstege aus.<\/p>\n","protected":false},"author":1,"featured_media":973,"parent":982,"menu_order":0,"comment_status":"closed","ping_status":"closed","template":"","meta":{"_acf_changed":false,"footnotes":""},"class_list":["post-1005","page","type-page","status-publish","has-post-thumbnail","hentry"],"acf":[],"yoast_head":"<!-- This site is optimized with the Yoast SEO plugin v27.3 - https:\/\/yoast.com\/product\/yoast-seo-wordpress\/ -->\n<title>Der Strand von Jesolo - Gruppo Lampo<\/title>\n<meta name=\"robots\" content=\"index, follow, max-snippet:-1, max-image-preview:large, max-video-preview:-1\" \/>\n<link rel=\"canonical\" href=\"https:\/\/www.lampogroup.it\/de\/hotels-in-der-nahe-von-venedig-am-meer\/hotel-jesolo\/der-strand-von-jesolo\/\" \/>\n<meta property=\"og:locale\" content=\"de_DE\" \/>\n<meta property=\"og:type\" content=\"article\" \/>\n<meta property=\"og:title\" content=\"Der Strand von Jesolo - Gruppo Lampo\" \/>\n<meta property=\"og:description\" content=\"Der Strand von Jesolo erstreckt sich \u00fcber 15 km zwischen der M\u00fcndung der Fl\u00fcsse Piave und Sile und zeichnet sich durch seinen feinen Sand, den gr\u00fcnen Pinienhain und seine Bootsstege aus.\" \/>\n<meta property=\"og:url\" content=\"https:\/\/www.lampogroup.it\/de\/hotels-in-der-nahe-von-venedig-am-meer\/hotel-jesolo\/der-strand-von-jesolo\/\" \/>\n<meta property=\"og:site_name\" content=\"Gruppo Lampo\" \/>\n<meta property=\"article:publisher\" content=\"https:\/\/www.facebook.com\/p\/Lampo-Group-100063678903798\" \/>\n<meta property=\"article:modified_time\" content=\"2023-06-13T10:36:37+00:00\" \/>\n<meta property=\"og:image\" content=\"https:\/\/www.lampogroup.it\/wp-content\/uploads\/2023\/06\/jesolo-5.webp\" \/>\n\t<meta property=\"og:image:width\" content=\"1800\" \/>\n\t<meta property=\"og:image:height\" content=\"1100\" \/>\n\t<meta property=\"og:image:type\" content=\"image\/webp\" \/>\n<script type=\"application\/ld+json\" class=\"yoast-schema-graph\">{\"@context\":\"https:\\\/\\\/schema.org\",\"@graph\":[{\"@type\":\"WebPage\",\"@id\":\"https:\\\/\\\/www.lampogroup.it\\\/de\\\/hotels-in-der-nahe-von-venedig-am-meer\\\/hotel-jesolo\\\/der-strand-von-jesolo\\\/\",\"url\":\"https:\\\/\\\/www.lampogroup.it\\\/de\\\/hotels-in-der-nahe-von-venedig-am-meer\\\/hotel-jesolo\\\/der-strand-von-jesolo\\\/\",\"name\":\"Der Strand von Jesolo - Gruppo Lampo\",\"isPartOf\":{\"@id\":\"https:\\\/\\\/www.lampogroup.it\\\/it\\\/#website\"},\"primaryImageOfPage\":{\"@id\":\"https:\\\/\\\/www.lampogroup.it\\\/de\\\/hotels-in-der-nahe-von-venedig-am-meer\\\/hotel-jesolo\\\/der-strand-von-jesolo\\\/#primaryimage\"},\"image\":{\"@id\":\"https:\\\/\\\/www.lampogroup.it\\\/de\\\/hotels-in-der-nahe-von-venedig-am-meer\\\/hotel-jesolo\\\/der-strand-von-jesolo\\\/#primaryimage\"},\"thumbnailUrl\":\"https:\\\/\\\/www.lampogroup.it\\\/wp-content\\\/uploads\\\/2023\\\/06\\\/jesolo-5.webp\",\"datePublished\":\"2023-05-23T11:14:44+00:00\",\"dateModified\":\"2023-06-13T10:36:37+00:00\",\"breadcrumb\":{\"@id\":\"https:\\\/\\\/www.lampogroup.it\\\/de\\\/hotels-in-der-nahe-von-venedig-am-meer\\\/hotel-jesolo\\\/der-strand-von-jesolo\\\/#breadcrumb\"},\"inLanguage\":\"de\",\"potentialAction\":[{\"@type\":\"ReadAction\",\"target\":[\"https:\\\/\\\/www.lampogroup.it\\\/de\\\/hotels-in-der-nahe-von-venedig-am-meer\\\/hotel-jesolo\\\/der-strand-von-jesolo\\\/\"]}]},{\"@type\":\"ImageObject\",\"inLanguage\":\"de\",\"@id\":\"https:\\\/\\\/www.lampogroup.it\\\/de\\\/hotels-in-der-nahe-von-venedig-am-meer\\\/hotel-jesolo\\\/der-strand-von-jesolo\\\/#primaryimage\",\"url\":\"https:\\\/\\\/www.lampogroup.it\\\/wp-content\\\/uploads\\\/2023\\\/06\\\/jesolo-5.webp\",\"contentUrl\":\"https:\\\/\\\/www.lampogroup.it\\\/wp-content\\\/uploads\\\/2023\\\/06\\\/jesolo-5.webp\",\"width\":1800,\"height\":1100},{\"@type\":\"BreadcrumbList\",\"@id\":\"https:\\\/\\\/www.lampogroup.it\\\/de\\\/hotels-in-der-nahe-von-venedig-am-meer\\\/hotel-jesolo\\\/der-strand-von-jesolo\\\/#breadcrumb\",\"itemListElement\":[{\"@type\":\"ListItem\",\"position\":1,\"name\":\"Home\",\"item\":\"https:\\\/\\\/www.lampogroup.it\\\/de\\\/\"},{\"@type\":\"ListItem\",\"position\":2,\"name\":\"Hotels in der na\u0308he von Venedig am meer\",\"item\":\"https:\\\/\\\/www.lampogroup.it\\\/de\\\/hotels-in-der-nahe-von-venedig-am-meer\\\/\"},{\"@type\":\"ListItem\",\"position\":3,\"name\":\"Jesolo\",\"item\":\"https:\\\/\\\/www.lampogroup.it\\\/de\\\/hotels-in-der-nahe-von-venedig-am-meer\\\/hotel-jesolo\\\/\"},{\"@type\":\"ListItem\",\"position\":4,\"name\":\"Der Strand von Jesolo\"}]},{\"@type\":\"WebSite\",\"@id\":\"https:\\\/\\\/www.lampogroup.it\\\/it\\\/#website\",\"url\":\"https:\\\/\\\/www.lampogroup.it\\\/it\\\/\",\"name\":\"Gruppo Lampo\",\"description\":\"\",\"publisher\":{\"@id\":\"https:\\\/\\\/www.lampogroup.it\\\/it\\\/#organization\"},\"potentialAction\":[{\"@type\":\"SearchAction\",\"target\":{\"@type\":\"EntryPoint\",\"urlTemplate\":\"https:\\\/\\\/www.lampogroup.it\\\/it\\\/?s={search_term_string}\"},\"query-input\":{\"@type\":\"PropertyValueSpecification\",\"valueRequired\":true,\"valueName\":\"search_term_string\"}}],\"inLanguage\":\"de\"},{\"@type\":\"Organization\",\"@id\":\"https:\\\/\\\/www.lampogroup.it\\\/it\\\/#organization\",\"name\":\"Gruppo Lampo\",\"url\":\"https:\\\/\\\/www.lampogroup.it\\\/it\\\/\",\"logo\":{\"@type\":\"ImageObject\",\"inLanguage\":\"de\",\"@id\":\"https:\\\/\\\/www.lampogroup.it\\\/it\\\/#\\\/schema\\\/logo\\\/image\\\/\",\"url\":\"https:\\\/\\\/www.lampogroup.it\\\/wp-content\\\/uploads\\\/2023\\\/05\\\/lampo-group-1.svg\",\"contentUrl\":\"https:\\\/\\\/www.lampogroup.it\\\/wp-content\\\/uploads\\\/2023\\\/05\\\/lampo-group-1.svg\",\"width\":1,\"height\":1,\"caption\":\"Gruppo Lampo\"},\"image\":{\"@id\":\"https:\\\/\\\/www.lampogroup.it\\\/it\\\/#\\\/schema\\\/logo\\\/image\\\/\"},\"sameAs\":[\"https:\\\/\\\/www.facebook.com\\\/p\\\/Lampo-Group-100063678903798\"]}]}<\/script>\n<!-- \/ Yoast SEO plugin. -->","yoast_head_json":{"title":"Der Strand von Jesolo - Gruppo Lampo","robots":{"index":"index","follow":"follow","max-snippet":"max-snippet:-1","max-image-preview":"max-image-preview:large","max-video-preview":"max-video-preview:-1"},"canonical":"https:\/\/www.lampogroup.it\/de\/hotels-in-der-nahe-von-venedig-am-meer\/hotel-jesolo\/der-strand-von-jesolo\/","og_locale":"de_DE","og_type":"article","og_title":"Der Strand von Jesolo - Gruppo Lampo","og_description":"Der Strand von Jesolo erstreckt sich \u00fcber 15 km zwischen der M\u00fcndung der Fl\u00fcsse Piave und Sile und zeichnet sich durch seinen feinen Sand, den gr\u00fcnen Pinienhain und seine Bootsstege aus.","og_url":"https:\/\/www.lampogroup.it\/de\/hotels-in-der-nahe-von-venedig-am-meer\/hotel-jesolo\/der-strand-von-jesolo\/","og_site_name":"Gruppo Lampo","article_publisher":"https:\/\/www.facebook.com\/p\/Lampo-Group-100063678903798","article_modified_time":"2023-06-13T10:36:37+00:00","og_image":[{"width":1800,"height":1100,"url":"https:\/\/www.lampogroup.it\/wp-content\/uploads\/2023\/06\/jesolo-5.webp","type":"image\/webp"}],"schema":{"@context":"https:\/\/schema.org","@graph":[{"@type":"WebPage","@id":"https:\/\/www.lampogroup.it\/de\/hotels-in-der-nahe-von-venedig-am-meer\/hotel-jesolo\/der-strand-von-jesolo\/","url":"https:\/\/www.lampogroup.it\/de\/hotels-in-der-nahe-von-venedig-am-meer\/hotel-jesolo\/der-strand-von-jesolo\/","name":"Der Strand von Jesolo - Gruppo Lampo","isPartOf":{"@id":"https:\/\/www.lampogroup.it\/it\/#website"},"primaryImageOfPage":{"@id":"https:\/\/www.lampogroup.it\/de\/hotels-in-der-nahe-von-venedig-am-meer\/hotel-jesolo\/der-strand-von-jesolo\/#primaryimage"},"image":{"@id":"https:\/\/www.lampogroup.it\/de\/hotels-in-der-nahe-von-venedig-am-meer\/hotel-jesolo\/der-strand-von-jesolo\/#primaryimage"},"thumbnailUrl":"https:\/\/www.lampogroup.it\/wp-content\/uploads\/2023\/06\/jesolo-5.webp","datePublished":"2023-05-23T11:14:44+00:00","dateModified":"2023-06-13T10:36:37+00:00","breadcrumb":{"@id":"https:\/\/www.lampogroup.it\/de\/hotels-in-der-nahe-von-venedig-am-meer\/hotel-jesolo\/der-strand-von-jesolo\/#breadcrumb"},"inLanguage":"de","potentialAction":[{"@type":"ReadAction","target":["https:\/\/www.lampogroup.it\/de\/hotels-in-der-nahe-von-venedig-am-meer\/hotel-jesolo\/der-strand-von-jesolo\/"]}]},{"@type":"ImageObject","inLanguage":"de","@id":"https:\/\/www.lampogroup.it\/de\/hotels-in-der-nahe-von-venedig-am-meer\/hotel-jesolo\/der-strand-von-jesolo\/#primaryimage","url":"https:\/\/www.lampogroup.it\/wp-content\/uploads\/2023\/06\/jesolo-5.webp","contentUrl":"https:\/\/www.lampogroup.it\/wp-content\/uploads\/2023\/06\/jesolo-5.webp","width":1800,"height":1100},{"@type":"BreadcrumbList","@id":"https:\/\/www.lampogroup.it\/de\/hotels-in-der-nahe-von-venedig-am-meer\/hotel-jesolo\/der-strand-von-jesolo\/#breadcrumb","itemListElement":[{"@type":"ListItem","position":1,"name":"Home","item":"https:\/\/www.lampogroup.it\/de\/"},{"@type":"ListItem","position":2,"name":"Hotels in der na\u0308he von Venedig am meer","item":"https:\/\/www.lampogroup.it\/de\/hotels-in-der-nahe-von-venedig-am-meer\/"},{"@type":"ListItem","position":3,"name":"Jesolo","item":"https:\/\/www.lampogroup.it\/de\/hotels-in-der-nahe-von-venedig-am-meer\/hotel-jesolo\/"},{"@type":"ListItem","position":4,"name":"Der Strand von Jesolo"}]},{"@type":"WebSite","@id":"https:\/\/www.lampogroup.it\/it\/#website","url":"https:\/\/www.lampogroup.it\/it\/","name":"Gruppo Lampo","description":"","publisher":{"@id":"https:\/\/www.lampogroup.it\/it\/#organization"},"potentialAction":[{"@type":"SearchAction","target":{"@type":"EntryPoint","urlTemplate":"https:\/\/www.lampogroup.it\/it\/?s={search_term_string}"},"query-input":{"@type":"PropertyValueSpecification","valueRequired":true,"valueName":"search_term_string"}}],"inLanguage":"de"},{"@type":"Organization","@id":"https:\/\/www.lampogroup.it\/it\/#organization","name":"Gruppo Lampo","url":"https:\/\/www.lampogroup.it\/it\/","logo":{"@type":"ImageObject","inLanguage":"de","@id":"https:\/\/www.lampogroup.it\/it\/#\/schema\/logo\/image\/","url":"https:\/\/www.lampogroup.it\/wp-content\/uploads\/2023\/05\/lampo-group-1.svg","contentUrl":"https:\/\/www.lampogroup.it\/wp-content\/uploads\/2023\/05\/lampo-group-1.svg","width":1,"height":1,"caption":"Gruppo Lampo"},"image":{"@id":"https:\/\/www.lampogroup.it\/it\/#\/schema\/logo\/image\/"},"sameAs":["https:\/\/www.facebook.com\/p\/Lampo-Group-100063678903798"]}]}},"_links":{"self":[{"href":"https:\/\/www.lampogroup.it\/de\/wp-json\/wp\/v2\/pages\/1005","targetHints":{"allow":["GET"]}}],"collection":[{"href":"https:\/\/www.lampogroup.it\/de\/wp-json\/wp\/v2\/pages"}],"about":[{"href":"https:\/\/www.lampogroup.it\/de\/wp-json\/wp\/v2\/types\/page"}],"author":[{"embeddable":true,"href":"https:\/\/www.lampogroup.it\/de\/wp-json\/wp\/v2\/users\/1"}],"replies":[{"embeddable":true,"href":"https:\/\/www.lampogroup.it\/de\/wp-json\/wp\/v2\/comments?post=1005"}],"version-history":[{"count":1,"href":"https:\/\/www.lampogroup.it\/de\/wp-json\/wp\/v2\/pages\/1005\/revisions"}],"predecessor-version":[{"id":1009,"href":"https:\/\/www.lampogroup.it\/de\/wp-json\/wp\/v2\/pages\/1005\/revisions\/1009"}],"up":[{"embeddable":true,"href":"https:\/\/www.lampogroup.it\/de\/wp-json\/wp\/v2\/pages\/982"}],"wp:featuredmedia":[{"embeddable":true,"href":"https:\/\/www.lampogroup.it\/de\/wp-json\/wp\/v2\/media\/973"}],"wp:attachment":[{"href":"https:\/\/www.lampogroup.it\/de\/wp-json\/wp\/v2\/media?parent=1005"}],"curies":[{"name":"wp","href":"https:\/\/api.w.org\/{rel}","templated":true}]}}